{"id":261401,"date":"2015-09-29T00:37:30","date_gmt":"2015-09-28T22:37:30","guid":{"rendered":"https:\/\/nefertiti-eg.com\/shop\/\u043d\u0435\u043a\u0430\u0442\u0435\u0433\u043e\u0440\u0438\u0437\u043e\u0432\u0430\u043d\u043e\/lemon-aroma-oil\/"},"modified":"2026-05-12T05:34:55","modified_gmt":"2026-05-12T02:34:55","slug":"lemon-aroma-oil","status":"publish","type":"product","link":"https:\/\/nefertiti-eg.com\/sr\/shop\/aroma-oils-uk-sr\/lemon-aroma-oil\/","title":{"rendered":"Ulje limuna"},"content":{"rendered":"<p><span style=\"font-weight: 400;\">Da li osec\u0301ate da treba da ulep\u0161ate svoje \u017eivotno okru\u017eenjei date svom domu dodatnu sve\u017einu? Da li je va\u0161em osec\u0301aju blagostanja potrebno okrepljujuc\u0301e poja\u010danje? Prolec\u0301no-sve\u017ea aroma limunovog ulja asocira na \u010distoc\u0301u, sjaj i sunce &#8211; osve\u017eavajuc\u0301i, o\u017eivljavajuc\u0301i miris. Ulje limuna vam daje mentalni podsticaj. Da li \u017eelite da insekti poput komaraca i muva zaobi\u0111u va\u0161 dom? Limunovo ulje nije \u0161tetno za insekte, ali ih tera jer ne vole miris limuna.<\/span><\/p>\n<h3><b>Poreklo i karakteristike limuna<\/b><\/h3>\n<p><span style=\"font-weight: 400;\">Limun (Citrus Limon) je \u017euto obojeno voc\u0301e limunovog drveta. Ovo drvo je zimzeleno, naraste do oko 20 stopa visoko. Limunovo drvo c\u0301e po\u010deti da daje plodove tek od 3 do 5 godina. Njegovi listovi i cvetovi su podjednako aromati\u010dni kao i zeleni plodovi, koji prirodno dobijaju tu fantasti\u010dnu \u017eutu boju zrenjem na suncu.<\/span><\/p>\n<p><span style=\"font-weight: 400;\">Kiseli ukus limuna je uzrokovan limunskom kiselinom, koja je tako\u0111e prisutna u mnogim drugim citrusima. Pravo poreklo limuna je nepoznato, iako se veruje da je prvi put kultivisan u Asamu (severoisto\u010dni deo Indije), severnoj Burmi ili Kini. Limun je prvi put uveden u Persiju, Irak i Egipat, a mnogo vekova kasnije i u Novi svet, funkcioni\u0161uc\u0301i uglavnom kao ukrasna biljka i kori\u0161c\u0301en u nekim lekovima. Kao eksperiment, limunov sok je dodat u ishranu mornara koji boluju od skorbuta. Limun je postao popularniji kod mornara jer je (bez njihovog znanja) limun nadopunjavao nedostatke vitamina kod mu\u0161karaca, \u0161to je pru\u017ealo za\u0161titu od drugih bakterijskih infekcija. \u010cinjenica da je limunov sok prepun vitamina C jo\u0161 nije bila poznata, niti je naveden kao va\u017ean nutritivni sastojak.<\/span><\/p>\n<p><span style=\"font-weight: 400;\">Kao \u0161to sada znamo, limun sadr\u017ei brojne fitokemikalije, uklju\u010dujuc\u0301i polifenole, terpene i tanine. Limunov sok sadr\u017ei ne\u0161to vi\u0161e limunske kiseline nego sok od limete, skoro dvostruko vi\u0161e limunske kiseline nego u soku grejpfruta i oko pet puta vi\u0161e od koli\u010dine koja se nalazi u soku od pomorand\u017ee.<\/span><\/p>\n<h3><b>Limunovo ulje i prednosti<\/b><\/h3>\n<p><span style=\"font-weight: 400;\">Podrazumeva se da je limun, kao i ostali citrusi, posebno zdrav zbog visokog sadr\u017eaja vitamina C. Limunov sok se \u0161iroko koristi, bilo u kulinarske svrhe ili kao lek za prehladu. Ali da li ste znali da najmanje polovina zdravih prednosti limuna ostaje neiskori\u0161c\u0301ena, na\u017ealost zavr\u0161avajuc\u0301i u kanti za otpatke? Zajedno sa limunovom korom obi\u010dno izbacujemo mnoga korisna svojstva koja sadr\u017ee.<\/span><\/p>\n<p><span style=\"font-weight: 400;\">Koli\u010dina vitamina u limunovoj kori je pet do deset puta vec\u0301a nego u limunovom soku. Kora limuna sadr\u017ei va\u017ene lekovite supstance kao \u0161to su citronela, felandren, vitamin C, limunska kiselina, jabu\u010dna kiselina, mravlja kiselina, hesperidin i pektin. Zanimaju vas neverovatne zdravstvene prednosti limunove kore? Ovo su neki od njih:<\/span><\/p>\n<ul>\n<li><span style=\"font-weight: 400;\"> veoma moc\u0301an u uklanjanju toksina iz tela. Ovo mo\u017ee pomoc\u0301i da se pro\u010disti jetra i istovremeno pru\u017ei efekat podmla\u0111ivanja.<\/span><\/li>\n<li><span style=\"font-weight: 400;\"> poma\u017ee varenje i spre\u010dava zatvor. Suprotstavlja se nadimanju stomaka i smanjuje crevne gasove.<\/span><\/li>\n<li><span style=\"font-weight: 400;\"> podsti\u010de alkalizaciju krvi i mo\u017ee pomoc\u0301i u sni\u017eavanju visokog krvnog pritiska.<\/span><\/li>\n<li><span style=\"font-weight: 400;\"> ja\u010da imuni sistem zbog prisustva vitamina C i drugih vitamina. Ovo c\u0301e pomoc\u0301i u spre\u010davanju infekcija, prehlade, gripa i problema sa disanjem.<\/span><\/li>\n<li><span style=\"font-weight: 400;\"> prirodni antiseptik i ima adstringentna svojstva.<\/span><\/li>\n<li><span style=\"font-weight: 400;\"> suprotstavlja nervozu.<\/span><\/li>\n<\/ul>\n<p><span style=\"font-weight: 400;\">Limunovo ulje se dobija hladnim ce\u0111enjem spolja\u0161njih delova kore. Ovo stvara tanko ulje sa skoro blistavom bojom od bledo \u017eute do \u017euc\u0301kasto-zelene. Aroma limunovog ulja je onaj privla\u010dan sve\u017e miris limuna koji nam je svima tako poznat. Ulje limuna je savr\u0161eno ulje da oterate zimu iz va\u0161eg doma, glave i tela. Kao blagi povetarac koji duva kroz tvoju du\u0161u, otpra\u0161ujuc\u0301i svu svilu iz pro\u0161losti i vrac\u0301ajuc\u0301i te u sada\u0161nji trenutak. Ulje limuna daje svetlost prostoriji i \u010dini je sve\u017eom. Nadimak &#8222;te\u010dno sunce&#8220; je zaista\u00a0 zaslu\u017een bez ikakve sumnje.<\/span><\/p>\n<p><span style=\"font-weight: 400;\">Ulje limuna je dobro poznato i kori\u0161c\u0301eno zbog svojih terapeutskih i lekovitih svojstava. Brojne zdravstvene prednosti limunovog ulja uklju\u010duju njegova antisepti\u010dka, antimikrobna, antibakterijska, antivirusna svojstva i svojstva koja ja\u010daju imunitet. Pored toga, sposoban je da smanji anksioznost i simptome depresije.<\/span><\/p>\n<h3><b>Limunovo ulje za negu ko\u017ee<\/b><\/h3>\n<p><span style=\"font-weight: 400;\">O\u0161tec\u0301ena ko\u017ea, poput bubuljica, svraba i rana, mo\u017ee se lako tretirati \u010di\u0161c\u0301enjem ko\u017ee limunovim uljem. Jednostavno pome\u0161ajte nekoliko kapi u \u010da\u0161i kuvane vode i tretirajte obolelo mesto dva puta dnevno. Simptomi ujeda insekata mogu se ubla\u017eiti sa nekoliko kapi razbla\u017eenog limunovog ulja, nane\u0161enih na pamu\u010dni jastu\u010dic\u0301, da se ugrize. Pored toga, limunovo ulje je u stanju da promovi\u0161e brzi oporavak bubuljica i o\u017eiljaka od akni.<\/span><\/p>\n<p><span style=\"font-weight: 400;\">Smanjite ili spre\u010dite bradavice i \u017euljeve na stopalima tako \u0161to c\u0301ete ih masirati dva puta dnevno sa 2 do 3 kapi limunovog ulja razbla\u017eenog sa ka\u0161ikom osnovnog ulja, kao \u0161to je bademovo ulje. Istovremeno c\u0301e oja\u010dati i nokte.<\/span><\/p>\n<p><span style=\"font-weight: 400;\">Ispiranje usta sa vodom sa limunom mo\u017ee ukloniti mirise iz usta i pomoc\u0301i u smirivanju bolnih desni. Razbla\u017eeno limunovo ulje se mo\u017ee koristiti za izbeljivanje zuba, dok se u me\u0111uvremenu \u010diste usta.<\/span><\/p>\n<h3><b>Limunovo ulje i aromaterapija<\/b><\/h3>\n<p><span style=\"font-weight: 400;\">Eteri\u010dno ulje limuna je pravi klasik u aromaterapiji, i to sa dobrim razlogom. Ulje limuna stimuli\u0161e, osve\u017eava i dezinfikuje. Samo nekoliko kapi limunovog ulja u ispariva\u010du obezbedic\u0301e sve\u017eu, \u010distu atmosferu. Zbog svog efekta \u010di\u0161c\u0301enja, veoma je popularan i u proizvodima za domac\u0301instvo.<\/span><\/p>\n<p><span style=\"font-weight: 400;\">Ulje limuna ima nekoliko upotreba i niz prednosti. Delimi\u010dno zbog \u010disto-sve\u017ee arome citrusa, limun je poznat po svojim pro\u010di\u0161c\u0301avajuc\u0301im svojstvima. Obi\u010dno se koristi u proizvodima za \u010di\u0161c\u0301enje i pre\u010di\u0161c\u0301iva\u010dima vazduha, ovo eteri\u010dno ulje ima izrazita svojstva \u010di\u0161c\u0301enja i dezodoriranja \u0161to ga \u010dini popularnim izborom za pre\u010di\u0161c\u0301avanje povr\u0161ina i vazduha.<\/span><\/p>\n<p><span style=\"font-weight: 400;\">Glavna komponenta koja se nalazi u ulju limuna je limonen, koji \u010dini oko 50% sadr\u017eaja limunovog ulja. Ova supstanca je monoterpen sa mirisom limuna sa antioksidativnim i antiinflamatornim svojstvima. Eteri\u010dno ulje limuna je antiseptik, antimikrobno, antireumatsko, antisepti\u010dno, antispazmodi\u010dko, adstringentno, baktericidno, karminativno, depurativno, dijaforetsko, diureti\u010dno, febrifuzivno, hemostatsko, hipotenzivno, insekticidno, rubefacijentno, tonik, vermifuga. Ova pozitivna svojstva \u010dine limunovo ulje va\u017enim esencijalnim uljem. To je jedno od najboljih ulja koje se koristi za grip i prehladu i mo\u017ee za\u0161tititi telo od infekcija. Ulje limuna je idealno sredstvo za dezinfekciju atmosfere u, na primer, bolesni\u010dkoj sobi.<\/span><\/p>\n<p><span style=\"font-weight: 400;\">Ulje limuna se mo\u017ee raspr\u0161iti ili, ako se razbla\u017ei osnovim uljem, naneti lokalno na ko\u017eu. Za ubla\u017eavanje simptoma prehlade i gripa, limunovo ulje se mo\u017ee koristiti u aroma lampi ili ispariva\u010du. Udisanje difuznog ulja poma\u017ee u uklanjanju blokada, podizanju nivoa energije i osec\u0301aju osve\u017eenja.<\/span><\/p>\n<h3><b>Limunovo ulje za masa\u017eu<\/b><\/h3>\n<p><span style=\"font-weight: 400;\">Da li miris limunovog ulja vec\u0301 ima pozitivan uticaj na va\u0161e osec\u0301anje blagostanja? Idealan je i kao anticelulit tretman i za \u010di\u0161c\u0301enje i toniranje ko\u017ee. Dodajte limunovo ulje u osnovno ulje za divnu masa\u017eu.<\/span><\/p>\n<h3><b>Limunovo ulje za mentalni podsticaj<\/b><\/h3>\n<p><span style=\"font-weight: 400;\">Ulje limuna popravlja raspolo\u017eenje, stimuli\u0161e i izo\u0161trava um i ja\u010da pamc\u0301enje. Idealno u onim danima kada zavisite od svoje koncentracije, na primer tokom ispita. Osec\u0301aj umora ili tromosti nestaje u tren oka sa ovim pro\u010di\u0161c\u0301ujuc\u0301im mirisom. I celo telo c\u0301e imati koristi od arome limunovog ulja! Ja\u010da imuni sistem, ima odli\u010dan efekat na disajne puteve i spre\u010dava tegobe kao \u0161to su groznica i glavobolja.<\/span><\/p>\n<p><span style=\"font-weight: 400;\">Gadni mirisi, \u010dak i o\u0161tar miris dima cigarete, brzo se uklanjaju isparavanjem limunovog ulja. Raspr\u0161ite limunovo ulje u spavac\u0301oj sobi pomoc\u0301u aroma lampe ili ispariva\u010da tokom perioda kada ima mnogo komaraca. Po\u0161to komarci ne vole miris limuna, sigurno c\u0301e izbegavati va\u0161u sobu!<\/span><\/p>\n<h3><b>Limunovo ulje za aromaterapiju<\/b><\/h3>\n<p><span style=\"font-weight: 400;\">Za okrepljujuc\u0301u kupku: dovoljno je 3 do 6 kapi limunovog ulja, dodati tekuc\u0301oj vodi da se dobro sjedini.<\/span><\/p>\n<p><span style=\"font-weight: 400;\">O\u017eivite umirujuc\u0301om masa\u017eom: pome\u0161ajte nekoliko kapi limunovog ulja sa oko 10 ml osnovnog ulja, kao \u0161to je ulje argana ili jojobe.<\/span><\/p>\n<p><span style=\"font-weight: 400;\">Oslobodite se hladnoc\u0301e parnim kupatilom: dodajte 2 kapi limunovog ulja u posudu sa klju\u010dalom vodom ili ispariva\u010dem. Zbog svog antibakterijskog dejstva poma\u017ee kod infekcija grla.<\/span><\/p>\n<p><span style=\"font-weight: 400;\">Ulje limuna tako\u0111e ima dezinfekcioni i pro\u010di\u0161c\u0301avajuc\u0301i efekat na ko\u017eu. Kada se razbla\u017ei i primeni lokalno, eteri\u010dno ulje limuna mo\u017ee ubiti bakterije zarobljene u porama i spre\u010diti izbijanje. Antioksidansi i vitamin C mogu pro\u010distiti va\u0161u ko\u017eu, ne\u017enim pilingom mrtvih c\u0301elija ko\u017ee i spre\u010davanjem infekcija u folikulu dlake i porama.<\/span><\/p>\n<h3><b>Limunovo ulje i druge upotrebe<\/b><\/h3>\n<p><span style=\"font-weight: 400;\">Postoji i mnogo drugih na\u010dina da koristite limunovo ulje u svakodnevnim kuc\u0301nim aktivnostima.<\/span><\/p>\n<p><span style=\"font-weight: 400;\">\u017delite da produ\u017eite rok trajanja sve\u017eeg voc\u0301a? Stavite voc\u0301e u posudu napunjenu hladnom vodom pome\u0161anom sa oko 2-3 kapi limunovog ulja.<\/span><\/p>\n<p><span style=\"font-weight: 400;\">Posu\u0111e bez mrlje? Samo kap limunovog ulja u ma\u0161ini za pranje sudova na po\u010detku programa dac\u0301e \u017eeljeni rezultat.<\/span><\/p>\n<p><span style=\"font-weight: 400;\">Tvrdokorne mrlje su pro\u0161lost! Sa samo kapljicom limunovog ulja mo\u017eete ukloniti mrlje uzrokovane olovkom, uljem, masnoc\u0301om, gumom i lepkom sa vec\u0301ine povr\u0161ina. Dve kapi pome\u0161ane sa litrom sredstva za \u010di\u0161c\u0301enje tepiha ne samo da osve\u017eavaju tepih, vec\u0301 \u0107e celoj prostoriji dati sve\u017e miris.<\/span><\/p>\n<h3><b>Bezbedna upotreba limunovog ulja<\/b><\/h3>\n<p><span style=\"font-weight: 400;\">Eteri\u010dno ulje limuna je netoksi\u010dno i generalno ne izaziva iritaciju. Ne preporu\u010duje se nano\u0161enje direktno na ko\u017eu neposredno pre izlaganja suncu jer je fototoksi\u010dno. Ovo ulje nije namenjeno za konzumiranje i treba izbegavati kontakt sa o\u010dima. Udisanje isparenog limunovog ulja kroz ispariva\u010d, difuzor mirisa ili na maramicu ne predstavlja nikakav rizik.<\/span><\/p>\n","protected":false},"excerpt":{"rendered":"<p><span style=\"font-weight: 400;\"><strong>Brend<\/strong>: Nefertiti prirodna ulja i biljke<br \/>\n<\/span><span style=\"font-weight: 400;\"><strong>Zemlja porekla<\/strong>: Egipat<br \/>\n<\/span><span style=\"font-weight: 400;\"><strong>Botani\u010dki naziv<\/strong>: Citrus limon<br \/>\n<\/span><span style=\"font-weight: 400;\"><strong>Porodica<\/strong>: Rutaceae<br \/>\n<\/span><span style=\"font-weight: 400;\"><strong>INCI<\/strong>: Citrus Limon Pure Aroma Oil<br \/>\n<\/span><span style=\"font-weight: 400;\"><strong>Kori\u0161c\u0301ene komponente<\/strong>: Kora<br \/>\n<\/span><span style=\"font-weight: 400;\"><strong>Metoda ekstrakcije<\/strong>: Hladno ce\u0111eno<br \/>\n<\/span><span style=\"font-weight: 400;\"><strong>Miris<\/strong>: sladak, o\u0161tar<br \/>\n<\/span><span style=\"font-weight: 400;\"><strong>Izgled<\/strong>: Bledo zelenkasto-\u017euta<br \/>\n<\/span><span style=\"font-weight: 400;\"><strong>Agregatno stanje<\/strong>: Te\u010dnost<br \/>\n<\/span><span style=\"font-weight: 400;\"><strong>Prirodno<\/strong>: Da<br \/>\n<\/span><span style=\"font-weight: 400;\"><strong>\u010cistoc\u0301a<\/strong>: 100% \u010distoc\u0301a<br \/>\n<\/span><span style=\"font-weight: 400;\"><strong>Sertifikati<\/strong>: ISO &amp; MSDS<br \/>\n<\/span><span style=\"font-weight: 400;\"><strong>Sastav<\/strong>: \u010disto aroma ulje<br \/>\n<\/span><span style=\"font-weight: 400;\"><strong>Dostava<\/strong>: Izra\u010dunava se na blagajni<\/span><\/p>\n","protected":false},"featured_media":275456,"comment_status":"open","ping_status":"closed","template":"","meta":[],"product_brand":[],"product_cat":[1132],"product_tag":[],"class_list":{"0":"post-261401","1":"product","2":"type-product","3":"status-publish","4":"has-post-thumbnail","6":"product_cat-aroma-oils-uk-sr","7":"pa_bottle-size-125-ml-sr-2","8":"pa_bottle-size-250ml-sr","9":"pa_bottle-size-50ml-sr","11":"first","12":"instock","13":"shipping-taxable","14":"purchasable","15":"product-type-variable","16":"has-default-attributes"},"_links":{"self":[{"href":"https:\/\/nefertiti-eg.com\/sr\/wp-json\/wp\/v2\/product\/261401","targetHints":{"allow":["GET"]}}],"collection":[{"href":"https:\/\/nefertiti-eg.com\/sr\/wp-json\/wp\/v2\/product"}],"about":[{"href":"https:\/\/nefertiti-eg.com\/sr\/wp-json\/wp\/v2\/types\/product"}],"replies":[{"embeddable":true,"href":"https:\/\/nefertiti-eg.com\/sr\/wp-json\/wp\/v2\/comments?post=261401"}],"wp:featuredmedia":[{"embeddable":true,"href":"https:\/\/nefertiti-eg.com\/sr\/wp-json\/wp\/v2\/media\/275456"}],"wp:attachment":[{"href":"https:\/\/nefertiti-eg.com\/sr\/wp-json\/wp\/v2\/media?parent=261401"}],"wp:term":[{"taxonomy":"product_brand","embeddable":true,"href":"https:\/\/nefertiti-eg.com\/sr\/wp-json\/wp\/v2\/product_brand?post=261401"},{"taxonomy":"product_cat","embeddable":true,"href":"https:\/\/nefertiti-eg.com\/sr\/wp-json\/wp\/v2\/product_cat?post=261401"},{"taxonomy":"product_tag","embeddable":true,"href":"https:\/\/nefertiti-eg.com\/sr\/wp-json\/wp\/v2\/product_tag?post=261401"}],"curies":[{"name":"wp","href":"https:\/\/api.w.org\/{rel}","templated":true}]}}