{"id":261414,"date":"2019-08-23T19:21:50","date_gmt":"2019-08-23T17:21:50","guid":{"rendered":"https:\/\/nefertiti-eg.com\/shop\/\u043d\u0435\u043a\u0430\u0442\u0435\u0433\u043e\u0440\u0438\u0437\u043e\u0432\u0430\u043d\u043e\/clove-bud-oil\/"},"modified":"2023-08-24T16:50:45","modified_gmt":"2023-08-24T13:50:45","slug":"clove-bud-oil","status":"publish","type":"product","link":"https:\/\/nefertiti-eg.com\/sr\/shop\/aroma-oils-uk-sr\/clove-bud-oil\/","title":{"rendered":"Ulje karanfilic\u0301a"},"content":{"rendered":"<p><span style=\"font-weight: 400;\">Popularno, bilje i za\u010dini se \u010desto pominju u istom dahu kao da su zapravo ista stvar. Ipak, postoje neke suptilne razlike &#8211; bilje predstavljaju uglavnom (osu\u0161eni) listovi biljaka koje najbolje rastu u umerenim klimatskim uslovima, mogu se koristiti sve\u017ee ili osu\u0161ene. Za\u010dini, s druge strane, poti\u010du iz \u010dvrstih delova biljke kao \u0161to su grane, korenje, smola ili guma, ali i cvetni pupoljci. Za\u010dini se uvek koriste u su\u0161enom obliku i poti\u010du od vegetacije koja posebno uspeva u tropskoj klimi.\u00a0<\/span><\/p>\n<p><span style=\"font-weight: 400;\">Karanfili\u0107 spada u kategoriju za\u010dina. Karanfilic\u0301 se smatra jednim od za\u010dina \u201eVelike \u010detvorke\u201c, a ostala tri su cimet, mu\u0161katni ora\u0161\u010dic\u0301 i biber. Naziv cvetnih pupoljaka bukvalno se prevodi kao &#8222;za\u010dinjeni nokti&#8220;.<\/span><\/p>\n<h3><b>Poreklo i karakteristike ulja pupoljaka karanfilic\u0301a<\/b><\/h3>\n<p><span style=\"font-weight: 400;\">Karanfilic\u0301 poti\u010de od prelepog zimzelenog drveta sa gustim li\u0161c\u0301em koje voli tropsku pomorsku klimu i poreklom je sa Malukuskih ostrva u Indoneziji. Listovi karanfilic\u0301a su krupni, a u vreme cvetanja drvo je prekriveno svetlim cvetnim pupoljcima, koji vise u malim grozdovima na krajevima gran\u010dica. Cvetni pupoljci u po\u010detku imaju bledu nijansu, postepeno postaju zeleni, a zatim prelaze u jarko crvene kada su spremni za berbu. Drvo karanfilic\u0301a raste sporo i mo\u017ee da se bere tek nakon \u0161est do osam godina, nakon \u010dega se berba mo\u017ee nastaviti i do sto godina.<\/span><\/p>\n<p><span style=\"font-weight: 400;\">Vec\u0301 se u zelenim cvetnim pupoljcima prepoznaje oblik buduc\u0301ih karanfilic\u0301a. Karanfilic\u0301 se mora ubrati pre nego \u0161to se pupoljci otvore i formiraju svoje tamnocrvene cvetove. Cvetni pupoljci ostaju na stabljici i pa\u017eljivo se beru. Vec\u0301 otvoreni cvetni pupoljci gube svoju vrednost kao za\u010din.<\/span><\/p>\n<p><span style=\"font-weight: 400;\">Cvetni pupoljci se su\u0161e za samo nekoliko dana \u0161irenjem na otvorenom. Kao rezultat, njihova boja se menja u tamno braon sa ne\u0161to svetlije braon glavicama, i sada su jasno prepoznatljivi kao dobro poznati karanfilic\u0301i. Naprednije tehnike znatno skrac\u0301uju proces su\u0161enja, \u010dime se pobolj\u0161ava njihov kvalitet. Karanfilic\u0301 odmah ima onaj karakteristi\u010dan jak, sladak, pikantan i o\u0161tar miris i ukus.<\/span><\/p>\n<p><span style=\"font-weight: 400;\">Karanfilic\u0301 je bio poznat mnogo pre na\u0161e ere u Kini i Indoneziji. Arapi su prvi put uveli karanfilic\u0301 u Evropu, bili su skup za\u010din i uglavnom su kori\u0161c\u0301eni za prikrivanje lo\u0161eg ukusa pokvarene hrane, ili za prikrivanje kiselog ili gorkog ukusa. Tokom trgova\u010dke ere izme\u0111u Evrope i Indonezije, ovaj karakteristi\u010dan za\u010din je ponovo otkriven i njime se trgovalo u velikim razmerama. Danas je karanfilic\u0301 veoma kori\u0161c\u0301en za\u010din za\u00a0 kuvano vino i konjak, ali i za marinade i variva. Njihov poseban kvalitet mo\u017ee biti \u010dinjenica da karanfilic\u0301, \u010dak i nakon ekstrakcije, nastavlja da odaje svoju o\u0161tru aromu i poseban ukus.<\/span><\/p>\n<h3><b>Ulje i prednosti karanfilic\u0301a<\/b><\/h3>\n<p><span style=\"font-weight: 400;\">Ulje pupoljaka karanfilic\u0301a se dobija iz osu\u0161enih pupoljaka drveta karanfilic\u0301a destilacijom vodenom parom. Eugenol je glavna komponenta ulja pupoljaka karanfilic\u0301a, fenola koji dramati\u010dno doprinosi aromi ulja i njegovim terapeutskim svojstvima. Eugenol sadr\u017ei svojstva protiv gljivica, a posebno je antiseptik i visoko antibakterijski. Eugenol doprinosi blagim anesteti\u010dkim i analgeti\u010dkim svojstvima ulja karanfilic\u0301a i igra va\u017enu ulogu u sistemu zgru\u0161avanja krvi u telu, \u0161to je jedan od na\u0161ih glavnih odbrambenih mehanizama.<\/span><\/p>\n<p><span style=\"font-weight: 400;\">Zbog svojih antisepti\u010dkih svojstava, ulje karanfilic\u0301a i eugenol se koriste u borbi protiv karijesa i upale. Naj\u010de\u0161c\u0301i metod za le\u010denje oralnih poremec\u0301aja je lokalno nano\u0161enje ulja karanfilic\u0301a na zub, koje mo\u017ee ubla\u017eiti bol izazvan upalom u ustima, zuboboljom i \u010direvima u ustima. Istra\u017eivanje je pokazalo da ekstrakti karanfilic\u0301a mogu usporiti rast nekih bakterija povezanih sa bolestima desni. Ulje karanfilic\u0301a tako\u0111e mo\u017ee biti korisno kao sredstvo za ispiranje grla kod upale grla.<\/span><\/p>\n<p><span style=\"font-weight: 400;\">Njegova takozvana antimikrobna svojstva mogu zaustaviti rast mikroorganizama kao \u0161to su bakterije, dok sna\u017eno fungicidno dejstvo ulja pupoljaka karanfilic\u0301a poma\u017ee u borbi protiv razli\u010ditih vrsta gljivica koje izazivaju ko\u017ene poremec\u0301aje.<\/span><\/p>\n<p><span style=\"font-weight: 400;\">Pored toga, ulje pupoljaka karanfilic\u0301a ima svojstva za suzbijanje alergija i antispazmodi\u010dna svojstva. Lokalna primena potiskuje senzorne receptore uklju\u010dene u osec\u0301aj bola. Eteri\u010dno ulje karanfilic\u0301a je stoga pogodno sredstvo za upotrebu u me\u0161avinama namenjenim ubla\u017eavanju bolova. Spolja\u0161nja primena ulja pupoljaka karanfilic\u0301a koristi se kod astme i bronhitisa, za smanjenje otoka i za ubla\u017eavanje bolova povezanih sa reumatizmom, artritisom i gr\u010devima. Istovremeno, ovo eteri\u010dno ulje je pogodno za prevenciju virusnih i bakterijskih infekcija. Ulje pupoljaka karanfilic\u0301a mo\u017ee se dodati u kupke ili koristiti u raznim primenama za inhalaciju.<\/span><\/p>\n<p><span style=\"font-weight: 400;\">Nekoliko lekova na bazi karanfilic\u0301a poma\u017ee da se re\u0161ite kurjih o\u010diju, bradavica i velikih benignih tumora. Ulje pupoljaka karanfilic\u0301a je u stanju da brzo zaceli velike rane i o\u0161tec\u0301enu ko\u017eu, dok istovremeno vrac\u0301a op\u0161te blagostanje.<\/span><\/p>\n<h3><b>Ulje pupoljaka karanfilic\u0301a i aromaterapija<\/b><\/h3>\n<p><span style=\"font-weight: 400;\">Miris pupoljaka karanfilic\u0301a je opisan kao &#8222;nesumnjivo jedan od najboljih mirisa koji postoje za mirisni nerv&#8220;. Raznovrsni efekti karanfilic\u0301a \u010dine eteri\u010dno ulje pupoljaka karanfilic\u0301a idealnim za upotrebu u aromaterapiji \u2013 okrepljuje, podi\u017ee i mentalno stimuli\u0161e. Pored toga, njegov poseban miris i prijatan efekat zagrevanja pogodan je za mi\u0161ic\u0301e, \u0161to \u010dini ulje pupoljaka karanfilic\u0301a pogodnim kao umirujuc\u0301e ulje za masa\u017eu. Anti-inflamatorna svojstva ovog ulja mogu se opisati samo kao veoma povoljan sporedni efekat.<\/span><\/p>\n<p><span style=\"font-weight: 400;\">Zbog sna\u017enog efekta zagrevanja ovog \u201evruc\u0301eg\u201d ulja, uvek ga treba razbla\u017eiti pre upotrebe u lokalnoj primeni i dodati samo u malim dozama.<\/span><\/p>\n<p><span style=\"font-weight: 400;\">Aromaterapija se lako mo\u017ee primeniti kod kuc\u0301e difuzijom ulja karanfilic\u0301a u aroma lampi ili ispariva\u010du. Mo\u017ee biti od pomoc\u0301i u podsticanju koncentracije i ubla\u017eavanju mentalnog stresa. Aroma karanfilic\u0301a daje energiju i samopouzdanje i mo\u017ee da podstakne apetit.<\/span><\/p>\n<p><span style=\"font-weight: 400;\">Poznato je da je ulje pupoljaka karanfilic\u0301a sna\u017ean afrodizijak. Ovo eteri\u010dno ulje se koristi u tretiranju frigidnosti i poremec\u0301aja potencije.<\/span><\/p>\n<p><span style=\"font-weight: 400;\">Da sve lepo zaokru\u017eimo: ulje karanfilic\u0301a dr\u017ei insekte na odstojanju, a trljanje ujeda komaraca ovim razbla\u017eenim uljem ima dezinfekcioni i analgeti\u010dki efekat.<\/span><\/p>\n","protected":false},"excerpt":{"rendered":"<p><span style=\"font-weight: 400;\"><strong>Brend<\/strong>: Nefertiti prirodna ulja i biljke<br \/>\n<\/span><span style=\"font-weight: 400;\"><strong>Zemlja porekla<\/strong>: Egipat<br \/>\n<\/span><span style=\"font-weight: 400;\"><strong>Botani\u010dki naziv<\/strong>: Sizigium aromaticum<br \/>\n<\/span><span style=\"font-weight: 400;\"><strong>Porodica<\/strong>: Mirtaceae<br \/>\n<\/span><span style=\"font-weight: 400;\"><strong>INCI<\/strong>: Sizigium Aromaticum Pure Aroma Oil<br \/>\n<\/span><span style=\"font-weight: 400;\"><strong>Kori\u0161c\u0301ene komponente<\/strong>: osu\u0161eni cvetni pupoljci<br \/>\n<\/span><span style=\"font-weight: 400;\"><strong>Metoda ekstrakcije<\/strong>: Destilacija vodenom parom<br \/>\n<\/span><span style=\"font-weight: 400;\"><strong>Miris<\/strong>: sladak i za\u010dinjen<br \/>\n<\/span><span style=\"font-weight: 400;\"><strong>Izgled<\/strong>: Tamno braon<br \/>\n<\/span><span style=\"font-weight: 400;\"><strong>Agregatno stanje<\/strong>: Te\u010dnost<br \/>\n<\/span><span style=\"font-weight: 400;\"><strong>Prirodno<\/strong>: Da<br \/>\n<\/span><span style=\"font-weight: 400;\"><strong>\u010cistoc\u0301a<\/strong>: 100% \u010distoc\u0301a<br \/>\n<\/span><span style=\"font-weight: 400;\"><strong>Sertifikati<\/strong>: ISO &amp; MSDS<br \/>\n<\/span><span style=\"font-weight: 400;\"><strong>Sastav<\/strong>: \u010disto aroma ulje<br \/>\n<\/span><span style=\"font-weight: 400;\"><strong>Dostava<\/strong>: Izra\u010dunava se na blagajni<\/span><\/p>\n","protected":false},"featured_media":275352,"comment_status":"open","ping_status":"closed","template":"","meta":[],"product_brand":[],"product_cat":[1132],"product_tag":[],"class_list":{"0":"post-261414","1":"product","2":"type-product","3":"status-publish","4":"has-post-thumbnail","6":"product_cat-aroma-oils-uk-sr","7":"pa_bottle-size-125-ml-sr-2","8":"pa_bottle-size-250ml-sr","9":"pa_bottle-size-50ml-sr","11":"first","12":"outofstock","13":"shipping-taxable","14":"purchasable","15":"product-type-variable","16":"has-default-attributes"},"_links":{"self":[{"href":"https:\/\/nefertiti-eg.com\/sr\/wp-json\/wp\/v2\/product\/261414","targetHints":{"allow":["GET"]}}],"collection":[{"href":"https:\/\/nefertiti-eg.com\/sr\/wp-json\/wp\/v2\/product"}],"about":[{"href":"https:\/\/nefertiti-eg.com\/sr\/wp-json\/wp\/v2\/types\/product"}],"replies":[{"embeddable":true,"href":"https:\/\/nefertiti-eg.com\/sr\/wp-json\/wp\/v2\/comments?post=261414"}],"wp:featuredmedia":[{"embeddable":true,"href":"https:\/\/nefertiti-eg.com\/sr\/wp-json\/wp\/v2\/media\/275352"}],"wp:attachment":[{"href":"https:\/\/nefertiti-eg.com\/sr\/wp-json\/wp\/v2\/media?parent=261414"}],"wp:term":[{"taxonomy":"product_brand","embeddable":true,"href":"https:\/\/nefertiti-eg.com\/sr\/wp-json\/wp\/v2\/product_brand?post=261414"},{"taxonomy":"product_cat","embeddable":true,"href":"https:\/\/nefertiti-eg.com\/sr\/wp-json\/wp\/v2\/product_cat?post=261414"},{"taxonomy":"product_tag","embeddable":true,"href":"https:\/\/nefertiti-eg.com\/sr\/wp-json\/wp\/v2\/product_tag?post=261414"}],"curies":[{"name":"wp","href":"https:\/\/api.w.org\/{rel}","templated":true}]}}