{"id":261419,"date":"2015-09-29T20:39:13","date_gmt":"2015-09-29T18:39:13","guid":{"rendered":"https:\/\/nefertiti-eg.com\/shop\/\u043d\u0435\u043a\u0430\u0442\u0435\u0433\u043e\u0440\u0438\u0437\u043e\u0432\u0430\u043d\u043e\/chamomile-oil\/"},"modified":"2023-08-24T16:55:24","modified_gmt":"2023-08-24T13:55:24","slug":"chamomile-oil","status":"publish","type":"product","link":"https:\/\/nefertiti-eg.com\/sr\/shop\/aroma-oils-uk-sr\/chamomile-oil\/","title":{"rendered":"Ulje kamilice"},"content":{"rendered":"<p><span style=\"font-weight: 400;\">\u201eBiljka lekar\u201c je odgovarajuc\u0301i nadimak za vi\u0161egodi\u0161nju biljku koju uglavnom poznajemo pod imenom kamilica. Kako biljka kamilice raste blizu zemlje, njene nadaleko poznate umirujuc\u0301e sposobnosti se prote\u017eu \u010dak i na pozitivne efekte na druge biljke koje rastu u blizini.<\/span><\/p>\n<h3><b>Poreklo i karakteristike kamilice<\/b><\/h3>\n<p><span style=\"font-weight: 400;\">Chamaemelum nobile, naziv roda za veli\u010danstvenu kamilicu, poti\u010de od gr\u010dke re\u010di \u201echamaimelon\u201c \u0161to zna\u010di \u201emlevena jabuka\u201c \u2013 veza sa jabukom je napravljena zbog njenog mirisa nalik na jabuku. Rimski naziv &#8222;kamilica nobile&#8220; dobio je zbog svojih \u0161iroko priznatih terapeutskih svojstava.<\/span><\/p>\n<p><span style=\"font-weight: 400;\">Li\u0161c\u0301e kamilice ima slatki miris na jabuku, njeni pernati listovi i bele ne\u017ene cvetne latice koje okru\u017euju malu \u017eutu \u010dvrstu sredinu, otkrivaju njenu o\u010diglednu vezu sa porodicom tratin\u010dica. Kamilica je \u010dvrsto uspostavila svoje pouzdano ime, poznato vekovima. I listovi i cvetovi kamilice kori\u0161c\u0301eni su od pamtiveka zbog svojih blagodetnih i umirujuc\u0301ih svojstava.<\/span><\/p>\n<p><span style=\"font-weight: 400;\">Kamilica je poreklom iz zapadne Evrope, Indije i zapadne Azije, a obi\u010dno uspeva na otvorenim, sun\u010danim lokacijama. Kamilica je tradicionalna biljka, poznata po svojim lekovitim sposobnostima kod starih Egipc\u0301ana, Rimljana i Grka. U to vreme Egipc\u0301ani su biljku posvetili Rau, svom bogu Sunca, jer su verovali da je to dar ovog boga. Kamilica je bila popularna me\u0111u vojnicima u starom Rimu, pomagala im je da se opuste i podsticala hrabrost. U vreme Hipokrata, kamilica je bila veoma po\u0161tovana biljka i Saksonci su joj se divili kao jednoj od devet svetih biljaka.<\/span><\/p>\n<h3><b>Ulje kamilice i prednosti<\/b><\/h3>\n<p><span style=\"font-weight: 400;\">Ulje kamilice se ekstrahuje iz cvetova, destilacijom sa parom, \u010dime se dobija tamnozeleno, umirujuc\u0301e ulje sa karakteristi\u010dnim aromati\u010dnim mirisom kamilice. \u010cinjenica da ulje kamilice sadr\u017ei antioksidans chamazulen \u010dini ga jedinstvenim, isti\u010duc\u0301i se me\u0111u svim drugim uljima. Ova supstanca se formira tokom destilacije i ima sna\u017eno antiinflamatorno dejstvo, posebno kada se nanese direktno na ko\u017eu.<\/span><\/p>\n<p><span style=\"font-weight: 400;\">Ulje kamilice ima brojne lekovite i umirujuc\u0301e sposobnosti zbog svojih drugih glavnih sastojaka, kao \u0161to su:<\/span><\/p>\n<p><span style=\"font-weight: 400;\">Bisabolol &#8211; poznat po svojoj blago slatkoj i cvetnoj aromi, ima potencijalna antiinflamatorna, antimikrobna i analgeti\u010dka svojstva.<\/span><\/p>\n<p><span style=\"font-weight: 400;\">Bisabolene &#8211; takozvani seskviterpen. Ima topao, slatko-za\u010dinsko-balzami\u010dni miris, tipi\u010dan za &#8222;orijentalne&#8220; tipove mirisa. Podr\u017eava imuni sistem, deluje kao antioksidans, \u0161titi od \u0161tetnih mikroba i promovi\u0161e zdrave c\u0301elije. To je tako\u0111e jedno od jedinjenja poznatih po svojim umirujuc\u0301im svojstvima.<\/span><\/p>\n<p><span style=\"font-weight: 400;\">B-farnezen &#8211; jo\u0161 jedan seskviterpen, koji ima antiinflamatorna, antispazmodi\u010dna, antibakterijska, antifungalna, umirujuc\u0301a i sedativna svojstva.<\/span><\/p>\n<p><span style=\"font-weight: 400;\">Cineol &#8211; bezbojna, uljasta, slabo rastvorljiva u vodi supstanca, poznata i po svojim antiinflamatornim sposobnostima, pozitivno deluje na respiratorni trakt.<\/span><\/p>\n<p><span style=\"font-weight: 400;\">A-terpineol &#8211; ima prijatan miris jorgovana i cvetova lipe. Poseduje neka klju\u010dna terapeutska svojstva, kao \u0161to je pomoc\u0301 u upravljanju bolom i upalom, smanjenje u\u010destalosti i intenziteta napadaja, deluje kao gastro-protektivna i ubija bakterije.<\/span><\/p>\n<p><span style=\"font-weight: 400;\">Flavonoidi &#8211; pru\u017eaju podr\u0161ku, jednostavnim re\u010dima, za efikasno funkcionisanje tela dok ga \u0161tite od svakodnevnih toksina i stresora. Ovo su tako\u0111e moc\u0301ni antioksidansi.<\/span><\/p>\n<p><span style=\"font-weight: 400;\">Kumarini &#8211; organsko jedinjenje sa karakteristi\u010dnim mirisom sve\u017ee poko\u0161enog sena. Utvr\u0111eno je da smanjuje upalu, spre\u010dava stvaranje potko\u017ene limfne te\u010dnosti i povec\u0301ava koli\u010dinu antitrombina, proteina uklju\u010denog u zgru\u0161avanje krvi.<\/span><\/p>\n<h3><b>Ulje kamilice i upotreba<\/b><\/h3>\n<p><span style=\"font-weight: 400;\">Ulje kamilice mo\u017ee biti savr\u0161ena podr\u0161ka za prevazila\u017eenje mnogih bolesti i pomo\u0107 da se opustite. Predivna slatka aroma ulja kamilice mo\u017ee se koristiti na mnogo na\u010dina za tretiranje manjih oboljenja. Vekovima se koristio kao efikasna pomo\u0107 za mnoge poremec\u0301aje, od problema sa varenjem do zarastanja rana, pa \u010dak i kao prirodno olak\u0161anje alergija.<\/span><\/p>\n<p><span style=\"font-weight: 400;\">Ulje kamilice je odli\u010dna pomoc\u0301 u ubla\u017eavanju bolova, mo\u017ee pobolj\u0161ati va\u0161e raspolo\u017eenje i pomoc\u0301i u borbi protiv depresije i anksioznosti. Smirujuc\u0301a svojstva kamilice tako\u0111e mogu podstac\u0301i opu\u0161tanje i san.<\/span><\/p>\n<h3><b>Ulje kamilice za ko\u017eu<\/b><\/h3>\n<p><span style=\"font-weight: 400;\">Ulje kamilice je meko ulje i stoga je idealno za decu i starije ljude, kao i za veoma osetljivu ko\u017eu. Razbla\u017een sa uljem-nosa\u010dem mo\u017ee se koristiti lokalno na ko\u017ei. Preporu\u010duje se da se malo razbla\u017eenog ulja nanese na malu povr\u0161inu ko\u017ee kao test, da se uveri da nema alergijskih reakcija ili iritacija.<\/span><\/p>\n<p><span style=\"font-weight: 400;\">Moguc\u0301e upotrebe kamilice za ko\u017eu uklju\u010duju:<\/span><\/p>\n<p><span style=\"font-weight: 400;\">&#8211; za umirujuc\u0301u ugodnu masa\u017eu;<\/span><\/p>\n<p><span style=\"font-weight: 400;\">&#8211; kao opu\u0161tajuc\u0301i dodatak vodi za kupanje;<\/span><\/p>\n<p><span style=\"font-weight: 400;\">&#8211; negujuc\u0301i dodatak va\u0161em proizvodu za negu ko\u017ee;<\/span><\/p>\n<p><span style=\"font-weight: 400;\">&#8211; kao topli ili hladni oblog za ubla\u017eavanje bolova u stomaku i stomaku;<\/span><\/p>\n<p><span style=\"font-weight: 400;\">&#8211; efikasno olak\u0161anje i ravnomerno zarastanje rana i ko\u017enih oboljenja;<\/span><\/p>\n<p><span style=\"font-weight: 400;\">&#8211; hidratantni tretman za kosu, dodat osnovnom ulju. Tako\u0111e mo\u017ee imati efekat osvetljavanja na plavoj kosi;<\/span><\/p>\n<p><span style=\"font-weight: 400;\">&#8211; pome\u0161ano sa osnovnim uljem kao repelent protiv insekata ili olak\u0161anje uboda insekata;<\/span><\/p>\n<p><span style=\"font-weight: 400;\">&#8211; nekoliko kapi dodati u pastu za zube ili vodicu za ispiranje usta za sve\u017eu i zdravu usnu \u0161upljinu.<\/span><\/p>\n<p><span style=\"font-weight: 400;\">Kori\u0161c\u0301enjem na ovaj na\u010din, ulje kamilice se pokazalo posebno efikasnim. Ulje kamilice ima antiinflamatorna i antibakterijska svojstva koja pozitivno uti\u010du na o\u0161tec\u0301enu ili bolnu ko\u017eu, \u010direve, modrice i opekotine. Odli\u010dan je lek za potporu zarastanja ko\u017enih oboljenja kao \u0161to su ekcem, celulit, iritacije ko\u017ee i osip. Pored toga, ovo ulje je efikasno i za ubla\u017eavanje bolova kod stanja kao \u0161to su migrene, neuralgija, giht, artritis, i\u0161ijas, reumatski bol i gr\u010devi mi\u0161ic\u0301a.<\/span><\/p>\n<h3><b>Ulje kamilice u aromaterapiji<\/b><\/h3>\n<p><span style=\"font-weight: 400;\">Ulje kamilice je nadaleko poznato i koristi se zbog svog terapeutskog i umirujuc\u0301eg dejstva. Uspe\u0161no se koristi za pomo\u0107 kod anksioznih poremec\u0301aja ili depresije, okrepljuje, ima svojstva podizanja raspolo\u017eenja, promovi\u0161e zdrav san, mo\u017ee pomoc\u0301i kod nesanice ili noc\u0301nih mora. Aromaterapija sa uljem kamilice mo\u017ee da u\u010dini \u010duda kada je u pitanju opu\u0161tanje i smirenje \u2013 primenite jednu od moguc\u0301ih aplikacija da svom telu i umu pru\u017eite zaslu\u017eeni odmor, da spavate kao beba i zapo\u010dnete svoj sledec\u0301i dan o\u017eivljeni i osve\u017eeni.<\/span><\/p>\n<h3><strong>Opcije aromaterapije<\/strong><\/h3>\n<p><span style=\"font-weight: 400;\">Aroma lampa ili difuzor. Osve\u017eite svoj dnevni boravak ili spavac\u0301i deo umirujuc\u0301im i umirujuc\u0301im mirisom kamilice pomoc\u0301u aroma lampe ili difuzora. Oslobodic\u0301e stresna ili razdra\u017eljiva osec\u0301anja na kraju dugog napornog dana. Dozvolite mu da vam pomogne da se smirite, opustite i ponovo osetite mir.<\/span><\/p>\n<p><span style=\"font-weight: 400;\">Udahnite paru. Udisanje pare se lako mo\u017ee postic\u0301i postavljanjem glave iznad posude kuvane vode na pari pome\u0161ane sa uljem kamilice. Pokrivanje glave pe\u0161kirom odr\u017eava paru koncentrisanom. Parenje se tako\u0111e mo\u017ee obaviti tokom tu\u0161iranja ili kupanja.<\/span><\/p>\n<p><span style=\"font-weight: 400;\">Pored umirujuc\u0301ih svojstava kamilice, parno kupatilo sa uljem kamilice mo\u017ee biti jo\u0161 efikasnije zbog svojih antipireti\u010dkih svojstava i mo\u017ee pomoc\u0301i kod raznih respiratornih infekcija. Kamilica izaziva dodatno znojenje, izbacuje patogene bakterije i normalizuje telesnu temperaturu. To ovo ulje \u010dini korisnim za prehladu i grip, ali tako\u0111e deluje pro\u010di\u0161c\u0301avajuc\u0301e i umirujuc\u0301e na gastrointestinalni trakt \u2013 zapravo na sve organe koji su oblo\u017eeni sluzoko\u017eom.<\/span><\/p>\n<p><span style=\"font-weight: 400;\">Vaporizator ili (hladni) kompres. Kori\u0161c\u0301enje ispariva\u010da ili hladnog obloga mo\u017ee pomoc\u0301i kod postnatalne depresije. Ulje kamilice tako\u0111e mo\u017ee biti od pomoc\u0301i deci da promovi\u0161u odmor i san. Na pla\u010d kod beba i male dece tako\u0111e mo\u017ee pozitivno uticati kamilica.<\/span><\/p>\n<p><span style=\"font-weight: 400;\">Druge jednostavne aplikacije mogu biti:<\/span><\/p>\n<p><span style=\"font-weight: 400;\">&#8211; nekoliko kapi ulja kamilice na maramicu ili krpu na toplom radijatoru.<\/span><\/p>\n<p><span style=\"font-weight: 400;\">&#8211; posuti po jastuku, tkanini, \u0161alu, posteljini ili c\u0301ebetu. Neprijatne mirise zamenjuju prijatni, a vama koristi umirujuc\u0301i miris kamilice.<\/span><\/p>\n<p><span style=\"font-weight: 400;\">&#8211; dodati u vodu u peglu na paru.<\/span><\/p>\n<p><span style=\"font-weight: 400;\">Dopustite da vas o\u010dara ulje kamilice i u\u0111ite u svet u kome vladaju mir i spokoj.<\/span><\/p>\n<p>&nbsp;<\/p>\n","protected":false},"excerpt":{"rendered":"<p><span style=\"font-weight: 400;\"><strong>Brend<\/strong>: Nefertiti prirodna ulja i biljke<br \/>\n<\/span><span style=\"font-weight: 400;\"><strong>Zemlja porekla<\/strong>: Egipat<br \/>\n<\/span><span style=\"font-weight: 400;\"><strong>Botani\u010dki naziv<\/strong>: Chamomilla nobile<br \/>\n<\/span><span style=\"font-weight: 400;\"><strong>Porodica<\/strong>: Asteraceae<br \/>\n<\/span><span style=\"font-weight: 400;\"><strong>INCI<\/strong>: Chamaemelum Nobile Pure Aroma Oil<br \/>\n<\/span><span style=\"font-weight: 400;\"><strong>Kori\u0161c\u0301ene komponente<\/strong>: cvetovi<br \/>\n<\/span><span style=\"font-weight: 400;\"><strong>Metoda ekstrakcije<\/strong>: Destilacija vodenom parom<br \/>\n<\/span><span style=\"font-weight: 400;\"><strong>Miris<\/strong>: topao, zeljast<br \/>\n<\/span><span style=\"font-weight: 400;\"><strong>Izgled<\/strong>: Upadljivo \u017euta<br \/>\n<\/span><span style=\"font-weight: 400;\"><strong>Agregatno stanje<\/strong>: Te\u010dnost<br \/>\n<\/span><span style=\"font-weight: 400;\"><strong>Prirodno<\/strong>: Da<br \/>\n<\/span><span style=\"font-weight: 400;\"><strong>\u010cistoc\u0301a<\/strong>: 100% \u010distoc\u0301a<br \/>\n<\/span><span style=\"font-weight: 400;\"><strong>Sertifikati<\/strong>: ISO &amp; MSDS<br \/>\n<\/span><span style=\"font-weight: 400;\"><strong>Sastav<\/strong>: \u010disto aroma ulje<br \/>\n<\/span><span style=\"font-weight: 400;\"><strong>Dostava<\/strong>: Izra\u010dunava se na blagajni<\/span><\/p>\n","protected":false},"featured_media":275327,"comment_status":"open","ping_status":"closed","template":"","meta":[],"product_brand":[],"product_cat":[1132],"product_tag":[],"class_list":{"0":"post-261419","1":"product","2":"type-product","3":"status-publish","4":"has-post-thumbnail","6":"product_cat-aroma-oils-uk-sr","7":"pa_bottle-size-125-ml-sr-2","8":"pa_bottle-size-250ml-sr","9":"pa_bottle-size-50ml-sr","11":"first","12":"outofstock","13":"sale","14":"shipping-taxable","15":"purchasable","16":"product-type-variable","17":"has-default-attributes"},"_links":{"self":[{"href":"https:\/\/nefertiti-eg.com\/sr\/wp-json\/wp\/v2\/product\/261419","targetHints":{"allow":["GET"]}}],"collection":[{"href":"https:\/\/nefertiti-eg.com\/sr\/wp-json\/wp\/v2\/product"}],"about":[{"href":"https:\/\/nefertiti-eg.com\/sr\/wp-json\/wp\/v2\/types\/product"}],"replies":[{"embeddable":true,"href":"https:\/\/nefertiti-eg.com\/sr\/wp-json\/wp\/v2\/comments?post=261419"}],"wp:featuredmedia":[{"embeddable":true,"href":"https:\/\/nefertiti-eg.com\/sr\/wp-json\/wp\/v2\/media\/275327"}],"wp:attachment":[{"href":"https:\/\/nefertiti-eg.com\/sr\/wp-json\/wp\/v2\/media?parent=261419"}],"wp:term":[{"taxonomy":"product_brand","embeddable":true,"href":"https:\/\/nefertiti-eg.com\/sr\/wp-json\/wp\/v2\/product_brand?post=261419"},{"taxonomy":"product_cat","embeddable":true,"href":"https:\/\/nefertiti-eg.com\/sr\/wp-json\/wp\/v2\/product_cat?post=261419"},{"taxonomy":"product_tag","embeddable":true,"href":"https:\/\/nefertiti-eg.com\/sr\/wp-json\/wp\/v2\/product_tag?post=261419"}],"curies":[{"name":"wp","href":"https:\/\/api.w.org\/{rel}","templated":true}]}}