{"id":261423,"date":"2018-08-23T16:46:18","date_gmt":"2018-08-23T14:46:18","guid":{"rendered":"https:\/\/nefertiti-eg.com\/shop\/\u043d\u0435\u043a\u0430\u0442\u0435\u0433\u043e\u0440\u0438\u0437\u043e\u0432\u0430\u043d\u043e\/lilac-oil\/"},"modified":"2023-08-24T16:59:40","modified_gmt":"2023-08-24T13:59:40","slug":"lilac-oil","status":"publish","type":"product","link":"https:\/\/nefertiti-eg.com\/sr\/shop\/aroma-oils-uk-sr\/lilac-oil\/","title":{"rendered":"Ulje jorgovana"},"content":{"rendered":"<p><span style=\"font-weight: 400;\" data-mce-style=\"font-weight: 400;\">Jorgovan je vi\u0161e od cveta koji privla\u010di poglede. O\u010daravajuc\u0301i miris najavljuje prolec\u0301e i sam po sebi formira drugu dimenziju. Aroma jorgovana mo\u017ee varirati od soja do soja, u rasponu od prijatno slatke do blago za\u010dinjene.<\/span><\/p>\n<h3><b>Poreklo i karakteristike jorgovana<\/b><\/h3>\n<p><span style=\"font-weight: 400;\" data-mce-style=\"font-weight: 400;\">Eteri\u010dno ulje jorgovana je parno destilovani ekstrakt cvetova biljke Siringa vulgaris, koja je deo porodice Oleaceae. Siringa je porijeklom sa Bliskog istoka i isto\u010dne Evrope, posebno balkanskog regiona.<\/span><\/p>\n<p><span style=\"font-weight: 400;\" data-mce-style=\"font-weight: 400;\">Drvo jorgovana je mnogima omiljena ba\u0161tenska dekoracija, koja u prolec\u0301e pokazuje svoje bujne cvetove i \u0161iri najosve\u017eavajuc\u0301i miris. Miris je karakteristi\u010dan za ulje svetlo ljubi\u010daste boje. Njegova dokumentovana upotreba u lekovima se prote\u017ee samo nekoliko stotina godina unazad, ali su je najverovatnije koristili autohtoni ljudi mnogo du\u017ee. Od 19. veka ulje jorgovana se koristi za le\u010denje raznih poremec\u0301aja.<\/span><\/p>\n<h3><b>Jorgovano ulje i prednosti<\/b><\/h3>\n<p><span style=\"font-weight: 400;\" data-mce-style=\"font-weight: 400;\">Kao prednosti eteri\u010dnog ulja jorgovana mogu mu se pripisati slede\u0107a svojstava &#8211;&nbsp; sedativ, tonik i antiseptik. Kao lokalno sredstvo, ulje jorgovana mo\u017ee se pome\u0161ati sa osnovnim uljem i naneti na opekotine od sunca, osip i bore ili se koristiti kao blago ulje za masa\u017eu. Difuzno u ispariva\u010du i udahnuto, jorgovano ulje c\u0301e pomoc\u0301i u ubla\u017eavanju simptoma depresije i anksioznosti. Mo\u017ee se lako dodati u kupku ili kozmeti\u010dke proizvode, kao \u0161to su va\u0161 omiljeni losion ili krema.<\/span><\/p>\n<h3><b>Ulje jorgovana za negu ko\u017ee<\/b><\/h3>\n<p><span style=\"font-weight: 400;\" data-mce-style=\"font-weight: 400;\">Jedna od mnogih zdravstvenih prednosti esencijalnog ulja jorgovana je njegova sposobnost da pomogne u tretiranju ko\u017enih problema kao \u0161to su posekotine, osip i opekotine. Ulje jorgovana je \u010dak pogodno za umirivanje i le\u010denje opekotina od sunca. Generalno, ovo ulje promovi\u0161e blistavu i zdravu ko\u017eu.<\/span><\/p>\n<p><span style=\"font-weight: 400;\" data-mce-style=\"font-weight: 400;\">Ovo ulje bo\u017eanskog mirisa ima dokazana adstringentna svojstva, \u0161to ga \u010dini efikasnim sredstvom za zatezanje ko\u017ee i tonikom. Mo\u017ee pomoc\u0301i u smanjenju starosnih linija, bora i opu\u0161tanja ko\u017ee tako \u0161to se nanosi lokalno na ko\u017eu.<\/span><\/p>\n<h3><b>Smanjuje zapaljenje<\/b><\/h3>\n<p><span style=\"font-weight: 400;\" data-mce-style=\"font-weight: 400;\">Kada strane supstance u\u0111u u telo, kao \u0161to se mo\u017ee desiti kod povreda ko\u017ee od posekotina ili opekotina od sunca, upala je prirodna reakcija tela. Otok i crvenilo su uobi\u010dajeni znaci upale, kojima u nekim slu\u010dajevima mo\u017ee biti potrebna dodatna spoljna pomoc\u0301 kako bi se telo podr\u017ealo u procesu zarastanja i ubrzalo oporavak. Ulje jorgovana sadr\u017ei supstancu za koju se pokazalo da smanjuje upalu, uklju\u010dujuc\u0301i upalu uzrokovanu unutra\u0161njim izvorom.<\/span><\/p>\n<p><span style=\"font-weight: 400;\" data-mce-style=\"font-weight: 400;\">Pored toga, ulje jorgovana ima sna\u017ena antibakterijska svojstva, \u0161to ga \u010dini idealnim sredstvom za sterilizaciju koje mo\u017ee eliminisati bakterije koje izazivaju infekcije. Zbog svojih sna\u017enih antigljivi\u010dnih svojstava, ulje jorgovana je efikasno sredstvo za uklanjanje gljivica iz tela i poma\u017ee u smanjenju rizika od gljivi\u010dnih infekcija.<\/span><\/p>\n<h3><b>Spre\u010dava opekotine od sunca<\/b><\/h3>\n<p><span style=\"font-weight: 400;\" data-mce-style=\"font-weight: 400;\">\u010cak i svesni \u0161tetnih efekata koje UV-zraci sunca mogu imati na na\u0161u ko\u017eu, mi ipak volimo da u\u017eivamo u suncu. \u0160teta od UV zraka mo\u017ee dovesti do preranog starenja, kao \u0161to su stara\u010dke pege i bore, i nosi rizik od odre\u0111enih karcinoma. Me\u0111utim, mnogi proizvodi dizajnirani da za\u0161tite ko\u017eu od UV zraka tako\u0111e sadr\u017ee supstance koje mogu izazvati druge probleme sa ko\u017eom. Antioksidativna svojstva ulja jorgovana \u0161tite ko\u017eu bez izazivanja dodatnih problema. Upravo zbog ovih svojstava ulje jorgovana mo\u017ee pomoc\u0301i u popravljanju c\u0301elija koje su vec\u0301 pogo\u0111ene fotostarenjem.&nbsp;<\/span><\/p>\n<h3><b>Spre\u010dava prevremeno starenje<\/b><\/h3>\n<p><span style=\"font-weight: 400;\" data-mce-style=\"font-weight: 400;\">Kombinacija antioksidansa i adstringentnih jedinjenja u ulju jorgovana pobolj\u0161ava izgled ko\u017ee, \u010dinec\u0301i je mla\u0111om. Fine linije, bore, fleke i tragovi starenja bi\u0107e ubla\u017eeni. Eteri\u010dno ulje jorgovana podsti\u010de zatezanje ko\u017ee, povec\u0301ava njenu elasti\u010dnost i spre\u010dava mnoge simptome preranog starenja.<\/span><\/p>\n<h3><b>Smanjuje groznicu<\/b><\/h3>\n<p><span style=\"font-weight: 400;\" data-mce-style=\"font-weight: 400;\">Ulje jorgovana je tradicionalno poznato kao sredstvo za sni\u017eavanje temperature, mo\u017ee se koristiti kao re\u0161enje za smanjenje uporne groznice i podsticanje procesa oporavka u slu\u010dajevima respiratornih bolesti ili infekcija. Febrifuge poma\u017eu u stimulisanju imunolo\u0161kog sistema da elimini\u0161e toksine iz tela podsti\u010duc\u0301i znojenje.<\/span><\/p>\n<h3><b>Ubla\u017eava bol<\/b><\/h3>\n<p><span style=\"font-weight: 400;\" data-mce-style=\"font-weight: 400;\">Razbla\u017eeno osnovnim uljem, ulje jorgovana mo\u017ee u\u010diniti \u010duda umirujuc\u0301om masa\u017eom. Ulje jorgovana mo\u017ee pru\u017eiti olak\u0161anje od reumatskog bola kroz lokalnu primenu, trljanjem bolnih podru\u010dja nekoliko puta dnevno. Masa\u017ea lila uljem tako\u0111e mo\u017ee smanjiti bol u mi\u0161ic\u0301ima, le\u010diti napade gihta i ubla\u017eiti bol kod i\u0161ijasa.<\/span><\/p>\n<h3><b>Ulje jorgovana i aromaterapija<\/b><\/h3>\n<p><span style=\"font-weight: 400;\" data-mce-style=\"font-weight: 400;\">Aromati\u010dni efekti jorgovanog ulja sna\u017eno su ute\u0161ne i donose osec\u0301aj radosti; jorgovan magi\u010dno \u010dini sve mekim i slatkim. Zavodljiva aroma jorgovanog ulja unosi unutra\u0161nju harmoniju i umirujuc\u0301u atmosferu u va\u0161e okru\u017eenje, miris vas otvara novoj ljubavi i nevinosti. Ima efekat podr\u0161ke u situacijama stresa, tuge, napetosti i neizvesnosti. Za ulje jorgovana se ka\u017ee da \u010dak ima skriveni efekat povec\u0301anja psihi\u010dkih sposobnosti.<\/span><\/p>\n<h3><b>Podizanje raspolo\u017eenja<\/b><\/h3>\n<p><span style=\"font-weight: 400;\" data-mce-style=\"font-weight: 400;\">Neka vas primamljiv miris jorgovana mami u uspomene na lenje letnje dane, najlak\u0161i na\u010din i najpametniji izbor za podizanje raspolo\u017eenja. Supstance u ulju jorgovana mogu dovesti do smanjene iritacije nerava u mozgu, omoguc\u0301avajuc\u0301i proizvodnju i efikasniju upotrebu hormona dobrog osec\u0301anja. Mogu se smanjiti i drugi pokazatelji stresa, kao \u0161to su visok krvni pritisak i prisustvo hormona stresa kortizola.<\/span><\/p>\n<h3><b>Smiruje anksioznost<\/b><\/h3>\n<p><span style=\"font-weight: 400;\" data-mce-style=\"font-weight: 400;\">Karakteristi\u010dan slatki miris ulja jorgovana mo\u017ee zaista pomoc\u0301i da se ubla\u017ei anksioznost i smiri um. U stvari, mnogo se koristi u aromaterapiji za opu\u0161tanje. Eteri\u010dno ulje jorgovana izaziva harmoni\u010dno raspolo\u017eenje, podsti\u010de smirenost i smanjuje nivo hormona stresa u telu. \u0160tavi\u0161e, ulje jorgovana \u010dak ima sposobnost da smanji rizik od hroni\u010dnih bolesti (kao \u0161to su dijabetes, gojaznost i bolesti srca) le\u010denjem nesanice i nedostatka sna.<\/span><\/p>\n<p><span style=\"font-weight: 400;\" data-mce-style=\"font-weight: 400;\">Kori\u0161c\u0301enje jorgovanog ulja u ispariva\u010du mo\u017ee pomoc\u0301i kod anksioznosti, stresa ili napada panike, osna\u017eujuc\u0301i va\u0161 um dok svojim umirujuc\u0301im mirisom izazivate okolinu. Samo nekoliko kapi ovog esencijalnog ulja u\u010dinic\u0301e \u010duda za va\u0161 limbi\u010dki sistem, koji je odgovoran za stvaranje uspomena, podsticanje smirenih osec\u0301anja i smanjenje koli\u010dine hormona stresa u va\u0161em telu.<\/span><\/p>\n<h3><b>Spre\u010dava depresiju<\/b><\/h3>\n<p><span style=\"font-weight: 400;\" data-mce-style=\"font-weight: 400;\">Depresija je uobi\u010dajeno stanje \u0161irom sveta, za koje je aromaterapija postala veoma popularna pomoc\u0301. Ulje jorgovana je \u010desto kori\u0161c\u0301eno ulje za podsticanje opu\u0161tanja i ubla\u017eavanje blage depresije. Ako ste izlo\u017eeni mnogim stresnim situacijama ili napetostima, ili da biste spre\u010dili depresiju, ulje jorgovana je odli\u010dno sredstvo za aromaterapiju kod kuc\u0301e. Udisanje mirisa jorgovana pre spavanja mo\u017ee pomoc\u0301i u ubla\u017eavanju simptoma nesanice.<\/span><\/p>\n<p><span style=\"font-weight: 400;\" data-mce-style=\"font-weight: 400;\">Za jednostavnu aromaterapiju kod kuc\u0301e, dodajte nekoliko kapi ulja jorgovana u vodu za kupanje, na primer, ili \u0161irite miris pomoc\u0301u aroma lampe ili difuzora. Pored divnog mirisa koji donosi va\u0161em domu, njegova antibakterijska svojstva ga \u010dine idealnim sredstvom za sterilizaciju koje mo\u017ee eliminisati bakterije koje izazivaju infekcije.<\/span><\/p>\n<p><span style=\"font-weight: 400;\" data-mce-style=\"font-weight: 400;\">Pobolj\u0161anje va\u0161eg zdravlja nikada nije bilo tako prijatno!<\/span><\/p>\n","protected":false},"excerpt":{"rendered":"<p><span style=\"font-weight: 400;\" data-mce-style=\"font-weight: 400;\"><strong>Brend<\/strong>: Nefertiti prirodna ulja i biljke<br \/><\/span><span style=\"font-weight: 400;\" data-mce-style=\"font-weight: 400;\"><strong>Zemlja porekla<\/strong>: Egipat<br \/><\/span><span style=\"font-weight: 400;\" data-mce-style=\"font-weight: 400;\"><strong>Botani\u010dki naziv<\/strong>: Siringa vulgaris<br \/><\/span><span style=\"font-weight: 400;\" data-mce-style=\"font-weight: 400;\"><strong>Porodica<\/strong>: Oleaceae<br \/><\/span><span style=\"font-weight: 400;\" data-mce-style=\"font-weight: 400;\"><strong>INCI<\/strong>: Siringa Vulgaris Pure Aroma Oil<br \/><\/span><span style=\"font-weight: 400;\" data-mce-style=\"font-weight: 400;\"><strong>Kori\u0161c\u0301ene komponente<\/strong>: cvetovi<br \/><\/span><span style=\"font-weight: 400;\" data-mce-style=\"font-weight: 400;\"><strong>Metoda ekstrakcije<\/strong>: Destilacija vodenom parom<br \/><\/span><span style=\"font-weight: 400;\" data-mce-style=\"font-weight: 400;\"><strong>Miris<\/strong>: blago gorak, sladak<br \/><\/span><span style=\"font-weight: 400;\" data-mce-style=\"font-weight: 400;\"><strong>Izgled<\/strong>: svetlo ljubi\u010dasta<br \/><\/span><span style=\"font-weight: 400;\" data-mce-style=\"font-weight: 400;\"><strong>Agregatno stanje<\/strong>: Te\u010dnost<br \/><\/span><span style=\"font-weight: 400;\" data-mce-style=\"font-weight: 400;\"><strong>Prirodno<\/strong>: Da<br \/><\/span><span style=\"font-weight: 400;\" data-mce-style=\"font-weight: 400;\"><strong>\u010cistoc\u0301a<\/strong>: 100% \u010distoc\u0301a<br \/><\/span><span style=\"font-weight: 400;\" data-mce-style=\"font-weight: 400;\"><strong>Sertifikati<\/strong>: ISO &amp; MSDS<br \/><\/span><span style=\"font-weight: 400;\" data-mce-style=\"font-weight: 400;\"><strong>Sastav<\/strong>: \u010disto aroma ulje<br \/><\/span><span style=\"font-weight: 400;\" data-mce-style=\"font-weight: 400;\"><strong>Dostava<\/strong>: Izra\u010dunava se na blagajni<\/span><\/p>\n","protected":false},"featured_media":275467,"comment_status":"open","ping_status":"closed","template":"","meta":[],"product_brand":[],"product_cat":[1132],"product_tag":[],"class_list":{"0":"post-261423","1":"product","2":"type-product","3":"status-publish","4":"has-post-thumbnail","6":"product_cat-aroma-oils-uk-sr","7":"pa_bottle-size-125-ml-sr-2","8":"pa_bottle-size-250ml-sr","9":"pa_bottle-size-50ml-sr","11":"first","12":"instock","13":"sale","14":"shipping-taxable","15":"purchasable","16":"product-type-variable","17":"has-default-attributes"},"_links":{"self":[{"href":"https:\/\/nefertiti-eg.com\/sr\/wp-json\/wp\/v2\/product\/261423","targetHints":{"allow":["GET"]}}],"collection":[{"href":"https:\/\/nefertiti-eg.com\/sr\/wp-json\/wp\/v2\/product"}],"about":[{"href":"https:\/\/nefertiti-eg.com\/sr\/wp-json\/wp\/v2\/types\/product"}],"replies":[{"embeddable":true,"href":"https:\/\/nefertiti-eg.com\/sr\/wp-json\/wp\/v2\/comments?post=261423"}],"wp:featuredmedia":[{"embeddable":true,"href":"https:\/\/nefertiti-eg.com\/sr\/wp-json\/wp\/v2\/media\/275467"}],"wp:attachment":[{"href":"https:\/\/nefertiti-eg.com\/sr\/wp-json\/wp\/v2\/media?parent=261423"}],"wp:term":[{"taxonomy":"product_brand","embeddable":true,"href":"https:\/\/nefertiti-eg.com\/sr\/wp-json\/wp\/v2\/product_brand?post=261423"},{"taxonomy":"product_cat","embeddable":true,"href":"https:\/\/nefertiti-eg.com\/sr\/wp-json\/wp\/v2\/product_cat?post=261423"},{"taxonomy":"product_tag","embeddable":true,"href":"https:\/\/nefertiti-eg.com\/sr\/wp-json\/wp\/v2\/product_tag?post=261423"}],"curies":[{"name":"wp","href":"https:\/\/api.w.org\/{rel}","templated":true}]}}