{"id":261427,"date":"2018-08-23T16:35:51","date_gmt":"2018-08-23T14:35:51","guid":{"rendered":"https:\/\/nefertiti-eg.com\/shop\/\u043d\u0435\u043a\u0430\u0442\u0435\u0433\u043e\u0440\u0438\u0437\u043e\u0432\u0430\u043d\u043e\/jasmine-oil\/"},"modified":"2023-08-24T17:04:34","modified_gmt":"2023-08-24T14:04:34","slug":"jasmine-oil","status":"publish","type":"product","link":"https:\/\/nefertiti-eg.com\/sr\/shop\/aroma-oils-uk-sr\/jasmine-oil\/","title":{"rendered":"Jasminovo ulje"},"content":{"rendered":"<p><span style=\"font-weight: 400;\">Za Kineze, jasmin simbolizuje \u017eensku ljubaznost, milost i delikatnost, kao i sredstvo za privla\u010denje bogatstva i romantike. Na Tajlandu je jasmin simbol maj\u010dinstva, dok se u Indiji jasmin koristi u hinduisti\u010dkim verskim ceremonijama.<\/span><\/p>\n<p><span style=\"font-weight: 400;\">Jasmin, poznat i kao letnji jasmin, pesni\u010dki jasmin, beli jasmin ili pravi jasmin, nacionalni je cvet Pakistana gde je op\u0161te poznat po imenu Chameli. Re\u010d jasmin poti\u010de od arapske re\u010di \u201eiasmin\u201c, \u0161to zna\u010di mirisni cvet. Jasmin je posebno cenjen od strane ba\u0161tovana \u0161irom umerenog sveta zbog intenzivnog mirisa njegovih cvetova.<\/span><\/p>\n<h3><b>Poreklo i karakteristike jasmina<\/b><\/h3>\n<p><span style=\"font-weight: 400;\">Jasminum officinale, ili jednostavno jasmin, je vrsta cvetne biljke iz porodice maslina Oleaceae. Poreklom je iz severnog Irana, Avganistana, Pakistana, Himalaja, Tad\u017eikistana, Indije, Nepala i zapadne Kine. Ova vrsta se \u0161iroko uzgaja u mnogim zemljama. Jasminum officinale je sna\u017ena, vijugava, svetla, listopadna penja\u010dica sa grozdovima zvezdastih, \u010disto belih cvetova koji su izvor njegovog opojnog mirisa. Latice jasmina su obi\u010dno raspore\u0111ene u tri kruga ili su peraste. Cvetovi su uglavnom beli sa cevastom, razdvojenom \u010da\u0161kom sa dva pra\u0161nika zatvorena u kruni\u010dnu cev i dvoc\u0301elijskom jajnikom.<\/span><\/p>\n<p><span style=\"font-weight: 400;\">Jasmin je dobro poznati narodni lek za le\u010denje hepatitisa u ju\u017enoj Kini. Pokazao je i antivirusnu aktivnost. Kao biljni agens, koristi se u dermatologiji zbog svojih antisepti\u010dkih i antiinflamatornih prednosti.<\/span><\/p>\n<p><span style=\"font-weight: 400;\">Jasmin je poznat kao &#8222;Kralj ulja&#8220;. Te\u0161ki, slatki miris obi\u010dno voli vec\u0301ina. Cvec\u0301e u sumrak odaje primamljiv miris, pa se cvec\u0301e beru noc\u0301u i iz njih se izvla\u010di mala koli\u010dina ulja. Iako je rezultat veoma skupo ulje, ovaj koncentrovani proizvod se mo\u017ee koristiti u vrlo malim koli\u010dinama. Miris jasmina je opisan kao umirujuc\u0301i, a da ne izaziva san. Jasmin se koristi u aromaterapiji zbog svojih opu\u0161tajuc\u0301ih svojstava.<\/span><\/p>\n<h3><b>Jasminovo ulje i prednosti<\/b><\/h3>\n<p><span style=\"font-weight: 400;\">Vec\u0301 mnogo vekova, jasmin je bio popularan zbog svog slatkog, romanti\u010dnog mirisa i koristi se u nekim od najpoznatijih svetskih parfema. Tako\u0111e se koristi za proizvodnju \u010daja i \u010dest je sastojak alkoholnih pic\u0301a, slatki\u0161a i deserta.<\/span><\/p>\n<p><span style=\"font-weight: 400;\">Ulje jasmina sadr\u017ei komponente sa antisepti\u010dkim i antiinflamatornim svojstvima koje pru\u017eaju brojne zdravstvene prednosti. Iako je popularan kuc\u0301ni lek, koji se koristi za tretiranje raznih bolesti, od depresije do infekcija, istorijski je najpoznatiji kao afrodizijak.<\/span><\/p>\n<h3><b>Antispazmodik<\/b><\/h3>\n<p><span style=\"font-weight: 400;\">Jasmin se koristi kao kuc\u0301ni lek za le\u010denje gr\u010deva i gr\u010deva u razli\u010ditim delovima tela, kao \u0161to su gr\u010devi u stomaku i gr\u010deviti ka\u0161alj. Efikasno ubla\u017eavanje kontrakcija kori\u0161c\u0301enjem razbla\u017eenog ulja jasmina lokalno za masa\u017eu je utvr\u0111eno u studiji, me\u0111utim, dalji nau\u010dni dokazi su veoma ograni\u010deni o sposobnosti ulja jasmina da smanji gr\u010deve. U svakom slu\u010daju, kori\u0161c\u0301enje ulja jasmina za masa\u017eu mi\u0161ic\u0301a sigurno nec\u0301e \u0161koditi i svako olak\u0161anje koje nudi od gr\u010deva je bonus.<\/span><\/p>\n<h3><b>Antiseptik<\/b><\/h3>\n<p><span style=\"font-weight: 400;\">Pokazalo se da ulje jasmina ima antibakterijska svojstva. Njegovi antisepti\u010dki efekti su opse\u017eno prou\u010davani i pokazalo se da se zapravo bore protiv raznih bakterija. U jednoj studiji je otkriveno da prirodno ulje jasmina pokazuje antibakterijsku aktivnost protiv odre\u0111enog soja e.coli. Druga studija je identifikovala antimikrobnu aktivnost protiv razli\u010ditih oralnih mikroorganizama, uklju\u010dujuc\u0301i e.coli, l.casei i streptococcus mutans. Tako\u0111e je delovao antifungalno protiv svih vrsta kandide i gljivica. Ulje jasmina mo\u017ee biti veoma efikasno u le\u010denju i prevenciji infekcija kada se nanese na ko\u017eu u razbla\u017eenom obliku ili se koristi kao sredstvo za ispiranje za oralne infekcije kao \u0161to je drozd.<\/span><\/p>\n<h3><b>Cicatrizing<\/b><\/h3>\n<p><span style=\"font-weight: 400;\">Antisepti\u010dka svojstva jasmina su korisna u le\u010denju ko\u017enih infekcija. Ulje jasmina mo\u017ee imati cicatrizirajuc\u0301i efekat i podsticati zarastanje rana kroz formiranje o\u017eiljnog tkiva. Prema istra\u017eivanju, ulje jasmina tako\u0111e ima antiinflamatorna svojstva \u0161to ga \u010dini korisnim sredstvom u op\u0161toj nezi ko\u017ee i le\u010denju psorijaze. Nedavno istra\u017eivanje na \u017eivotinjama pokazalo je da ekstrakt jasmina mo\u017ee ubrzati zarastanje hroni\u010dnih rana, kao \u0161to su dijabeti\u010dki \u010direvi. Zna\u010dajno je poja\u010dao kontrakciju rane i povec\u0301ao formiranje granulacionog tkiva i novih krvnih sudova. Nano\u0161enje razbla\u017eenog ulja jasmina na manje rane, kao \u0161to su male ogrebotine i posekotine, mo\u017ee podstac\u0301i br\u017ee zarastanje.<\/span><\/p>\n<h3><b>Afrodizijak<\/b><\/h3>\n<p><span style=\"font-weight: 400;\">Dugo se verovalo da romanti\u010dni miris jasmina ima efekte afrodizijaka. Nosi se kao parfem, a u delovima Indije cvetovi jasmina se \u010desto uklju\u010duju kao dekoracija na ven\u010danjima i u spavac\u0301oj sobi mladenaca kako bi se stvorilo raspolo\u017eenje za romantiku.<\/span><\/p>\n<p><span style=\"font-weight: 400;\">Uprkos \u010dinjenici da postoji malo nau\u010dnih dokaza koji podr\u017eavaju njegovo dejstvo kao afrodizijaka, znamo da udisanje mirisa jasmina upotrebom u aromaterapiji ili masa\u017ei pobolj\u0161ava raspolo\u017eenje, povec\u0301ava romanti\u010dna i pozitivna osec\u0301anja i podi\u017ee nivo energije. Prema maloj studiji koja se bavi odnosom izme\u0111u aromati\u010dnih mirisa i seksualnog odgovora, jasmin ima stimulativni efekat na mo\u017edane talase, \u0161to mo\u017ee povec\u0301ati budnost na seksualne signale i povec\u0301ati protok krvi do genitalija. Toplota tela poja\u010dava prijatnu aromu jasmina, tako da nano\u0161enje ulja jasmina na vrat mo\u017ee dati dobrodo\u0161ao doprinos za\u010dinjavanju stvari u spavac\u0301oj sobi. Nekoliko kapi ulja jasmina na posteljini, u toploj kupki ili raspr\u0161eno u spavac\u0301oj sobi mo\u017ee imati isti efekat.<\/span><\/p>\n<h3><b>Jasminovo ulje i aromaterapija<\/b><\/h3>\n<p><span style=\"font-weight: 400;\">Za ulje jasmina se veruje da ima brojne zdravstvene prednosti. Ulje jasmina je omiljeno za upotrebu u aromaterapiji i pokazalo se posebno efikasnim u svrhe masa\u017ee. Studija je objavila efekte udisanja ulja jasmina na centralni nervni sistem i raspolo\u017eenje. Kada se udi\u0161e, ulje jasmina uti\u010de na mo\u017edanu aktivnost i raspolo\u017eenje, u\u010desnici su izjavili da se osec\u0301aju pozitivnije i energi\u010dnije, uz povec\u0301anje romanti\u010dnih osec\u0301anja. Iskoristite mentalne prednosti aromaterapije uljem jasmina tako \u0161to c\u0301ete ga koristiti kao ulje za masa\u017eu ili u difuzoru, ili ga udisati direktno iz boce. Ulje jasmina deluje umirujuc\u0301e, antidepresivno i antianksiozno, daje osec\u0301aj samopouzdanja i euforije, pa je stoga odli\u010dan lek protiv apatije, ravnodu\u0161nosti i bezvoljnosti.<\/span><\/p>\n<h3><b>Antidepresiv<\/b><\/h3>\n<p><span style=\"font-weight: 400;\">Postoje dokazi da aromaterapija mo\u017ee efikasno smanjiti simptome depresije. Istra\u017eivanje je pokazalo da esencijalno ulje jasmina, u pore\u0111enju sa placebom, povec\u0301ava uzbu\u0111enje u pona\u0161anju. Ovo uklju\u010duje zna\u010dajno povec\u0301anje zasic\u0301enja krvi kiseonikom, brzine disanja i krvnog pritiska. U\u010desnici koji su koristili ulje jasmina tako\u0111e su izjavili da se osec\u0301aju budnije. Zaklju\u010deno je da stimulativno i aktivirajuc\u0301e dejstvo ulja jasmina mo\u017ee biti korisno za ubla\u017eavanje depresije i pobolj\u0161anje raspolo\u017eenja.<\/span><\/p>\n<h3><b>Sedativ<\/b><\/h3>\n<p><span style=\"font-weight: 400;\">Pored potvr\u0111enih dokaza da ulje jasmina mo\u017ee povec\u0301ati budnost i nivo energije, postoje i dokazi koji pokazuju umirujuc\u0301i efekat. Starija studija je otkrila da aroma \u010daja od jasmina u najni\u017eoj koncentraciji ima sedativni efekat na stanja raspolo\u017eenja i nervnu aktivnost. U novijoj studiji ljudi sa generalizovanim anksioznim poremec\u0301ajem su zamoljeni da udi\u0161u aromu ulja jasmina 5 minuta svakog dana tokom 10 dana. \u010cini se da eteri\u010dno ulje jasmina zna\u010dajno smanjuje simptome povi\u0161enog stanja uma i pobolj\u0161ava stanje nesanice i razdra\u017eljivosti.<\/span><\/p>\n<h3><b>Smanjuje simptome menopauze<\/b><\/h3>\n<p><span style=\"font-weight: 400;\">Nema ni\u0161ta novo u kori\u0161c\u0301enju esencijalnih ulja za ubla\u017eavanje simptoma PMS-a i menopauze, kao \u0161to su talasi vruc\u0301ine i promene raspolo\u017eenja. Iako sa ograni\u010denim dokazima, pokazalo se da aroma jasmina efikasno pobolj\u0161ava raspolo\u017eenje i smanjuje depresiju. Jednom nedeljno (u periodu od osam nedelja) masa\u017ea ili aromaterapija sa uljem jasmina u velikoj meri smanjuje simptome menopauze.<\/span><\/p>\n<h3><b>Galaktagozi<\/b><\/h3>\n<p><span style=\"font-weight: 400;\">Galaktagozi su prirodne supstance u biljkama koje mogu da podsti\u010du ili pobolj\u0161aju laktaciju. U tu svrhu, cvet jasmina je izuzetno popularan &#8211; dojilje u delovima Indije nose nizove cvetova jasmina u kosi zbog ove asocijacije. Neki stru\u010dnjaci veruju da efekti udisanja jasmina na mozak mogu biti povezani sa hormonalnim promenama koje rezultiraju povec\u0301anom laktacijom.<\/span><\/p>\n","protected":false},"excerpt":{"rendered":"<p><span style=\"font-weight: 400;\"><strong>Brend<\/strong>: Nefertiti prirodna ulja i biljke<br \/>\n<\/span><span style=\"font-weight: 400;\"><strong>Zemlja porekla<\/strong>: Egipat<br \/>\n<\/span><span style=\"font-weight: 400;\"><strong>Botani\u010dki naziv<\/strong>: Jasminum officinale<br \/>\n<\/span><span style=\"font-weight: 400;\"><strong>Porodica<\/strong>: Oleaceae<br \/>\n<\/span><span style=\"font-weight: 400;\"><strong>INCI<\/strong>: Jasminum Officinale \u010disto aromati\u010dno ulje<br \/>\n<\/span><span style=\"font-weight: 400;\"><strong>Kori\u0161c\u0301ene komponente<\/strong>: cvetovi<br \/>\n<\/span><span style=\"font-weight: 400;\"><strong>Metoda ekstrakcije<\/strong>: Destilacija vodenom parom<br \/>\n<\/span><span style=\"font-weight: 400;\"><strong>Miris<\/strong>: Senzualan, topao, egzoti\u010dan, intenzivan i sladak<br \/>\n<\/span><span style=\"font-weight: 400;\"><strong>Izgled<\/strong>: zlatno \u017euta do sme\u0111a<br \/>\n<\/span><span style=\"font-weight: 400;\"><strong>Agregatno stanje<\/strong>: Te\u010dnost<br \/>\n<\/span><span style=\"font-weight: 400;\"><strong>Prirodno<\/strong>: Da<br \/>\n<\/span><span style=\"font-weight: 400;\"><strong>\u010cistoc\u0301a<\/strong>: 100% \u010distoc\u0301a<br \/>\n<\/span><span style=\"font-weight: 400;\"><strong>Sertifikati<\/strong>: ISO &amp; MSDS<br \/>\n<\/span><span style=\"font-weight: 400;\"><strong>Sastav<\/strong>: \u010disto aroma ulje<br \/>\n<\/span><span style=\"font-weight: 400;\"><strong>Dostava<\/strong>: Izra\u010dunava se na blagajni<\/span><\/p>\n","protected":false},"featured_media":275436,"comment_status":"open","ping_status":"closed","template":"","meta":[],"product_brand":[],"product_cat":[1132],"product_tag":[],"class_list":{"0":"post-261427","1":"product","2":"type-product","3":"status-publish","4":"has-post-thumbnail","6":"product_cat-aroma-oils-uk-sr","7":"pa_bottle-size-125-ml-sr-2","8":"pa_bottle-size-250ml-sr","9":"pa_bottle-size-50ml-sr","11":"first","12":"instock","13":"sale","14":"shipping-taxable","15":"purchasable","16":"product-type-variable","17":"has-default-attributes"},"_links":{"self":[{"href":"https:\/\/nefertiti-eg.com\/sr\/wp-json\/wp\/v2\/product\/261427","targetHints":{"allow":["GET"]}}],"collection":[{"href":"https:\/\/nefertiti-eg.com\/sr\/wp-json\/wp\/v2\/product"}],"about":[{"href":"https:\/\/nefertiti-eg.com\/sr\/wp-json\/wp\/v2\/types\/product"}],"replies":[{"embeddable":true,"href":"https:\/\/nefertiti-eg.com\/sr\/wp-json\/wp\/v2\/comments?post=261427"}],"wp:featuredmedia":[{"embeddable":true,"href":"https:\/\/nefertiti-eg.com\/sr\/wp-json\/wp\/v2\/media\/275436"}],"wp:attachment":[{"href":"https:\/\/nefertiti-eg.com\/sr\/wp-json\/wp\/v2\/media?parent=261427"}],"wp:term":[{"taxonomy":"product_brand","embeddable":true,"href":"https:\/\/nefertiti-eg.com\/sr\/wp-json\/wp\/v2\/product_brand?post=261427"},{"taxonomy":"product_cat","embeddable":true,"href":"https:\/\/nefertiti-eg.com\/sr\/wp-json\/wp\/v2\/product_cat?post=261427"},{"taxonomy":"product_tag","embeddable":true,"href":"https:\/\/nefertiti-eg.com\/sr\/wp-json\/wp\/v2\/product_tag?post=261427"}],"curies":[{"name":"wp","href":"https:\/\/api.w.org\/{rel}","templated":true}]}}