{"id":261431,"date":"2020-08-13T13:10:35","date_gmt":"2020-08-13T11:10:35","guid":{"rendered":"https:\/\/nefertiti-eg.com\/shop\/\u043d\u0435\u043a\u0430\u0442\u0435\u0433\u043e\u0440\u0438\u0437\u043e\u0432\u0430\u043d\u043e\/strawberry-oil\/"},"modified":"2024-08-18T15:35:49","modified_gmt":"2024-08-18T12:35:49","slug":"strawberry-oil","status":"publish","type":"product","link":"https:\/\/nefertiti-eg.com\/sr\/shop\/aroma-oils-uk-sr\/strawberry-oil\/","title":{"rendered":"Ulje jagode"},"content":{"rendered":"<p><span style=\"font-weight: 400;\">Jagodi verovatno ne treba mnogo predstavljanja, ali da li ste znali&#8230;<\/span><\/p>\n<p><span style=\"font-weight: 400;\">* jagoda je u srodstvu sa ru\u017eom.<\/span><\/p>\n<p><span style=\"font-weight: 400;\">* jagoda je jedino voc\u0301e koje spolja nosi svoje seme.<\/span><\/p>\n<p><span style=\"font-weight: 400;\">* samo 8 jagoda (obi\u010dne veli\u010dine) sadr\u017ee oko 140% preporu\u010dene dnevne koli\u010dine vitamina C.<\/span><\/p>\n<p><span style=\"font-weight: 400;\">* jagode sadr\u017ee razne osve\u017eavajuc\u0301e voc\u0301ne kiseline, vredne minerale i esencijalne vitamine. Kao rezultat toga, imaju \u0161iroko priznata lekovita svojstva kao \u0161to su pre\u010di\u0161c\u0301avanje i dezinfekcija krvi, zarastanje rana, borba protiv zatvora i glavobolje, smanjenje bora i pobolj\u0161anje pamc\u0301enja.<\/span><\/p>\n<p><span style=\"font-weight: 400;\">Simbolika jagode je veoma raznolika, od skromne, pravedne, po\u017eudne i zemljane do neokaljane, pa \u010dak i bo\u017eanske. Jagode su naj\u010distije me\u0111u svim bobicama. Ova delikatna bobica u obliku srca oduvek je ozna\u010davala \u010distoc\u0301u, strast i isceljenje. Kori\u0161c\u0301en je u pri\u010dama, knji\u017eevnosti i slikama kroz vekove.<\/span><\/p>\n<h3><b>Poreklo i karakteristike jagode<\/b><\/h3>\n<p><span style=\"font-weight: 400;\">Poreklo biljke jagode je prili\u010dno nejasno. Zna se da je to autohtona \u0161umska biljka koja je polako ali sigurno osvajala povrtnjake. Prema drugima, biljku su uneli istra\u017eiva\u010di iz Ju\u017ene Amerike. Kako god bilo, od srednjeg veka jagoda dobija sve vec\u0301u popularnost kao poslastica. Sredinom pro\u0161log veka mnogi poljoprivrednici koji su ranije imali me\u0161ovitu farmu (stoka, povrc\u0301e i voc\u0301e) po\u010deli su da se specijalizuju za uzgoj jagoda.<\/span><\/p>\n<p><span style=\"font-weight: 400;\">Mi\u0161ljenja se tako\u0111e veoma razlikuju o poreklu njegovog imena. Re\u010d jagoda najverovatnije poti\u010de od staroengleskog &#8222;streavberige&#8220; jer biljka daje izdanke koje se mogu uporediti sa komadima slame. Po drugima, praksa mal\u010diranja jagoda slamom, ili pronala\u017eenje jagoda u divljini me\u0111u spu\u0161tenim senom ili slamom, dala je njihovo ime. Ipak, najlep\u0161e obja\u0161njenje je da naziv jagoda poti\u010de od pri\u010de da se ovo ukusno voc\u0301e prodaje na slam\u010dici kao poslastica na pijaci na otvorenom.<\/span><\/p>\n<p><span style=\"font-weight: 400;\">Ranije su sve\u017ee jagode bile dostupne samo u letnjim mesecima &#8211; \u0161to im je donelo nadimak &#8222;kralj leta&#8220; &#8211; sada se beru tokom cele godine uzgajajuc\u0301i ih u plastenicima. Dodatna prednost je \u0161to rast i prinos manje zavise od vremenskih prilika.<\/span><\/p>\n<p><span style=\"font-weight: 400;\">Na visokom botani\u010dkom nivou, jagode, ili Fragaria Ananassa, pripadaju porodici ru\u017ea. Voc\u0301e poznato kao &#8222;jagoda&#8220; rezultat je slu\u010dajnog ukr\u0161tanja. Ovo \u010dini biljku jagode hibridom &#8211; tako da se ne razmno\u017eava iz semena. Razli\u010dite vrste i sorte su porijeklom iz Evrope, Azije i Amerike. Sve sorte jagoda su jestive, uklju\u010dujuc\u0301i i mnogo manju divlju jagodu.<\/span><\/p>\n<p><span style=\"font-weight: 400;\">Jagoda je slatka i ukusna hrana poznata po visokoj nutritivnoj vrednosti. Jagode sadr\u017ee mnogo vitamina C, koji je klju\u010dan za izgradnju i odr\u017eavanje telesnog tkiva. Poma\u017ee u izgradnji krvnih sudova i kolagena u vezivnom tkivu i igra va\u017enu ulogu kao antioksidans.<\/span><\/p>\n<h3><b>Ulje jagode i prednosti<\/b><\/h3>\n<p><span style=\"font-weight: 400;\">Ulje jagode se smatra &#8216;suvim uljem&#8217;, \u0161to zna\u010di da se brzo i lako upija u ko\u017eu, ne ostavljajuc\u0301i tragove. Ovo ulje je posebno dobro za suvu, osetljivu ili perutavu ko\u017eu.<\/span><\/p>\n<p><span style=\"font-weight: 400;\">Uglavnom zbog prisustva prirodnog antioksidansa fenola zvanog elaginska kiselina u jagodama (koji se nalazi u brojnom voc\u0301u i povrc\u0301u), ovo ulje je veoma korisno za ko\u017eu i predstavlja odli\u010dan dodatak ulju za \u010di\u0161c\u0301enje. Ulje jagode je bogat izvor tokoferola (vitamina E) i antioksidanata (omega 3 i 6). Vla\u017ei ko\u017eu, pobolj\u0161ava elasti\u010dnost i poma\u017ee u smanjenju simptoma starenja.<\/span><\/p>\n<p><span style=\"font-weight: 400;\">Prirodno ulje jagode je veoma efikasno sredstvo za o\u0161tec\u0301enu ko\u017eu uzrokovanu aknama, psorijazom, ekcemom, dermatitisom i celulitom, i podsti\u010de zarastanje ko\u017ee od posekotina i ogrebotina, o\u017eiljaka, strija, opekotina i opekotina od sunca. Tako\u0111e mo\u017ee pomoc\u0301i kod suve, o\u0161tec\u0301ene kose, suve ko\u017ee glave i lomljivih noktiju.<\/span><\/p>\n<h3><b>Ulje jagode za negu ko\u017ee<\/b><\/h3>\n<p><span style=\"font-weight: 400;\">Ulje jagode je hranljivo i neutralizirajuc\u0301e, pogodno za masnu, me\u0161ovitu i ne\u010distu ko\u017eu. Dubinski hidrira ko\u017eu bez ostavljanja masnog sloja ili za\u010depljenja pora, ima regenerativna svojstva i svojstva za\u0161tite c\u0301elija i popravlja barijeru ko\u017ee koja je neophodna za vrac\u0301anje glatke i meke ko\u017ee. Ulje jagode spre\u010dava razgradnju kolagena u ko\u017ei i podsti\u010de proizvodnju novog kolagena, \u0161to rezultira pobolj\u0161anom elasti\u010dno\u0161c\u0301u ko\u017ee i bledenjem finih linija i bora. Umiruje i omek\u0161ava suvu, ispucalu i osetljivu ko\u017eu i poma\u017ee u le\u010denju ko\u017enih oboljenja kao \u0161to su ekcem, psorijaza, dermatitis i celulit. Ulje jagode smanjuje o\u017eiljke i strije i deluje kao blagi \u0161tit od \u0161tetnih UV zraka. Linolna kiselina u ulju jagode podsti\u010de regulaciju sebuma, dok elaginska kiselina deluje kao sna\u017ean antioksidans i antiinflamatorno sredstvo. Velika koli\u010dina vitamina E u ulju jagode podr\u017eava zarastanje o\u0161tec\u0301ene ko\u017ee.<\/span><\/p>\n<p><i><span style=\"font-weight: 400;\">Protiv starenja<\/span><\/i><span style=\"font-weight: 400;\"> &#8211; Ulje jagode usporava simptome starenja ko\u017ee, koje obi\u010dno izazivaju slobodni radikali. Visok sadr\u017eaj vitamina C i elaginske kiseline bori se protiv ovih slobodnih radikala i spre\u010dava ih da o\u0161tete c\u0301elije tela. Redovna upotreba ulja jagode minimizira bore i fine linije i spre\u010dava pojavu novih.<\/span><\/p>\n<p><i><span style=\"font-weight: 400;\">\u010ci\u0161c\u0301enje ko\u017ee<\/span><\/i><span style=\"font-weight: 400;\"> &#8211; Zbog nekih sjajnih svojstava \u010di\u0161c\u0301enja koje poseduje ulje jagode, \u0161iroko se koristi kao sastojak u sredstvima za pranje i \u010di\u0161c\u0301enje lica, maskama za podmla\u0111ivanje ko\u017ee i proizvodima za kupanje. Ulje je bogato salicilnom kiselinom, vitaminom C, pilingima i antioksidansima. Salicilna kiselina elimini\u0161e mrtve c\u0301elije ko\u017ee, a istovremeno su\u017eava pore ko\u017ee. Elaginska kiselina prisutna u ulju je sna\u017ean antioksidans i efikasno se bori protiv o\u0161tec\u0301enja ko\u017ee \u0161titec\u0301i ko\u017eu od slobodnih radikala, \u010dinec\u0301i ko\u017eu glatkom i mekom.<\/span><\/p>\n<p><i><span style=\"font-weight: 400;\">Le\u010di akne<\/span><\/i><span style=\"font-weight: 400;\"> &#8211; Ulje jagode sadr\u017ei alfa hidroksi kiseline, vitamin C, salicilnu kiselinu i flavonoide koji poma\u017eu u borbi protiv akni i kontroli\u0161u prekomernu proizvodnju sebuma. Tretman ko\u017ee ovim uljem je najefikasniji ako se radi dva puta nedeljno.<\/span><\/p>\n<p><i><span style=\"font-weight: 400;\">Pobolj\u0161ava ten<\/span><\/i><span style=\"font-weight: 400;\"> &#8211; Po\u0161to je bogato antioksidansima, ulje jagode se bori protiv slobodnih radikala kako bi ih spre\u010dilo da o\u0161tete c\u0301elije ko\u017ee. Ovo rezultira minimiziranjem tamnih mrlja, stara\u010dkih pega, pega i bora. Istovremeno, poma\u017ee u osvetljavanju tena ko\u017ee.<\/span><\/p>\n<p><i><span style=\"font-weight: 400;\">Tretira pigmentaciju<\/span><\/i><span style=\"font-weight: 400;\"> &#8211; Elaginska kiselina prisutna u ulju jagode \u0161titi ko\u017eu od \u0161tetnih UV zraka. Lokalna primena ulja le\u010di laku dermalnu hiperpigmentaciju, stanje izazvano UV zracima koji inhibiraju sintezu melanina, koji je odgovoran za boju ko\u017ee.<\/span><\/p>\n<p><i><span style=\"font-weight: 400;\">Smanjuje podo\u010dnjake<\/span><\/i><span style=\"font-weight: 400;\"> &#8211; adstringentna svojstva ulja jagode uspe\u0161no smanjuju tamne krugove i kese ispod o\u010diju. Pre spavanja, utrljajte nekoliko kapi ulja ispod o\u010diju, ostavite da se osu\u0161i, a zatim isperite lice hladnom vodom, a zatim nanesite hidratantnu kremu. Ponavljajte ovaj tretman svakodnevno dok tamni krugovi ne nestanu.<\/span><\/p>\n<p><i><span style=\"font-weight: 400;\">Hidrira suve usne<\/span><\/i><span style=\"font-weight: 400;\"> &#8211; Zbog pilinga ulja jagode uklanjaju se mrtve c\u0301elije ko\u017ee \u0161to spre\u010dava isu\u0161ivanje. Nekoliko kapi ovog ulja hidrira usne ako se redovno primenjuje. Isperite ga mlakom vodom.<\/span><\/p>\n","protected":false},"excerpt":{"rendered":"<p><span style=\"font-weight: 400;\"><strong>Brend<\/strong>: Nefertiti prirodna ulja i biljke<br \/>\n<\/span><span style=\"font-weight: 400;\"><strong>Zemlja porekla<\/strong>: Egipat<br \/>\n<\/span><span style=\"font-weight: 400;\"><strong>Botani\u010dki naziv<\/strong>: Fragaria ananassa<br \/>\n<\/span><span style=\"font-weight: 400;\"><strong>Porodica<\/strong>: Rosaceae<br \/>\n<\/span><span style=\"font-weight: 400;\"><strong>INCI<\/strong>: Fragaria Ananassa Pure Aroma Oil<br \/>\n<\/span><span style=\"font-weight: 400;\"><strong>Kori\u0161c\u0301ene komponente<\/strong>: voc\u0301e<br \/>\n<\/span><span style=\"font-weight: 400;\"><strong>Metoda ekstrakcije<\/strong>: Destilacija vodenom parom<br \/>\n<\/span><span style=\"font-weight: 400;\"><strong>Miris<\/strong>: veseo, blag i blago sladak<br \/>\n<\/span><span style=\"font-weight: 400;\"><strong>Izgled<\/strong>: Jarko crvena<br \/>\n<\/span><span style=\"font-weight: 400;\"><strong>Agregatno stanje<\/strong>: Te\u010dnost<br \/>\n<\/span><span style=\"font-weight: 400;\"><strong>Prirodno<\/strong>: Da<br \/>\n<\/span><span style=\"font-weight: 400;\"><strong>\u010cistoc\u0301a<\/strong>: 100% \u010distoc\u0301a<br \/>\n<\/span><span style=\"font-weight: 400;\"><strong>Sertifikati<\/strong>: ISO &amp; MSDS<br \/>\n<\/span><span style=\"font-weight: 400;\"><strong>Sastav<\/strong>: \u010disto aroma ulje<br \/>\n<\/span><span style=\"font-weight: 400;\"><strong>Dostava<\/strong>: Izra\u010dunava se na blagajni<\/span><\/p>\n","protected":false},"featured_media":275632,"comment_status":"open","ping_status":"closed","template":"","meta":[],"product_brand":[],"product_cat":[1132],"product_tag":[],"class_list":{"0":"post-261431","1":"product","2":"type-product","3":"status-publish","4":"has-post-thumbnail","6":"product_cat-aroma-oils-uk-sr","7":"pa_bottle-size-125-ml-sr-2","8":"pa_bottle-size-250ml-sr","9":"pa_bottle-size-50ml-sr","11":"first","12":"instock","13":"sale","14":"shipping-taxable","15":"purchasable","16":"product-type-variable","17":"has-default-attributes"},"_links":{"self":[{"href":"https:\/\/nefertiti-eg.com\/sr\/wp-json\/wp\/v2\/product\/261431","targetHints":{"allow":["GET"]}}],"collection":[{"href":"https:\/\/nefertiti-eg.com\/sr\/wp-json\/wp\/v2\/product"}],"about":[{"href":"https:\/\/nefertiti-eg.com\/sr\/wp-json\/wp\/v2\/types\/product"}],"replies":[{"embeddable":true,"href":"https:\/\/nefertiti-eg.com\/sr\/wp-json\/wp\/v2\/comments?post=261431"}],"wp:featuredmedia":[{"embeddable":true,"href":"https:\/\/nefertiti-eg.com\/sr\/wp-json\/wp\/v2\/media\/275632"}],"wp:attachment":[{"href":"https:\/\/nefertiti-eg.com\/sr\/wp-json\/wp\/v2\/media?parent=261431"}],"wp:term":[{"taxonomy":"product_brand","embeddable":true,"href":"https:\/\/nefertiti-eg.com\/sr\/wp-json\/wp\/v2\/product_brand?post=261431"},{"taxonomy":"product_cat","embeddable":true,"href":"https:\/\/nefertiti-eg.com\/sr\/wp-json\/wp\/v2\/product_cat?post=261431"},{"taxonomy":"product_tag","embeddable":true,"href":"https:\/\/nefertiti-eg.com\/sr\/wp-json\/wp\/v2\/product_tag?post=261431"}],"curies":[{"name":"wp","href":"https:\/\/api.w.org\/{rel}","templated":true}]}}