{"id":261439,"date":"2020-08-13T12:19:31","date_gmt":"2020-08-13T10:19:31","guid":{"rendered":"https:\/\/nefertiti-eg.com\/shop\/\u043d\u0435\u043a\u0430\u0442\u0435\u0433\u043e\u0440\u0438\u0437\u043e\u0432\u0430\u043d\u043e\/grapefruit-oil\/"},"modified":"2023-08-24T17:26:28","modified_gmt":"2023-08-24T14:26:28","slug":"grapefruit-oil","status":"publish","type":"product","link":"https:\/\/nefertiti-eg.com\/sr\/shop\/aroma-oils-uk-sr\/grapefruit-oil\/","title":{"rendered":"Ulje grejpfruta"},"content":{"rendered":"<p><span style=\"font-weight: 400;\" data-mce-style=\"font-weight: 400;\">Gorko-slatki, so\u010dni, \u0161areni &#8211; izgled grejpfruta dolazi u raznim bojama. \u010cak je i njegova pulpa \u0161arena, u rasponu od \u017eute ili ru\u017ei\u010daste do tamnocrvene &#8211; \u0161to je tamnija boja mesa, to je sla\u0111i njen ukus. Crvenkaste mrlje na debeloj ko\u017ei otkrivaju plodove koji imaju tamnocrveno meso. Ovo egzoti\u010dno voc\u0301e duguje svoje prelepe nijanse karotenu i likopenu. Gorak ukus je zbog naringina.<\/span><\/p>\n<p><span style=\"font-weight: 400;\" data-mce-style=\"font-weight: 400;\">\u010cudesno sve\u017ea, a opet o\u0161tra i gorko-slatka aroma grejpfruta osve\u017eava um, pru\u017eajuc\u0301i o\u017eivljavajuc\u0301i osec\u0301aj i pozitivan stav. Istra\u017eivanja su pokazala iznena\u0111ujuc\u0301i ne\u017eeljeni efekat: pod uticajem mirisa grejpfruta, \u017eena c\u0301e izgledati i do \u0161est godina mla\u0111a, u percepciji mu\u0161karaca.<\/span><\/p>\n<h3><b>Poreklo i karakteristike grejpfruta<\/b><\/h3>\n<p><span style=\"font-weight: 400;\" data-mce-style=\"font-weight: 400;\">Grejpfrut je hibrid koji se prvobitno gajio na Barbadosu. To je ukr\u0161tanje slatke narand\u017ee (Citrus sinensis) i pomela (Citrus makima). Ime je dobio po na\u010dinu na koji rastu u grozdovima na drvec\u0301u &#8211; nalik na grozd velikog gro\u017e\u0111a. Iako je grejpfrut vec\u0301 u\u017eivanje za jelo, on je tako\u0111e definitivno odli\u010dan za zdravlje! Njegov ukus i aroma su samo delic\u0301 zdravih prednosti koje ovo voc\u0301e mo\u017ee da ponudi, \u0161to odmah otkriva o\u010diglednu tajnu esencijalnog ulja ekstrahovanog iz ovog super voc\u0301a. Eteri\u010dno ulje grejpfruta hrani telo i o\u017eivljava ko\u017eu i kosu. Prepun je antioksidansa i stoga je koristan kao re\u0161enje za razna stanja.<\/span><\/p>\n<p><span style=\"font-weight: 400;\" data-mce-style=\"font-weight: 400;\">Sastav ulja grejpfruta, kako je identifikovano u nekoliko studija, sastoji se od terpena, seskviterpena i aldehida. Limonen je najzastupljenija komponenta ovog ulja. Kombinacija ovih sastojaka pokazuje antioksidativno i antiinflamatorno dejstvo. Ulje grejpfruta ima sve\u017e, citrusni miris, koji kada se udi\u0161e daje nalet sve\u017eine. Miris smiruje telo i um, i stoga je dobio podsticaj u aromaterapiji. Koristi se (tako\u0111e u kombinaciji sa drugim esencijalnim uljima) za ubla\u017eavanje mentalnog stresa i depresije, u tretiranju&nbsp; bolesti nakon intenzivne traume ili posle poro\u0111aja, kao i tokom te\u0161kih tretmana kao \u0161to su hemoterapija ili radioterapija.<\/span><\/p>\n<h3><b>Ulje grejpfruta i prednosti<\/b><\/h3>\n<p><span style=\"font-weight: 400;\" data-mce-style=\"font-weight: 400;\">Hajde da saznamo ne\u0161to vi\u0161e o prednosti ovog ulja!<\/span><\/p>\n<h3><b>Stimuli\u0161e imuni sistem<\/b><\/h3>\n<p><span style=\"font-weight: 400;\" data-mce-style=\"font-weight: 400;\">Ulje grejpfruta obiluje antioksidansima, \u0161to ga \u010dini jednim od najboljih poja\u010diva\u010da imunog sistema. \u010cisti telo od toksina i slobodnih radikala i obezbe\u0111uje nesmetan rad limfnog sistema. Mo\u017ee spre\u010diti prerano starenje, gubitak pamc\u0301enja i gubitak vida.<\/span><\/p>\n<h3><b>Antibakterijski i antimikrobni efekti<\/b><\/h3>\n<p><span style=\"font-weight: 400;\" data-mce-style=\"font-weight: 400;\">Sna\u017eni antibakterijski i antimikrobni efekti etarskog ulja grejpfruta pokazali su (u studijama u epruvetama) antimikrobna svojstva protiv potencijalno \u0161tetnih bakterija kao \u0161to su staphilococcus aureus, enterococcus faecalis i e-coli. U pore\u0111enju sa drugim eteri\u010dnim uljima, utvr\u0111eno je da je ulje grejpfruta jedno od najmoc\u0301nijih u pogledu njegovih antimikrobnih efekata protiv MRSA &#8211; grupe bakterija koja je \u010desto otporna na uobi\u010dajene antibiotike.<\/span><\/p>\n<h3><b>Ulje grejpfruta za negu ko\u017ee<\/b><\/h3>\n<h3><b>Tretira akne<\/b><\/h3>\n<p><span style=\"font-weight: 400;\" data-mce-style=\"font-weight: 400;\">Eteri\u010dno ulje grejpfruta mo\u017ee doprineti zdravoj ko\u017ei jer ima efekat i na akne. Zbog svog osve\u017eavajuc\u0301eg mirisa i sna\u017enog antibakterijskog i antioksidativnog delovanja, eteri\u010dna ulja citrusa nalaze se u raznim proizvodima za negu ko\u017ee kao \u0161to su losioni i kreme za lice. Snaga ulja citrusa je njihova sposobnost da ko\u017eu \u010duvaju od bakterija, \u0161to poma\u017ee u procesu zarastanja akni.<\/span><\/p>\n<p><span style=\"font-weight: 400;\" data-mce-style=\"font-weight: 400;\">Bubuljice i akne su obi\u010dno rezultat mrtvih c\u0301elija ko\u017ee, vi\u0161ka masnoc\u0301e i\/ili bakterija koje za\u010depljuju folikule dlake. Ulje grejpfruta uklanja materijal koji uzrokuje za\u010depljenje folikula dlake, istovremeno poma\u017ee u regulisanju aktivnosti lojnih \u017elezda, smanjenju proizvodnje sebuma i spre\u010davanju nagomilavanja bakterija koje obi\u010dno dovodi do otoka i infekcija. Ovo neverovatno eteri\u010dno ulje \u010disti i dezinfikuje ko\u017eu i mo\u017ee se dodati va\u0161em sredstvu za \u010di\u0161c\u0301enje lica. Kada se kombinuje sa osnovnim uljem, rezultati c\u0301e biti jo\u0161 upe\u010datljiviji.<\/span><\/p>\n<h3><b>Sredstvo za \u010di\u0161c\u0301enje lica<\/b><\/h3>\n<p><span style=\"font-weight: 400;\" data-mce-style=\"font-weight: 400;\">Akne su jedna stvar, ali svi volimo da odr\u017eavamo svoje lice \u010distim kako bismo spre\u010dili stvaranje ru\u017enih mitesera i fleka. Ulje grejpfruta poma\u017ee da ko\u017ea ostane \u010dista i sve\u017ea, a pore duboko pro\u010di\u0161c\u0301ene.<\/span><\/p>\n<p><span style=\"font-weight: 400;\" data-mce-style=\"font-weight: 400;\">Kori\u0161c\u0301enje esencijalnog ulja grejpfruta tako\u0111e je odli\u010dan na\u010din da napravite dobar tonik za lice. Ovaj tonik c\u0301e pomoc\u0301i u smanjenju masne ko\u017ee, su\u017eavanju velikih pora i zatezanju ko\u017ee.<\/span><\/p>\n<h3><b>Smanjuje celulit<\/b><\/h3>\n<p><span style=\"font-weight: 400;\" data-mce-style=\"font-weight: 400;\">Ulje grejpfruta je jedno od najpopularnijih ulja me\u0111u aromaterapeutima za le\u010denje celulita. Ima svojstva detoksikacije, mr\u0161avljenja i ja\u010danja cirkulacije koja poma\u017eu u smanjenju celulita i zadr\u017eavanju vode u telu.<\/span><\/p>\n<h3><b>Prirodni dezodorans<\/b><\/h3>\n<p><span style=\"font-weight: 400;\" data-mce-style=\"font-weight: 400;\">Znojenje je normalna biolo\u0161ka funkcija tela, koja je va\u017ena za odr\u017eavanje konstantne telesne temperature i za hla\u0111enje tela. Vruc\u0301e vreme ili ve\u017ebanje, uklju\u010dujuc\u0301i mentalni napor ili nervozu, povec\u0301avaju znojenje. O prekomernom znojenju govorimo kada se proizvodi vi\u0161e znoja, iako nema nikakve aktivnosti. Ulje grejpfruta je idealno kao 100% prirodni dezodorans jer smanjuje proizvodnju znoja u znojnim \u017elezdama i inhibira rast bakterija koje izazivaju neprijatan miris.<\/span><\/p>\n<p><b>Ulje grejpfruta i cirkulacija krvi<\/b><\/p>\n<h3><span style=\"font-weight: 400;\" data-mce-style=\"font-weight: 400;\">Ulje grejpfruta je savr\u0161eno re\u0161enje za sve gr\u010deve, uko\u010dene mi\u0161ic\u0301e, ote\u010dena stopala, mamurluk, jutarnje mu\u010dnine, pa \u010dak i artritis. Pobolj\u0161ava cirkulaciju krvi, spre\u010dava zadr\u017eavanje te\u010dnosti i ubla\u017eava stres izazvan udisanjem zaga\u0111iva\u010da ili konzumiranjem alkoholnih pic\u0301a. Gr\u010devi tokom menstruacije se tako\u0111e mogu smiriti umasiranjem malo ulja grejpfruta u bolno podru\u010dje.<\/span><\/h3>\n<p><span style=\"font-weight: 400;\" data-mce-style=\"font-weight: 400;\">Ulje grejpfruta ima nekoliko svojstava koja mogu smanjiti krvni pritisak i nivo stresa. Visok krvni pritisak (hipertenzija) je uobi\u010dajeno stanje koje poga\u0111a mnoge, a upotreba prirodnih terapija je postala moderna, u nekim slu\u010dajevima kako bi se izbegla upotreba lekova. Nedavna klini\u010dka studija je pokazala da udisanje ulja citrusa, izme\u0111u ostalog, ima trenutne i dugotrajne efekte na sni\u017eavanje krvnog pritiska i stresa. Pored toga, pokazali su smanjenje kortizola &#8211; hormona koji se osloba\u0111a kao odgovor na stres. Istra\u017eiva\u010di su u drugoj studiji zaklju\u010dili da primarni aktivni sastojak, limonen, verovatno doprinosi tome.<\/span><\/p>\n<h3><b>Ulje grejpfruta za negu kose<\/b><\/h3>\n<h3><b>Zdrava kosa<\/b><\/h3>\n<p><span style=\"font-weight: 400;\" data-mce-style=\"font-weight: 400;\">Masirajte kosu uljem grejpfruta da biste podstakli rast kose i odr\u017eali kosu zdravom. To c\u0301e va\u0161oj kosi dati zdrav sjajni izgled. Maska za kosu se jednostavno pravi me\u0161anjem etarskog ulja grejpfruta sa narand\u017eom, limunom i \u017ealfijom. Ostavite masku 30 minuta nakon nano\u0161enja, pre nego \u0161to je isperite. Ova procedura c\u0301e efikasno o\u010distiti ko\u017eu glave i dati va\u0161oj kosi vitalnost i sveukupno divan miris.<\/span><\/p>\n<h3><b>Pro\u010di\u0161c\u0301ava kosu<\/b><\/h3>\n<p><span style=\"font-weight: 400;\" data-mce-style=\"font-weight: 400;\">Svakodnevni uticaji na kosu kroz zaga\u0111enje, pra\u0161inu, polen, hlor i druge ne\u010distoc\u0301e iz okoline, dovoljan su razlog za redovno pranje kose. Me\u0111utim, dodane hemikalije u na\u0161im uobi\u010dajenim proizvodima za negu kose, kao \u0161to su sprejevi za kosu, kreme i gelovi, tako\u0111e mogu za\u010depiti folikule dlake, uzrokujuc\u0301i da kosa izgubi sjaj i izgleda manje zdravo. Kao 100% prirodna metoda \u010di\u0161c\u0301enja, masa\u017ea uljem grejpfruta mo\u017ee pomoc\u0301i da se uklone ne\u010distoc\u0301e iz folikula dlake, bez o\u0161tec\u0301enja kose. Ovo je odli\u010dan lek za masniju ko\u017eu glave. Zadivljujuc\u0301i rezultat je meka i svilenkasta kosa koja se lako \u010de\u0161lja i raspetljava, plus divno \u010disto vlasi\u0161te.<\/span><\/p>\n<h3><b>Kontroli\u0161e perut<\/b><\/h3>\n<p><span style=\"font-weight: 400;\" data-mce-style=\"font-weight: 400;\">Efekti dubinskog \u010di\u0161c\u0301enja etarskog ulja grejpfruta tako\u0111e imaju blagotvoran efekat u borbi protiv peruti. Ovo ulje poma\u017ee da imate zdrave folikule dlake i ubrzan rast kose. Jednostavno dodajte nekoliko kapi ulja grejpfruta u svoj omiljeni \u0161ampon i pustite da magija uradi svoje!<\/span><\/p>\n<h3><b>Mirisna voda za kosu<\/b><\/h3>\n<p><span style=\"font-weight: 400;\" data-mce-style=\"font-weight: 400;\">Da li biste \u017eeleli da pobolj\u0161ate miris svoje kose? Ili vam se ne svi\u0111a miris va\u0161eg \u0161ampona? Punjenje boce sa raspr\u0161iva\u010dem vodom i dodavanje nekoliko kapi esencijalnog ulja grejpfruta je lep i prirodan na\u010din za dezodoraciju kose. Jednostavno poprskajte kosu nakon pranja i su\u0161enja i u\u017eivajte u osve\u017eavajuc\u0301em slatkom mirisu.<\/span><\/p>\n<h3><b>Ulje grejpfruta i aromaterapija<\/b><\/h3>\n<p><span style=\"font-weight: 400;\" data-mce-style=\"font-weight: 400;\">Podmla\u0111ujuc\u0301a, opu\u0161tajuc\u0301a aroma ulja grejpfruta mo\u017ee se koristiti u razli\u010dite svrhe. Ne osec\u0301a se dobro? Osec\u0301ate se bezvoljno? Da li vam je potreban sveukupni podsticaj ili pobolj\u0161ana koncentracija i fokus? Eteri\u010dno ulje grejpfruta mo\u017ee biti odgovor na sva ova stanja i jo\u0161 mnogo toga.<\/span><\/p>\n<p><span style=\"font-weight: 400;\" data-mce-style=\"font-weight: 400;\">Ulje grejpfruta okrepljuje i osve\u017eava um, pobolj\u0161ava metabolizam i stimuli\u0161e sagorevanje masti. Ulje deluje detoksikaciono na organe, adstringentno je za ko\u017eu, a svojom sve\u017eom, gorko-slatkom aromom aktivira \u017eivotnu volju. Bogat je antioksidansima i tako se bori protiv napetosti, umora, prehlade, stresa i glavobolje. Isparavanje i udisanje ulja grejpfruta balansira hormonski sistem i povec\u0301ava koncentraciju.<\/span><\/p>\n<h3><b>Anksioznost i depresija<\/b><\/h3>\n<p><span style=\"font-weight: 400;\" data-mce-style=\"font-weight: 400;\">Zbog svog sastava, ulje grejpfruta, u kombinaciji sa drugim esencijalnim uljima, mo\u017ee da smiri napete nerve. Masa\u017ea sa uljem grejpfruta mo\u017ee pomoc\u0301i u borbi protiv perioperativne anksioznosti kod pacijenata koji treba da operi\u0161u. Depresija se mo\u017ee efikasno sanirati upotrebom ulja grejpfruta u aromaterapiji. Ovo eteri\u010dno ulje pokrec\u0301e mozak da proizvodi hormone koji podi\u017eu va\u0161e raspolo\u017eenje i duh.<\/span><\/p>\n<h3><b>Mo\u017ee potisnuti apetit<\/b><\/h3>\n<p><span style=\"font-weight: 400;\" data-mce-style=\"font-weight: 400;\">Istra\u017eivanja pokazuju da bi aromaterapija uljem grejpfruta mogla biti korisna za suzbijanje apetita. Druga studija je otkrila da miris ulja grejpfruta smanjuje apetit povec\u0301anom aktivno\u0161c\u0301u \u017eeluda\u010dnog vagalnog nerva. Ovaj nerv igra va\u017enu ulogu u stimulisanju proizvodnje stoma\u010dnih sokova potrebnih za varenje.<\/span><\/p>\n<p><span style=\"font-weight: 400;\" data-mce-style=\"font-weight: 400;\">Ulje grejpfruta se mo\u017ee raspr\u0161iti ili razbla\u017eiti uljem nosa\u010da i naneti lokalno na ko\u017eu. Za ubla\u017eavanje simptoma prehlade i gripa, ulje grejpfruta se tako\u0111e mo\u017ee koristiti u aroma lampi ili ispariva\u010du. Udisanje difuznog ulja poma\u017ee u uklanjanju blokada, podizanju nivoa energije i osec\u0301aju osve\u017eenja.<\/span><\/p>\n<h3><b>Bezbedna upotreba ulja grejpfruta<\/b><\/h3>\n<p><span style=\"font-weight: 400;\" data-mce-style=\"font-weight: 400;\">Eteri\u010dno ulje grejpfruta je netoksi\u010dno i generalno ne izaziva iritaciju. Ne preporu\u010duje se nano\u0161enje direktno na ko\u017eu neposredno pre izlaganja suncu jer je fototoksi\u010dno. Ovo ulje nije namenjeno za konzumiranje i treba izbegavati kontakt sa o\u010dima. Udisanje isparenog ulja grejpfruta kroz ispariva\u010d, difuzor mirisa ili sa maramicue ne predstavlja nikakav rizik.<\/span><\/p>\n","protected":false},"excerpt":{"rendered":"<p><span style=\"font-weight: 400;\" data-mce-style=\"font-weight: 400;\"><strong>Brend<\/strong>: Nefertiti prirodna ulja i biljke<br \/><\/span><span style=\"font-weight: 400;\" data-mce-style=\"font-weight: 400;\"><strong>Zemlja porekla<\/strong>: Egipat<br \/><\/span><span style=\"font-weight: 400;\" data-mce-style=\"font-weight: 400;\"><strong>Botani\u010dki naziv<\/strong>: Citrus Ks paradise<br \/><\/span><span style=\"font-weight: 400;\" data-mce-style=\"font-weight: 400;\"><strong>Porodica<\/strong>: Rutaceae<br \/><\/span><span style=\"font-weight: 400;\" data-mce-style=\"font-weight: 400;\"><strong>INCI<\/strong>: Citrus Ks Paradise Pure Aroma Oil<br \/><\/span><span style=\"font-weight: 400;\" data-mce-style=\"font-weight: 400;\"><strong>Kori\u0161c\u0301ene komponente<\/strong>: Kora<br \/><\/span><span style=\"font-weight: 400;\" data-mce-style=\"font-weight: 400;\"><strong>Metoda ekstrakcije<\/strong>: Hladno ce\u0111eno<br \/><\/span><span style=\"font-weight: 400;\" data-mce-style=\"font-weight: 400;\"><strong>Miris<\/strong>: O\u0161tar osve\u017eavajuc\u0301i<br \/><\/span><span style=\"font-weight: 400;\" data-mce-style=\"font-weight: 400;\"><strong>Izgled<\/strong>: Bledo \u017euta ili svetlo rubin<br \/><\/span><span style=\"font-weight: 400;\" data-mce-style=\"font-weight: 400;\"><strong>Agregatno stanje<\/strong>: Te\u010dnost<br \/><\/span><span style=\"font-weight: 400;\" data-mce-style=\"font-weight: 400;\"><strong>Prirodno<\/strong>: Da<br \/><\/span><span style=\"font-weight: 400;\" data-mce-style=\"font-weight: 400;\"><strong>\u010cistoc\u0301a<\/strong>: 100% \u010distoc\u0301a<br \/><\/span><span style=\"font-weight: 400;\" data-mce-style=\"font-weight: 400;\"><strong>Sertifikati<\/strong>: ISO &amp; MSDS<br \/><\/span><span style=\"font-weight: 400;\" data-mce-style=\"font-weight: 400;\"><strong>Sastav<\/strong>: \u010disto aroma ulje<br \/><\/span><span style=\"font-weight: 400;\" data-mce-style=\"font-weight: 400;\"><strong>Dostava<\/strong>: Izra\u010dunava se na blagajni<\/span><\/p>\n","protected":false},"featured_media":275410,"comment_status":"open","ping_status":"closed","template":"","meta":[],"product_brand":[],"product_cat":[1132],"product_tag":[],"class_list":{"0":"post-261439","1":"product","2":"type-product","3":"status-publish","4":"has-post-thumbnail","6":"product_cat-aroma-oils-uk-sr","7":"pa_bottle-size-125-ml-sr-2","8":"pa_bottle-size-250ml-sr","9":"pa_bottle-size-50ml-sr","11":"first","12":"instock","13":"sale","14":"shipping-taxable","15":"purchasable","16":"product-type-variable","17":"has-default-attributes"},"_links":{"self":[{"href":"https:\/\/nefertiti-eg.com\/sr\/wp-json\/wp\/v2\/product\/261439","targetHints":{"allow":["GET"]}}],"collection":[{"href":"https:\/\/nefertiti-eg.com\/sr\/wp-json\/wp\/v2\/product"}],"about":[{"href":"https:\/\/nefertiti-eg.com\/sr\/wp-json\/wp\/v2\/types\/product"}],"replies":[{"embeddable":true,"href":"https:\/\/nefertiti-eg.com\/sr\/wp-json\/wp\/v2\/comments?post=261439"}],"wp:featuredmedia":[{"embeddable":true,"href":"https:\/\/nefertiti-eg.com\/sr\/wp-json\/wp\/v2\/media\/275410"}],"wp:attachment":[{"href":"https:\/\/nefertiti-eg.com\/sr\/wp-json\/wp\/v2\/media?parent=261439"}],"wp:term":[{"taxonomy":"product_brand","embeddable":true,"href":"https:\/\/nefertiti-eg.com\/sr\/wp-json\/wp\/v2\/product_brand?post=261439"},{"taxonomy":"product_cat","embeddable":true,"href":"https:\/\/nefertiti-eg.com\/sr\/wp-json\/wp\/v2\/product_cat?post=261439"},{"taxonomy":"product_tag","embeddable":true,"href":"https:\/\/nefertiti-eg.com\/sr\/wp-json\/wp\/v2\/product_tag?post=261439"}],"curies":[{"name":"wp","href":"https:\/\/api.w.org\/{rel}","templated":true}]}}