{"id":262127,"date":"2021-10-06T13:11:46","date_gmt":"2021-10-06T11:11:46","guid":{"rendered":"https:\/\/nefertiti-eg.com\/shop\/\u043d\u0435\u043a\u0430\u0442\u0435\u0433\u043e\u0440\u0438\u0437\u043e\u0432\u0430\u043d\u043e\/shea-butter\/"},"modified":"2023-09-09T13:02:26","modified_gmt":"2023-09-09T10:02:26","slug":"shea-butter","status":"publish","type":"product","link":"https:\/\/nefertiti-eg.com\/sr\/shop\/butter-uk-sr\/shea-butter\/","title":{"rendered":"Shea Puter"},"content":{"rendered":"<h3><b>Shea Puter<\/b><\/h3>\n<p><span style=\"font-weight: 400;\">Shea puter se dobija iz jezgra plodova shea. Plodovi su bobice shea drveta, \u010dije jezgro je poznato kao karite orasi. Ovo ogromno drvec\u0301e raste u Africi, ju\u017eno od Sahare. Tamo se smatraju svetim i ne smeju biti povre\u0111eni ili oboreni. Shea puter napravljen od zrna sadr\u017ei veliki deo masnih i oleinskih kiselina, kao i vitamin E. To ga \u010dini popularnim proizvodom za negu ko\u017ee, jer ko\u017ei daje vlagu i za\u0161titni sloj. Po\u0161to shea puter prodire duboko u ko\u017eu, njegovi aktivni sastojci se tamo mogu razviti. Dugotrajno \u0161tite ko\u017eu od isu\u0161ivanja i bora. Pored toga, sredstva za ubla\u017eavanje bolova u shea puteru su korisna u le\u010denju bolova kod inflamatornih bolesti zglobova.<\/span><\/p>\n<h3><b>Sastav shea putera<\/b><\/h3>\n<p><span style=\"font-weight: 400;\">Nesapunibilne proporcije, odnosno delovi koji se ne mogu isprati normalnom ko\u017eom ili pranjem kose su oko 11%. Komponenta alantoin igra va\u017enu ulogu jer ima antiinflamatorna svojstva i na taj na\u010din doprinosi brzom zarastanju rana. Dakle, komponente shea putera tako\u0111e poma\u017eu u le\u010denju ekcema i neurodermatitisa.<\/span><\/p>\n<p><span style=\"font-weight: 400;\">Svojim hranljivim i za\u0161titnim sastojcima, shea puter poma\u017ee da ko\u017ea pod stresom ponovo bude meka i gipka. Shea puter je pogodan kao proizvod za negu ko\u017ee za tretiranje o\u017eiljaka, ekcema, neurodermatitisa i opekotina, za negu ispucale, suve ko\u017ee, za ubla\u017eavanje svraba, perutanja ko\u017ee i osipa, kao i za negu posle sun\u010danja. Redovna upotreba shea putera spre\u010dava nastanak strija i bora.<\/span><\/p>\n<h3><b>Shea puter za le\u010denje reumatskih bolova<\/b><\/h3>\n<p><span style=\"font-weight: 400;\">Shea puter ima veoma nisku ta\u010dku topljenja i pretvara se u ulje kada do\u0111e u kontakt sa telesnom temperaturom. Zbog toga je veoma pogodan za upotrebu uz laganu masa\u017eu kod inflamatornog reumatizma. Njegova svojstva ubla\u017eavanja bolova poma\u017eu u ubla\u017eavanju reumatskih bolova.<\/span><\/p>\n<h3><b>Shea puter za negu kose<\/b><\/h3>\n<p><span style=\"font-weight: 400;\">Shea puter se pokazao kao pogodan proizvod za borbu protiv suve kose i ispucalih vrhova. Shea puter svojim sastojcima poma\u017ee lomljivoj i be\u017eivotnoj kosi da je ponovo u\u010dini zdravom. Osim toga, shea puter pru\u017ea za\u0161titu od \u0161tetnih uticaja okoline. Najbolje je koristiti shea puter preko noc\u0301i. Da biste to uradili, umasirajte malo shea putera od linije kose do vrhova, umotajte kosu u pe\u0161kir na pola sata i za\u0161titite jastuk pe\u0161kirom pre spavanja. Sledec\u0301eg jutra ponovo isperite kosu. Nakon toga, kosa ponovo postaje meka.<\/span><\/p>\n<h3><b>Primena shea putera<\/b><\/h3>\n<p><span style=\"font-weight: 400;\">Pre nego \u0161to ga nanesete na ko\u017eu i kosu, stavite malo shea putera u ruke, gde se brzo topi zbog telesne temperature i lak\u0161e se razmazuje po ko\u017ei i kosi.<\/span><\/p>\n","protected":false},"excerpt":{"rendered":"<p><span style=\"font-weight: 400;\">Pogodno za sve tipove ko\u017ee. Duboko upija u ko\u017eu da hrani i stimuli\u0161e c\u0301elijsku aktivnost. Popravlja o\u0161tec\u0301enu i suvu ko\u017eu. \u0160titi od bora i strija. Ubla\u017eava upalne bolesti zglobova. Bori se sa suvom, lomljivom i be\u017eivotnom kosom i popravlja ispucale vrhove.<br \/>\n<\/span><span style=\"font-weight: 400;\"><strong>Brend<\/strong>: Nefertiti prirodna ulja i bilje<br \/>\n<\/span><span style=\"font-weight: 400;\"><strong>Zemlja porekla<\/strong>: Egipat<br \/>\n<\/span><span style=\"font-weight: 400;\"><strong>Botani\u010dki naziv<\/strong>: Vitellaria paradoka<br \/>\n<\/span><span style=\"font-weight: 400;\"><strong>Porodica<\/strong>: Sapotaceae<br \/>\n<\/span><span style=\"font-weight: 400;\"><strong>Kori\u0161c\u0301eni delovi<\/strong>: jezgra<br \/>\n<\/span><span style=\"font-weight: 400;\"><strong>Prirodno<\/strong>: Da<br \/>\n<\/span><span style=\"font-weight: 400;\"><strong>\u010cistoc\u0301a<\/strong>: 100% \u010disto<br \/>\n<\/span><span style=\"font-weight: 400;\"><strong>ISO sertifikat<\/strong>: ISO, COA &amp; MSDS<br \/>\n<\/span><span style=\"font-weight: 400;\"><strong>Sastojci<\/strong>: triterpeni, triterpenski alkoholi, stearinska kiselina, alantoin, linolenska kiselina, vitamin E, palmetinska kiselina, beta-karoten<\/span><\/p>\n","protected":false},"featured_media":292563,"comment_status":"open","ping_status":"closed","template":"","meta":[],"product_brand":[],"product_cat":[1135,1088],"product_tag":[],"class_list":{"0":"post-262127","1":"product","2":"type-product","3":"status-publish","4":"has-post-thumbnail","6":"product_cat-butter-uk-sr","7":"product_cat-natural-cosmetics-sr","8":"pa_bottle-size-100-g-sr","10":"first","11":"instock","12":"sale","13":"shipping-taxable","14":"purchasable","15":"product-type-variable"},"_links":{"self":[{"href":"https:\/\/nefertiti-eg.com\/sr\/wp-json\/wp\/v2\/product\/262127","targetHints":{"allow":["GET"]}}],"collection":[{"href":"https:\/\/nefertiti-eg.com\/sr\/wp-json\/wp\/v2\/product"}],"about":[{"href":"https:\/\/nefertiti-eg.com\/sr\/wp-json\/wp\/v2\/types\/product"}],"replies":[{"embeddable":true,"href":"https:\/\/nefertiti-eg.com\/sr\/wp-json\/wp\/v2\/comments?post=262127"}],"wp:featuredmedia":[{"embeddable":true,"href":"https:\/\/nefertiti-eg.com\/sr\/wp-json\/wp\/v2\/media\/292563"}],"wp:attachment":[{"href":"https:\/\/nefertiti-eg.com\/sr\/wp-json\/wp\/v2\/media?parent=262127"}],"wp:term":[{"taxonomy":"product_brand","embeddable":true,"href":"https:\/\/nefertiti-eg.com\/sr\/wp-json\/wp\/v2\/product_brand?post=262127"},{"taxonomy":"product_cat","embeddable":true,"href":"https:\/\/nefertiti-eg.com\/sr\/wp-json\/wp\/v2\/product_cat?post=262127"},{"taxonomy":"product_tag","embeddable":true,"href":"https:\/\/nefertiti-eg.com\/sr\/wp-json\/wp\/v2\/product_tag?post=262127"}],"curies":[{"name":"wp","href":"https:\/\/api.w.org\/{rel}","templated":true}]}}