{"id":262132,"date":"2019-05-28T00:07:43","date_gmt":"2019-05-27T22:07:43","guid":{"rendered":"https:\/\/nefertiti-eg.com\/shop\/\u043d\u0435\u043a\u0430\u0442\u0435\u0433\u043e\u0440\u0438\u0437\u043e\u0432\u0430\u043d\u043e\/rose-shea-butter\/"},"modified":"2023-09-09T13:09:15","modified_gmt":"2023-09-09T10:09:15","slug":"rose-shea-butter","status":"publish","type":"product","link":"https:\/\/nefertiti-eg.com\/sr\/shop\/butter-uk-sr\/rose-shea-butter\/","title":{"rendered":"Ru\u017ea Shea Puter"},"content":{"rendered":"<h3><b>Shea puter sa uljem ru\u017ee<\/b><\/h3>\n<p><span style=\"font-weight: 400;\" data-mce-style=\"font-weight: 400;\">Shea puter se ekstrahuje iz ora\u0161astih plodova shea drveta. Shea puter uglavnom sadr\u017ei masne i oleinske kiseline, kao i vitamin E. To ga \u010dini popularnim proizvodom za negu ko\u017ee jer vla\u017ei i \u0161titi ko\u017eu. Shea puter duboko prodire u ko\u017eu, a njegovi aktivni sastojci je efikasno \u0161tite od dehidracije i stvaranja bora i tako je savr\u0161eno neguju. Zahvaljujuc\u0301i kombinaciji shea putera i ru\u017einog ulja, ova me\u0161avina sadr\u017ei mnogo aktivnih sastojaka.<\/span><\/p>\n<h3><b>Ru\u017eino ulje<\/b><\/h3>\n<p><span style=\"font-weight: 400;\" data-mce-style=\"font-weight: 400;\">Ru\u017eino ulje je idealan proizvod za negu ko\u017ee, sadr\u017ei vitamine A i C, beta-karoten, likopen, omega-6 i omega-9 masne kiseline. Pogodno za sve tipove ko\u017ee. Njegov sadr\u017eaj nezasic\u0301enih masnih kiselina odr\u017eava i pobolj\u0161ava elasti\u010dnost i hidrataciju ko\u017ee. Anti-inflamatorna i antibakterijska svojstva poma\u017eu u borbi protiv masne ko\u017ee i stvaraju efikasan tretman akni. Njegovi sastojci zagla\u0111uju ko\u017eu i smanjuju fine linije i bore, pa je ru\u017eino ulje idealno ulje protiv starenja.<\/span><\/p>\n<h3><b>Shea puter sa ru\u017einim uljem za zarastanje rana<\/b><\/h3>\n<p><span style=\"font-weight: 400;\" data-mce-style=\"font-weight: 400;\">Antisepti\u010dko dejstvo shea putera sa ru\u017einim uljem poma\u017ee kod manjih rana i ko\u017enih infekcija. Suva ko\u017ea omek\u0161ava nakon trljanja ove me\u0161avine i otklanja svrab. Ovo ulje stvara za\u0161titni film na ko\u017ei i spre\u010dava ulazak bakterija.<\/span><\/p>\n<h3><b>Shea puter sa ru\u017einim uljem za masa\u017eu<\/b><\/h3>\n<p><span style=\"font-weight: 400;\" data-mce-style=\"font-weight: 400;\">Ova me\u0161avina je odli\u010dno sredstvo za masa\u017eu; daje predivan opu\u0161tajuc\u0301i efekat, dok ko\u017ea postaje meka i svilenkasta.<\/span><\/p>\n<h3><b>Shea puter sa ru\u017einim uljem za kosu i ko\u017eu glave<\/b><\/h3>\n<p><span style=\"font-weight: 400;\" data-mce-style=\"font-weight: 400;\">Ako je ko\u017ea glave suva, preporu\u010duje se da na vrhove prstiju nanesete malo shea putera sa ru\u017einim uljem i njime masirate ko\u017eu glave. Ako imate veoma suvu kosu, nanesite ovu me\u0161avinu i na nju. Koristite ovaj tretman jednom nedeljno uve\u010de, nemojte \u010de\u0161\u0107e ina\u010de c\u0301e vam kosa postati masna.<\/span><\/p>\n<h3><b>Shea puter sa ru\u017einim uljem za negu ko\u017ee posle kupanja<\/b><\/h3>\n<p><span style=\"font-weight: 400;\" data-mce-style=\"font-weight: 400;\">Nakon kupanja ili tu\u0161iranja nanesite ovo ulje na jo\u0161 vla\u017enu ko\u017eu. Me\u0161avina pokriva ko\u017eu za\u0161titnim slojem tokom celog dana, odr\u017eavajuc\u0301i je gipkom i bar\u0161unastom.<\/span><\/p>\n<h3><b>Shea puter sa ru\u017einim uljem za opu\u0161tanje<\/b><\/h3>\n<p><span style=\"font-weight: 400;\" data-mce-style=\"font-weight: 400;\">Udeo ru\u017einog ulja u shea puteru kao esencijalnom ulju deluje opu\u0161tajuc\u0301e na na\u0161a \u010dula, tako da predivan miris ru\u017ee u kombinaciji sa shea puterom stvara prijatan aromati\u010dni osec\u0301aj.<\/span><\/p>\n","protected":false},"excerpt":{"rendered":"<p><span style=\"font-weight: 400;\" data-mce-style=\"font-weight: 400;\">Nenadma\u0161na lekovita i stimulativna svojstva ru\u017einog ulja u kombinaciji sa hranljivim efektom shea putera. Bore, akne, rane, opekotine c\u0301e imati velike koristi od prijatne nege ove hranljive kreme.<br \/><\/span><b>Brend<\/b><span style=\"font-weight: 400;\" data-mce-style=\"font-weight: 400;\">: Nefertiti prirodna ulja i bilje<\/span><span style=\"font-weight: 400;\" data-mce-style=\"font-weight: 400;\"><br \/><\/span><b>Zemlja porekla<\/b><span style=\"font-weight: 400;\" data-mce-style=\"font-weight: 400;\">: Egipat<\/span><span style=\"font-weight: 400;\" data-mce-style=\"font-weight: 400;\"><br \/><\/span><b>Botani\u010dki naziv<\/b><span style=\"font-weight: 400;\" data-mce-style=\"font-weight: 400;\">: Vitellaria paradoka\/ Rosaceae<\/span><span style=\"font-weight: 400;\" data-mce-style=\"font-weight: 400;\"><br \/><\/span><b>Porodica<\/b><span style=\"font-weight: 400;\" data-mce-style=\"font-weight: 400;\">: Sapotaceae\/ Rosaceae<\/span><span style=\"font-weight: 400;\" data-mce-style=\"font-weight: 400;\"><br \/><\/span><b>Kori\u0161c\u0301eni delovi<\/b><span style=\"font-weight: 400;\" data-mce-style=\"font-weight: 400;\">: jezgra\/latice<\/span><span style=\"font-weight: 400;\" data-mce-style=\"font-weight: 400;\"><br \/><\/span><b>Prirodno<\/b><span style=\"font-weight: 400;\" data-mce-style=\"font-weight: 400;\">: Da<\/span><span style=\"font-weight: 400;\" data-mce-style=\"font-weight: 400;\"><br \/><\/span><b>\u010cistoc\u0301a<\/b><span style=\"font-weight: 400;\" data-mce-style=\"font-weight: 400;\">: 100% \u010disto<\/span><span style=\"font-weight: 400;\" data-mce-style=\"font-weight: 400;\"><br \/><\/span><b>ISO sertifikat<\/b><span style=\"font-weight: 400;\" data-mce-style=\"font-weight: 400;\">: ISO, COA &amp; MSDS<\/span><span style=\"font-weight: 400;\" data-mce-style=\"font-weight: 400;\"><br \/><\/span><b>Sastojci<\/b><span style=\"font-weight: 400;\" data-mce-style=\"font-weight: 400;\">: triterpeni, triterpenski alkoholi, stearinska kiselina, alantoin, linolenska kiselina, vitamin E, palmitinska kiselina, beta-karoten\/vitamini A i C, beta karoten, likopen, omega 6 i omega 9 masne kiseline<\/span><\/p>\n","protected":false},"featured_media":292553,"comment_status":"open","ping_status":"closed","template":"","meta":[],"product_brand":[],"product_cat":[1135,1088],"product_tag":[],"class_list":{"0":"post-262132","1":"product","2":"type-product","3":"status-publish","4":"has-post-thumbnail","6":"product_cat-butter-uk-sr","7":"product_cat-natural-cosmetics-sr","8":"pa_bottle-size-100-g-sr","10":"first","11":"instock","12":"sale","13":"shipping-taxable","14":"purchasable","15":"product-type-variable"},"_links":{"self":[{"href":"https:\/\/nefertiti-eg.com\/sr\/wp-json\/wp\/v2\/product\/262132","targetHints":{"allow":["GET"]}}],"collection":[{"href":"https:\/\/nefertiti-eg.com\/sr\/wp-json\/wp\/v2\/product"}],"about":[{"href":"https:\/\/nefertiti-eg.com\/sr\/wp-json\/wp\/v2\/types\/product"}],"replies":[{"embeddable":true,"href":"https:\/\/nefertiti-eg.com\/sr\/wp-json\/wp\/v2\/comments?post=262132"}],"wp:featuredmedia":[{"embeddable":true,"href":"https:\/\/nefertiti-eg.com\/sr\/wp-json\/wp\/v2\/media\/292553"}],"wp:attachment":[{"href":"https:\/\/nefertiti-eg.com\/sr\/wp-json\/wp\/v2\/media?parent=262132"}],"wp:term":[{"taxonomy":"product_brand","embeddable":true,"href":"https:\/\/nefertiti-eg.com\/sr\/wp-json\/wp\/v2\/product_brand?post=262132"},{"taxonomy":"product_cat","embeddable":true,"href":"https:\/\/nefertiti-eg.com\/sr\/wp-json\/wp\/v2\/product_cat?post=262132"},{"taxonomy":"product_tag","embeddable":true,"href":"https:\/\/nefertiti-eg.com\/sr\/wp-json\/wp\/v2\/product_tag?post=262132"}],"curies":[{"name":"wp","href":"https:\/\/api.w.org\/{rel}","templated":true}]}}