{"id":262139,"date":"2019-05-27T21:50:22","date_gmt":"2019-05-27T19:50:22","guid":{"rendered":"https:\/\/nefertiti-eg.com\/shop\/\u043d\u0435\u043a\u0430\u0442\u0435\u0433\u043e\u0440\u0438\u0437\u043e\u0432\u0430\u043d\u043e\/lemon-shea-butter\/"},"modified":"2025-10-24T16:34:34","modified_gmt":"2025-10-24T13:34:34","slug":"lemon-shea-butter","status":"publish","type":"product","link":"https:\/\/nefertiti-eg.com\/sr\/shop\/butter-uk-sr\/lemon-shea-butter\/","title":{"rendered":"Limun Shea Puter"},"content":{"rendered":"<h3><b>Shea puter sa uljem limuna<\/b><\/h3>\n<p><span style=\"font-weight: 400;\">Shea puter se ekstrahuje iz ora\u0161astih plodova shea drveta. Shea puter uglavnom sadr\u017ei masne i oleinske kiseline, kao i vitamin E. To ga \u010dini popularnim proizvodom za negu ko\u017ee jer vla\u017ei i \u0161titi ko\u017eu. Shea puter duboko prodire u ko\u017eu, a njegovi aktivni sastojci je efikasno \u0161tite od dehidracije i stvaranja bora i tako je savr\u0161eno neguju.<\/span><\/p>\n<h3><b>Ulje limuna<\/b><\/h3>\n<p><span style=\"font-weight: 400;\">\u010cisto hladno ce\u0111eno limunovo ulje iz limunove kore je popularno je ulje za unutra\u0161nju i spolja\u0161nju terapijsku upotrebu.<\/span><\/p>\n<p><span style=\"font-weight: 400;\">Prisustvo velike koli\u010dine sastojaka kao \u0161to su vitamini i minerali, beta-karoten, vitamini B, C, K, folna kiselina, kalijum, kalcijum, natrijum, fosfor, magnezijum, cink, gvo\u017e\u0111e, mangan, bakar, nikl i selen, kamfen, aldehidi, terpinol, limonen i linalil acetat \u010dine ulje limuna antiinflamatornim, antimikrobnim, antibakterijskim i antisepti\u010dkim. Ulje limuna ubla\u017eava pro\u0161irene vene i bori se protiv celulita. Njegov efekat izbeljivanja se koristi u kozmeti\u010dkoj industriji za uklanjanje pigmentacije. Shea puter obogac\u0301ujemo uljem limuna za bolju negu ko\u017ee sa svim ovim svojstvima.<\/span><\/p>\n<h3><b>Shea puter sa limunovim uljem za negu ko\u017ee<\/b><\/h3>\n<p><span style=\"font-weight: 400;\">Ulje limuna pome\u0161ano sa shea puterom, sa svojim hranljivim i za\u0161titnim sastojcima, poma\u017ee umornoj, mlohavoj ko\u017ei da vrati elasti\u010dnost. Shea puter sa limunovim uljem je proizvod za negu ko\u017ee namenjen uklanjanju o\u017eiljaka, koristi se za ekceme i opekotine, za negu ispucale, suve ko\u017ee, osipa, otklanja svrab i za negu ko\u017ee posle opekotina od sunca. Redovna upotreba shea putera sa limunovim uljem smanjuje nastanak strija i bora. Snaga limunovog ulja ne samo da poma\u017ee u borbi protiv celulita, vec\u0301 i spre\u010dava stvaranje kapilarne mre\u017ee na ko\u017ei lica i tela.<\/span><\/p>\n<p><span style=\"font-weight: 400;\">Redovno nanosite shea puter sa limunovim uljem na lice, dekolte i ruke. Va\u0161a ko\u017ea je dobro nahranjena, hidrirana i izbeljena ako je potrebno. Shea puter sa limunovim uljem je posebno popularan za smanjenje stara\u010dkih pega.<\/span><\/p>\n<h3><b>Tretman stopala sa shea puterom i limunovim uljem<\/b><\/h3>\n<p><span style=\"font-weight: 400;\">Svako ve\u010de mazite stopala \u0161i puterom sa limunovim uljem i stopala \u0107e biti meka.<\/span><\/p>\n<h3><b>Shea puter sa limunovim uljem za negu usana<\/b><\/h3>\n<p><span style=\"font-weight: 400;\">Da biste izbegli ispucale usne i odr\u017eali ih mekim, posebno zimi, koristite shea puter sa limunovim uljem<\/span><\/p>\n<h3><b>Shea puter sa limunovim uljem za negu kose<\/b><\/h3>\n<p><span style=\"font-weight: 400;\">Po\u0161to su shea puter i limunovo ulje idealni za negu kose, oba proizvoda se savr\u0161eno nadopunjuju. Me\u0161avina je posebno pogodna za suvu kosu i ispucale vrhove. Sastojci shea putera i limunovog ulja \u010dine kosu jakom i zdravom. Uzmite na\u0161u me\u0161avinu u ruke, toplota va\u0161eg tela c\u0301e je brzo istopiti, olak\u0161avajuc\u0301i umasiranje u ko\u017eu glave i nano\u0161enje na kosu. Pro\u0111ite rukama kroz kosu i nanesite shea puter sa limunovim uljem na vrhove kose. Ovaj proizvod je najbolje nanositi uve\u010de, dok jastuk pokrijete pe\u0161kirom i ostavite da ulje deluje preko noc\u0301i.<\/span><\/p>\n","protected":false},"excerpt":{"rendered":"<p><span style=\"font-weight: 400;\">Svestrana za\u0161tita shea putera u kombinaciji sa hranljivim i lekovitim svojstvima limuna. Vratite prirodnu elasti\u010dnost zategnutoj ko\u017ei i povratite njenu otpornost. Oslobodite se o\u017eiljaka, strija i celulita, opekotina od sunca i osipa koji svrbe.<br \/>\n<\/span><span style=\"font-weight: 400;\"><strong>Brend<\/strong>: Nefertiti prirodna ulja i bilje<br \/>\n<\/span><span style=\"font-weight: 400;\"><strong>Zemlja porekla<\/strong>: Egipat<br \/>\n<\/span><span style=\"font-weight: 400;\"><strong>Botani\u010dki naziv<\/strong>: Vitellaria paradoka\/ Citrus<br \/>\n<\/span><span style=\"font-weight: 400;\"><strong>Porodica<\/strong>: Sapotaceae\/ Rutaceae<br \/>\n<\/span><span style=\"font-weight: 400;\"><strong>Kori\u0161c\u0301eni delovi<\/strong>: jezgra\/kora<br \/>\n<\/span><span style=\"font-weight: 400;\"><strong>Prirodno<\/strong>: Da<br \/>\n<\/span><span style=\"font-weight: 400;\"><strong>\u010cistoc\u0301a<\/strong>: 100% \u010disto<br \/>\n<\/span><span style=\"font-weight: 400;\"><strong>ISO sertifikat<\/strong>: ISO, COA &amp; MSDS<br \/>\n<\/span><span style=\"font-weight: 400;\"><strong>Botani\u010dki sastav<\/strong>: triterpeni, triterpenski alkoholi, stearinska kiselina, alantoin, linolenska kiselina, vitamin E, palmitinska kiselina, beta-karoten\/beta-karoten, vitamin B, C, K, folna kiselina, kalijum, kalcijum, natrijum, fosfor, magnezijum, cink, gvo\u017e\u0111e, mangan, bakar i selen, kao i citronol, kamfen, citral, aldehidi, terpinol, limonen i linalil acetat<\/span><\/p>\n","protected":false},"featured_media":292532,"comment_status":"open","ping_status":"closed","template":"","meta":[],"product_brand":[],"product_cat":[1135,1088],"product_tag":[],"class_list":{"0":"post-262139","1":"product","2":"type-product","3":"status-publish","4":"has-post-thumbnail","6":"product_cat-butter-uk-sr","7":"product_cat-natural-cosmetics-sr","8":"pa_bottle-size-100-g-sr","10":"first","11":"instock","12":"sale","13":"shipping-taxable","14":"purchasable","15":"product-type-variable"},"_links":{"self":[{"href":"https:\/\/nefertiti-eg.com\/sr\/wp-json\/wp\/v2\/product\/262139","targetHints":{"allow":["GET"]}}],"collection":[{"href":"https:\/\/nefertiti-eg.com\/sr\/wp-json\/wp\/v2\/product"}],"about":[{"href":"https:\/\/nefertiti-eg.com\/sr\/wp-json\/wp\/v2\/types\/product"}],"replies":[{"embeddable":true,"href":"https:\/\/nefertiti-eg.com\/sr\/wp-json\/wp\/v2\/comments?post=262139"}],"wp:featuredmedia":[{"embeddable":true,"href":"https:\/\/nefertiti-eg.com\/sr\/wp-json\/wp\/v2\/media\/292532"}],"wp:attachment":[{"href":"https:\/\/nefertiti-eg.com\/sr\/wp-json\/wp\/v2\/media?parent=262139"}],"wp:term":[{"taxonomy":"product_brand","embeddable":true,"href":"https:\/\/nefertiti-eg.com\/sr\/wp-json\/wp\/v2\/product_brand?post=262139"},{"taxonomy":"product_cat","embeddable":true,"href":"https:\/\/nefertiti-eg.com\/sr\/wp-json\/wp\/v2\/product_cat?post=262139"},{"taxonomy":"product_tag","embeddable":true,"href":"https:\/\/nefertiti-eg.com\/sr\/wp-json\/wp\/v2\/product_tag?post=262139"}],"curies":[{"name":"wp","href":"https:\/\/api.w.org\/{rel}","templated":true}]}}