{"id":262142,"date":"2019-05-27T23:45:22","date_gmt":"2019-05-27T21:45:22","guid":{"rendered":"https:\/\/nefertiti-eg.com\/shop\/\u043d\u0435\u043a\u0430\u0442\u0435\u0433\u043e\u0440\u0438\u0437\u043e\u0432\u0430\u043d\u043e\/coconut-shea-butter\/"},"modified":"2023-09-09T13:24:08","modified_gmt":"2023-09-09T10:24:08","slug":"coconut-shea-butter","status":"publish","type":"product","link":"https:\/\/nefertiti-eg.com\/sr\/shop\/butter-uk-sr\/coconut-shea-butter\/","title":{"rendered":"Kokos Shea Puter"},"content":{"rendered":"<h3><b>Poreklo kokosovog putera<\/b><\/h3>\n<p><span style=\"font-weight: 400;\">Kokosov puter se ekstrahuje iz hranljivog tkiva kokosa. Kokos, plod kokosove palme, dobija na zna\u010daju u 19. veku. Najvec\u0301e podru\u010dje uzgoja kokosove palme nalazi se u Indoneziji, Filipinima i Indiji. Kokosovo ulje i kokosov puter sada pokrivaju deo ukupnih svetskih potreba za biljnim uljem. Njegova potro\u0161nja se udvostru\u010dila od 1980. godine.<\/span><\/p>\n<h3><b>Primena kokosovog putera<\/b><\/h3>\n<p><span style=\"font-weight: 400;\">Kokosov puter se tako\u0111e naziva kokosova mast. Za razliku od kokosovog ulja, kokosov puter sadr\u017ei vlakna. Kokosov puter sadr\u017ei veoma visok sadr\u017eaj zasic\u0301enih masnih kiselina. Koristi se u kuhinji, u konditorskoj i kozmeti\u010dkoj industriji.<\/span><\/p>\n<h3><b>Kokosov puter u kozmetici<\/b><\/h3>\n<p><span style=\"font-weight: 400;\">Kokosov puter je odavno poznat ne samo kao hrana, vec\u0301 i kao proizvod za negu lepote. Jo\u0161 u antici je u potpunosti cenjeno dejstvo kokosovog putera na negu ko\u017ee i kose. Sadr\u017eaj masti obezbe\u0111uje gipku ko\u017eu i daje kosi prirodan sjaj.<\/span><\/p>\n<h3><b>Kokosov puter za negu kose<\/b><\/h3>\n<p><span style=\"font-weight: 400;\">Po\u0161to kokosov puter daje kosi mnogo vlage, trebalo bi da redovno koristite kokosov puter kao lek za suvu, bez sjajnu kosu. Ovo se posti\u017ee trljanjem kokosovog putera u rukama dok se ne otopi, a zatim ga umasira u ko\u017eu glave i kosu. Kokosov puter stimuli\u0161e rast kose i \u010dak se bori protiv gubitka kose. Obezbe\u0111uje kosi hranu i \u010dini je gipkom i sjajnom.<\/span><\/p>\n<h3><b>Kokosov puter za negu ko\u017ee<\/b><\/h3>\n<p><span style=\"font-weight: 400;\">Zbog svojih antiinflamatornih svojstava, kokosov puter je idealan za tretiranje akni i drugih inflamatornih ko\u017enih oboljenja. Njegova laurinska kiselina uni\u0161tava klice, viruse i bakterije. Umirujuc\u0301i efekat kokosovog putera tako\u0111e osigurava suzbijanje svraba ovih ko\u017enih bolesti.<\/span><\/p>\n<p><span style=\"font-weight: 400;\">Po\u0161to kokosov puter vla\u017ei ko\u017eu, minimizirajuc\u0301i bore povezane sa starenjem, smatra se savr\u0161enim sredstvom protiv starenja. Formira za\u0161titni film na ko\u017ei koji je \u0161titi od \u0161tetnih uticaja okoline.<\/span><\/p>\n<p><span style=\"font-weight: 400;\">Kokosovim puterom je po\u017eeljno utrljati ko\u017eu nakon tople kupke ili tu\u0161iranja, jer se od toplote tela razbla\u017ei, a zatim dobro upija.<\/span><\/p>\n<h3><b>Kokosov puter u kuhinji<\/b><\/h3>\n<p><span style=\"font-weight: 400;\">Kao hrana, kokosov puter obezbe\u0111uje hranljive materije sa svojim esencijalnim masnim kiselinama, a posebno linolnom kiselinom za odr\u017eavanje zdravlja tela.<\/span><\/p>\n<p><span style=\"font-weight: 400;\">Kao i kokosovo ulje, kokosov puter je popularna mast u kuhinji za pr\u017eenje i kuvanje, \u010dak i duboko pr\u017eenje, jer ima nisku ta\u010dku topljenja.<\/span><\/p>\n<p><span style=\"font-weight: 400;\">Njegova linolna kiselina kao nezasic\u0301ena masna kiselina je zdrava za na\u0161e telo. Kokosov puter se mo\u017ee koristiti kao zamena za konvencionalni puter i slu\u017ei kao raznovrsna zdrava alternativa. Sa kokosovim puterom moguc\u0301e je napraviti sjajne ukrase za kola\u010de ili deserte jer se mogu praviti u kalupima u te\u010dnom stanju i stvrdnuti c\u0301e se odmah nakon kontakta sa hladnoc\u0301om ili ledom.<\/span><\/p>\n<h3><b>Kokosov puter u konditorskoj industriji<\/b><\/h3>\n<p><span style=\"font-weight: 400;\">Kokosov puter se koristi za proizvodnju specijalnih \u010dokolada, poput sladoleda. Ovu \u010dokoladu treba \u010duvati u fri\u017eideru. U ustima, ova sorta \u010dokolade se veoma brzo topi zbog niske ta\u010dke topljenja. Kokosov puter se tako\u0111e koristi za pravljenje \u010dokoladnih sosova koji se odmah u\u010dvr\u0161c\u0301uju u kontaktu sa ledom i formiraju prelep \u010dokoladni vrh.<\/span><\/p>\n<h3><b>Sastojci kokosovog putera<\/b><\/h3>\n<p><span style=\"font-weight: 400;\">Amino kiseline, vitamin E, laktoni, minerali, linolna kiselina (esencijalna masna kiselina), trigliceridi (neutralne masti koje sadr\u017ee ostatke nezasic\u0301enih masnih kiselina)<\/span><\/p>\n","protected":false},"excerpt":{"rendered":"<p><span style=\"font-weight: 400;\">Kombinacija shea putera sa kokosovim uljem ima mnoga hranljiva i hidratantna svojstva za ko\u017eu i kosu. Ostavlja ko\u017eu mekom i gipkom, a posebno je pogodan za suvu ko\u017eu.<br \/>\n<\/span><span style=\"font-weight: 400;\"><strong>Brend<\/strong>: Nefertiti prirodna ulja i bilje<br \/>\n<\/span><span style=\"font-weight: 400;\"><strong>Zemlja porekla<\/strong>: Egipat<br \/>\n<\/span><span style=\"font-weight: 400;\"><strong>Botani\u010dki naziv<\/strong>: Cocos nucifera<br \/>\n<\/span><span style=\"font-weight: 400;\"><strong>Porodica<\/strong>: Arecaceae<br \/>\n<\/span><span style=\"font-weight: 400;\"><strong>Kori\u0161c\u0301eni delovi<\/strong>: voc\u0301na pulpa<br \/>\n<\/span><span style=\"font-weight: 400;\"><strong>Prirodno<\/strong>: Da<br \/>\n<\/span><span style=\"font-weight: 400;\"><strong>\u010cistoc\u0301a<\/strong>: 100% \u010disto<br \/>\n<\/span><span style=\"font-weight: 400;\"><strong>ISO sertifikat<\/strong>: ISO, COA &amp; MSDS<\/span><span style=\"font-weight: 400;\">B<br \/>\n<strong>otani\u010dki sastav<\/strong>: trigliceridi, minerali, aminokiseline, vitamin E i laktoni.<\/span><\/p>\n","protected":false},"featured_media":292542,"comment_status":"open","ping_status":"closed","template":"","meta":[],"product_brand":[],"product_cat":[1135,1088],"product_tag":[],"class_list":{"0":"post-262142","1":"product","2":"type-product","3":"status-publish","4":"has-post-thumbnail","6":"product_cat-butter-uk-sr","7":"product_cat-natural-cosmetics-sr","8":"pa_bottle-size-100-g-sr","10":"first","11":"instock","12":"sale","13":"shipping-taxable","14":"purchasable","15":"product-type-variable"},"_links":{"self":[{"href":"https:\/\/nefertiti-eg.com\/sr\/wp-json\/wp\/v2\/product\/262142","targetHints":{"allow":["GET"]}}],"collection":[{"href":"https:\/\/nefertiti-eg.com\/sr\/wp-json\/wp\/v2\/product"}],"about":[{"href":"https:\/\/nefertiti-eg.com\/sr\/wp-json\/wp\/v2\/types\/product"}],"replies":[{"embeddable":true,"href":"https:\/\/nefertiti-eg.com\/sr\/wp-json\/wp\/v2\/comments?post=262142"}],"wp:featuredmedia":[{"embeddable":true,"href":"https:\/\/nefertiti-eg.com\/sr\/wp-json\/wp\/v2\/media\/292542"}],"wp:attachment":[{"href":"https:\/\/nefertiti-eg.com\/sr\/wp-json\/wp\/v2\/media?parent=262142"}],"wp:term":[{"taxonomy":"product_brand","embeddable":true,"href":"https:\/\/nefertiti-eg.com\/sr\/wp-json\/wp\/v2\/product_brand?post=262142"},{"taxonomy":"product_cat","embeddable":true,"href":"https:\/\/nefertiti-eg.com\/sr\/wp-json\/wp\/v2\/product_cat?post=262142"},{"taxonomy":"product_tag","embeddable":true,"href":"https:\/\/nefertiti-eg.com\/sr\/wp-json\/wp\/v2\/product_tag?post=262142"}],"curies":[{"name":"wp","href":"https:\/\/api.w.org\/{rel}","templated":true}]}}