{"id":262154,"date":"2022-04-19T12:46:05","date_gmt":"2022-04-19T10:46:05","guid":{"rendered":"https:\/\/nefertiti-eg.com\/shop\/\u043d\u0435\u043a\u0430\u0442\u0435\u0433\u043e\u0440\u0438\u0437\u043e\u0432\u0430\u043d\u043e\/coconut-powder-sobia\/"},"modified":"2023-09-09T13:51:55","modified_gmt":"2023-09-09T10:51:55","slug":"coconut-powder-sobia","status":"publish","type":"product","link":"https:\/\/nefertiti-eg.com\/sr\/shop\/herbs-sr\/coconut-powder-sobia\/","title":{"rendered":"Kokosov prah (Sobia)"},"content":{"rendered":"<p><span style=\"font-weight: 400;\">Sobia, tradicionalno egipatsko pic\u0301e, je osve\u017eavajuc\u0301a me\u0161avina pirin\u010da, kokosa i mleka i apsolutno je ukusna \u2013 zamislite otopljeni sladoled, a ne mle\u010dni \u0161ejk, ali mnogo bolje i na pola ste puta da iskusite ledenu penu sobije.<\/span><\/p>\n<p><span style=\"font-weight: 400;\">Omiljeni tokom svetih ramazanskih proslava, to je jedna od klju\u010dnih komponenti na ramazanskom stolu i \u010desto se koristi za prekid posta. Za to vreme mo\u017ee se nac\u0301i svuda &#8211; u plasti\u010dnim bocama od strane uli\u010dnih prodavaca. Pravi gasitelj \u017ee\u0111i, sobia trenutno podi\u017ee nivo energije, \u0161to je \u010dini tako idealnom za iftar obrok tokom Ramazana, kao i za turiste nakon dugog dana. Iako je najrasprostranjenija tokom Ramdana, sobia je dostupna tokom cele godine i obo\u017eavaju je i deca i odrasli.<\/span><\/p>\n<p><span style=\"font-weight: 400;\">Istorija sobie je pomalo maglovita. Uobi\u010dajeno narodnio verovanje aludira da je sobia prvi put nastala tokom mamlu\u010dkog perioda u vreme kada su novac i osnovne robe bili oskudni, ali je umesto toga postojala \u0161iroka dostupnost pirin\u010da, \u0161ec\u0301era i margarina iz Indije. Navodno je ovo pic\u0301e nastalo u to vreme i postalo popularno i kod bogatih i kod siroma\u0161nih. Druga pri\u010da tvrdi da je razvijen u drevnom naselju El Sajeda Zeinab u Kairu, pre vi\u0161e od 100 godina. Dokazi koji podr\u017eavaju bilo koju tvrdnju su samo pri\u010da.<\/span><\/p>\n<p><span style=\"font-weight: 400;\">Iako je njeno poreklo mo\u017eda nejasno, ono \u0161to se zna o ovoj ukusnoj poslastici je da je 100% prirodna i da je prepuna vitalnih minerala i hranljivih materija uklju\u010dujuc\u0301i kalcijum, bakar, gvo\u017e\u0111e, mangan, kalijum, selen i cink. \u0160tavi\u0161e, glavne komponente ovog pic\u0301a, kokosov prah i beli pirina\u010d u prahu, pru\u017eaju mu niz velikih zdravstvenih prednosti:<\/span><\/p>\n<h3><b>Ja\u010da imuni sistem<\/b><\/h3>\n<p><span style=\"font-weight: 400;\">Visok sadr\u017eaj minerala, posebno cinka, mo\u017ee pomoc\u0301i da se imunolo\u0161ki sistem tela prirodno oja\u010da.<\/span><\/p>\n<h3><b>Pobolj\u0161ava varenje<\/b><\/h3>\n<p><span style=\"font-weight: 400;\">Sobia sadr\u017ei velike koli\u010dine nerastvorljivih vlakana koja dodaju masu stolici kako bi se spre\u010dila konstipacija i osigurava nesmetano kretanje hrane kroz creva, poma\u017euc\u0301i tako da se digestivni trakt odr\u017ei u optimalnom stanju. Tako\u0111e sadr\u017ei male koli\u010dine rastvorljivih i fermentabilnih vlakana koja hrane korisne bakterije creva, omoguc\u0301avajuc\u0301i ovoj dobroj bakteriji da proizvodi kratke masne kiseline i posle toga hrani c\u0301elije creva.<\/span><\/p>\n<h3><b>Pobolj\u0161ava zdravlje kardiovaskularnog sistema i spre\u010dava anemiju<\/b><\/h3>\n<p><span style=\"font-weight: 400;\">Sobia prah je bogat gvo\u017e\u0111em koje je neophodno za proizvodnju hemoglobina koji poma\u017ee u isporuci kiseonika kroz telo i reguli\u0161e nivo krvnog pritiska. Nizak nivo hemoglobina, mo\u017ee izazvati anemiju, pa redovan unos mo\u017ee spre\u010diti razvoj anemije. Pra\u0161ak je tako\u0111e bogat izvor kalijuma koji dodatno poma\u017ee u regulisanju krvnog pritiska. Istra\u017eivanja tako\u0111e sugeri\u0161u da kokosov prah mo\u017ee smanjiti nivo holesterola i triglicerida, poma\u017euc\u0301i da se oja\u010daju arterije i promovi\u0161e zdravlje kardiovaskularnog sistema.<\/span><\/p>\n<h3><b>Ja\u010da vezivna tkiva<\/b><\/h3>\n<p><span style=\"font-weight: 400;\">Sobia prah sadr\u017ei \u0161irok spektar esencijalnih minerala uklju\u010dujuc\u0301i kalcijum potreban za odr\u017eavanje vezivnog tkiva \u2013 kostiju, ligamenata, ko\u017ee i tetiva. Stoga redovan unos mo\u017ee pomoc\u0301i u ja\u010danju ovih vezivnih tkiva, odr\u017eavanju zdravlja kostiju i skeleta i za\u0161titi od nedostatka minerala i rizika od odre\u0111enih bolesti kao \u0161to je osteoporoza.<\/span><\/p>\n<h3><b>Promovi\u0161e zdravu funkciju mozga<\/b><\/h3>\n<p><span style=\"font-weight: 400;\">Prirodni sastojci sadr\u017eani u kokosovom prahu koji je esencijalna komponenta sobije promovi\u0161u proizvodnju neurotransmitera i mijelina za pobolj\u0161anje i za\u0161titu zdrave funkcije mozga. Mijelin je izolacioni sloj koji pokriva neurone i omoguc\u0301ava brz i efikasan prenos elektri\u010dnih signala du\u017e nervnih c\u0301elija. O\u0161tec\u0301enje za\u0161titnog mijelinskog sloja mo\u017ee dovesti do te\u0161kih neurolo\u0161kih problema.<\/span><\/p>\n<h3><b>Ima korisna antibakterijska svojstva<\/b><\/h3>\n<p><span style=\"font-weight: 400;\">Sadr\u017ei prirodna antibakterijska svojstva koja poma\u017eu u borbi protiv infekcija i uni\u0161tavaju bakterije i kvasac.<\/span><\/p>\n<h3><b>Priprema sobije<\/b><\/h3>\n<p><span style=\"font-weight: 400;\">Doziranje: Pome\u0161ajte 1-2 ka\u0161i\u010dice Sobije sa \u00bd \u0161olje mleka i \u00bd \u0161olje ledeno hladne vode ili zdrobljenog leda. Dodajte \u0161ec\u0301er ili med da zasladite po potrebi. Dodatno dodajte malo vanile za dodatni osec\u0301aj ukusa. Poslu\u017eite ohla\u0111eno.<\/span><\/p>\n","protected":false},"excerpt":{"rendered":"<p><span style=\"font-weight: 400;\">Kombinacija pirin\u010da, kokosa i pavlake u prakti\u010dnom prahu za napitak potpunog ukusa koja gasi \u017ee\u0111 i povec\u0301ava energiju. Ja\u010da imunitet, pobolj\u0161ava zdravo varenje, kardiovaskularno zdravlje i zdravu funkciju mozga.<\/span><\/p>\n","protected":false},"featured_media":275760,"comment_status":"open","ping_status":"closed","template":"","meta":[],"product_brand":[],"product_cat":[1174],"product_tag":[],"class_list":{"0":"post-262154","1":"product","2":"type-product","3":"status-publish","4":"has-post-thumbnail","6":"product_cat-herbs-sr","8":"first","9":"instock","10":"shipping-taxable","11":"purchasable","12":"product-type-variable","13":"has-default-attributes"},"_links":{"self":[{"href":"https:\/\/nefertiti-eg.com\/sr\/wp-json\/wp\/v2\/product\/262154","targetHints":{"allow":["GET"]}}],"collection":[{"href":"https:\/\/nefertiti-eg.com\/sr\/wp-json\/wp\/v2\/product"}],"about":[{"href":"https:\/\/nefertiti-eg.com\/sr\/wp-json\/wp\/v2\/types\/product"}],"replies":[{"embeddable":true,"href":"https:\/\/nefertiti-eg.com\/sr\/wp-json\/wp\/v2\/comments?post=262154"}],"wp:featuredmedia":[{"embeddable":true,"href":"https:\/\/nefertiti-eg.com\/sr\/wp-json\/wp\/v2\/media\/275760"}],"wp:attachment":[{"href":"https:\/\/nefertiti-eg.com\/sr\/wp-json\/wp\/v2\/media?parent=262154"}],"wp:term":[{"taxonomy":"product_brand","embeddable":true,"href":"https:\/\/nefertiti-eg.com\/sr\/wp-json\/wp\/v2\/product_brand?post=262154"},{"taxonomy":"product_cat","embeddable":true,"href":"https:\/\/nefertiti-eg.com\/sr\/wp-json\/wp\/v2\/product_cat?post=262154"},{"taxonomy":"product_tag","embeddable":true,"href":"https:\/\/nefertiti-eg.com\/sr\/wp-json\/wp\/v2\/product_tag?post=262154"}],"curies":[{"name":"wp","href":"https:\/\/api.w.org\/{rel}","templated":true}]}}