{"id":262163,"date":"2021-04-19T11:20:44","date_gmt":"2021-04-19T09:20:44","guid":{"rendered":"https:\/\/nefertiti-eg.com\/shop\/\u043d\u0435\u043a\u0430\u0442\u0435\u0433\u043e\u0440\u0438\u0437\u043e\u0432\u0430\u043d\u043e\/slimming-tea\/"},"modified":"2023-09-09T14:07:42","modified_gmt":"2023-09-09T11:07:42","slug":"slimming-tea","status":"publish","type":"product","link":"https:\/\/nefertiti-eg.com\/sr\/shop\/herbs-sr\/slimming-tea\/","title":{"rendered":"\u010caj za mr\u0161avljenje"},"content":{"rendered":"<h3><b>Nana<\/b><\/h3>\n<p><span style=\"font-weight: 400;\">Neophodna u \u010daju za mr\u0161avljenje, nana poma\u017ee na nekoliko na\u010dina. Prvo, stimuli\u0161e digestivne enzime da promovi\u0161u bolju apsorpciju hranljivih materija, \u010dime se pobolj\u0161ava metabolizam i poma\u017ee gubitak te\u017eine. \u0160tavi\u0161e, podsti\u010de osloba\u0111anje vi\u0161ka \u017eu\u010di, poma\u017ee boljem varenju masti i potiskuje vi\u0161ak te\u010dnosti iz tela, smanjuje nadimanje i poma\u017ee bubrezima. Toksini se izbacuju iz tela, a masti pretvaraju u upotrebljivu energiju. Nana tako\u0111e ima smirujuc\u0301i efekat na telo i um, \u0161to je veoma va\u017eno za pokretanje mr\u0161avljenja jer stres mo\u017ee biti odgovoran za povec\u0301anje skladi\u0161tenja masti u telu i mo\u017ee povec\u0301ati moguc\u0301nost bolesti ili disfunkcija u sistemu za varenje. Stres tako\u0111e proizvodi kortizol koji dovodi do \u017eudnje za hranom i mo\u017ee uni\u0161titi svaki re\u017eim mr\u0161avljenja.<\/span><\/p>\n<h3><b>Sena<\/b><\/h3>\n<p><span style=\"font-weight: 400;\">Prirodni laksativ za podsticanje pra\u017enjenja creva i debelog creva. Senna c\u0301e ukloniti vi\u0161ak vode i otpada iz tela koji su ostali nakon \u0161to se hrana provari i hranljive materije i kalorije vec\u0301 apsorbuju.<\/span><\/p>\n<h3><b>Ruzmarin<\/b><\/h3>\n<p><span style=\"font-weight: 400;\">Ruzmarin sadr\u017ei jedinjenja koja imaju efekte nalik insulinu i pokrec\u0301u apsorpciju glukoze u mi\u0161ic\u0301ne c\u0301elije, \u010dime poma\u017eu u sni\u017eavanju \u0161ec\u0301era u krvi. Tako\u0111e promovi\u0161e zdravu ravnote\u017eu bakterija u crevima, smanjujuc\u0301i upalu i podsti\u010duc\u0301i efikasno varenje. Istra\u017eivanja su pokazala da je ruzmarin veoma koristan za spre\u010davanje gojenja, posebno kada se koristi ishrana sa visokim sadr\u017eajem masti, i nudi za\u0161titu od nekoliko metaboli\u010dkih poremec\u0301aja.<\/span><\/p>\n<h3><b>Cimet<\/b><\/h3>\n<p><span style=\"font-weight: 400;\">Cimet poma\u017ee gubitak visceralne masti kako bi podr\u017eao gubitak te\u017eine, smanjio efekat konzumiranja hrane sa visokim sadr\u017eajem masti i ciljao masnoc\u0301u na stomaku. Pored toga, podsti\u010de varenje i metabolizam, posebno zato \u0161to je telu potrebno vi\u0161e energije za varenje ovog odre\u0111enog za\u010dina, plus sni\u017eava i odr\u017eava nivo holesterola i \u0161ec\u0301era u krvi, \u0161to dovodi do smanjenog apetita i osec\u0301aja gladi, dok antiinflamatorna i antibakterijska svojstva spre\u010davaju nadimanje.\u00a0<\/span><\/p>\n<h3><b>\u010cia semenke<\/b><\/h3>\n<p><span style=\"font-weight: 400;\">Istra\u017eivanja pokazuju da su \u010dia semenke veoma korisne u eliminisanju nakupljanja toksina iz creva i odr\u017eavanju visceralne masti. Sadr\u017ee zdrave omega-3 masne kiseline, proteine, vlakna, ugljene hidrate, antioksidante, gvo\u017e\u0111e i kalcijum, veliki su izvor energije, koji tako\u0111e bubre u stomaku smanjujuc\u0301i apetit i povec\u0301avajuc\u0301i osec\u0301aj sitosti. \u010cia poma\u017ee u ja\u010danju metabolizma i digestivnog sistema.<\/span><\/p>\n<h3><b>Komora\u010d<\/b><\/h3>\n<p><span style=\"font-weight: 400;\">Bogat vitaminima i mineralima za detoksikaciju i ubrzavanje metabolizma kao \u0161to su gvo\u017e\u0111e, kalcijum, vitamini B, mangan, magnezijum, cink, fosfor i folna kiselina, komora\u010d poma\u017ee varenju, obezbe\u0111ujuc\u0301i bolju apsorpciju hranljivih materija iz hrane i smanjujuc\u0301i osec\u0301aj gladi. Tako\u0111e mo\u017ee za\u0161tititi od zadr\u017eavanja vode, plus pomoc\u0301i u pre\u010di\u0161c\u0301avanju krvi, spre\u010davajuc\u0301i nakupljanje masti u jetri. Nivo \u0161ec\u0301era u krvi se tako\u0111e stabilizuje i reguli\u0161e pra\u017enjenje creva. Pored toga, komora\u010d stimuli\u0161e proizvodnju melatonina, promovi\u0161uc\u0301i dobar san, \u0161to je izuzetno korisno za odr\u017eavanje dijete.<\/span><\/p>\n<h3><b>Kumin<\/b><\/h3>\n<p><span style=\"font-weight: 400;\">Kumin ima sposobnost da pobolj\u0161a probavni sistem i povec\u0301a metabolizam i sagorevanje masti, dok antiinflamatorna svojstva smanjuju nadimanje. Studije su potvrdile da se pokazalo da kumin efikasno smanjuje telesnu masnoc\u0301u i te\u017einu.<\/span><\/p>\n<h3><b>Anis<\/b><\/h3>\n<p><span style=\"font-weight: 400;\">Anis poma\u017ee u promovisanju efikasnog varenja i metabolizma masti. Svojim diureti\u010dkim svojstvima poma\u017ee u uklanjanju toksina i uklanjanju vi\u0161ka te\u010dnosti iz tela.\u00a0<\/span><\/p>\n<h3><b>Origano<\/b><\/h3>\n<p><span style=\"font-weight: 400;\">Origano ubrzava metabolizam, reguli\u0161e \u0161ec\u0301er u krvi i podsti\u010de bolje varenje stimuli\u0161uc\u0301i \u017eu\u010dne sokove. Najbolje od svega, sadr\u017ei moc\u0301no jedinjenje po imenu karvakrol koje izgleda da menja sintezu masti u telu, a studije pokazuju da smanjuje nivo visceralne masti, ukupnu telesnu te\u017einu i stabilizuje nivo holesterola.<\/span><\/p>\n<h3><b>\u0110umbir<\/b><\/h3>\n<p><span style=\"font-weight: 400;\">\u0110umbir sadr\u017ei jedinjenja koja se zovu \u0161ogaoli i gingeroli za koja je poznato da stimuli\u0161u biolo\u0161ke aktivnosti, povec\u0301avaju metabolizam i sagorevanje masti, smanjuju apsorpciju masti i apetit, \u0161to rezultira zna\u010dajnim smanjenjem masti na stomaku i smanjenje telesne te\u017eine. Nivo \u0161ec\u0301era u krvi se stabilizuje, stimuli\u0161e varenje i du\u017ee potiskuje glad.<\/span><\/p>\n<h3><b>Sladic\u0301<\/b><\/h3>\n<p><span style=\"font-weight: 400;\">Istra\u017eivanja su pokazala da sladic\u0301 smanjuje telesnu masnoc\u0301u bez ikakvih poznatih ne\u017eeljenih efekata, mo\u017eda zbog sna\u017enog ukusa koji potiskuje apetit, a telo zadr\u017eava osec\u0301aj sitosti. Reguli\u0161e aktivnost enzima, spre\u010davajuc\u0301i razvoj masnih c\u0301elija i razbijanje postojec\u0301ih masnih c\u0301elija, posebno smanjujuc\u0301i abdominalne masti i glukozu u krvi.<\/span><\/p>\n<h3><b>Psillium<\/b><\/h3>\n<p><span style=\"font-weight: 400;\">Psilijum ima nekoliko prednosti za gubitak te\u017eine. Prvo, promovi\u0161e pravilnost creva, \u010disti debelo crevo i omoguc\u0301ava da zdravi probiotici rastu u crevima. Upija te\u010dnost iz tela, \u0161iri se i daje osec\u0301aj sitosti, smanjuje apetit i bolove prouzrokovane gla\u0111u. Psilijum poma\u017ee u stabilizaciji nivoa \u0161ec\u0301era i holesterola u krvi, i uop\u0161teno podsti\u010de metabolizam omoguc\u0301avajuc\u0301i vi\u0161e sagorevanja masti.<\/span><\/p>\n<h3><b>Priprema \u010daja za mr\u0161avljenje<\/b><\/h3>\n<p><span style=\"font-weight: 400;\">Dodajte 1 ka\u0161i\u010dicu \u010daja za mr\u0161avljenje u \u0161olju kuvane vode i ostavite da odstoji 5-10 minuta. Preporu\u010duje se dva puta dnevno za najbolje rezultate.<\/span><\/p>\n","protected":false},"excerpt":{"rendered":"<p><span style=\"font-weight: 400;\">Izbalansirana kombinacija 12 biljaka i za\u010dina, posebno odabranih zbog svojih jedinstvenih svojstava da podr\u017ee siguran i zdrav gubitak te\u017eine.<\/span><\/p>\n<p><span style=\"font-weight: 400;\">Egipatski \u010daj za mr\u0161avljenje posebno je kreiran sa me\u0161avinom biljaka i za\u010dina za sagorevanje masti, ubrzavajuc\u0301i metabolizam, dizajniran da pobolj\u0161a varenje, poma\u017ee u balansiranju nivoa \u0161ec\u0301era u krvi, smanjuje apetit i podsti\u010de osec\u0301aj sitosti, poma\u017euc\u0301i u borbi protiv vi\u0161ka kilograma. Uvedite na\u0161 \u010daj u svoju dnevnu rutinu kako biste pokrenuli zdravo i prirodno mr\u0161avljenje.<\/span><\/p>\n","protected":false},"featured_media":276514,"comment_status":"open","ping_status":"closed","template":"","meta":[],"product_brand":[],"product_cat":[1174],"product_tag":[],"class_list":{"0":"post-262163","1":"product","2":"type-product","3":"status-publish","4":"has-post-thumbnail","6":"product_cat-herbs-sr","8":"first","9":"instock","10":"shipping-taxable","11":"purchasable","12":"product-type-simple"},"_links":{"self":[{"href":"https:\/\/nefertiti-eg.com\/sr\/wp-json\/wp\/v2\/product\/262163","targetHints":{"allow":["GET"]}}],"collection":[{"href":"https:\/\/nefertiti-eg.com\/sr\/wp-json\/wp\/v2\/product"}],"about":[{"href":"https:\/\/nefertiti-eg.com\/sr\/wp-json\/wp\/v2\/types\/product"}],"replies":[{"embeddable":true,"href":"https:\/\/nefertiti-eg.com\/sr\/wp-json\/wp\/v2\/comments?post=262163"}],"wp:featuredmedia":[{"embeddable":true,"href":"https:\/\/nefertiti-eg.com\/sr\/wp-json\/wp\/v2\/media\/276514"}],"wp:attachment":[{"href":"https:\/\/nefertiti-eg.com\/sr\/wp-json\/wp\/v2\/media?parent=262163"}],"wp:term":[{"taxonomy":"product_brand","embeddable":true,"href":"https:\/\/nefertiti-eg.com\/sr\/wp-json\/wp\/v2\/product_brand?post=262163"},{"taxonomy":"product_cat","embeddable":true,"href":"https:\/\/nefertiti-eg.com\/sr\/wp-json\/wp\/v2\/product_cat?post=262163"},{"taxonomy":"product_tag","embeddable":true,"href":"https:\/\/nefertiti-eg.com\/sr\/wp-json\/wp\/v2\/product_tag?post=262163"}],"curies":[{"name":"wp","href":"https:\/\/api.w.org\/{rel}","templated":true}]}}