{"id":262170,"date":"2015-09-28T22:03:56","date_gmt":"2015-09-28T20:03:56","guid":{"rendered":"https:\/\/nefertiti-eg.com\/shop\/\u043d\u0435\u043a\u0430\u0442\u0435\u0433\u043e\u0440\u0438\u0437\u043e\u0432\u0430\u043d\u043e\/artemisia\/"},"modified":"2023-09-09T16:40:18","modified_gmt":"2023-09-09T13:40:18","slug":"artemisia","status":"publish","type":"product","link":"https:\/\/nefertiti-eg.com\/sr\/shop\/herbs-sr\/artemisia\/","title":{"rendered":"\u010caj od pelina (artemisia)"},"content":{"rendered":"<h3><b>Poreklo pelina<\/b><\/h3>\n<p><span style=\"font-weight: 400;\">Osnova za na\u0161 \u010daj od pelina je biljka Artemisia absinthium, poznata i kao slatki pelin i pelin, koja je poreklom iz delova Evrope, zapadne Azije i severne Afrike. Sveto, za mnoge kulture \u0161irom sveta, veruje se da je dobilo ime po Artemidi, gr\u010dkoj boginji lova, za\u0161titnici divljine, divljih \u017eivotinja, Meseca i \u010dednosti \u2013 inkarnaciji Majke Zemlje (Rimljani poznate kao Dijana). Me\u0111utim, sada se sugeri\u0161e da bi mogao biti nazvan po kraljici Artemisiji od Karije (Halikarnas), istaknutom turskom botani\u010daru iz oko 400. godine pre nove ere. Veruje se da je artemizija jedna od prvih biljaka koje su ljudi uzgajali i da ima dugu istoriju u ritualnim praksama, za koje se veruje da odvrac\u0301aju demone, kao i da se koristi u ljubavnim napitcima. Smatra se da je kori\u0161c\u0301en za suzbijanje trovanja kukutom i za le\u010denje \u201eujeda morskog zmaja\u201c. Ebersov papirus pokazuje da su stari Egipc\u0301ani ovu biljku koristili kao antiseptik, tonik i stimulans, kao i za groznicu i menstrualne bolove. Sve\u0161tenici egipatske boginje Izide koristili su ga umesto maslinovih gran\u010dica, kako je opisao Dioskorid, travar iz prvog veka. U tradicionalnoj biljnoj terapiji, biljka se dugo koristila za razne gastrointestinalne tegobe, kao lek protiv bolova, kao i za odstranjivanje unutra\u0161njih parazita. Ranije se zvao \u201eglavni lek za sve bolesti\u201c. Artemisia absinthium je glavni sastojak alkoholnog apsenta, koji je prvobitno stekao popularnost kao tonik i na kraju se masovno proizvodio zbog potra\u017enje kao alkoholnog pic\u0301a, a tako\u0111e se koristi za aromatiziranje drugih alkoholnih pic\u0301a i vina, uklju\u010dujuc\u0301i vermut.<\/span><\/p>\n<p><span style=\"font-weight: 400;\">Pelin sadr\u017ei vitamine B kompleksa i vitamin C, pored mangana, kalcijuma, kalijuma, natrijuma, silicijuma, kobalta i kalaja plus, b karoten, gorke seskviterpenoidne laktone, flavonoide, druga jedinjenja koja daju gor\u010dinu, azulene, fenolne kiseline i tanilpropanjoidne kiseline (taninanoidne kiseline). s, alifati\u010dna, polifenolna i flavonoidna jedinjenja. Upravo su ova jedinjenja odgovorna za biolo\u0161ku aktivnost, dajuc\u0301i antiinflamatorno, antiprotozoalno, antibakterijsko, antifungalno, anti\u010dir, hepatoprotektivno, imunomodulatorno, citotoksi\u010dno, analgeti\u010dko, neuroprotektivno, prokognitivno, antidepresivno, neurotrofi\u010dno delovanje, da bi potvrdilo tradicionalna antidepresivna, neurotrofi\u010dna, antioksidativna svojstva i potvrdila tradicionalna ispitivanja kao \u0161to su stabilizacijske i antioksidne aktivnosti. aplikacije. Tako\u0111e je poznato da ima antivirusna, dijaforetska, ekspektoransna, dekongestivna, repelentna\/insekticidna svojstva, relaksant mi\u0161ic\u0301a i stimulativna svojstva. Glavni aktivni sastojak pelina je tujon, koji ima mnoge zdravstvene prednosti, uklju\u010dujuc\u0301i blokiranje neurotransmitera zvanog gama aminobuterna kiselina koja ima smirujuc\u0301i efekat na centralni nervni sistem. Zato uzmite \u0161olju \u010daja od pelina koji zagreva da biste pobolj\u0161ali smirenost i iskoristili prednosti ove posebne biljke.<\/span><\/p>\n<h3><b>Ubla\u017eavanje bola i protiv zapaljenja<\/b><\/h3>\n<p><span style=\"font-weight: 400;\">Upala je uobi\u010dajena reakcija na oksidativni stres koji mo\u017ee dovesti do hroni\u010dnih bolesti kao \u0161to su dijabetes, rak, Alchajmerova bolest i oslabljen imuni sistem. Oslabljujuc\u0301i bol tako\u0111e mo\u017ee ozbiljno da poremeti svakodnevni \u017eivot, ometajuc\u0301i spavanje, posao, igru i samo u\u017eivanje u \u017eivotu uop\u0161te. Pelin ima antiinflamatorna svojstva i svojstva ubla\u017eavanja bolova, a klini\u010dka ispitivanja su potvrdila potencijal upotrebe pelina za ove prednosti. Sadr\u017ei jedinjenje koje se zove Artemisinin koje inhibira imuni sistem da proizvodi proteine, zvane citokini, koji podsti\u010du upalu. Dok je zapaljenje deo prirodnog sistema le\u010denja, upala niskog nivoa je klju\u010dna za sve hroni\u010dne bolesti uklju\u010dujuc\u0301i reumatoidni artritis, bolesti srca i demenciju. Pelin tako\u0111e sadr\u017ei dodatna jedinjenja, azulene, sa moc\u0301nim, dokazanim antiinflamatornim dejstvom. Zbog toga ljudi koji pate od reumatoidnog artritisa, osteoartritisa, gihta ili bilo kakvog bolova u zglobovima ili upale mogu smatrati korisnim da dodaju Artemisia Tea u svoju ishranu. Istra\u017eiva\u010di su otkrili da su oboleli od artritisa prijavili zna\u010dajno smanjenje bola i da mo\u017ee biti efikasnije i bezbednije od tradicionalnih farmaceutskih alternativa. Bilo je mnogo studija o uticaju pelina na Kronovu bolest i rezultati su bili zapanjujuc\u0301i. U svim studijama otkriveno je da su simptomi smanjeni i da je samo 10% u jednoj studiji (nula u drugim) imalo nove simptome, iako su ukupni simptomi i dalje smanjeni. Bez obzira na to, svi su bili u stanju da smanje ili potpuno elimini\u0161u upotrebu steroida. Za neke je \u010dak prijavljeno da su &#8222;skoro remisije&#8220; ove iscrpljujuc\u0301e bolesti. Tako\u0111e se pokazalo da pobolj\u0161ava raspolo\u017eenje i pozitivno uti\u010de na kvalitet \u017eivota koji nedostaje drugim tretmanima za Kronovu bolest.<\/span><\/p>\n<h3><b>Detoksikacija organizma<\/b><\/h3>\n<p><span style=\"font-weight: 400;\">Pelin sadr\u017ei izuzetno moc\u0301no jedinjenje zvano chamazulen koje deluje kao antioksidant koji poma\u017ee da se telo oslobodi \u0161tetnih slobodnih radikala i bori protiv oksidativnog stresa kako bi se za\u0161titilo od o\u0161tec\u0301enja proteina, DNK i lipida i odre\u0111enih hroni\u010dnih bolesti kao \u0161to su dijabetes, rak, Alchajmerova bolest i oslabljen imuni sistem. U me\u0111uvremenu, vitamini i hranljive materije u \u010daju c\u0301e oja\u010dati prirodni imuni sistem tela, pripremajuc\u0301i telo da se bori protiv uobi\u010dajenih infekcija, virusa i nevolja. Rana istra\u017eivanja su pokazala da ovo mo\u017ee biti od velike pomoc\u0301i za one koji pate od Bergerove bolesti (IgA nefropatija), bolesti bubrega, po\u0161to je pokazano smanjenje krvnog pritiska i nivoa proteina u urinu. Pelin je tako\u0111e dobar za probleme jetre i \u017eu\u010dne kese. Testovi na \u017eivotinjama su pokazali da smanjuje o\u0161tec\u0301enje jetre smanjenjem oksidacije i inhibiranjem upale. Gorki agensi u njemu tako\u0111e stimuli\u0161u funkciju \u017eu\u010dne kese. Studije su tako\u0111e pokazale da se bioaktivno jedinjenje artemisinin mo\u017ee boriti protiv nekih c\u0301elija raka na sli\u010dan na\u010din kao \u0161to elimini\u0161e Plasmodium falciparum, parazita odgovornog za malariju. Preliminarna istra\u017eivanja su tako\u0111e pokazala da smanjuje nivo \u0161ec\u0301era u krvi kod osoba koje pate od dijabetesa tipa 2.<\/span><\/p>\n<h3><b>Ima antimikrobna, antivirusna i antifungalna svojstva<\/b><\/h3>\n<p><span style=\"font-weight: 400;\">Studije su pokazale da je pelin efikasan protiv niza bakterija uklju\u010dujuc\u0301i E-coli, salmonelu i stafilokokus aureus. Tako\u0111e je inhibirao rast Naegleria fovleri koja izaziva primarni amebni meningoencefalitis (PAM), infekciju mozga koja uni\u0161tava mo\u017edano tkivo. \u010caj je vec\u0301 poznati napada\u010d na SIBO (prekomerni rast bakterija u tankom crevu), koji mo\u017ee biti prekursor IBS-a, a studija je zaklju\u010dila da je efikasan kao i poznati farmaceutski lek rifaksimin, ali bez ne\u017eeljenih efekata koji se \u010desto povezuju sa rifaksiminom. Antivirusni i antibakterijski, ovaj \u010daj je tako\u0111e savr\u0161en napitak za one koji pate od zagu\u0161enja grudnog ko\u0161a i sinusa i upale usled prehlade, gripa, bronhitisa ili astme. Tako\u0111e se veruje da je efikasan protiv bakterija stafilokoka, poznatijeg kao strep grlo. Pelin deluje kao ekspektorans i dekongestiv, \u010dime otpu\u0161ta sluz u grlu i respiratornom sistemu i omoguc\u0301ava njeno raspr\u0161ivanje, a istovremeno smanjuje bol. Mi\u0161ic\u0301ni relaksant i antiinflamatorna svojstva opu\u0161taju traheju, \u0161titec\u0301i od ka\u0161lja i nadra\u017eenog grla. Tako\u0111e je poznato da stimuli\u0161e znojenje i tako hladi telo \u0161to mo\u017ee biti korisno kod prehlade ili virusa. Antioksidansi omoguc\u0301avaju belim krvnim zrncima da br\u017ee putuju kroz telo kako bi se borili protiv infekcije, dok esencijalni vitamini i hranljive materije ja\u010daju imuni sistem. U me\u0111uvremenu, sezonske alergije c\u0301e imati koristi od antiinflamatornih svojstava i pronac\u0301i olak\u0161anje za nazalne probleme i svrab u grlu, \u010dime c\u0301e se ubla\u017eiti simptomi polenske groznice. Osobe koje pate od astme c\u0301e imati koristi od relaksirajuc\u0301ih svojstava, donosec\u0301i olak\u0161anje od zagu\u0161enja i bronhijalne restrikcije. Studije su pokazale da izaziva paralizu i smrt parazita, \u0161to je akreditovano za tujon sadr\u017ean u biljci. Jedna studija je oti\u0161la toliko daleko da je navela da elimini\u0161e parazite jednako efikasno kao i bilo koji od vodec\u0301ih lekova protiv parazita.<\/span><\/p>\n<h3><b>Poma\u017ee varenje<\/b><\/h3>\n<p><span style=\"font-weight: 400;\">\u010caj od pelina je posebno efikasan kao pomoc\u0301 pri varenju i preporu\u010duje se uzimanje pre obilnog obroka kako bi se spre\u010dilo stvaranje gasova i nadimanja. Kao gorka biljka stimuli\u0161e pupoljke ukusa i podsti\u010de lu\u010denje pljuva\u010dke, proizvodnju \u017eeluda\u010dne kiseline i kretanje crevnog trakta. Tako\u0111e stimuli\u0161e jetru i \u017eu\u010dnu kesu, podsti\u010duc\u0301i osloba\u0111anje \u017eu\u010di iz jetre i skladi\u0161tenje u \u017eu\u010dnoj kesi, \u010dinec\u0301i proces varenja efikasnijim. Poremec\u0301aji varenja (gasovi, nadimanje, \u017egaravica) \u010desto su rezultat niske koli\u010dine \u017eeluda\u010dne kiseline. Stimuli\u0161uc\u0301i hlorovodoni\u010dnu kiselinu u \u017eelucu, optimizuje crevnu floru i istovremeno ubija organizme kao \u0161to je Helicobacter pilori koji, ako se ne le\u010de, mogu da izazovu \u010dir na dvanaestopala\u010dnom crevu. \u010caj tako\u0111e mo\u017ee da smanji gr\u010deve u stomaku, ubla\u017ei gr\u010deve i elimini\u0161e sve bakterije stome koje izazivaju poremec\u0301aj. Po\u0161to se 70% imunog sistema nalazi u digestivnom traktu, posebno je va\u017eno za op\u0161te zdravlje da ovo funkcioni\u0161e ispravno. Pravilno varenje tako\u0111e osigurava da se iz hrane dobija optimalna ishrana, ponovo podsti\u010duc\u0301i op\u0161te zdravlje.<\/span><\/p>\n<h3><b>Priprema \u010daja od pelina<\/b><\/h3>\n<p><span style=\"font-weight: 400;\">Dodajte \u00bd &#8211; 1 ka\u0161i\u010dicu pelina u \u0161olju gotovo prokuvane vode i ostavite da odstoji 5-15 minuta. Mo\u017ee se dodati drugim \u010dajevima, kao \u0161to su menta ili anis, radi pobolj\u0161anog ukusa. Ili poku\u0161ajte da dodate kri\u0161ku limuna. Dodajte \u0161ec\u0301er ili med da zasladite po potrebi.<\/span><\/p>\n<h3><b>Oprez<\/b><\/h3>\n<p><span style=\"font-weight: 400;\">Ne preporu\u010duje se tokom trudnoc\u0301e, za dojilje, ili za one koji pate od epilepsije ili uzimaju razre\u0111iva\u010d krvi kao \u0161to je varfarin.<\/span><\/p>\n","protected":false},"excerpt":{"rendered":"<p><span style=\"font-weight: 400;\">\u010caj od pelina smiruje nervni sistem. Poma\u017ee u le\u010denju inflamatornih bolesti kao \u0161to su artritis, Kronova bolest i bol u zglobovima. Poma\u017ee varenje i ubla\u017eava gr\u010deve u stomaku, le\u010di probleme jetre i \u017eu\u010dne kese i le\u010di unutra\u0161nje parazite. Donosi olak\u0161anje kod polenske groznice, astme, prehlade i simptoma gripa.<\/span><\/p>\n","protected":false},"featured_media":283990,"comment_status":"closed","ping_status":"closed","template":"","meta":[],"product_brand":[],"product_cat":[1174],"product_tag":[],"class_list":{"0":"post-262170","1":"product","2":"type-product","3":"status-publish","4":"has-post-thumbnail","6":"product_cat-herbs-sr","8":"first","9":"outofstock","10":"shipping-taxable","11":"purchasable","12":"product-type-simple"},"_links":{"self":[{"href":"https:\/\/nefertiti-eg.com\/sr\/wp-json\/wp\/v2\/product\/262170","targetHints":{"allow":["GET"]}}],"collection":[{"href":"https:\/\/nefertiti-eg.com\/sr\/wp-json\/wp\/v2\/product"}],"about":[{"href":"https:\/\/nefertiti-eg.com\/sr\/wp-json\/wp\/v2\/types\/product"}],"replies":[{"embeddable":true,"href":"https:\/\/nefertiti-eg.com\/sr\/wp-json\/wp\/v2\/comments?post=262170"}],"wp:featuredmedia":[{"embeddable":true,"href":"https:\/\/nefertiti-eg.com\/sr\/wp-json\/wp\/v2\/media\/283990"}],"wp:attachment":[{"href":"https:\/\/nefertiti-eg.com\/sr\/wp-json\/wp\/v2\/media?parent=262170"}],"wp:term":[{"taxonomy":"product_brand","embeddable":true,"href":"https:\/\/nefertiti-eg.com\/sr\/wp-json\/wp\/v2\/product_brand?post=262170"},{"taxonomy":"product_cat","embeddable":true,"href":"https:\/\/nefertiti-eg.com\/sr\/wp-json\/wp\/v2\/product_cat?post=262170"},{"taxonomy":"product_tag","embeddable":true,"href":"https:\/\/nefertiti-eg.com\/sr\/wp-json\/wp\/v2\/product_tag?post=262170"}],"curies":[{"name":"wp","href":"https:\/\/api.w.org\/{rel}","templated":true}]}}