{"id":262172,"date":"2020-12-31T13:31:53","date_gmt":"2020-12-31T11:31:53","guid":{"rendered":"https:\/\/nefertiti-eg.com\/shop\/\u043d\u0435\u043a\u0430\u0442\u0435\u0433\u043e\u0440\u0438\u0437\u043e\u0432\u0430\u043d\u043e\/mint-tea\/"},"modified":"2023-09-09T16:43:14","modified_gmt":"2023-09-09T13:43:14","slug":"mint-tea","status":"publish","type":"product","link":"https:\/\/nefertiti-eg.com\/sr\/shop\/herbs-sr\/mint-tea\/","title":{"rendered":"\u010caj od nane"},"content":{"rendered":"<h3><b>Poreklo \u010daja od nane<\/b><\/h3>\n<p><span style=\"font-weight: 400;\">\u010caj od nane, sa sve\u017eim, hladnim ukusom i okrepljujuc\u0301om aromom, je osve\u017eavajuc\u0301i i prirodno sladak napitak bez kofeina koji se mo\u017ee konzumirati u bilo koje doba dana. Ovaj \u010daj, koji se obi\u010dno koristi za ubla\u017eavanje simptoma prehlade ili gripa, ne treba potcenjivati u pogledu njegovih daljih zdravstvenih koristi. Prirodni tonik za zdravlje, pun proteina, aminokiselina, minerala uklju\u010dujuc\u0301i kalcijum, kalijum, magnezijum, bakar, mangan, fosfor i natrijum, plus vitamine A, B, C i D, mo\u017ee pomoc\u0301i da se pobolj\u0161a imuni sistem i uravnote\u017ei metabolizam, da se bori protiv bolesti i da pomogne telu da bolje funkcioni\u0161e.<\/span><\/p>\n<p><span style=\"font-weight: 400;\">Antibakterijski, antivirusni, antiinflamatorni i antispazmodi\u010dni efekti, pored toga \u0161to je mi\u0161ic\u0301ni relaksant i sredstvo protiv bolova, \u010daj od nane je savr\u0161en za stoma\u010dne tegobe, smiruje \u017egaravicu i lo\u0161e varenje, protiv gripa, prehlade i sezonskih alergija, za le\u010denje lo\u0161eg zadaha i glavobolje od napetosti. Da ne zaboravimo njegova adaptogena svojstva da podmla\u0111uju i opu\u0161taju te ubla\u017eavaju mentalni pritisak i stres.<\/span><\/p>\n<h3><b>Borba protiv prehlade, gripa i alergija<\/b><\/h3>\n<p><span style=\"font-weight: 400;\">Antibakterijska, antivirusna i antiinflamatorna svojstva poma\u017eu u borbi protiv za\u010depljenih sinusa usled obi\u010dne prehlade, virusnih infekcija i alergija. Para iz \u010daja je tako\u0111e strate\u0161ko oru\u017eje za sinuse, pobolj\u0161avajuc\u0301i protok vazduha unutar nosne \u0161upljine. Antispazmodik i relaksant mi\u0161ic\u0301a, tako\u0111e smiruje bol u grlu i iritirajuc\u0301i ka\u0161alj. Antioksidansi omoguc\u0301avaju belim krvnim zrncima da br\u017ee putuju kroz telo kako bi se borili protiv infekcije, a esencijalni vitamini i hranljive materije ja\u010daju imuni sistem. Tako\u0111e ubla\u017eava simptome polenske groznice i astme.<\/span><\/p>\n<h3><b>Umiruje uznemireni stomak i pobolj\u0161ava varenje<\/b><\/h3>\n<p><span style=\"font-weight: 400;\">\u010caj od nane deluje na vi\u0161e nivoa da umiri uznemireni stomak. Odli\u010dan germicid i antiseptik, dobro deluje kod gastrointestinalnih tegoba, bavec\u0301i se osnovnim uzrokom problema. Gr\u010devi se ubla\u017eavaju smirivanjem mi\u0161ic\u0301a stomaka koji se skupljaju, a cirkulacija se pobolj\u0161ava kako bi se ubla\u017eila upala, a tako\u0111e se ubla\u017eavaju i simptomi kao \u0161to su gasovi, nadimanje i lo\u0161e varenje. Podsti\u010de se lu\u010denje \u017eu\u010di kako bi se obezbedilo efikasno varenje hrane. Odli\u010dna pomoc\u0301 za obolele od IBS-a, poma\u017ee u odr\u017eavanju nesmetanog rada digestivnog sistema. Mu\u010dninu spre\u010davaju antispazmodi\u010dna svojstva koja spre\u010davaju kontrakciju stoma\u010dnih mi\u0161ic\u0301a. Prirodno je re\u0161enje za oporavak organizma posle operacije ili hemoterapije.<\/span><\/p>\n<h3><b>Pobolj\u0161ava mentalnu svest i fokus<\/b><\/h3>\n<p><span style=\"font-weight: 400;\">Ukus i aroma ovog \u010daja \u0107e stimulisati limbi\u010dki sistem, podsti\u010duc\u0301i mentalnu budnost, koncentraciju i pamc\u0301enje.<\/span><\/p>\n<h3><b>Smanjuje stres i okrepljuje<\/b><\/h3>\n<p><span style=\"font-weight: 400;\">Sedativna svojstva mente su dobro poznata u aromaterapiji, promovi\u0161uc\u0301i blagostanje i opu\u0161tanje. \u0160olja \u010daja od nane, sa svojim antispazmodi\u010dnim i mi\u0161ic\u0301nim relaksantnim sposobnostima, pomoc\u0301i c\u0301e vam da se opustite i odagnate osec\u0301aj anksioznosti, dok istovremeno osloba\u0111ate umor tokom dana i pobolj\u0161avate nivo energije. Odli\u010dan na\u010din da se opustite nakon dugog dana i mentalnog stresa. Tako\u0111e mo\u017ee smanjiti krvni pritisak i telesnu temperaturu, dodatno poja\u010davajuc\u0301i opu\u0161tanje.<\/span><\/p>\n<h3><b>Prirodni lek protiv bolova<\/b><\/h3>\n<p><span style=\"font-weight: 400;\">Prirodni vazodilatator, \u010daj od nane mo\u017ee pomoc\u0301i u borbi protiv glavobolje uzrokovane napeto\u0161c\u0301u ili umorom opu\u0161tajuc\u0301i napete mi\u0161ic\u0301e i ubla\u017eavajuc\u0301i bol. Tako\u0111e odli\u010dno za menstrualne bolove jer mo\u017ee smanjiti intenzitet i du\u017einu mi\u0161ic\u0301nih kontrakcija.<\/span><\/p>\n<h3><b>Otklanja lo\u0161 zadah<\/b><\/h3>\n<p><span style=\"font-weight: 400;\">Antibakterijska svojstva c\u0301e ubiti klice u ustima koji uzrokuju lo\u0161 zadah i plak, dok c\u0301e aroma neutralisati sve mirise iz konzumirane hrane.<\/span><\/p>\n<h3><b>Priprema \u010daja od nane<\/b><\/h3>\n<p><span style=\"font-weight: 400;\">Doziranje: 1 ka\u0161i\u010dicu \u010daja od nane dodati u \u0161olju kuvane vode i ostaviti da odstoji 2-3 minuta. Ako du\u017ee odstoji onda c\u0301e se poja\u010dati efekat a to se posebno se preporu\u010duje za le\u010denje prehlade ili gripa. Mo\u017ee se dodati crnom \u010daju za bolji ukus. Dodajte \u0161ec\u0301er ili med da zasladite po potrebi.<\/span><\/p>\n<p><span style=\"font-weight: 400;\">Ne preporu\u010duje se osobama koje pate od GERB-a jer mo\u017ee izazvati ili pogor\u0161ati njihove simptome.<\/span><\/p>\n","protected":false},"excerpt":{"rendered":"<p><span style=\"font-weight: 400;\">Sa svojim sve\u017eim hladnim ukusom, \u010daj od nane c\u0301e stimulisati \u010dula, pobolj\u0161avajuc\u0301i mentalnu svest i fokus, i smanjujuc\u0301i stres. Poma\u017ee u borbi protiv obi\u010dne prehlade, gripa i alergija, smiruje uznemireni stomak, smanjuje mu\u010dninu i pobolj\u0161ava varenje.<\/span><\/p>\n","protected":false},"featured_media":275836,"comment_status":"open","ping_status":"closed","template":"","meta":[],"product_brand":[],"product_cat":[1174],"product_tag":[],"class_list":{"0":"post-262172","1":"product","2":"type-product","3":"status-publish","4":"has-post-thumbnail","6":"product_cat-herbs-sr","7":"pa_bottle-size-100-g-sr","9":"first","10":"instock","11":"shipping-taxable","12":"purchasable","13":"product-type-variable"},"_links":{"self":[{"href":"https:\/\/nefertiti-eg.com\/sr\/wp-json\/wp\/v2\/product\/262172","targetHints":{"allow":["GET"]}}],"collection":[{"href":"https:\/\/nefertiti-eg.com\/sr\/wp-json\/wp\/v2\/product"}],"about":[{"href":"https:\/\/nefertiti-eg.com\/sr\/wp-json\/wp\/v2\/types\/product"}],"replies":[{"embeddable":true,"href":"https:\/\/nefertiti-eg.com\/sr\/wp-json\/wp\/v2\/comments?post=262172"}],"wp:featuredmedia":[{"embeddable":true,"href":"https:\/\/nefertiti-eg.com\/sr\/wp-json\/wp\/v2\/media\/275836"}],"wp:attachment":[{"href":"https:\/\/nefertiti-eg.com\/sr\/wp-json\/wp\/v2\/media?parent=262172"}],"wp:term":[{"taxonomy":"product_brand","embeddable":true,"href":"https:\/\/nefertiti-eg.com\/sr\/wp-json\/wp\/v2\/product_brand?post=262172"},{"taxonomy":"product_cat","embeddable":true,"href":"https:\/\/nefertiti-eg.com\/sr\/wp-json\/wp\/v2\/product_cat?post=262172"},{"taxonomy":"product_tag","embeddable":true,"href":"https:\/\/nefertiti-eg.com\/sr\/wp-json\/wp\/v2\/product_tag?post=262172"}],"curies":[{"name":"wp","href":"https:\/\/api.w.org\/{rel}","templated":true}]}}