{"id":262189,"date":"2015-09-28T18:37:24","date_gmt":"2015-09-28T16:37:24","guid":{"rendered":"https:\/\/nefertiti-eg.com\/shop\/\u043d\u0435\u043a\u0430\u0442\u0435\u0433\u043e\u0440\u0438\u0437\u043e\u0432\u0430\u043d\u043e\/marjoram-tea\/"},"modified":"2023-09-11T14:43:36","modified_gmt":"2023-09-11T11:43:36","slug":"marjoram-tea","status":"publish","type":"product","link":"https:\/\/nefertiti-eg.com\/sr\/shop\/herbs-sr\/marjoram-tea\/","title":{"rendered":"\u010caj od majorana"},"content":{"rendered":"<h3><b>Poreklo majorana<\/b><\/h3>\n<p><span style=\"font-weight: 400;\">Osnova na\u0161eg \u010daja je biljka majoran (Origanum), listopadna biljka severne Afrike i jugozapadne Azije. Prvi su ga uzgajali stari Egipc\u0301ani pre vi\u0161e od 3.000 godina, zbog njegovih terapeutskih i lekovitih svojstava, i bila je jedna od biljaka koje su sve\u0161tenici koristili za migrene i nestabilnost. Majoran je bio posvec\u0301en Ozirisu, bogu podzemlja, i bio je uklju\u010den u proces balzamiranja, kao i pogrebni cvet. Tako\u0111e je bio popularan zbog svoje kulinarske upotrebe. U staroj Gr\u010dkoj i Rimu \u010daj od majorana se smatrao simbolom srec\u0301e. \u0160tavi\u0161e, biljku je koristio kao biljni lek gr\u010dki lekar Hipokrat, poznat kao \u201eotac medicine\u201c. Jedna od njegovih preporu\u010denih upotreba bila je dodavanje u klju\u010dalu vodu i udisanje kao tretman za respiratorni trakt.<\/span><\/p>\n<p><span style=\"font-weight: 400;\">Majoran sadr\u017ei vitamine A, B6 (piridoksin), B9 (folat) i K, visoke nivoe vitamina C, beta-karotena, luteina, kriptoksantina i zeaksantina, plus minerale kao \u0161to su gvo\u017e\u0111e, kalijum, kalcijum, mangan, cink, bakar i magnezijum, pored va\u017enih hemijskih sastojaka kao \u0161to su hemikalije sapinol, albinol, pinol, timol, terpinolen, terpinen-4-ol, linalil acetat, cis-sabinen hidrat i terpineol. Ima antioksidativna, antiinflamatorna, antispazmodi\u010dna, antisepti\u010dka, antivirusna, antibakterijska, antifungalna, analgeti\u010dka, dijaforetska, ekspektorantna, fungicidna, karminativna, laksativna, nervna, sedativna, diureti\u010dka, hipotenzivna, vazodilatatorna, cefali\u010dka, sr\u010dana, stomagohi\u010dna. Ovaj osve\u017eavajuc\u0301i \u010daj je tonik za nerve i u\u010dini\u0107e vas opu\u0161tenim, ubla\u017eavajuc\u0301i mentalni pritisak i stres, dok sedite i u\u017eivate u njegovim ogromnim zdravstvenim prednostima.<\/span><\/p>\n<h3><b>Detoksikacija organizma<\/b><\/h3>\n<p><span style=\"font-weight: 400;\">Majoran sadr\u017ei visok nivo antioksidanata, zajedno sa antiinflamatornim svojstvima, koji poma\u017eu u osloba\u0111anju tela od \u0161tetnih slobodnih radikala, \u0161titec\u0301i od o\u0161tec\u0301enja proteina, DNK i lipida i poma\u017eu u za\u0161titi tela od oksidativnog stresa i odre\u0111enih hroni\u010dnih bolesti kao \u0161to su dijabetes, rak, Alchajmerova bolest i oslabljen imuni sistem. U me\u0111uvremenu, vitamini i hranljive materije u \u010daju c\u0301e oja\u010dati prirodni imuni sistem tela, pripremajuc\u0301i telo da se bori protiv uobi\u010dajenih infekcija, virusa i nevolja. Kao prirodni diuretik, ovaj \u010daj mo\u017ee da izbaci toksine iz tela, pro\u010di\u0161c\u0301avajuc\u0301i, pro\u010di\u0161c\u0301avajuc\u0301i i stimuli\u0161uc\u0301i bubrege i jetru. Majoran je izuzetno dobar za povec\u0301anje funkcionisanja kardiovaskularnog sistema. Kao prirodni vazodilatator, poma\u017ee da se pro\u0161ire i opuste krvni sudovi, smanjujuc\u0301i krvni pritisak i neopravdano opterec\u0301enje srca. Dalja za\u0161tita je obezbe\u0111ena smanjenjem akumulacije holesterola u krvnim sudovima i spre\u010davanjem otvrdnjavanja arterija. \u010caj od majorana se preporu\u010duje nakon sr\u010danog udara i kao pomoc\u0301 u le\u010denju kardiovaskularnih bolesti. Izaziva znojenje i deluje kao diuretik, majoran poma\u017ee u uklanjanju toksina i vi\u0161ka te\u010dnosti i natrijuma iz tela, odr\u017eavajuc\u0301i bubrege zdravim i smanjujuc\u0301i sadr\u017eaj masti u telu. Antibiotska, antimikrobna i antivirusna svojstva poma\u017eu u smanjenju i za\u0161titi od virusnih i bakterijskih bolesti, \u010dak su efikasna protiv agresivnih sojeva otpornih na antibiotike kao \u0161to je Staphilococcus aureus koji mogu da izazovu pusto\u0161 na skoro svakom delu tela. Tako\u0111e mo\u017ee za\u0161tititi od preteranog rasta kandide iznutra uz samo redovno ispijanje \u010daja. Posedujuc\u0301i veliku koli\u010dinu vitamina K, \u010daj od majorana mo\u017ee pomoc\u0301i u promociji ko\u0161tane mase, poma\u017euc\u0301i u prevenciji ko\u0161tanih poremec\u0301aja kao \u0161to je osteoporoza. Tako\u0111e je dobar za Alchajmerovu bolest, jer ima antiinflamatorna svojstva i tako\u0111e sposobnost da spre\u010di o\u0161tec\u0301enje nerava.<\/span><\/p>\n<h3><b>Prirodno re\u0161enje protiv bolova<\/b><\/h3>\n<p><span style=\"font-weight: 400;\">Prirodni vazodilatator, \u010daj od majorana mo\u017ee pomoc\u0301i u borbi protiv glavobolje uzrokovane napeto\u0161c\u0301u ili umorom tako \u0161to opu\u0161ta napete mi\u0161ic\u0301e i ubla\u017eava bol. Tako\u0111e odli\u010dno za menstrualne bolove jer mo\u017ee smanjiti intenzitet i du\u017einu mi\u0161ic\u0301nih kontrakcija.<\/span><\/p>\n<h3><b>Protiv prehlade, gripa i alergija<\/b><\/h3>\n<p><span style=\"font-weight: 400;\">Antibakterijska, antivirusna i antiinflamatorna svojstva poma\u017eu u borbi protiv za\u010depljenih sinusa usled obi\u010dne prehlade, virusnih infekcija i alergija. Para iz \u010daja je tako\u0111e strate\u0161ko oru\u017eje za sinuse, pobolj\u0161avajuc\u0301i protok vazduha u nosnoj \u0161upljini. Spazmolitik i relaksant mi\u0161ic\u0301a, tako\u0111e smiruje bol u grlu i iritirajuc\u0301i ka\u0161alj, dok c\u0301e kao prirodni dekongestiv pomoc\u0301i da se o\u010disti vi\u0161ak sluzi i sluzi iz grla, sinusa i disajnih puteva. Tako\u0111e c\u0301e ubla\u017eiti povezanu glavobolju. Antioksidansi omoguc\u0301avaju belim krvnim zrncima da br\u017ee putuju kroz telo kako bi se borili protiv infekcije, a esencijalni vitamini i hranljive materije ja\u010daju imuni sistem. Sezonske alergije c\u0301e imati koristi od antiinflamatornih svojstava, ubla\u017eavanja simptoma polenske groznice i astme.<\/span><\/p>\n<h3><b>Anti-inflamatorna svojstva<\/b><\/h3>\n<p><span style=\"font-weight: 400;\">Trajna upala mo\u017ee biti povezana sa hroni\u010dnim zdravstvenim problemima kao \u0161to su visok krvni pritisak, dijabetes, respiratorni problemi, artritis, gojaznost, mo\u017edani udar i rak. Jedinjenje u majoranu pod nazivom Eugenol deluje protiv ciklooksigenaze, enzima odgovornog za upalu, \u0161to mo\u017ee pomoc\u0301i u ubla\u017eavanju i kontroli simptoma. Stoga, dodavanje ovog \u010daja svakodnevnoj ishrani mo\u017ee biti izuzetno korisno za one koji pate od bolesti kao \u0161to su reumatoidni artritis, osteoartritis i upalna stanja creva.<\/span><\/p>\n<h3><b>Antimikrobna aktivnost<\/b><\/h3>\n<p><span style=\"font-weight: 400;\">Pored toga, majoran je odli\u010dan lek protiv gljivica i gljivi\u010dnih infekcija. Navodi se da inhibira patogene kao \u0161to su E-coli, stafilokok, \u0161igela, plus proteus i pseudomonas. \u010caj od majorana tako\u0111e mo\u017ee pomoc\u0301i u za\u0161titi od bolesti desni kao \u0161to su gingivitis i parodontitis i elimini\u0161e lo\u0161 zadah. Odli\u010dan izbor pic\u0301a nakon obroka za osve\u017eavanje daha nakon o\u0161tre hrane.<\/span><\/p>\n<h3><b>Ubla\u017eava probleme sa varenjem<\/b><\/h3>\n<p><span style=\"font-weight: 400;\">\u010caj od majorana je odli\u010dan izbor pre ili posle obroka. Deluje kao odli\u010dno predjelo jer njegova aroma stimuli\u0161e pljuva\u010dne \u017elezde da lu\u010de digestivne enzime, \u010dime se olak\u0161ava varenje. Posle ili tokom obroka, odli\u010dno je sredstvo za \u010di\u0161c\u0301enje nepca. Odli\u010dan germicid i antiseptik, dobro deluje kod gastrointestinalnih tegoba, bavec\u0301i se osnovnim uzrokom problema. Studije su pokazale da je majoran efikasan protiv Clostridium perfringens koji je uobi\u010dajeni patogen koji se prenosi hranom, pored efikasnosti protiv sojeva otpornih na antibiotike, uklju\u010dujuc\u0301i E. coli i salmonelu. U slu\u010daju uznemirenog stomaka, gr\u010devi se ubla\u017eavaju smirivanjem mi\u0161ic\u0301a koji se skupljaju, a cirkulacija se pobolj\u0161ava kako bi se ubla\u017eila upala, istovremeno ubla\u017eavajuc\u0301i simptome kao \u0161to su gasovi, nadimanje i lo\u0161e varenje. Tako\u0111e dobro deluje za smirivanje gr\u010deva, smanjujuc\u0301i i gr\u010deve i povezan bol. Odli\u010dna pomoc\u0301 za obolele od IBS-a, poma\u017ee u odr\u017eavanju nesmetanog rada digestivnog sistema. Mu\u010dninu spre\u010davaju antispazmodi\u010dna svojstva koja spre\u010davaju kontrakciju stoma\u010dnih mi\u0161ic\u0301a.\u00a0<\/span><\/p>\n<h3><b>Reguli\u0161e menstrualni ciklus i hormone<\/b><\/h3>\n<p><span style=\"font-weight: 400;\">\u010caj od majorana mo\u017ee pomoc\u0301i da se obnovi hormonska ravnote\u017ea i reguli\u0161e menstrualni ciklus. Studije sugeri\u0161u da je od pomoc\u0301i u le\u010denju sindroma policisti\u010dnih jajnika. Tako\u0111e mo\u017ee da smanji simptome PMS-a, a svojim mi\u0161ic\u0301nim relaksantima i antispazmodi\u010dnim svojstvima mo\u017ee da ubla\u017ei menstrualne gr\u010deve i deluje kao prirodni lek protiv bolova. Sli\u010dno, tako\u0111e mo\u017ee pomoc\u0301i u ubla\u017eavanju simptoma menopauze kao \u0161to su talasi vruc\u0301ine, gubitak gustine kostiju, osteoporoza, suva ko\u017ea i umor.<\/span><\/p>\n<h3><b>Priprema \u010daja od majorana<\/b><\/h3>\n<p><span style=\"font-weight: 400;\">U \u0161olju klju\u010dale vode dodajte 1-2 ka\u0161i\u010dice \u010daja od majorana i ostavite da odstoji 2-3 minuta. Dodajte \u0161ec\u0301er ili med da zasladite po potrebi.<\/span><\/p>\n<h3><b>Oprez<\/b><\/h3>\n<p><span style=\"font-weight: 400;\">Ne preporu\u010duje se trudnicama ili dojiljama, deci ili bilo kome na operaciji, uzimanju razre\u0111iva\u010da krvi ili osobama koji pate od poremec\u0301aja zgru\u0161avanja krvi.<\/span><\/p>\n","protected":false},"excerpt":{"rendered":"<p><span style=\"font-weight: 400;\">\u010caj od majorana je blag napitak za\u010dinjenog ukusa, koji poma\u017ee u ubla\u017eavanju nesanice, upalnih stanja i stoma\u010dnih tegoba. Smanjuje simptome prehlade i virusnih bolesti. Preporu\u010duje se za redovnu upotrebu nakon infarkta i kod poremec\u0301aja nervnog sistema.<\/span><\/p>\n","protected":false},"featured_media":284033,"comment_status":"closed","ping_status":"closed","template":"","meta":[],"product_brand":[],"product_cat":[1174],"product_tag":[],"class_list":{"0":"post-262189","1":"product","2":"type-product","3":"status-publish","4":"has-post-thumbnail","6":"product_cat-herbs-sr","8":"first","9":"outofstock","10":"shipping-taxable","11":"purchasable","12":"product-type-simple"},"_links":{"self":[{"href":"https:\/\/nefertiti-eg.com\/sr\/wp-json\/wp\/v2\/product\/262189","targetHints":{"allow":["GET"]}}],"collection":[{"href":"https:\/\/nefertiti-eg.com\/sr\/wp-json\/wp\/v2\/product"}],"about":[{"href":"https:\/\/nefertiti-eg.com\/sr\/wp-json\/wp\/v2\/types\/product"}],"replies":[{"embeddable":true,"href":"https:\/\/nefertiti-eg.com\/sr\/wp-json\/wp\/v2\/comments?post=262189"}],"wp:featuredmedia":[{"embeddable":true,"href":"https:\/\/nefertiti-eg.com\/sr\/wp-json\/wp\/v2\/media\/284033"}],"wp:attachment":[{"href":"https:\/\/nefertiti-eg.com\/sr\/wp-json\/wp\/v2\/media?parent=262189"}],"wp:term":[{"taxonomy":"product_brand","embeddable":true,"href":"https:\/\/nefertiti-eg.com\/sr\/wp-json\/wp\/v2\/product_brand?post=262189"},{"taxonomy":"product_cat","embeddable":true,"href":"https:\/\/nefertiti-eg.com\/sr\/wp-json\/wp\/v2\/product_cat?post=262189"},{"taxonomy":"product_tag","embeddable":true,"href":"https:\/\/nefertiti-eg.com\/sr\/wp-json\/wp\/v2\/product_tag?post=262189"}],"curies":[{"name":"wp","href":"https:\/\/api.w.org\/{rel}","templated":true}]}}