{"id":262195,"date":"2020-12-31T14:11:50","date_gmt":"2020-12-31T12:11:50","guid":{"rendered":"https:\/\/nefertiti-eg.com\/shop\/\u043d\u0435\u043a\u0430\u0442\u0435\u0433\u043e\u0440\u0438\u0437\u043e\u0432\u0430\u043d\u043e\/fennel-tea\/"},"modified":"2023-09-11T14:53:54","modified_gmt":"2023-09-11T11:53:54","slug":"fennel-tea","status":"publish","type":"product","link":"https:\/\/nefertiti-eg.com\/sr\/shop\/herbs-sr\/fennel-tea\/","title":{"rendered":"\u010caj od komora\u010da"},"content":{"rendered":"<h3><b>Poreklo komora\u010da<\/b><\/h3>\n<p><span style=\"font-weight: 400;\">Komora\u010d, botani\u010dki naziv Foeniculum vulgare, \u010dlan je porodice Apiaceae (\u0161argarepa) i poti\u010de iz ju\u017enog Mediterana, iako se danas nalazi \u0161irom sveta. Bogat vitaminima A, B-kompleksom, C i D, aminokiselinama i brojnim drugim hranljivim materijama, ima prijatan ukus anisa. Cenjen od strane starih Egipc\u0301ana, Grka i Rimljana kao lek i hrana, za komora\u010d se dugo smatralo da ja\u010da vid, reguli\u0161e hormone, pobolj\u0161ava varenje i poma\u017ee pri pamc\u0301enju, pored toga \u0161to je prirodni osve\u017eiva\u010d daha, antidijabetik, antiinflamatorno, antispazmodi\u010dko, umirujuc\u0301e, diureti\u010dko, antimikrobno, antibakterijsko i antioksidativno dejstvo. Redovno pijenje \u010daja od komora\u010da mo\u017ee pomoc\u0301i u smanjenju rizika od mnogih ozbiljnih bolesti, uklju\u010dujuc\u0301i dijabetes, rak i glaukom, pored smanjenja holesterola i unapre\u0111enja zdravlja srca. Tako\u0111e je efikasna pomoc\u0301 protiv stanja kao \u0161to su bol u zglobovima i artritis, i mo\u017ee pomoc\u0301i u gubitku te\u017eine kada se uzima pre obroka potiskivanjem apetita.<\/span><\/p>\n<h3><b>Za bolje varenje<\/b><\/h3>\n<p><span style=\"font-weight: 400;\">Sna\u017ena isparljiva ulja u komora\u010du povec\u0301avaju proizvodnju \u017eeluda\u010dnih sokova kako bi se pokrenula probava, a istovremeno podsti\u010du krv u digestivni trakt i reguli\u0161u kontrakcije creva i ubla\u017eavaju zarobljene gasove, nadimanje, gr\u010deve i gr\u010deve. \u010caj od komora\u010da je odli\u010dna pomoc\u0301 za IBS (sindrom iritabilnog creva), op\u0161te nadimanje, dijareju, zatvor i varenje. To je tako\u0111e tradicionalni lek za smanjenje simptoma gr\u010deva i mo\u017ee se davati novoro\u0111en\u010dadi \u2013 samo dodajte u fla\u0161icu maj\u010dinog mleka ili vodu kako biste trenutno ubla\u017eili bol. Pobolj\u0161ano varenje omoguc\u0301ava telu da apsorbuje vi\u0161e hranljivih materija iz hrane i osloba\u0111a se vi\u0161ka te\u010dnosti, otpada i toksina iz tela.<\/span><\/p>\n<h3><b>Protiv prehlade i gripa<\/b><\/h3>\n<p><span style=\"font-weight: 400;\">Anetol, fenchone i estragole, isparljiva ulja sadr\u017eana u komora\u010du, pogoduju infekcijama gornjih disajnih puteva i pru\u017eaju olak\u0161anje pluc\u0301a. \u010cisti bronhijalne prolaze i ubla\u017eava tegobe kao \u0161to su bronhitis, astma i veliki ka\u0161alj, kao i poma\u017ee u razgradnji sluzi i sluzi, \u010dime se ubla\u017eava za\u010depljenog nosa i ubla\u017eavaju posledice prehlade ili gripa. Bol u grlu mo\u017ee se dodatno ubla\u017eiti ispiranjem grla sa \u010dajem. \u0160tavi\u0161e, \u010daj od komora\u010da je bogat vitaminom C i oja\u010dac\u0301e imuni sistem kako bi pomogao u borbi protiv bolesti.<\/span><\/p>\n<h3><b>Za dame<\/b><\/h3>\n<p><span style=\"font-weight: 400;\">Komora\u010d sadr\u017ei fitoestrogene, koji deluju na sli\u010dan na\u010din kao \u017eenski hormon estrogen i poma\u017eu u odr\u017eavanju hormonske ravnote\u017ee u \u017eenskom reproduktivnom sistemu. Antispazmodi\u010dna svojstva poma\u017eu u opu\u0161tanju materice i ubla\u017eavanju gr\u010deva. Odli\u010dna pomoc\u0301 za PMS i menopauzu, kao i za le\u010denje hormonskog poremec\u0301aja Sindrom policisti\u010dnih jajnika. Tako\u0111e je poznato da povec\u0301ava lu\u010denje mleka kod dojilja. Komora\u010d tako\u0111e sadr\u017ei gestagene supstance koje poma\u017eu u ravnote\u017ei \u0161titne \u017elezde i sistema \u017elezda<\/span><\/p>\n<h3><b>Za ko\u017eu i kosu<\/b><\/h3>\n<p><span style=\"font-weight: 400;\">Visoka antioksidativna svojstva sadr\u017eana u \u010daju od komora\u010da suzbijaju starenje ko\u017ee zbog slobodnih radikala. \u0160tavi\u0161e, poma\u017ee da se izbaci vi\u0161ak te\u010dnosti iz ko\u017ee, odli\u010dan je tretman za akne i podsti\u010de besprekoran ten. Bogat vitaminom E, \u010daj je odli\u010dan za\u0161titnik c\u0301elija za kosu i osim \u0161to ima koristi od njegovog pijenja, tako\u0111e c\u0301e biti odli\u010dan za ispiranje kose za uklanjanje hemijskih nakupina i ne\u010distoc\u0301a, a istovremeno joj daje sjaj.<\/span><\/p>\n<h3><b>Priprema \u010daja od komora\u010da<\/b><\/h3>\n<p><span style=\"font-weight: 400;\">Dodajte 1 ka\u0161i\u010dicu \u010daja od komora\u010da u \u0161olju kuvane vode i ostavite da odstoji 5-10 minuta<\/span><\/p>\n<h3><b>Oprez<\/b><\/h3>\n<p><span style=\"font-weight: 400;\">Izbegavajte tokom trudnoc\u0301e<\/span><\/p>\n","protected":false},"excerpt":{"rendered":"<p><span style=\"font-weight: 400;\">Ovaj \u010daj sa ukusom anisa mo\u017ee pomoc\u0301i u pokretanju zdravog varenja, smanjujuc\u0301i gr\u010deve, simptome IBS-a i stoma\u010dne tegobe. Poma\u017ee u borbi protiv obi\u010dne prehlade i gripa, koristi zdravlju \u017eena.<\/span><\/p>\n","protected":false},"featured_media":275786,"comment_status":"open","ping_status":"closed","template":"","meta":[],"product_brand":[],"product_cat":[1174],"product_tag":[],"class_list":{"0":"post-262195","1":"product","2":"type-product","3":"status-publish","4":"has-post-thumbnail","6":"product_cat-herbs-sr","7":"pa_bottle-size-200-g-sr","9":"first","10":"outofstock","11":"shipping-taxable","12":"purchasable","13":"product-type-variable"},"_links":{"self":[{"href":"https:\/\/nefertiti-eg.com\/sr\/wp-json\/wp\/v2\/product\/262195","targetHints":{"allow":["GET"]}}],"collection":[{"href":"https:\/\/nefertiti-eg.com\/sr\/wp-json\/wp\/v2\/product"}],"about":[{"href":"https:\/\/nefertiti-eg.com\/sr\/wp-json\/wp\/v2\/types\/product"}],"replies":[{"embeddable":true,"href":"https:\/\/nefertiti-eg.com\/sr\/wp-json\/wp\/v2\/comments?post=262195"}],"wp:featuredmedia":[{"embeddable":true,"href":"https:\/\/nefertiti-eg.com\/sr\/wp-json\/wp\/v2\/media\/275786"}],"wp:attachment":[{"href":"https:\/\/nefertiti-eg.com\/sr\/wp-json\/wp\/v2\/media?parent=262195"}],"wp:term":[{"taxonomy":"product_brand","embeddable":true,"href":"https:\/\/nefertiti-eg.com\/sr\/wp-json\/wp\/v2\/product_brand?post=262195"},{"taxonomy":"product_cat","embeddable":true,"href":"https:\/\/nefertiti-eg.com\/sr\/wp-json\/wp\/v2\/product_cat?post=262195"},{"taxonomy":"product_tag","embeddable":true,"href":"https:\/\/nefertiti-eg.com\/sr\/wp-json\/wp\/v2\/product_tag?post=262195"}],"curies":[{"name":"wp","href":"https:\/\/api.w.org\/{rel}","templated":true}]}}