{"id":262202,"date":"2020-12-31T13:14:22","date_gmt":"2020-12-31T11:14:22","guid":{"rendered":"https:\/\/nefertiti-eg.com\/shop\/\u043d\u0435\u043a\u0430\u0442\u0435\u0433\u043e\u0440\u0438\u0437\u043e\u0432\u0430\u043d\u043e\/guava-leaf-tea\/"},"modified":"2023-09-11T15:05:42","modified_gmt":"2023-09-11T12:05:42","slug":"guava-leaf-tea","status":"publish","type":"product","link":"https:\/\/nefertiti-eg.com\/sr\/shop\/herbs-sr\/guava-leaf-tea\/","title":{"rendered":"\u010caj od guave"},"content":{"rendered":"<h3><b>Poreklo lista Guave<\/b><\/h3>\n<p><span style=\"font-weight: 400;\">Guava \u010daj se pravi od listova egipatske Bassateen El Sabahia Guave (psidium guajava). Vekovima su svi delovi drveta kori\u0161c\u0301eni kao izvor prirodnog le\u010denja i sada ih travari \u0161irom sveta koriste zbog svojih izuzetnih zdravstvenih svojstava. Plod guave va\u017ei za jedno od novih super voc\u0301a, ali se u stvari veruje da su listovi jo\u0161 korisniji za zdravlje, \u0161to je dokazano istra\u017eivanjem objavljenim u Journal of Food and Chemistri jo\u0161 2007.<\/span><\/p>\n<p><span style=\"font-weight: 400;\">Listovi guave sadr\u017ee mno\u0161tvo korisnih supstanci, uklju\u010dujuc\u0301i fitohemikalije kao \u0161to su antocijanini, karotenoidi (posebno likopen), eteri\u010dna ulja, masne kiseline, flavonoidi kao \u0161to su kvercetin, fenoli, lektini, tanini, saponini i triterpeni, vitamin C i B3, su vitamini B3, vitamin B3, i vitamin B6. phur, natrijum, bor i mangan. Rezultat je antioksidativna, antimikrobna, antiinflamatorna, antikancerogena, antibiotska, antihistaminska, antipireti\u010dka, antivirusna, antifungalna, antiplak, antinociceptivna i anti-mutagena svojstva za ja\u010danje zdravlja i inhibiranje ili \u010dak prevenciju odre\u0111enih bolesti i oboljenja. Zdravstvene sposobnosti ovog \u010daja su zaista sjajne, pa iskoristite prednosti na\u0161eg 100% prirodnog \u010daja dodavanjem ovog \u010daja u svoju ishranu danas.<\/span><\/p>\n<h3><b>Detoksikacija i ja\u010danje imunog sistema<\/b><\/h3>\n<p><span style=\"font-weight: 400;\">Antioksidansi, zajedno sa antiinflamatornim svojstvima, mogu pomoc\u0301i u osloba\u0111anju tela od \u0161tetnih slobodnih radikala, poma\u017euc\u0301i da se telo za\u0161titi od oksidativnog stresa, starenja i odre\u0111enih hroni\u010dnih bolesti kao \u0161to su dijabetes, rak i oslabljen imuni sistem. Visok izvor vitamina C, \u010daj od listova guave c\u0301e oja\u010dati imuni sistem i, sa svojim poznatim svojstvima, pripremiti telo za borbu protiv uobi\u010dajenih infekcija, virusa i nevolja.<\/span><\/p>\n<h3><b>Upravlja dijabetesom<\/b><\/h3>\n<p><span style=\"font-weight: 400;\">Redovno pijenje \u010daja od listova guave uz svaki obrok pomoc\u0301i c\u0301e onima koji su predijabeti\u010dari i dijabeti\u010dari. Japan je sproveo nekoliko klini\u010dkih ispitivanja u vezi antidijabeti\u010dkih svojstava, ova ispitivanja otkrila da jedinjenja u \u010daju guave smanjuju aktivnost enzima alfa-glukozidaze, kao i da reguli\u0161u apsorpciju ugljenih hidrata iz hrane, kontroli\u0161u nivo \u0161ec\u0301era u krvi nakon jela kod pacijenata sa dijabetesom 2. \u0160tavi\u0161e, nije se pokazalo da ima negativnu interakciju sa lekovima za dijabetes koji se vec\u0301 uzimaju. Guava \u010daj efikasno smanjuje nivo glukoze u krvi bez povec\u0301anja proizvodnje insulina.<\/span><\/p>\n<h3><b>Protiv dijareje<\/b><\/h3>\n<p><span style=\"font-weight: 400;\">List guave se vekovima koristi kao re\u0161enje za dijareju, ali tako\u0111e promovi\u0161e zdrav i efikasniji sistem za varenje stimuli\u0161uc\u0301i proizvodnju probavnih enzima, \u010dime se smanjuju gasovi, nadimanje i lo\u0161e varenje. Sa svojim antimikrobnim i antibiotskim svojstvima, \u0161tetni mikrobi u crevima se neutrali\u0161u, inhibirajuc\u0301i bakterije koje izazivaju dijareju. Njegova antioksidativna i antiinflamatorna svojstva poma\u017eu u smirivanju i opu\u0161tanju digestivnog trakta. Posebno je koristan u slu\u010daju trovanja hranom, dizenterije, povrac\u0301anja i mu\u010dnine, tako\u0111e ubla\u017eava gr\u010deve, smanjuje vodenu stolicu i u celini podsti\u010de br\u017ei oporavak.<\/span><\/p>\n<h3><b>Promovi\u0161e zdravlje srca<\/b><\/h3>\n<p><span style=\"font-weight: 400;\">Ovaj \u010daj ima mnogo prednosti za srce. Redovno pijenje tako\u0111e mo\u017ee smanjiti nivoe triglicerida i lo\u0161eg holesterola u telu i povec\u0301ati nivoe dobrog holesterola, \u0161titec\u0301i srce od bolesti i poma\u017euc\u0301i protiv anemije. Jedinjenja u \u010daju tako\u0111e mogu pomoc\u0301i u smanjenju krvnog pritiska i smanjenju sr\u010dane frekvencije.<\/span><\/p>\n<h3><b>Promovi\u0161e gubitak te\u017eine<\/b><\/h3>\n<p><span style=\"font-weight: 400;\">Sna\u017eno oru\u017eje u borbi protiv vi\u0161ka kilograma, te \u010daj od guave mo\u017ee pomoc\u0301i na nekoliko na\u010dina. Prvo, spre\u010dava da se slo\u017eeni ugljeni hidrati pretvore u \u0161ec\u0301ere. Tako\u0111e stabilizuje hormon leptin, hormon koji pokrec\u0301e mozak kada je va\u0161 apetit zadovoljan, \u0161to je uglavnom onemoguc\u0301eno slatkom hranom. Enzimi alfa-glukozidaze tako\u0111e mogu biti inhibirani koji spre\u010davaju pretvaranje glukoze u glikogen, skladi\u0161tenje u jetri (masna jetra) i masnom tkivu kao \u0161to su stomak i kukovi, a tako\u0111e spre\u010davaju insulinsku rezistenciju i srodno zadr\u017eavanje vode. Listovi guave tako\u0111e mogu da ubla\u017ee efekte postojec\u0301e masne jetre, pobolj\u0161avajuc\u0301i oksidaciju i izvoz masnih kiselina, i na taj na\u010din smanjujuc\u0301i insulinsku rezistenciju i metaboli\u010dki raspad. Anti-inflamatorni agensi i svojstva antioksidanata mogu ubrzati metabolizam, povec\u0301avajuc\u0301i sagorevanje masti i uni\u0161tavajuc\u0301i masno tkivo i vi\u0161ak glikogena koji telu nije potreban.<\/span><\/p>\n<h3><b>Borba protiv raka<\/b><\/h3>\n<p><span style=\"font-weight: 400;\">Nekoliko studija je pokazalo da list guave mo\u017ee spre\u010diti ili \u010dak zaustaviti rast c\u0301elija raka, posebno raka dojke, prostate i oralne \u0161upljine. Jedinjenja u \u010daju deluju kao selektivni modulatori estrogenskih receptora (SERM), koji spre\u010davaju umno\u017eavanje c\u0301elija raka, dok moc\u0301ni antioksidansi spre\u010davaju o\u0161tec\u0301enje c\u0301elija slobodnim radikalima, glavnim uzro\u010dnikom raka. Postojale su posebne studije u slu\u010daju raka prostate, sa povoljnim rezultatima.<\/span><\/p>\n<h3><b>Le\u010di prehladu i ka\u0161alj<\/b><\/h3>\n<p><span style=\"font-weight: 400;\">Vitamin C i gvo\u017e\u0111e su od velike pomoc\u0301i u ubla\u017eavanju simptoma prehlade i gripa. \u010caj od guave ima iska\u0161ljavajuc\u0301i efekat, smiruje ka\u0161alj i osloba\u0111a telo od sluzi. Prirodni antibakterijski, antimikrobni, antivirusni i antiinflamatorni agensi poma\u017eu u ubijanju bakterija ili virusa, spre\u010davajuc\u0301i infekcije ili lije\u010denju i umiruju trenutne infekcije, dok antipiretik mo\u017ee pomoc\u0301i u smanjenju temperature. Istra\u017eivanja su pokazala da \u010daj efikasno spre\u010dava rast Staphilococcus aureus (Staph A) koji je \u010dest uzrok respiratornih bolesti. Rezultat je objavljen 1999. u \u010dasopisu Journal of Ethnopharmacologi. Tako\u0111e je utvr\u0111eno da inhibira virus gripa. Visok sadr\u017eaj antihistaminika tako\u0111e poma\u017ee kod alergija i bronhitisa, a pokazalo se da je \u010daj korisna pomoc\u0301 u kriti\u010dnom stanju infekcije virusom denga.<\/span><\/p>\n<h3><b>Za \u017eene<\/b><\/h3>\n<p><span style=\"font-weight: 400;\">List guave inhibira sintezu prostaglandina, \u010dime smanjuje i ubla\u017eava menstrualne gr\u010deve i deluje kao prirodni lek protiv bolova. Tako\u0111e je hormonski balanser. Tokom trudnoc\u0301e, \u017eene se \u010desto susrec\u0301u sa abnormalnim telesnim funkcijama kao \u0161to su nizak broj krvnih zrnaca, otkazivanje neurotransmitera i metaboli\u010dki poremec\u0301aj i kod majke i kod bebe. Guava sadr\u017ei magnezijum i kalijum koji pobolj\u0161avaju sintezu neurotransmitera. Vitamini, proteini, kalcijum i drugi mikronutrijenti sadr\u017eani u \u010daju igraju klju\u010dnu ulogu u razvoju zdravlja fetusa, \u0161titec\u0301i bebu od neurolo\u0161kih poremec\u0301aja i ja\u010dajuc\u0301i imuni sistem majke. \u0160tavi\u0161e, \u010daj ubla\u017eava gr\u010deve materice i ubla\u017eava uobi\u010dajene probleme sa varenjem tokom trudnoc\u0301e kao \u0161to su refluks kiseline, varenje, dijareja i zatvor. Guava tako\u0111e stabilizuje krvni pritisak, smanjujuc\u0301i komplikacije preeklampsije.<\/span><\/p>\n<h3><b>Protiv zubobolje<\/b><\/h3>\n<p><span style=\"font-weight: 400;\">Moc\u0301ni antibakterijski i antiinflamatorni agensi \u010dine \u010daj od listova guave odli\u010dnim za zubobolju, oralne \u010direve i ote\u010dene desni. Pored toga, listovi se mogu samleti u pastu i naneti na desni i zube.<\/span><\/p>\n<h3><b>Pobolj\u0161ava kvalitet sna i smanjuje uznemirenost<\/b><\/h3>\n<p><span style=\"font-weight: 400;\">Magnezijum koji se nalazi u \u010daju poma\u017ee u opu\u0161tanju mi\u0161ic\u0301a i uma, suzbijanju stresa i ja\u010danju sistema. Opu\u0161ten um podsti\u010de bolji kvalitet sna.<\/span><\/p>\n<h3><b>Upravlja poremec\u0301ajima \u0161titne \u017elezde<\/b><\/h3>\n<p><span style=\"font-weight: 400;\">Vodec\u0301i uzroci poremec\u0301aja \u0161titne \u017elezde uklju\u010duju upalu \u0161titne \u017elezde i nizak nivo bakra. Anti-inflamatorne prednosti i visok sadr\u017eaj minerala u listovima, posebno bakra, neophodni su za odr\u017eavanje zdrave \u0161titne \u017elezde, poma\u017eu\u0107i u proizvodnji i apsorpciji hormona i normalizaciji disbalansa \u0161titne \u017elezde.<\/span><\/p>\n<h3><b>Ubla\u017eavanje bolova kod artritisa i gihta<\/b><\/h3>\n<p><span style=\"font-weight: 400;\">List guave ima izuzetno moc\u0301no protivupalno sredstvo, \u0161to ga u kombinaciji sa svojim analgeti\u010dkim svojstvom \u010dini veoma efikasnim za ubla\u017eavanje bolova kod artritisa i gihta. Dalje olak\u0161anje se tako\u0111e mo\u017ee dobiti nano\u0161enjem paste od listova na zahvac\u0301eno podru\u010dje.<\/span><\/p>\n<h3><b>Priprema \u010daja od guave<\/b><\/h3>\n<p><span style=\"font-weight: 400;\">Uzmite par listova i izgnje\u010dite u fini prah. Dodajte 2-3 ka\u0161i\u010dice praha u \u0161olju i napunite prokuvanom vodom. Ostavite da odstoji 5-7 minuta.<\/span><\/p>\n","protected":false},"excerpt":{"rendered":"<p><span style=\"font-weight: 400;\">Mno\u0161tvo zdravstvenih koristi uz redovno pijenje, uklju\u010dujuc\u0301i ja\u010danje imunolo\u0161kog sistema, upravljanje dijabetesom, pobolj\u0161anje zdravlja srca i za\u0161titu od odre\u0111enih vrsta kancera. Odli\u010dna pomoc\u0301 u trudnoc\u0301i za majku i nero\u0111eno dete.<\/span><\/p>\n","protected":false},"featured_media":275810,"comment_status":"open","ping_status":"closed","template":"","meta":[],"product_brand":[],"product_cat":[1174],"product_tag":[],"class_list":{"0":"post-262202","1":"product","2":"type-product","3":"status-publish","4":"has-post-thumbnail","6":"product_cat-herbs-sr","8":"first","9":"instock","10":"shipping-taxable","11":"purchasable","12":"product-type-variable","13":"has-default-attributes"},"_links":{"self":[{"href":"https:\/\/nefertiti-eg.com\/sr\/wp-json\/wp\/v2\/product\/262202","targetHints":{"allow":["GET"]}}],"collection":[{"href":"https:\/\/nefertiti-eg.com\/sr\/wp-json\/wp\/v2\/product"}],"about":[{"href":"https:\/\/nefertiti-eg.com\/sr\/wp-json\/wp\/v2\/types\/product"}],"replies":[{"embeddable":true,"href":"https:\/\/nefertiti-eg.com\/sr\/wp-json\/wp\/v2\/comments?post=262202"}],"wp:featuredmedia":[{"embeddable":true,"href":"https:\/\/nefertiti-eg.com\/sr\/wp-json\/wp\/v2\/media\/275810"}],"wp:attachment":[{"href":"https:\/\/nefertiti-eg.com\/sr\/wp-json\/wp\/v2\/media?parent=262202"}],"wp:term":[{"taxonomy":"product_brand","embeddable":true,"href":"https:\/\/nefertiti-eg.com\/sr\/wp-json\/wp\/v2\/product_brand?post=262202"},{"taxonomy":"product_cat","embeddable":true,"href":"https:\/\/nefertiti-eg.com\/sr\/wp-json\/wp\/v2\/product_cat?post=262202"},{"taxonomy":"product_tag","embeddable":true,"href":"https:\/\/nefertiti-eg.com\/sr\/wp-json\/wp\/v2\/product_tag?post=262202"}],"curies":[{"name":"wp","href":"https:\/\/api.w.org\/{rel}","templated":true}]}}