{"id":262204,"date":"2019-08-04T17:30:08","date_gmt":"2019-08-04T15:30:08","guid":{"rendered":"https:\/\/nefertiti-eg.com\/shop\/\u043d\u0435\u043a\u0430\u0442\u0435\u0433\u043e\u0440\u0438\u0437\u043e\u0432\u0430\u043d\u043e\/anise-tea\/"},"modified":"2023-09-11T15:24:54","modified_gmt":"2023-09-11T12:24:54","slug":"anise-tea","status":"publish","type":"product","link":"https:\/\/nefertiti-eg.com\/sr\/shop\/herbs-sr\/anise-tea\/","title":{"rendered":"\u010caj od anisa"},"content":{"rendered":"<h3><b>Poreklo \u010daja od anisa<\/b><\/h3>\n<p><span style=\"font-weight: 400;\">Poznat po aromi sladic\u0301a, anis (Pimpinella anisum) je poreklom iz Egipta gde se gaji vec\u0301 4000 godina. Imao je zna\u010dajan status biljnog leka me\u0111u starim Egipc\u0301anima i Rimljanima i pominje se u faraonskim rukopisima, uklju\u010dujuc\u0301i Ebersove i Herstove papiruse zbog njegove upotrebe kao leka za mnoge bolesti. Arheolozi su otkrili seme anisa u drevnim grobnicama Tebe, \u0161to potvr\u0111uje veliko po\u0161tovanje starih Egipc\u0301ana prema ovoj multifunkcionalnoj biljci. U Bibliji se tako\u0111e pominje kao sredstvo pla\u0107anja zbog svoje velike vrednosti.<\/span><\/p>\n<p><span style=\"font-weight: 400;\">\u010caj od anisa sadr\u017ei vitamine A i C, plus esencijalne vitamine B-kompleksa, uklju\u010dujuc\u0301i riboflavin, piridoksin, niacin i tiamin, pored minerala kao \u0161to su kalcijum, bakar, kalijum, gvo\u017e\u0111e, mangan, fosfor, magnezijum i cink. Ima antioksidativna, antifungalna, antibakterijska, antivirusna, antiinflamatorna, antikonvulzivna, diureti\u010dka, mi\u0161ic\u0301na relaksantna i analgeti\u010dka svojstva. \u0160tavi\u0161e, studije su pokazale da je ispijanje \u010daja od anisa nekoliko puta dnevno efikasno za le\u010denje simptoma blage do umerene depresije, a njegov umirujuc\u0301i efekat je podjednako koristan kao i neki antidepresivi. Sveukupno, \u010daj od semena anisa ima \u0161irok spektar zdravstvenih prednosti.<\/span><\/p>\n<h3><b>Detoksikujte, oja\u010dajte i za\u0161titite organizam<\/b><\/h3>\n<p><span style=\"font-weight: 400;\">Antioksidansi, zajedno sa antiinflamatornim svojstvima, mogu pomoc\u0301i u osloba\u0111anju tela od \u0161tetnih slobodnih radikala, poma\u017euc\u0301i da se telo za\u0161titi od oksidativnog stresa, starenja i odre\u0111enih hroni\u010dnih bolesti kao \u0161to su dijabetes, bolesti srca, neurodegenerativni poremec\u0301aji, rak, starenje i oslabljen imuni sistem. Mangan i kalcijum, sadr\u017eani u semenu anisa, igraju klju\u010dnu ulogu u aktivaciji enzima, podr\u017eavajuc\u0301i proizvodnju neurotransmitera i zarastanje rana, dok je gvo\u017e\u0111e vitalni mineral za zdrave krvne c\u0301elije. \u010caj od semena anisa ja\u010da imunitet, priprema telo za borbu protiv uobi\u010dajenih infekcija, virusa i nevolja. Istra\u017eivanja su pokazala da aktivni sastojak u semenu anisa koji se zove anetol mo\u017ee regulisati \u0161ec\u0301er u krvi i pobolj\u0161ati funkciju c\u0301elija pankreasa u proizvodnji insulina. Antikonvulzivna i umirujuc\u0301a svojstva \u010dine ovo efikasnim pic\u0301em za podr\u0161ku u le\u010denju epilepsije.<\/span><\/p>\n<h3><b>Poma\u017ee varenje<\/b><\/h3>\n<p><span style=\"font-weight: 400;\">Tradicionalno se \u010daj od semena anisa koristio kao pomoc\u0301 za varenje. Anti-inflamatorna i analgeti\u010dka svojstva poma\u017eu u smirivanju digestivnog trakta u slu\u010daju dijareje ili gr\u010deva, ubla\u017eavajuc\u0301i gr\u010deve i bol. On inhibira \u0161tetne bakterije u probavnom sistemu, smanjujuc\u0301i gasove, nadimanje i upalu i odr\u017eavajuc\u0301i creva srec\u0301nim. Studije su pokazale da je efikasan u smanjenju simptoma IBS-a. Svojstva \u010daja tako\u0111e povec\u0301avaju \u017eeluda\u010dnu sluz, \u0161to rezultira daljom za\u0161titom sluzoko\u017ee \u017eeluca, spre\u010davajuc\u0301i na taj na\u010din njegovu eroziju od probavnih kiselina, smanjujuc\u0301i rizik od razvoja \u010dira na \u017eelucu i dajuc\u0301i moguc\u0301nost zarastanja postojec\u0301ih \u010direva. \u010caj tako\u0111e smanjuje osec\u0301aj mu\u010dnine, a odli\u010dan je i kao hladan napitak za le\u010denje probavne smetnje kod dece.<\/span><\/p>\n<h3><b>Uni\u0161tava bakterije i viruse<\/b><\/h3>\n<p><span style=\"font-weight: 400;\">\u010caj od semena anisa je posebno bogat fenilpropanoidima, moc\u0301nim antioksidansom koji ima sposobnost da se bori protiv gljivi\u010dnih infekcija, \u010dak i protiv rasta parazita koji izaziva malariju, i blokira bakterije odgovorne za koleru. Antivirusni i antibakterijski, ovaj \u010daj je savr\u0161en napitak za one koji pate od zagu\u0161enja grudnog ko\u0161a i sinusa i upale usled prehlade, gripa, bronhitisa ili astme. Deluje kao ekspektorans, \u010dime otpu\u0161ta sluz u grlu i respiratornom sistemu i omoguc\u0301ava njeno raspr\u0161ivanje, a istovremeno smanjuje bol. Mi\u0161ic\u0301ni relaksant i antiinflamatorna svojstva opu\u0161taju traheju, \u0161titec\u0301i od ka\u0161lja i nadra\u017eenog grla. Pored toga, odli\u010dan je lek protiv gljivica i gljivi\u010dnih infekcija uklju\u010dujuc\u0301i Kandidu. Gljivi\u010dne infekcije i rane mogu se dodatno pomoc\u0301i upotrebom obloga od \u010daja od semena anisa na zahvac\u0301eno podru\u010dje. Seme anisa tako\u0111e mo\u017ee pomoc\u0301i u za\u0161titi od bolesti desni kao \u0161to su gingivitis i parodontitis i elimini\u0161e lo\u0161 zadah. Odli\u010dan izbor pic\u0301a nakon obroka za zasla\u0111ivanje daha nakon o\u0161tre hrane.<\/span><\/p>\n<h3><b>Za dame<\/b><\/h3>\n<p><span style=\"font-weight: 400;\">Seme anisa je odli\u010dna pomoc\u0301 za ubla\u017eavanje simptoma menopauze. Veruje se da opona\u0161a efekte estrogena, \u0161titec\u0301i od prirodnog opadanja hormona i smanjuje i \u0161titi od simptoma kao \u0161to su talasi vruc\u0301ine, gubitak gustine kostiju, osteoporoza, suva ko\u017ea i umor. Sli\u010dno, tako\u0111e mo\u017ee da smanji simptome PMS-a, a sa svojim mi\u0161ic\u0301nim relaksantima i antispazmodi\u010dnim svojstvima mo\u017ee da ubla\u017ei menstrualne gr\u010deve i deluje kao prirodni lek protiv bolova. Za dojilje, \u010daj od anisa bi bio veoma koristan napitak u svakodnevnoj ishrani jer je poznato da podsti\u010de proizvodnju maj\u010dinog mleka i \u010dak mo\u017ee da smanji gr\u010deve kod beba kroz maj\u010dino mleko.<\/span><\/p>\n<h3><b>Priprema \u010daja od anisa<\/b><\/h3>\n<p><span style=\"font-weight: 400;\">Dodajte jednu ka\u0161i\u010dicu semena anisa u \u0161olju klju\u010dale vode i pustite da odstoji 10 minuta.<\/span><\/p>\n<h3><b>Oprez<\/b><\/h3>\n<p><span style=\"font-weight: 400;\">Seme anisa mo\u017ee potencijalno da izazove kontrakcije materice i zato ga treba uzimati samo u veoma malim koli\u010dinama tokom trudnoc\u0301e.<\/span><\/p>\n","protected":false},"excerpt":{"rendered":"<p><span style=\"font-weight: 400;\">\u010caj od anisa, sa toplim za\u010dinskim ukusom sladic\u0301a, efikasan je lek za depresiju. Moc\u0301an antioksidans, poma\u017ee u za\u0161titi organizma i ja\u010danju imuniteta. Tako\u0111e poma\u017ee varenje, uravnote\u017euje nivo \u0161ec\u0301era u krvi, poma\u017ee u le\u010denju respiratornih infekcija i smanjuje simptome PMS-a i menopauze.<\/span><\/p>\n","protected":false},"featured_media":275726,"comment_status":"open","ping_status":"closed","template":"","meta":[],"product_brand":[],"product_cat":[1174],"product_tag":[],"class_list":{"0":"post-262204","1":"product","2":"type-product","3":"status-publish","4":"has-post-thumbnail","6":"product_cat-herbs-sr","8":"first","9":"outofstock","10":"shipping-taxable","11":"purchasable","12":"product-type-variable","13":"has-default-attributes"},"_links":{"self":[{"href":"https:\/\/nefertiti-eg.com\/sr\/wp-json\/wp\/v2\/product\/262204","targetHints":{"allow":["GET"]}}],"collection":[{"href":"https:\/\/nefertiti-eg.com\/sr\/wp-json\/wp\/v2\/product"}],"about":[{"href":"https:\/\/nefertiti-eg.com\/sr\/wp-json\/wp\/v2\/types\/product"}],"replies":[{"embeddable":true,"href":"https:\/\/nefertiti-eg.com\/sr\/wp-json\/wp\/v2\/comments?post=262204"}],"wp:featuredmedia":[{"embeddable":true,"href":"https:\/\/nefertiti-eg.com\/sr\/wp-json\/wp\/v2\/media\/275726"}],"wp:attachment":[{"href":"https:\/\/nefertiti-eg.com\/sr\/wp-json\/wp\/v2\/media?parent=262204"}],"wp:term":[{"taxonomy":"product_brand","embeddable":true,"href":"https:\/\/nefertiti-eg.com\/sr\/wp-json\/wp\/v2\/product_brand?post=262204"},{"taxonomy":"product_cat","embeddable":true,"href":"https:\/\/nefertiti-eg.com\/sr\/wp-json\/wp\/v2\/product_cat?post=262204"},{"taxonomy":"product_tag","embeddable":true,"href":"https:\/\/nefertiti-eg.com\/sr\/wp-json\/wp\/v2\/product_tag?post=262204"}],"curies":[{"name":"wp","href":"https:\/\/api.w.org\/{rel}","templated":true}]}}