{"id":262208,"date":"2020-12-31T13:35:48","date_gmt":"2020-12-31T11:35:48","guid":{"rendered":"https:\/\/nefertiti-eg.com\/shop\/\u043d\u0435\u043a\u0430\u0442\u0435\u0433\u043e\u0440\u0438\u0437\u043e\u0432\u0430\u043d\u043e\/bedouin-tea\/"},"modified":"2023-09-11T15:32:39","modified_gmt":"2023-09-11T12:32:39","slug":"bedouin-tea","status":"publish","type":"product","link":"https:\/\/nefertiti-eg.com\/sr\/shop\/herbs-sr\/bedouin-tea\/","title":{"rendered":"Beduinski \u010daj"},"content":{"rendered":"<h3><b>Poreklo beduinskog \u010daja<\/b><\/h3>\n<p><span style=\"font-weight: 400;\">Ovaj divno osve\u017eavajuc\u0301i i lekoviti beduinski \u010daj je napravljen od tradicionalne beduinske biljke Habak (Mentha longifolia) koja je poreklom iz severoisto\u010dne Afrike. Drevna biljka, tako\u0111e se pominje u Bibliji. Tradicionalno kori\u0161c\u0301en za le\u010denje prehlade i gripa, poma\u017ee varenje i olak\u0161ava bol u grlu ili umiruje uznemireni stomak, zajedno sa svojom sposobno\u0161c\u0301u da proizvodi znoj i tako hladi telo, dobro je slu\u017eio beduinskim plemenima eonima generacija. U modernoj eri mnoge od ovih farmakolo\u0161kih aktivnosti i terapijskih indikacija sada su potvr\u0111ene studijama i identifikovane su dalje zdravstvene koristi.<\/span><\/p>\n<p><span style=\"font-weight: 400;\">Bogat vitaminima A, B, C i K, beta karotenom i esencijalnim mineralima kao \u0161to su natrijum, kalcijum, fosfor, cink, kalijum, gvo\u017e\u0111e, mangan i magnezijum, Habek tako\u0111e sadr\u017ei velike koli\u010dine isparljivih ulja, posebno epoksid pulegon, flavonoide, dve komponente fenamacin-karolne kiseline, dve komponente. ceramidi, seskviterpeni, terpeni i terpenoidi. Ima antibakterijska, antisepti\u010dka, antimikrobna, antispazmodi\u010dna, antiinflamatorna, antiastmati\u010dna, antikataralna, antioksidativna, hepatoprotektivna, antireumatska, diureti\u010dka, stimulativna i karminativna svojstva, \u0161to mo\u017ee pomoc\u0301i u le\u010denju i\/ili prevenciji razli\u010ditih bolesti. Redovno ispijanje ovog \u010daja c\u0301e delovati i kao tonik za celo telo, podsti\u010duc\u0301i dobro zdravlje.<\/span><\/p>\n<h3><b>Umiruje uznemireni stomak i pobolj\u0161ava varenje<\/b><\/h3>\n<p><span style=\"font-weight: 400;\">Beduinski \u010daj je odli\u010dan izbor pre ili posle obroka. Deluje kao odli\u010dno predjelo jer njegova aroma stimuli\u0161e pljuva\u010dne \u017elezde da lu\u010de digestivne enzime, \u010dime se olak\u0161ava varenje. Posle ili tokom obroka, odli\u010dno je sredstvo za \u010di\u0161c\u0301enje nepca. Odli\u010dan germicid i antiseptik, dobro deluje kod gastrointestinalnih tegoba, bavec\u0301i se osnovnim uzrokom problema. Studije su pokazale da su dva jedinjenja sadr\u017eana u habeku, timol i karvakrol, odli\u010dan borac protiv bakterija, sa efikasno\u0161c\u0301u protiv sojeva otpornih na antibiotike, uklju\u010dujuc\u0301i npr. koli i salmonela. U slu\u010daju uznemirenog stomaka, gr\u010devi se ubla\u017eavaju smirivanjem mi\u0161ic\u0301a koji se skupljaju, a cirkulacija se pobolj\u0161ava kako bi se otklonila upala, tako\u0111e ubla\u017eavajuc\u0301i simptome kao \u0161to su gasovi, nadimanje i lo\u0161e varenje. Tako\u0111e dobro deluje za smirivanje gr\u010deva, smanjujuc\u0301i i gr\u010deve i povezan bol. Odli\u010dna pomoc\u0301 za obolele od IBS-a, poma\u017ee u odr\u017eavanju nesmetanog rada digestivnog sistema. Mu\u010dninu spre\u010davaju antispazmodi\u010dna svojstva koja spre\u010davaju kontrakciju stoma\u010dnih mi\u0161ic\u0301a. Prirodni lek za prevenciju bolesti, tako\u0111e i posle operacije ili hemoterapije.<\/span><\/p>\n<h3><b>Bori se protiv prehlade, gripa i alergija<\/b><\/h3>\n<p><span style=\"font-weight: 400;\">Antibakterijska, antivirusna i antiinflamatorna svojstva poma\u017eu u borbi protiv za\u010depljenih sinusa i ubla\u017eavanju ograni\u010denja bronhija usled obi\u010dne prehlade, virusnih infekcija i alergija. Para iz \u010daja je tako\u0111e strate\u0161ko oru\u017eje za sinuse, pobolj\u0161avajuc\u0301i protok vazduha unutar nosne \u0161upljine. Antispazmodik i relaksant mi\u0161ic\u0301a, tako\u0111e smiruje bol u grlu i iritirajuc\u0301i ka\u0161alj. Antioksidansi omoguc\u0301avaju belim krvnim zrncima da br\u017ee putuju kroz telo kako bi se borili protiv infekcije, a esencijalni vitamini i hranljive materije ja\u010daju imuni sistem. \u010caj tako\u0111e ima svojstva da izaziva znojenje, \u010dime ubla\u017eava toplotu i telesnu temperaturu, \u0161to mo\u017ee biti korisno kod prehlade ili groznice. U ovom slu\u010daju se preporu\u010duje ja\u010di napitak. Istra\u017eivanja su pokazala da su timol i karvakrol sadr\u017eani u habeku efikasni protiv Staphilococcus aureus koji mo\u017ee izazvati te\u0161ke respiratorne bolesti i gornjih i donjih disajnih puteva, kao i u\u0161iju, nosu i grlu. Sezonske alergije c\u0301e imati koristi od antiinflamatornih svojstava, dok c\u0301e svojstva \u010daja tako\u0111e zabraniti osloba\u0111anje odre\u0111enih hemikalija koje mogu pogor\u0161ati te\u0161ke nazalne simptome, plus pru\u017eiti olak\u0161anje od svraba u grlu, \u010dime c\u0301e se ubla\u017eiti simptomi polenske groznice. Osobe koje pate od astme c\u0301e imati koristi od relaksirajuc\u0301ih svojstava, donosec\u0301i olak\u0161anje od kongestije i bronhijalne restrikcije.<\/span><\/p>\n<h3><b>Detoksikacija i gubitak te\u017eine<\/b><\/h3>\n<p><span style=\"font-weight: 400;\">Habek sadr\u017ei dokazano visok nivo antioksidanata, zajedno sa antiinflamatornim svojstvima, koji poma\u017eu u osloba\u0111anju tela od \u0161tetnih slobodnih radikala, \u0161titec\u0301i od o\u0161tec\u0301enja proteina, DNK i lipida i poma\u017eu u za\u0161titi tela od oksidativnog stresa i odre\u0111enih hroni\u010dnih bolesti kao \u0161to su dijabetes, rak i oslabljen imuni sistem. Tako\u0111e, vitamini i hranljive materije u \u010daju c\u0301e oja\u010dati prirodni imuni sistem tela. Kao prirodni diuretik, ovaj \u010daj mo\u017ee da izbaci toksine iz tela, pro\u010di\u0161c\u0301avajuc\u0301i, pro\u010di\u0161c\u0301avajuc\u0301i i stimuli\u0161uc\u0301i bubrege i jetru. Hranljive materije u habeku tako\u0111e poma\u017eu u pre\u010di\u0161c\u0301avanju krvi, dok kalijum mo\u017ee pomoc\u0301i u smanjenju krvnog pritiska. Antibiotska, antimikrobna i antivirusna svojstva smanjuju i \u0161tite od virusnih i bakterijskih bolesti, \u010dak \u0161tite i od agresivnih sojeva otpornih na antibiotike kao \u0161to je Staphilococcus aureus koji mogu da izazovu pusto\u0161 na skoro svakom delu tela. Ujedno mo\u017ee za\u0161tititi od preteranog rasta kandide iznutra uz samo redovno ispijanje \u010daja.<\/span><\/p>\n<p><span style=\"font-weight: 400;\">Za gubitak te\u017eine, beduinski \u010daj mo\u017ee pomoc\u0301i stimulisanjem digestivnih enzima, pravilnom varenju i apsorpcijom hranljivih materija, podsticanjem metabolizma i osiguravanjem da se masti pravilno koriste, a ne skladi\u0161te. Diureti\u010dko svojstvo dalje osigurava da se vi\u0161ak te\u010dnosti ne skladi\u0161ti, a pravilno varenje promovi\u0161e eliminaciju gasova i nadimanja.<\/span><\/p>\n<h3><b>Deluje na nervni sistem<\/b><\/h3>\n<p><span style=\"font-weight: 400;\">Adaptogena svojstva prona\u0111ena u habeku c\u0301e povec\u0301ati otpornost tela na stres, regulisati nivoe kortizola i osloboditi malu koli\u010dinu serotonina u mozgu kako bi se pobedila depresija i promovisalo blagostanje i opu\u0161tanje, efikasno ubla\u017eavajuc\u0301i mentalni stres i anksioznost. Tako\u0111e mo\u017ee smanjiti krvni pritisak i telesnu temperaturu, dodatno poja\u010davajuc\u0301i opu\u0161tanje.\u00a0<\/span><\/p>\n<h3><b>Prirodno re\u0161enje protiv bolova<\/b><\/h3>\n<p><span style=\"font-weight: 400;\">Prirodni vazodilatator, beduinski \u010daj mo\u017ee pomoc\u0301i u borbi protiv glavobolje uzrokovane napeto\u0161c\u0301u ili umorom tako \u0161to opu\u0161ta napete mi\u0161ic\u0301e i ubla\u017eava bol. Tako\u0111e odli\u010dno za menstrualne bolove jer mo\u017ee smanjiti intenzitet i du\u017einu mi\u0161ic\u0301nih kontrakcija. Njegovo antinociceptivno svojstvo \u010dini ovaj \u010daj idealnim za bolove kod reumatoidnog artritisa, blokirajuc\u0301i ili smanjujuc\u0301i receptore za bol. Dodatna pomoc\u0301 za ovo stanje se tako\u0111e mo\u017ee nac\u0301i tako \u0161to c\u0301ete napraviti oblog od listova i nanijeti na zglobove koji boluju od artritisa kako bi se podstakao protok krvi u zahvac\u0301eno podru\u010dje i smanjio otok.<\/span><\/p>\n<h3><b>Oralno zdravlje<\/b><\/h3>\n<p><span style=\"font-weight: 400;\">Antibakterijska svojstva c\u0301e inhibirati klice u ustima koje uzrokuju lo\u0161 zadah i plak, kao i bolesti desni kao \u0161to je gingivitis. Sve\u017e ukus i aroma c\u0301e neutralisati sve neprijatne mirise konzumirane hrane.<\/span><\/p>\n<h3><b>Priprema beduinskog \u010daja<\/b><\/h3>\n<p><span style=\"font-weight: 400;\">Doziranje: 1 ka\u0161i\u010dicu beduinskog \u010daja dodati u \u0161olju kuvane vode i ostaviti da odstoji 2-3 minuta.\u00a0<\/span><\/p>\n","protected":false},"excerpt":{"rendered":"<p><span style=\"font-weight: 400;\">\u010cudesno osve\u017eavajuc\u0301i, ovaj \u010daj deluje umirujuc\u0301e, detoksikuje organizam, smiruje \u017eeludac, pobolj\u0161ava varenje i smanjuje mu\u010dninu, poma\u017ee u gubitku te\u017eine i podr\u017eava oralno zdravlje.<\/span><\/p>\n","protected":false},"featured_media":275768,"comment_status":"open","ping_status":"closed","template":"","meta":[],"product_brand":[],"product_cat":[1174],"product_tag":[],"class_list":{"0":"post-262208","1":"product","2":"type-product","3":"status-publish","4":"has-post-thumbnail","6":"product_cat-herbs-sr","8":"first","9":"instock","10":"shipping-taxable","11":"purchasable","12":"product-type-variable","13":"has-default-attributes"},"_links":{"self":[{"href":"https:\/\/nefertiti-eg.com\/sr\/wp-json\/wp\/v2\/product\/262208","targetHints":{"allow":["GET"]}}],"collection":[{"href":"https:\/\/nefertiti-eg.com\/sr\/wp-json\/wp\/v2\/product"}],"about":[{"href":"https:\/\/nefertiti-eg.com\/sr\/wp-json\/wp\/v2\/types\/product"}],"replies":[{"embeddable":true,"href":"https:\/\/nefertiti-eg.com\/sr\/wp-json\/wp\/v2\/comments?post=262208"}],"wp:featuredmedia":[{"embeddable":true,"href":"https:\/\/nefertiti-eg.com\/sr\/wp-json\/wp\/v2\/media\/275768"}],"wp:attachment":[{"href":"https:\/\/nefertiti-eg.com\/sr\/wp-json\/wp\/v2\/media?parent=262208"}],"wp:term":[{"taxonomy":"product_brand","embeddable":true,"href":"https:\/\/nefertiti-eg.com\/sr\/wp-json\/wp\/v2\/product_brand?post=262208"},{"taxonomy":"product_cat","embeddable":true,"href":"https:\/\/nefertiti-eg.com\/sr\/wp-json\/wp\/v2\/product_cat?post=262208"},{"taxonomy":"product_tag","embeddable":true,"href":"https:\/\/nefertiti-eg.com\/sr\/wp-json\/wp\/v2\/product_tag?post=262208"}],"curies":[{"name":"wp","href":"https:\/\/api.w.org\/{rel}","templated":true}]}}