{"id":262210,"date":"2021-09-12T17:48:10","date_gmt":"2021-09-12T15:48:10","guid":{"rendered":"https:\/\/nefertiti-eg.com\/shop\/\u043d\u0435\u043a\u0430\u0442\u0435\u0433\u043e\u0440\u0438\u0437\u043e\u0432\u0430\u043d\u043e\/wheat-germ-oil-hair-conditioner\/"},"modified":"2023-09-11T15:38:09","modified_gmt":"2023-09-11T12:38:09","slug":"wheat-germ-oil-hair-conditioner","status":"publish","type":"product","link":"https:\/\/nefertiti-eg.com\/sr\/shop\/conditioner-uk-sr\/wheat-germ-oil-hair-conditioner\/","title":{"rendered":"BALZAM ZA KOSU SA ULJEM P\u0160ENI\u010cNIH KLICA"},"content":{"rendered":"<h3><b>Prednosti balzama za kosu sa uljem p\u0161eni\u010dnih klica<\/b><\/h3>\n<ul>\n<li><span style=\"font-weight: 400;\"> Balzam p\u0161eni\u010dnih klica sadr\u017ei visoku koncentraciju vitamina E, kao i karotenoide, polinezasic\u0301ene masne kiseline, vitamine i minerale, \u010dinec\u0301i ovaj balsam idealnim za sve tipove kose.<\/span><\/li>\n<li><span style=\"font-weight: 400;\"> Zasic\u0301uje c\u0301elije kiseonikom, dubinski hrani folikule kose.<\/span><\/li>\n<li><span style=\"font-weight: 400;\"> Vrac\u0301a strukturu i elasti\u010dnost suve kose.<\/span><\/li>\n<li><span style=\"font-weight: 400;\"> Ja\u010da koren i spre\u010dava gubitak kose.<\/span><\/li>\n<li><span style=\"font-weight: 400;\"> Vla\u017ei i hrani kosu.<\/span><\/li>\n<li><span style=\"font-weight: 400;\"> \u0160titi od \u0161tetnih uticaja okoline, uklju\u010dujuc\u0301i UV zrake.<\/span><\/li>\n<\/ul>\n<h3><b>Kori\u0161c\u0301enje balzama za kosu sa uljem p\u0161eni\u010dnih klica<\/b><\/h3>\n<p><span style=\"font-weight: 400;\">Nakon \u0161amponiranja, nanesite Nefertiti balzam na kosu i ko\u017eu glave. Korisno je umotati kosu u pe\u0161kir nakon nano\u0161enja. Posle 5-10 minuta temeljno isperite balzam. Preporu\u010duje se nano\u0161enje 2 puta nedeljno.<\/span><\/p>\n<h3><b>Rezultat<\/b><\/h3>\n<p><span style=\"font-weight: 400;\">Kosa je jaka, zdrava, lepr\u0161ava i sjajna.<\/span><\/p>\n<h3><b>Aktivni sastojci<\/b><\/h3>\n<p><span style=\"font-weight: 400;\">PH regulator kiselosti, ulje p\u0161eni\u010dnih klica, proteini, keratin, eteri\u010dna ulja.<\/span><\/p>\n","protected":false},"excerpt":{"rendered":"<p><span style=\"font-weight: 400;\">Idealan za sve tipove kose.<\/span><\/p>\n","protected":false},"featured_media":276066,"comment_status":"open","ping_status":"closed","template":"","meta":[],"product_brand":[],"product_cat":[1176,1088],"product_tag":[],"class_list":{"0":"post-262210","1":"product","2":"type-product","3":"status-publish","4":"has-post-thumbnail","6":"product_cat-conditioner-uk-sr","7":"product_cat-natural-cosmetics-sr","9":"first","10":"outofstock","11":"shipping-taxable","12":"purchasable","13":"product-type-simple"},"_links":{"self":[{"href":"https:\/\/nefertiti-eg.com\/sr\/wp-json\/wp\/v2\/product\/262210","targetHints":{"allow":["GET"]}}],"collection":[{"href":"https:\/\/nefertiti-eg.com\/sr\/wp-json\/wp\/v2\/product"}],"about":[{"href":"https:\/\/nefertiti-eg.com\/sr\/wp-json\/wp\/v2\/types\/product"}],"replies":[{"embeddable":true,"href":"https:\/\/nefertiti-eg.com\/sr\/wp-json\/wp\/v2\/comments?post=262210"}],"wp:featuredmedia":[{"embeddable":true,"href":"https:\/\/nefertiti-eg.com\/sr\/wp-json\/wp\/v2\/media\/276066"}],"wp:attachment":[{"href":"https:\/\/nefertiti-eg.com\/sr\/wp-json\/wp\/v2\/media?parent=262210"}],"wp:term":[{"taxonomy":"product_brand","embeddable":true,"href":"https:\/\/nefertiti-eg.com\/sr\/wp-json\/wp\/v2\/product_brand?post=262210"},{"taxonomy":"product_cat","embeddable":true,"href":"https:\/\/nefertiti-eg.com\/sr\/wp-json\/wp\/v2\/product_cat?post=262210"},{"taxonomy":"product_tag","embeddable":true,"href":"https:\/\/nefertiti-eg.com\/sr\/wp-json\/wp\/v2\/product_tag?post=262210"}],"curies":[{"name":"wp","href":"https:\/\/api.w.org\/{rel}","templated":true}]}}