{"id":262213,"date":"2021-09-13T12:45:48","date_gmt":"2021-09-13T10:45:48","guid":{"rendered":"https:\/\/nefertiti-eg.com\/shop\/\u043d\u0435\u043a\u0430\u0442\u0435\u0433\u043e\u0440\u0438\u0437\u043e\u0432\u0430\u043d\u043e\/cobra-oil-snake-oil-conditioner\/"},"modified":"2023-09-11T16:11:40","modified_gmt":"2023-09-11T13:11:40","slug":"cobra-oil-snake-oil-conditioner","status":"publish","type":"product","link":"https:\/\/nefertiti-eg.com\/sr\/shop\/conditioner-uk-sr\/cobra-oil-snake-oil-conditioner\/","title":{"rendered":"BALZAM ZA KOSU SA ULJEM KOBRE"},"content":{"rendered":"<h3><b>Prednosti balzama za kosu sa uljem kobre<\/b><\/h3>\n<ul>\n<li><span style=\"font-weight: 400;\"> Kobrino ulje sadr\u017ei kompleks esencijalnih masnih kiselina, \u0161to ovaj balzam \u010dini idealnim za sve tipove kose.<\/span><\/li>\n<li><span style=\"font-weight: 400;\"> Popravlja o\u0161tec\u0301enu kosu i pobolj\u0161ava strukturu kose.<\/span><\/li>\n<li><span style=\"font-weight: 400;\"> Hrani folikul dlake, pobolj\u0161ava rast kose.<\/span><\/li>\n<li><span style=\"font-weight: 400;\"> Podmla\u0111uje ko\u017eu glave, vla\u017ei i hrani kosu.<\/span><\/li>\n<li><span style=\"font-weight: 400;\"> Zaustavlja opadanje kose, poma\u017ee kod c\u0301elavosti.<\/span><\/li>\n<li><span style=\"font-weight: 400;\"> Ubrzava biohemijske procese u c\u0301elijama kose.<\/span><\/li>\n<li><span style=\"font-weight: 400;\"> \u0160titi kosu od \u0161tetnih uticaja okoline.<\/span><\/li>\n<\/ul>\n<h3><b>Kori\u0161c\u0301enje balzama za kosu sa uljem kobre<\/b><\/h3>\n<p><span style=\"font-weight: 400;\">Nakon \u0161amponiranja, nanesite Nefertiti balzam na kosu i ko\u017eu glave. Korisno je umotati kosu u pe\u0161kir nakon nano\u0161enja. Posle 5-10 minuta temeljno isperite balzam. Preporu\u010duje se nano\u0161enje 2 puta nedeljno.<\/span><\/p>\n<h3><b>Rezultat<\/b><\/h3>\n<p><span style=\"font-weight: 400;\">Kosa je sjajna, elasti\u010dna, lepr\u0161ava, jaka i ima bolji volumen.<\/span><\/p>\n<h3><b>Aktivni sastojci<\/b><\/h3>\n<p><span style=\"font-weight: 400;\">PH regulator kiselosti, ulje kobre, protein, keratin, eteri\u010dna ulja.<\/span><\/p>\n","protected":false},"excerpt":{"rendered":"<p><span style=\"font-weight: 400;\">Idealan za sve tipove kose.<\/span><\/p>\n","protected":false},"featured_media":276050,"comment_status":"open","ping_status":"closed","template":"","meta":[],"product_brand":[],"product_cat":[1176,1088],"product_tag":[],"class_list":{"0":"post-262213","1":"product","2":"type-product","3":"status-publish","4":"has-post-thumbnail","6":"product_cat-conditioner-uk-sr","7":"product_cat-natural-cosmetics-sr","8":"pa_bottle-size-500-g-sr","10":"first","11":"instock","12":"shipping-taxable","13":"purchasable","14":"product-type-variable","15":"has-default-attributes"},"_links":{"self":[{"href":"https:\/\/nefertiti-eg.com\/sr\/wp-json\/wp\/v2\/product\/262213","targetHints":{"allow":["GET"]}}],"collection":[{"href":"https:\/\/nefertiti-eg.com\/sr\/wp-json\/wp\/v2\/product"}],"about":[{"href":"https:\/\/nefertiti-eg.com\/sr\/wp-json\/wp\/v2\/types\/product"}],"replies":[{"embeddable":true,"href":"https:\/\/nefertiti-eg.com\/sr\/wp-json\/wp\/v2\/comments?post=262213"}],"wp:featuredmedia":[{"embeddable":true,"href":"https:\/\/nefertiti-eg.com\/sr\/wp-json\/wp\/v2\/media\/276050"}],"wp:attachment":[{"href":"https:\/\/nefertiti-eg.com\/sr\/wp-json\/wp\/v2\/media?parent=262213"}],"wp:term":[{"taxonomy":"product_brand","embeddable":true,"href":"https:\/\/nefertiti-eg.com\/sr\/wp-json\/wp\/v2\/product_brand?post=262213"},{"taxonomy":"product_cat","embeddable":true,"href":"https:\/\/nefertiti-eg.com\/sr\/wp-json\/wp\/v2\/product_cat?post=262213"},{"taxonomy":"product_tag","embeddable":true,"href":"https:\/\/nefertiti-eg.com\/sr\/wp-json\/wp\/v2\/product_tag?post=262213"}],"curies":[{"name":"wp","href":"https:\/\/api.w.org\/{rel}","templated":true}]}}