{"id":262215,"date":"2021-09-12T17:43:19","date_gmt":"2021-09-12T15:43:19","guid":{"rendered":"https:\/\/nefertiti-eg.com\/shop\/\u043d\u0435\u043a\u0430\u0442\u0435\u0433\u043e\u0440\u0438\u0437\u043e\u0432\u0430\u043d\u043e\/jojoba-oil-hair-conditioner\/"},"modified":"2023-09-11T16:14:35","modified_gmt":"2023-09-11T13:14:35","slug":"jojoba-oil-hair-conditioner","status":"publish","type":"product","link":"https:\/\/nefertiti-eg.com\/sr\/shop\/conditioner-uk-sr\/jojoba-oil-hair-conditioner\/","title":{"rendered":"BALZAM ZA KOSU SA ULJEM JOJOBE"},"content":{"rendered":"<h3><b>Prednosti balzama za kosu sa jojobinim uljem<\/b><\/h3>\n<ul>\n<li><span style=\"font-weight: 400;\"> Jojobino ulje je bogato vitaminom E, \u0161to ovaj balzam \u010dini idealnim za sve tipove kose.<\/span><\/li>\n<li><span style=\"font-weight: 400;\"> Ovaj balzam je posebno pogodan za negu suvih i ispucalih vrhova.<\/span><\/li>\n<li><span style=\"font-weight: 400;\"> Poma\u017ee u za\u0161titi kose od bledenja i su\u0161enja.<\/span><\/li>\n<li><span style=\"font-weight: 400;\"> Smanjuje hroni\u010dni svrab ko\u017ee glave i poma\u017ee da se re\u0161ite peruti.<\/span><\/li>\n<li><span style=\"font-weight: 400;\"> Poma\u017ee rast kose i zaustavlja gubitak kose.<\/span><\/li>\n<li><span style=\"font-weight: 400;\"> Obnavlja o\u0161tec\u0301enu strukturu vlasi, vla\u017ei i hrani kosu.<\/span><\/li>\n<li><span style=\"font-weight: 400;\"> \u0160titi od \u0161tetnih uticaja okoline.<\/span><\/li>\n<\/ul>\n<h3><b>Kori\u0161c\u0301enje balzama za kosu sa uljem jojobe<\/b><\/h3>\n<p><span style=\"font-weight: 400;\">Nakon \u0161amponiranja, nanesite Nefertiti balzam na kosu i ko\u017eu glave. Korisno je umotati kosu u pe\u0161kir nakon nano\u0161enja. Posle 5-10 minuta temeljno isperite balzam. Preporu\u010duje se nano\u0161enje 2 puta nedeljno.<\/span><\/p>\n<h3><b>Rezultat<\/b><\/h3>\n<p><span style=\"font-weight: 400;\">Kosa je hidrirana, jaka, zdrava, meka i svilenkasta.<\/span><\/p>\n<h3><b>Aktivni sastojci<\/b><\/h3>\n<p><span style=\"font-weight: 400;\">Regulator PH kiselosti, ulje jojobe, proteini, keratin, eteri\u010dna ulja.<\/span><\/p>\n","protected":false},"excerpt":{"rendered":"<p><span style=\"font-weight: 400;\">Idealan za suvu, o\u0161tec\u0301enu i farbanu kosu i kosu sklonu opadanju.<\/span><\/p>\n","protected":false},"featured_media":276042,"comment_status":"open","ping_status":"closed","template":"","meta":[],"product_brand":[],"product_cat":[1176,1088],"product_tag":[],"class_list":{"0":"post-262215","1":"product","2":"type-product","3":"status-publish","4":"has-post-thumbnail","6":"product_cat-conditioner-uk-sr","7":"product_cat-natural-cosmetics-sr","9":"first","10":"instock","11":"shipping-taxable","12":"purchasable","13":"product-type-simple"},"_links":{"self":[{"href":"https:\/\/nefertiti-eg.com\/sr\/wp-json\/wp\/v2\/product\/262215","targetHints":{"allow":["GET"]}}],"collection":[{"href":"https:\/\/nefertiti-eg.com\/sr\/wp-json\/wp\/v2\/product"}],"about":[{"href":"https:\/\/nefertiti-eg.com\/sr\/wp-json\/wp\/v2\/types\/product"}],"replies":[{"embeddable":true,"href":"https:\/\/nefertiti-eg.com\/sr\/wp-json\/wp\/v2\/comments?post=262215"}],"wp:featuredmedia":[{"embeddable":true,"href":"https:\/\/nefertiti-eg.com\/sr\/wp-json\/wp\/v2\/media\/276042"}],"wp:attachment":[{"href":"https:\/\/nefertiti-eg.com\/sr\/wp-json\/wp\/v2\/media?parent=262215"}],"wp:term":[{"taxonomy":"product_brand","embeddable":true,"href":"https:\/\/nefertiti-eg.com\/sr\/wp-json\/wp\/v2\/product_brand?post=262215"},{"taxonomy":"product_cat","embeddable":true,"href":"https:\/\/nefertiti-eg.com\/sr\/wp-json\/wp\/v2\/product_cat?post=262215"},{"taxonomy":"product_tag","embeddable":true,"href":"https:\/\/nefertiti-eg.com\/sr\/wp-json\/wp\/v2\/product_tag?post=262215"}],"curies":[{"name":"wp","href":"https:\/\/api.w.org\/{rel}","templated":true}]}}