{"id":262216,"date":"2021-09-12T17:52:50","date_gmt":"2021-09-12T15:52:50","guid":{"rendered":"https:\/\/nefertiti-eg.com\/shop\/\u043d\u0435\u043a\u0430\u0442\u0435\u0433\u043e\u0440\u0438\u0437\u043e\u0432\u0430\u043d\u043e\/rucola-hair-seed-oil-conditioner\/"},"modified":"2023-09-11T16:18:06","modified_gmt":"2023-09-11T13:18:06","slug":"rucola-hair-seed-oil-conditioner","status":"publish","type":"product","link":"https:\/\/nefertiti-eg.com\/sr\/shop\/conditioner-uk-sr\/rucola-hair-seed-oil-conditioner\/","title":{"rendered":"BALZAM ZA KOSU SA ULJEM SEMENA RUKOLE"},"content":{"rendered":"<h3><b>Prednosti balzama za kosu sa uljem semena rukole<\/b><\/h3>\n<ul>\n<li><span style=\"font-weight: 400;\"> Ulje semena rukole je bogato vitaminima, mineralima, antioksidansima i masnim kiselinama, \u0161to ovaj balzam \u010dini idealnim za sve tipove kose, a posebno za be\u017eivotnu, slabu, i kosu sklonu opadanju.<\/span><\/li>\n<li><span style=\"font-weight: 400;\"> Ja\u010da folikul kose, elimini\u0161e gubitak kose.<\/span><\/li>\n<li><span style=\"font-weight: 400;\"> Pobolj\u0161ava cirkulaciju krvi vlasi\u0161ta, stimuli\u0161e rast kose.<\/span><\/li>\n<li><span style=\"font-weight: 400;\"> \u010cini kosu mekom i gipkom.<\/span><\/li>\n<li><span style=\"font-weight: 400;\"> Smanjuje ispucale vrhove, vla\u017ei i hrani kosu.<\/span><\/li>\n<li><span style=\"font-weight: 400;\"> \u0160titi kosu od negativnih uticaja okoline.<\/span><\/li>\n<\/ul>\n<h3><b>Kori\u0161c\u0301enje balzama za kosu sa uljem semena rukole<\/b><\/h3>\n<p><span style=\"font-weight: 400;\">Nakon \u0161amponiranja, nanesite Nefertiti balzam na kosu i ko\u017eu glave. Korisno je umotati kosu u pe\u0161kir nakon nano\u0161enja. Posle 5-10 minuta temeljno isperite balzam. Preporu\u010duje se nano\u0161enje 2 puta nedeljno.<\/span><\/p>\n<h3><b>Rezultat<\/b><\/h3>\n<p><span style=\"font-weight: 400;\">Kosa je \u017eivahna, navla\u017eena, jaka, elasti\u010dna, prirodnog sjaja.<\/span><\/p>\n<h3><b>Aktivni sastojci<\/b><\/h3>\n<p><span style=\"font-weight: 400;\">PH regulator kiselosti, ulje semena rukole, proteini, keratin, eteri\u010dna ulja.<\/span><\/p>\n","protected":false},"excerpt":{"rendered":"<p><span style=\"font-weight: 400;\">Idealan za tretiranje suve i o\u0161tec\u0301ene kose i kose sklone opadanju.<\/span><\/p>\n<p><b>\u00a0<\/b><\/p>\n","protected":false},"featured_media":276058,"comment_status":"open","ping_status":"closed","template":"","meta":[],"product_brand":[],"product_cat":[1176,1088],"product_tag":[],"class_list":{"0":"post-262216","1":"product","2":"type-product","3":"status-publish","4":"has-post-thumbnail","6":"product_cat-conditioner-uk-sr","7":"product_cat-natural-cosmetics-sr","9":"first","10":"instock","11":"shipping-taxable","12":"purchasable","13":"product-type-simple"},"_links":{"self":[{"href":"https:\/\/nefertiti-eg.com\/sr\/wp-json\/wp\/v2\/product\/262216","targetHints":{"allow":["GET"]}}],"collection":[{"href":"https:\/\/nefertiti-eg.com\/sr\/wp-json\/wp\/v2\/product"}],"about":[{"href":"https:\/\/nefertiti-eg.com\/sr\/wp-json\/wp\/v2\/types\/product"}],"replies":[{"embeddable":true,"href":"https:\/\/nefertiti-eg.com\/sr\/wp-json\/wp\/v2\/comments?post=262216"}],"wp:featuredmedia":[{"embeddable":true,"href":"https:\/\/nefertiti-eg.com\/sr\/wp-json\/wp\/v2\/media\/276058"}],"wp:attachment":[{"href":"https:\/\/nefertiti-eg.com\/sr\/wp-json\/wp\/v2\/media?parent=262216"}],"wp:term":[{"taxonomy":"product_brand","embeddable":true,"href":"https:\/\/nefertiti-eg.com\/sr\/wp-json\/wp\/v2\/product_brand?post=262216"},{"taxonomy":"product_cat","embeddable":true,"href":"https:\/\/nefertiti-eg.com\/sr\/wp-json\/wp\/v2\/product_cat?post=262216"},{"taxonomy":"product_tag","embeddable":true,"href":"https:\/\/nefertiti-eg.com\/sr\/wp-json\/wp\/v2\/product_tag?post=262216"}],"curies":[{"name":"wp","href":"https:\/\/api.w.org\/{rel}","templated":true}]}}