{"id":262231,"date":"2015-06-25T16:15:25","date_gmt":"2015-06-25T14:15:25","guid":{"rendered":"https:\/\/nefertiti-eg.com\/shop\/\u043d\u0435\u043a\u0430\u0442\u0435\u0433\u043e\u0440\u0438\u0437\u043e\u0432\u0430\u043d\u043e\/sun-tan-oil-blend\/"},"modified":"2023-09-12T14:56:58","modified_gmt":"2023-09-12T11:56:58","slug":"sun-tan-oil-blend","status":"publish","type":"product","link":"https:\/\/nefertiti-eg.com\/sr\/shop\/natural-cosmetics-sr\/sun-tan-oil-blend\/","title":{"rendered":"Ulje za sun\u010danje"},"content":{"rendered":"<h3><b>Prednosti prirodnog ulja za sun\u010danje<\/b><\/h3>\n<p><span style=\"font-weight: 400;\">Delikatna me\u0161avina ulja sa blagim ora\u0161asto-citrusnim podtonom koji se lako upija u ko\u017eu. Na\u0161a prirodna me\u0161avina ulja za sun\u010danje ima ultra-hidratantnu i negujuc\u0301u formulu koja c\u0301e spre\u010diti sagorevanje ko\u017ee, spre\u010diti dehidraciju, a tako\u0111e za\u0161tititi ko\u017eu od UV o\u0161tec\u0301enja. Me\u0161avina prirodnih ulja za sun\u010danje pru\u017ea prirodnu za\u0161titu od \u0161tetnih UV zraka i \u0161titi ko\u017eu od opekotina od sunca, pored toga \u0161to povec\u0301ava apsorpciju vitamina D.<\/span><\/p>\n<p><span style=\"font-weight: 400;\">Ovo prirodno ulje za +sun\u010danje prodire duboko u ko\u017eu i poma\u017ee u spre\u010davanju starenja ko\u017ee i nastanak opekotina. Odli\u010dna hidratacija i ishrana ko\u017ee najva\u017eniji su u zdravom procesu sun\u010danja. Me\u0161avina ulja za sun\u010danje podsti\u010de br\u017ee formiranje i dugotrajno odr\u017eavanje ujedna\u010denog tena, kao i poma\u017ee u spre\u010davanju suve ko\u017ee i starenja ko\u017ee.<\/span><\/p>\n<p><span style=\"font-weight: 400;\">Zahvaljujuc\u0301i biljnim ekstraktima i vitaminima u ulju za sun\u010danje, ko\u017ea dobija sveobuhvatnu negu. Jedinstvena kompozicija prirodnih ulja za sun\u010danje koja izme\u0111u ostalog uklju\u010duje ulje jojobe, susamovo ulje, ulje semena \u0161argarepe i bademovo ulje, osigurava da c\u0301e ko\u017ea biti u potpunosti obogac\u0301ena najesencijalnijim masnim kiselinama, vitaminima i mikroelementima. Prirodno ulje za sun\u010danje efikasno \u0161titi ko\u017eu, vla\u017ei i hrani, spre\u010dava prerano starenje i pigmentaciju ko\u017ee.<\/span><\/p>\n<h3><b>Na\u010din upotrebe<\/b><\/h3>\n<p><span style=\"font-weight: 400;\">Preporu\u010duje se nano\u0161enje prirodnog ulja za sun\u010danje otprilike svaka dva sata ako je na direktnom suncu, \u010desto se kupate ili se mnogo znojite. Zahvaljujuc\u0301i svojim antioksidativnim svojstvima, ova prirodna me\u0161avina ulja za sun\u010danje c\u0301e pomoc\u0301i da se obezbedi prijatnije i zdravije iskustvo izlaganja suncu, bez o\u0161tec\u0301enja ne\u017ene ko\u017ee i povec\u0301anjem apsorpcije vitamina D.<\/span><\/p>\n","protected":false},"excerpt":{"rendered":"<p><span style=\"font-weight: 400;\"><strong>Brend<\/strong>: Nefertiti prirodna ulja i biljke<br \/>\n<\/span><span style=\"font-weight: 400;\"><strong>Zemlja porekla<\/strong>: Egipat<br \/>\n<\/span><span style=\"font-weight: 400;\"><strong>Sastav<\/strong>: susamovo ulje, bademovo ulje, jojoba ulje, arganovo ulje, ulje semena \u0161argarepe, ulje pa\u010dulija<br \/>\n<\/span><span style=\"font-weight: 400;\"><strong>Upotreba<\/strong>: Kozmeti\u010dka; SPF 12<br \/>\n<\/span><span style=\"font-weight: 400;\"><strong>INCI<\/strong>: Me\u0161avina ulja za zdrav ten<br \/>\n<\/span><span style=\"font-weight: 400;\"><strong>Boja<\/strong>: Amber<br \/>\n<\/span><span style=\"font-weight: 400;\"><strong>Miris<\/strong>: sve\u017eeg citrusnog cvec\u0301a i blagog ukusa ora\u0161astih plodova<br \/>\n<\/span><span style=\"font-weight: 400;\"><strong>Fizi\u010dko stanje<\/strong>: Te\u010dnost<br \/>\n<\/span><span style=\"font-weight: 400;\"><strong>Prirodno<\/strong>: Da<br \/>\n<\/span><span style=\"font-weight: 400;\"><strong>ISO sertifikat<\/strong>: ISO, COA &amp; MSDS<br \/>\n<\/span><span style=\"font-weight: 400;\"><strong>Dostava<\/strong>: Izra\u010dunava se na blagajni<\/span><\/p>\n","protected":false},"featured_media":279580,"comment_status":"open","ping_status":"closed","template":"","meta":[],"product_brand":[],"product_cat":[1088,1077],"product_tag":[],"class_list":{"0":"post-262231","1":"product","2":"type-product","3":"status-publish","4":"has-post-thumbnail","6":"product_cat-natural-cosmetics-sr","7":"product_cat-natural-skin-care-sr","8":"pa_bottle-size-125-ml-sr-2","10":"first","11":"instock","12":"sale","13":"shipping-taxable","14":"purchasable","15":"product-type-variable","16":"has-default-attributes"},"_links":{"self":[{"href":"https:\/\/nefertiti-eg.com\/sr\/wp-json\/wp\/v2\/product\/262231","targetHints":{"allow":["GET"]}}],"collection":[{"href":"https:\/\/nefertiti-eg.com\/sr\/wp-json\/wp\/v2\/product"}],"about":[{"href":"https:\/\/nefertiti-eg.com\/sr\/wp-json\/wp\/v2\/types\/product"}],"replies":[{"embeddable":true,"href":"https:\/\/nefertiti-eg.com\/sr\/wp-json\/wp\/v2\/comments?post=262231"}],"wp:featuredmedia":[{"embeddable":true,"href":"https:\/\/nefertiti-eg.com\/sr\/wp-json\/wp\/v2\/media\/279580"}],"wp:attachment":[{"href":"https:\/\/nefertiti-eg.com\/sr\/wp-json\/wp\/v2\/media?parent=262231"}],"wp:term":[{"taxonomy":"product_brand","embeddable":true,"href":"https:\/\/nefertiti-eg.com\/sr\/wp-json\/wp\/v2\/product_brand?post=262231"},{"taxonomy":"product_cat","embeddable":true,"href":"https:\/\/nefertiti-eg.com\/sr\/wp-json\/wp\/v2\/product_cat?post=262231"},{"taxonomy":"product_tag","embeddable":true,"href":"https:\/\/nefertiti-eg.com\/sr\/wp-json\/wp\/v2\/product_tag?post=262231"}],"curies":[{"name":"wp","href":"https:\/\/api.w.org\/{rel}","templated":true}]}}