{"id":262233,"date":"2022-12-24T16:02:36","date_gmt":"2022-12-24T14:02:36","guid":{"rendered":"https:\/\/nefertiti-eg.com\/shop\/\u043d\u0435\u043a\u0430\u0442\u0435\u0433\u043e\u0440\u0438\u0437\u043e\u0432\u0430\u043d\u043e\/nail-repairing-oil\/"},"modified":"2023-09-12T15:04:06","modified_gmt":"2023-09-12T12:04:06","slug":"nail-repairing-oil","status":"publish","type":"product","link":"https:\/\/nefertiti-eg.com\/sr\/shop\/natural-cosmetics-sr\/nail-repairing-oil\/","title":{"rendered":"Ulje za oporavak noktiju"},"content":{"rendered":"<p><span style=\"font-weight: 400;\">U u\u017eurbanom na\u010dinu \u017eivota previ\u0161e je lako zanemariti nokte i zanoktice, a ipak ih svakodnevno izla\u017eemo tolikim traumama &#8211; pranje sudova, vremenske prilike i neophodno stalno pranje ruku i izlaganje hemijskim sredstvima za dezinfekciju&#8230; Sve ovo mo\u017ee imati efekat isu\u0161ivanja noktiju i zanoktica, \u0161to rezultira suvim, o\u0161tec\u0301enim zanokticama i slabim, lomljivim, ljuskavim noktima.<\/span><\/p>\n<h3><b>\u0160ta su nokti i zanoktice?<\/b><\/h3>\n<p><span style=\"font-weight: 400;\">Kutikula je deo ko\u017ee koji se nalazi iznad matrice rasta (noktnog le\u017ei\u0161ta) da bi je za\u0161titio. Nokatna plo\u010da proizvodi nokatnu plo\u010du, vidljivi deo nokta, i napravljena je od tvrdog proteina zvanog keratin (isto kao i kosa). Ako se ne brine pravilno, plo\u010da za nokte mo\u017ee dehidrirati i postati suva, lomljiva ili o\u0161tec\u0301ena. Prirodna ulja koja telo proizvodi za negu nokatne plo\u010de tako\u0111e imaju tendenciju da se smanjuju kako starimo, \u0161to mo\u017ee dovesti do izbo\u010dina, sporog rasta, a nokti \u010dine nokte podlo\u017enijim o\u0161tec\u0301enjima.<\/span><\/p>\n<h3><b>Za\u0161to koristiti na\u0161e prirodno ulje za oporavak noktiju?<\/b><\/h3>\n<p><span style=\"font-weight: 400;\">Nega noktiju ne mora da bude naporna, a na\u0161em prirodnom ulju za popravku noktiju potrebno je samo nekoliko sekundi da se primeni. Po\u0161to ulja upijaju u nokte mnogo sporije od vode, to ih \u010dini fleksibilnijim, a ne mekim. Osim toga, ulje isparava ili izlazi mnogo sporije od vode \u0161to poma\u017ee u zadr\u017eavanju hidratacije. Na\u0161e ulje za obnavljanje noktiju je eliksir prirodnih i eteri\u010dnih ulja posebno odabranih zbog njihove sposobnosti da za\u0161tite, oja\u010daju, poprave i regeneri\u0161u nokte i zanoktice.<\/span><\/p>\n<p><span style=\"font-weight: 400;\">Ulje za popravku noktiju je savr\u0161eno izbalansirana me\u0161avina ulja slatkog badema, maslinovog ulja, arganovog ulja, ulja lavande, ulja limuna, ulja pomorand\u017ee i vitamina E.<\/span><\/p>\n<h3><b>Kako ulje slatkog badema koristi na\u0161em ulju za oporavak noktiju?<\/b><\/h3>\n<p><span style=\"font-weight: 400;\">Ulje slatkog badema je umirujuc\u0301e i hidratantno i bogato je antioksidansima, masnim kiselinama i vitaminima A, B1, B2 i B6, kao i sa jednim od najvi\u0161ih nivoa vitamina E. Ne iritira, hrani i obla\u017ee zanoktice i nokatnu plo\u010du, \u0161titec\u0301i od pucanja, lju\u0161tenja, isu\u0161ivanja i lomljenja. Savr\u0161eno je za podmazivanje zanoktica i promovisanje jakih i zdravih noktiju.<\/span><\/p>\n<h3><b>Kako maslinovo ulje koristi na\u0161em ulju za oporavak noktiju?<\/b><\/h3>\n<p><span style=\"font-weight: 400;\">Prepuno vitamina E, maslinovo ulje je izuzetno lekovito i hidratantno, i omek\u0161ac\u0301e otvrdnutu dehidriranu zanoktice. Poma\u017ee u procesu kalcifikacije i na taj na\u010din podsti\u010de rast noktiju, pored toga \u0161to ja\u010da lomljive nokte i \u010dini ih fleksibilnijim \u010dime se spre\u010dava lomljenje.<\/span><\/p>\n<h3><b>Kako arganovo ulje koristi na\u0161em ulju za oporavak noktiju?<\/b><\/h3>\n<p><span style=\"font-weight: 400;\">Bogato vitaminom E i masnim kiselinama, arganovo ulje je poznato po svojim neverovatnim prednostima za ko\u017eu, kosu i nokte. Poma\u017ee da se vla\u017ee zanoktica i zagladi, oja\u010da i regeneri\u0161e nokatna plo\u010da, pru\u017eajuc\u0301i snagu i za\u0161titu od gubitka vlage i o\u0161tec\u0301enja od sunca. Ovo ulje je glavni oslonac mnogih ulja za nokte i zanoktice koje se nalaze u salonima za nokte i omiljeno je ulje mnogih manikera.<\/span><\/p>\n<h3><b>Kako ulje lavande koristi na\u0161em ulju za oporavak noktiju?<\/b><\/h3>\n<p><span style=\"font-weight: 400;\">Ulje lavande umiruje i hidrira, poma\u017ee u vla\u017eenju i ja\u010danju noktiju i zanoktica, ja\u010dajuc\u0301i snagu i spre\u010davajuc\u0301i dalja o\u0161tec\u0301enja. Stimuli\u0161e protok krvi, obezbe\u0111ujuc\u0301i na taj na\u010din isporuku vi\u0161e hranljivih materija u zanoktice, pored toga \u0161to podsti\u010de rast keratina, podsti\u010duc\u0301i tako du\u017ee i ja\u010de nokte.<\/span><\/p>\n<h3><b>Kako ulje limuna koristi na\u0161em ulju za oporavak noktiju?<\/b><\/h3>\n<p><span style=\"font-weight: 400;\">Limunovo ulje tako\u0111e stimuli\u0161e protok krvi kako bi se obezbedila pobolj\u0161ana ishrana noktiju i zanoktica i poma\u017ee u vla\u017eenju i ja\u010danju noktiju i zanoktica, iskorenjivanju suvoc\u0301e, lju\u0161tenja i uklanjanja bilo kakvog o\u0161tec\u0301enja, osim \u0161to podsti\u010de rast. Njegova antibakterijska i antifungalna svojstva poma\u017eu u za\u0161titi od infekcija. Ulje limuna ima prirodni efekat dodavanja sjaja i pobolj\u0161ava glatkoc\u0301u noktiju.<\/span><\/p>\n<h3><b>Kako ulje narand\u017ee koristi na\u0161em ulju za oporavak noktiju?<\/b><\/h3>\n<p><span style=\"font-weight: 400;\">Veoma sli\u010dno ulju limuna, ulje pomorand\u017ee deluje kao stimulans, povec\u0301ava cirkulaciju i podsti\u010de rast. Isto tako, poseduje sna\u017ena antibakterijska, anti-gljivi\u010dna i antiinflamatorna svojstva za odvrac\u0301anje bilo koje infekcije. Vla\u017ei i ja\u010da nokte i zanoktice i spre\u010dava lomljivost i promovi\u0161e jake, zdrave nokte.<\/span><\/p>\n<h3><b>Kako vitamin E koristi na\u0161em ulju za oporavak noktiju?<\/b><\/h3>\n<p><span style=\"font-weight: 400;\">Vitamin E je antioksidant i rastvorljiv nutrijent koji duboko hidrira i isceljuje sa jakim antibakterijskim i antivirusnim svojstvima. Povec\u0301ava protok krvi do noktiju, zanoktica i okolnog podru\u010dja kako bi se povec\u0301ala isporuka hranljivih materija neophodnih za zdrav rast noktiju. Vitamin E popravlja i \u0161titi od o\u0161tec\u0301enja i pru\u017ea za\u0161titnu barijeru. Mo\u017ee da spre\u010di o\u0161tec\u0301enje noktiju i elimini\u0161e \u017eutilo noktiju, kao i da smanji izbo\u010dine i lomljivost.<\/span><\/p>\n<h3><b>Kako naneti prirodno ulje za oporavak noktiju<\/b><\/h3>\n<p><span style=\"font-weight: 400;\">Nanesite nekoliko kapi na nokte i zanoktice, dobro umasirajte. Ne zaboravite da utrljate vi\u0161ak ulja u ruke jer ulja imaju velike koristi i za ko\u017eu.<\/span><\/p>\n<p><span style=\"font-weight: 400;\">Za najbolje rezultate potopite ruke u toplu vodu nekoliko minuta pre nano\u0161enja.<\/span><\/p>\n","protected":false},"excerpt":{"rendered":"<p><span style=\"font-weight: 400;\">Eliksir prirodnih i esencijalnih ulja posebno odabranih zbog njihove sposobnosti da za\u0161tite, oja\u010daju, poprave i regeneri\u0161u nokte i zanoktice.<\/span><\/p>\n","protected":false},"featured_media":275881,"comment_status":"open","ping_status":"closed","template":"","meta":[],"product_brand":[],"product_cat":[1088],"product_tag":[],"class_list":{"0":"post-262233","1":"product","2":"type-product","3":"status-publish","4":"has-post-thumbnail","6":"product_cat-natural-cosmetics-sr","7":"pa_bottle-size-5-ml-sr","9":"first","10":"instock","11":"shipping-taxable","12":"purchasable","13":"product-type-variable","14":"has-default-attributes"},"_links":{"self":[{"href":"https:\/\/nefertiti-eg.com\/sr\/wp-json\/wp\/v2\/product\/262233","targetHints":{"allow":["GET"]}}],"collection":[{"href":"https:\/\/nefertiti-eg.com\/sr\/wp-json\/wp\/v2\/product"}],"about":[{"href":"https:\/\/nefertiti-eg.com\/sr\/wp-json\/wp\/v2\/types\/product"}],"replies":[{"embeddable":true,"href":"https:\/\/nefertiti-eg.com\/sr\/wp-json\/wp\/v2\/comments?post=262233"}],"wp:featuredmedia":[{"embeddable":true,"href":"https:\/\/nefertiti-eg.com\/sr\/wp-json\/wp\/v2\/media\/275881"}],"wp:attachment":[{"href":"https:\/\/nefertiti-eg.com\/sr\/wp-json\/wp\/v2\/media?parent=262233"}],"wp:term":[{"taxonomy":"product_brand","embeddable":true,"href":"https:\/\/nefertiti-eg.com\/sr\/wp-json\/wp\/v2\/product_brand?post=262233"},{"taxonomy":"product_cat","embeddable":true,"href":"https:\/\/nefertiti-eg.com\/sr\/wp-json\/wp\/v2\/product_cat?post=262233"},{"taxonomy":"product_tag","embeddable":true,"href":"https:\/\/nefertiti-eg.com\/sr\/wp-json\/wp\/v2\/product_tag?post=262233"}],"curies":[{"name":"wp","href":"https:\/\/api.w.org\/{rel}","templated":true}]}}