{"id":262235,"date":"2015-06-25T16:16:38","date_gmt":"2015-06-25T14:16:38","guid":{"rendered":"https:\/\/nefertiti-eg.com\/shop\/\u043d\u0435\u043a\u0430\u0442\u0435\u0433\u043e\u0440\u0438\u0437\u043e\u0432\u0430\u043d\u043e\/hair-food-oil\/"},"modified":"2023-09-12T15:09:12","modified_gmt":"2023-09-12T12:09:12","slug":"hair-food-oil","status":"publish","type":"product","link":"https:\/\/nefertiti-eg.com\/sr\/shop\/natural-cosmetics-sr\/hair-food-oil\/","title":{"rendered":"Ulje za kosu"},"content":{"rendered":"<h3><b>Prednosti<\/b><\/h3>\n<p><span style=\"font-weight: 400;\">Prirodna me\u0161avina ulja za kosu je veoma pa\u017eljivo formulisana sa vrhunskim prirodnim uljima. Prirodni hidratantni sastojci u me\u0161avini dubinski neguju i popravljaju o\u0161tec\u0301enu kosu. Me\u0161avina biljnih ulja za kosu ima prirodni za\u0161titni SPF i mo\u017ee se koristiti za za\u0161titu va\u0161e kose od \u0161tetnih efekata UV zra\u010denja. Ova prirodna me\u0161avina hrane za kosu sastoji se od impresivnog koktela pa\u017eljivo odabranih komponenti za ishranu i tretiranje kose svim potrebnim korisnim hranljivim materijama, trajno fiksiranje vlage i volumena kose, kao i obezbe\u0111ivanje regenerativnih sastojaka koji su neophodni za zdravlje kose.<\/span><\/p>\n<h3><b>Hidrira kosu<\/b><\/h3>\n<p><span style=\"font-weight: 400;\">Ova prirodna me\u0161avina ulja je odli\u010dna za dubinsko kondicioniranje, ja\u010danje kose i dajuc\u0301i joj negovan i zdrav izgled. Na\u0161a me\u0161avina prirodnih ulja je veoma efikasan hidratant za suvu, lomljivu i o\u0161tec\u0301enu kosu. Me\u0161avina hrani i vla\u017ei kosu i stvara sloj koji poma\u017ee u za\u0161titi od agresivnog okru\u017eenja.<\/span><\/p>\n<h3><b>Neguje kosu<\/b><\/h3>\n<p><span style=\"font-weight: 400;\">Eliksir od ulja odli\u010dno deluje na kosu, a ima laganu teksturu i savr\u0161eno se ispere, ne masti i ne ote\u017eava kosu.<\/span><\/p>\n<p><span style=\"font-weight: 400;\">Sastav ulja spre\u010dava gubitak kose, ja\u010da folikul dlake, elimini\u0161e perut, poma\u017ee u spre\u010davanju lomljivosti i suvoc\u0301e, bori se sa ispucanim vrhovima i obnavlja strukturu o\u0161tec\u0301ene i farbane kose.<\/span><\/p>\n<p><span style=\"font-weight: 400;\">Ulje se dobro nosi sa gljivi\u010dnim infekcijama i iritacijama ko\u017ee i poma\u017ee u spre\u010davanju pojave sede kose zbog visoke biolo\u0161ke aktivnosti. Ova me\u0161avina ulja je prirodni stimulans rasta kose i mo\u017ee se koristiti za postizanje maksimalne gustine i du\u017eine kose. Uz redovnu upotrebu ulja, kosa c\u0301e dobiti sjaj, mekoc\u0301u i svilenkastost, zna\u010dajno oja\u010dati i postati gu\u0161c\u0301a, glatkija i elasti\u010dnija.<\/span><\/p>\n<h3><b>Hranljiva svojstva ulja<\/b><\/h3>\n<p><span style=\"font-weight: 400;\">Prirodno ulje za kosu je prepuno esencijalnih vitamina poput vitamina A, B, D i E. Tako\u0111e sadr\u017ei proteine, aminokiseline, gvo\u017e\u0111e, bakar, magnezijum i folnu kiselinu. Ovo su hranljivi sastojci koji \u010dine na\u0161u me\u0161avinu ulja za kosu idealnim proizvodom koji mo\u017ee spre\u010diti o\u0161tec\u0301enje i podstac\u0301i zdrav rast kose.<\/span><\/p>\n<h3><b>Na\u010din upotrebe<\/b><\/h3>\n<p><span style=\"font-weight: 400;\">Koristec\u0301i malu koli\u010dinu ulja, masirajte ko\u017eu glave i ravnomerno rasporedite po celoj du\u017eini kose 30 minuta pre \u0161amponiranja.<\/span><\/p>\n","protected":false},"excerpt":{"rendered":"<p><span style=\"font-weight: 400;\"><strong>Brend<\/strong>: Nefertiti prirodna ulja i biljke<br \/>\n<\/span><span style=\"font-weight: 400;\"><strong>Zemlja porekla<\/strong>: Egipat<br \/>\n<\/span><span style=\"font-weight: 400;\"><strong>Sastav<\/strong>: ulje crnog semena, ulje jojobe, ulje rukole, ricinusovo ulje, ulje p\u0161eni\u010dnih klica, kokosovo ulje, arganovo ulje, eteri\u010dna ulja.<br \/>\n<\/span><span style=\"font-weight: 400;\"><strong>Upotreba<\/strong>: Kozmeti\u010dka; Nega kose<br \/>\n<\/span><span style=\"font-weight: 400;\"><strong>INCI<\/strong>: Me\u0161avina prirodnih ulja za tretman kose<br \/>\n<\/span><span style=\"font-weight: 400;\"><strong>Boja<\/strong>: Tamno zelena do braon<br \/>\n<\/span><span style=\"font-weight: 400;\"><strong>Miris<\/strong>: zemljani biljni<br \/>\n<\/span><span style=\"font-weight: 400;\"><strong>Fizi\u010dko stanje<\/strong>: Te\u010dnost<br \/>\n<\/span><span style=\"font-weight: 400;\"><strong>Prirodno<\/strong>: Da<br \/>\n<\/span><span style=\"font-weight: 400;\"><strong>ISO sertifikat<\/strong>: Da<br \/>\n<\/span><span style=\"font-weight: 400;\"><strong>Dostava<\/strong>: Izra\u010dunava se na blagajni<\/span><\/p>\n","protected":false},"featured_media":288506,"comment_status":"open","ping_status":"closed","template":"","meta":[],"product_brand":[],"product_cat":[1088],"product_tag":[],"class_list":{"0":"post-262235","1":"product","2":"type-product","3":"status-publish","4":"has-post-thumbnail","6":"product_cat-natural-cosmetics-sr","7":"pa_bottle-size-11-1000-ml-sr","8":"pa_bottle-size-11-300-ml-sr","9":"pa_bottle-size-11-500-ml-sr","10":"pa_bottle-size-1000-ml-2-sr","11":"pa_bottle-size-125-ml-sr-2","12":"pa_bottle-size-200-ml","13":"pa_bottle-size-300-ml","14":"pa_bottle-size-500-ml","16":"first","17":"instock","18":"sale","19":"shipping-taxable","20":"purchasable","21":"product-type-variable","22":"has-default-attributes"},"_links":{"self":[{"href":"https:\/\/nefertiti-eg.com\/sr\/wp-json\/wp\/v2\/product\/262235","targetHints":{"allow":["GET"]}}],"collection":[{"href":"https:\/\/nefertiti-eg.com\/sr\/wp-json\/wp\/v2\/product"}],"about":[{"href":"https:\/\/nefertiti-eg.com\/sr\/wp-json\/wp\/v2\/types\/product"}],"replies":[{"embeddable":true,"href":"https:\/\/nefertiti-eg.com\/sr\/wp-json\/wp\/v2\/comments?post=262235"}],"wp:featuredmedia":[{"embeddable":true,"href":"https:\/\/nefertiti-eg.com\/sr\/wp-json\/wp\/v2\/media\/288506"}],"wp:attachment":[{"href":"https:\/\/nefertiti-eg.com\/sr\/wp-json\/wp\/v2\/media?parent=262235"}],"wp:term":[{"taxonomy":"product_brand","embeddable":true,"href":"https:\/\/nefertiti-eg.com\/sr\/wp-json\/wp\/v2\/product_brand?post=262235"},{"taxonomy":"product_cat","embeddable":true,"href":"https:\/\/nefertiti-eg.com\/sr\/wp-json\/wp\/v2\/product_cat?post=262235"},{"taxonomy":"product_tag","embeddable":true,"href":"https:\/\/nefertiti-eg.com\/sr\/wp-json\/wp\/v2\/product_tag?post=262235"}],"curies":[{"name":"wp","href":"https:\/\/api.w.org\/{rel}","templated":true}]}}