{"id":262243,"date":"2015-06-24T16:55:33","date_gmt":"2015-06-24T14:55:33","guid":{"rendered":"https:\/\/nefertiti-eg.com\/shop\/\u043d\u0435\u043a\u0430\u0442\u0435\u0433\u043e\u0440\u0438\u0437\u043e\u0432\u0430\u043d\u043e\/sandalwood-oil\/"},"modified":"2023-09-12T15:13:41","modified_gmt":"2023-09-12T12:13:41","slug":"sandalwood-oil","status":"publish","type":"product","link":"https:\/\/nefertiti-eg.com\/sr\/shop\/natural-health-care-sr\/sandalwood-oil\/","title":{"rendered":"Ulje sandalovine"},"content":{"rendered":"<h3><img fetchpriority=\"high\" decoding=\"async\" class=\"alignnone wp-image-57703 size-full\" src=\"https:\/\/nefertiti-eg.com\/wp-content\/uploads\/2015\/06\/sandal-wood.jpg\" alt=\"\" width=\"900\" height=\"500\" title=\"\"><\/h3>\n<h3><b>Osobine ulja sandalovine<\/b><\/h3>\n<p><span style=\"font-weight: 400;\">Me\u0111u raznim terapeutskim svojstvima esencijalnog ulja sandalovine, jedno od najva\u017enijih je njegovo opu\u0161tajuc\u0301e dejstvo. Prirodno ulje sandalovine smiruje nervni sistem, ubla\u017eava razdra\u017eljivost, smanjuje anksioznost, strah i napade panike. Ulje sandalovine ubla\u017eava stres, daje smirenost i pozitivne misli. Kada se apsorbuje u ko\u017eu, stupa u interakciju sa enzimima i hormonima tela, stimuli\u0161uc\u0301i centralni nervni sistem.<\/span><\/p>\n<p><span style=\"font-weight: 400;\">Eteri\u010dno ulje sandalovine ima \u0161iroku primenu u kompleksnom le\u010denju suvog ka\u0161lja, iritacije grla, laringitisa, ubla\u017eava simptome bronhitisa i astme. U ovim slu\u010dajevima, ulje sandalovine se koristi za inhalaciju parom ili masa\u017eu grudnog ko\u0161a. Prirodno ulje sandalovine ima efekat zagrevanja, normalizujuc\u0301i otkucaje srca. Ulje sandalovine se \u010desto koristi u manuelnoj terapiji, kao analgetik i opu\u0161tajuc\u0301e sredstvo, a poma\u017ee i kod reume, bolova u le\u0111ima i raznih bolova u zglobovima.<\/span><\/p>\n<h3><b>Ulje sandalovine za ko\u017eu<\/b><\/h3>\n<p><span style=\"font-weight: 400;\">Prirodno ulje sandalovine jedno je od najboljih prirodnih ulja koje se preporu\u010duje i za suvu i za masnu ko\u017eu, jer poma\u017ee u borbi protiv akni, a tako\u0111e le\u010di i hidrira ko\u017eu, umiruje je i omek\u0161ava, ubla\u017eava iritaciju i upalu. Zbog svojih antisepti\u010dkih, antiinflamatornih i baktericidnih svojstava, nezamenljiv je u efikasnoj borbi protiv akni. Ulje sandalovine je pogodno za sve tipove ko\u017ee, ali se naj\u010de\u0161c\u0301e koristi za suvu, o\u0161tec\u0301enu ko\u017eu i duboke bore.<\/span><\/p>\n<p><span style=\"font-weight: 400;\">Prirodno ulje sandalovine poma\u017ee u omek\u0161avanju ko\u017ee, povec\u0301avajuc\u0301i i pobolj\u0161avaju\u0107i njenu sposobnost da zadr\u017ei vlagu i vrac\u0301a elasti\u010dnost ko\u017ee. Ulje sandalovine ima sna\u017ean efekat protiv starenja \u2013 pobolj\u0161ava tonus ko\u017ee, osve\u017eava, elimini\u0161e mlohavost i nezamenljivo je u nezi lica. Ovo ulje se bori protiv suvoc\u0301e, hrapavosti i upale ko\u017ee, vrac\u0301a elasti\u010dnost, pobolj\u0161ava cirkulaciju krvi i \u010dvrstoc\u0301u ko\u017ee. Kada se koristi lokalno, mo\u017ee ubla\u017eiti lokalizovane osip, upalu ko\u017ee i svrab i izgladiti plitke o\u017eiljke. Ulje sandalovine uklanja vi\u0161ak masnoc\u0301e sa ko\u017ee i reguli\u0161e proizvodnju sebuma.<\/span><\/p>\n<h3><b>Kako koristiti ulje sandalovine<\/b><\/h3>\n<p><span style=\"font-weight: 400;\">Topao i bogat drveni miris prirodnog esencijalnog ulja sandalovine dobro je poznat \u0161irom sveta kao slatki miris za telo i \u010desto se koristi kao sastojak u mirisima, parfemima, posle brijanja i mnogim me\u0161avinama lepote. Nerazre\u0111eno ulje sandalovine mo\u017ee se naneti direktno na ko\u017eu, ali je najbolje da ga razbla\u017eite uljem jojobe ili bilo kojim drugim kozmeti\u010dkim uljem.<\/span><\/p>\n<h3><b>Ulje sandalovine za lokalnu primenu<\/b><\/h3>\n<p><span style=\"font-weight: 400;\">Lokalne aplikacije koje koriste ulje sandalovine mogu pomoc\u0301i u ubla\u017eavanju ka\u0161lja kada se ovo ulje nanese direktno na podru\u010dje grudi. Idealan je za ubla\u017eavanje bolova u le\u0111ima, a preporu\u010duje se nano\u0161enje ne\u017enim kru\u017enim pokretima, odr\u017eavajuc\u0301i pritisak dok prsti klize nagore prema sredini le\u0111a.<\/span><\/p>\n<h3><b>Ulje sandalovine za kosu<\/b><\/h3>\n<p><span style=\"font-weight: 400;\">Preporu\u010duje se dodavanje male koli\u010dine ulja sandalovine u regenerator za kosu ili upotreba kao maska za kosu. Ovaj postupak ja\u010da folikul dlake, ubla\u017eava perut, zaustavlja opadanje i vla\u017ei vrhove kose. Mo\u017eete naneti nekoliko kapi ulja sandalovine na \u010de\u0161alj pre \u010de\u0161ljanja za svilenkastu, zdravu i lepu kosu.<\/span><\/p>\n","protected":false},"excerpt":{"rendered":"<p><span style=\"font-weight: 400;\"><strong>Brend<\/strong>: Nefertiti prirodna ulja i biljke<br \/>\n<\/span><span style=\"font-weight: 400;\"><strong>Zemlja porekla<\/strong>: Egipat<br \/>\n<\/span><span style=\"font-weight: 400;\"><strong>Botani\u010dki naziv<\/strong>: Santalum Album<br \/>\n<\/span><span style=\"font-weight: 400;\"><strong>Porodica<\/strong>: Santalum<br \/>\n<\/span><span style=\"font-weight: 400;\"><strong>INCI<\/strong>: Santalum album (Sandalovo drvo) Ulje<br \/>\n<\/span><span style=\"font-weight: 400;\"><strong>Uobi\u010dajeni nazivi<\/strong>: Adenanthera pavonina, Baphia nitida, Eremophila mitchellii, Mioporum platicarpum, Osiris lanceolata, Osiris tenuifolia<br \/>\n<\/span><span style=\"font-weight: 400;\"><strong>Kori\u0161c\u0301eni delovi<\/strong>: \u010dips i gredice ise\u010dene od sr\u017ei<br \/>\n<\/span><span style=\"font-weight: 400;\"><strong>Metoda ekstrakcije<\/strong>: destilacija parom<br \/>\n<\/span><span style=\"font-weight: 400;\"><strong>Miris<\/strong>: Mekan, topao, gladak i miris plemenitog drveta<br \/>\n<\/span><span style=\"font-weight: 400;\"><strong>Izgled<\/strong>: Bezbojno-belo kremasto<br \/>\n<\/span><span style=\"font-weight: 400;\"><strong>Fizi\u010dko stanje<\/strong>: Te\u010dnost<br \/>\n<\/span><span style=\"font-weight: 400;\"><strong>Prirodno<\/strong>: Da<br \/>\n<\/span><span style=\"font-weight: 400;\"><strong>\u010cistoc\u0301a<\/strong>: 100% \u010distoc\u0301a<br \/>\n<\/span><span style=\"font-weight: 400;\"><strong>ISO sertifikat<\/strong>: ISO, COA &amp; MSDS<br \/>\n<\/span><span style=\"font-weight: 400;\"><strong>Dostava<\/strong>: Izra\u010dunava se na blagajni<\/span><\/p>\n","protected":false},"featured_media":275206,"comment_status":"open","ping_status":"closed","template":"","meta":[],"product_brand":[],"product_cat":[1084,1088,1077],"product_tag":[],"class_list":{"0":"post-262243","1":"product","2":"type-product","3":"status-publish","4":"has-post-thumbnail","6":"product_cat-natural-health-care-sr","7":"product_cat-natural-cosmetics-sr","8":"product_cat-natural-skin-care-sr","9":"pa_bottle-size-125-ml-sr-2","10":"pa_bottle-size-250ml-sr","12":"first","13":"instock","14":"sale","15":"shipping-taxable","16":"purchasable","17":"product-type-variable","18":"has-default-attributes"},"_links":{"self":[{"href":"https:\/\/nefertiti-eg.com\/sr\/wp-json\/wp\/v2\/product\/262243","targetHints":{"allow":["GET"]}}],"collection":[{"href":"https:\/\/nefertiti-eg.com\/sr\/wp-json\/wp\/v2\/product"}],"about":[{"href":"https:\/\/nefertiti-eg.com\/sr\/wp-json\/wp\/v2\/types\/product"}],"replies":[{"embeddable":true,"href":"https:\/\/nefertiti-eg.com\/sr\/wp-json\/wp\/v2\/comments?post=262243"}],"wp:featuredmedia":[{"embeddable":true,"href":"https:\/\/nefertiti-eg.com\/sr\/wp-json\/wp\/v2\/media\/275206"}],"wp:attachment":[{"href":"https:\/\/nefertiti-eg.com\/sr\/wp-json\/wp\/v2\/media?parent=262243"}],"wp:term":[{"taxonomy":"product_brand","embeddable":true,"href":"https:\/\/nefertiti-eg.com\/sr\/wp-json\/wp\/v2\/product_brand?post=262243"},{"taxonomy":"product_cat","embeddable":true,"href":"https:\/\/nefertiti-eg.com\/sr\/wp-json\/wp\/v2\/product_cat?post=262243"},{"taxonomy":"product_tag","embeddable":true,"href":"https:\/\/nefertiti-eg.com\/sr\/wp-json\/wp\/v2\/product_tag?post=262243"}],"curies":[{"name":"wp","href":"https:\/\/api.w.org\/{rel}","templated":true}]}}