{"id":262247,"date":"2015-09-29T00:44:05","date_gmt":"2015-09-28T22:44:05","guid":{"rendered":"https:\/\/nefertiti-eg.com\/shop\/\u043d\u0435\u043a\u0430\u0442\u0435\u0433\u043e\u0440\u0438\u0437\u043e\u0432\u0430\u043d\u043e\/anti-wrinkle-oil\/"},"modified":"2025-10-24T16:34:26","modified_gmt":"2025-10-24T13:34:26","slug":"anti-wrinkle-oil","status":"publish","type":"product","link":"https:\/\/nefertiti-eg.com\/sr\/shop\/natural-cosmetics-sr\/anti-wrinkle-oil\/","title":{"rendered":"Ulje protiv bora"},"content":{"rendered":"<h3><b>Prednosti prirodne me\u0161avine ulja protiv bora<\/b><\/h3>\n<p><span style=\"font-weight: 400;\">Na\u0161a ko\u017ea je svakodnevno izlo\u017eena raznim \u0161tetnim faktorima (sun\u010deva svetlost, zaga\u0111enje, neuhranjenost, kao i stres i hormonalne promene). Sa godinama se proces obnavljanja c\u0301elija u na\u0161oj ko\u017ei usporava, ko\u017ea gubi elasti\u010dnost, sjaj, lepotu, pojavljuju se bore.<\/span><\/p>\n<h3><b>Za\u0161to na\u0161a prirodna me\u0161avina ulja protiv bora koristi zdravlju ko\u017ee?<\/b><\/h3>\n<p><span style=\"font-weight: 400;\">Ponosni smo \u0161to predstavljamo prirodnu me\u0161avinu ulja protiv bora za vrhunsku negu va\u0161e ko\u017ee. Prirodna ulja protiv bora mogu prodrijeti u ko\u017eu mnogo bolje od krema, dopiruc\u0301i do najdubljih slojeva, istovremeno njegujuc\u0301i i hidratizirajuc\u0301i. Ova me\u0161avina ulja protiv bora savr\u0161eno aktivira stvaranje novih c\u0301elija ko\u017ee i spre\u010dava starenje ko\u017ee.<\/span><\/p>\n<p><span style=\"font-weight: 400;\">Zbog svog sastava, ova me\u0161avina ulja za bore je indikovana onima \u010dija je ko\u017ea dehidrirana, izgubila elasti\u010dnost, ima starosne promene i gde je uo\u010dljivo opu\u0161tanje.<\/span><\/p>\n<p><span style=\"font-weight: 400;\">Ova prirodna me\u0161avina ulja sadr\u017ei isklju\u010divo prirodna ulja i aktivira proizvodnju kolagena i elastina u va\u0161oj ko\u017ei, spre\u010davajuc\u0301i stvaranje novih bora i izgla\u0111ujuc\u0301i postojec\u0301e.<\/span><\/p>\n<p><span style=\"font-weight: 400;\">Redovnom upotrebom ove jedinstvene kompozicije ulja protiv bora, moc\u0301i c\u0301ete da vratite elasti\u010dnost svojoj ko\u017ei, a ko\u017ea c\u0301e tako\u0111e izgledati zdravo i znatno mla\u0111e. Upotreba prirodnog ulja protiv bora lako otklanja alergijske reakcije, umiruje i le\u010di o\u0161tec\u0301enu ko\u017eu. Ova me\u0161avina ulja je veoma delotvorna, jer sadr\u017ei aktivne supstance i antioksidante koji obnavljaju i osve\u017eavaju ko\u017eu i podsti\u010du njenu regeneraciju.<\/span><\/p>\n<h3><b>Na\u010din upotrebe<\/b><\/h3>\n<p><span style=\"font-weight: 400;\">Svakog jutra i ve\u010deri nanesite malu koli\u010dinu na\u0161e me\u0161avine ulja protiv bora na o\u010di\u0161c\u0301eno lice, ne\u017eno masirajuc\u0301i du\u017e linija (tu je ko\u017ea najvi\u0161e zategnuta). Po\u010dnite od vrata i dekoltea i nastavite da masirate ne\u017enim kru\u017enim pokretima. Nakon 10 minuta, uklonite vi\u0161ak ulja papirnim ubrusom, iako prirodno ulje protiv bora dobro upija u ko\u017eu i ne ostavlja mastan trag. Pogodan je za sve tipove ko\u017ee, a alergijska reakcija je malo verovatna.<\/span><\/p>\n","protected":false},"excerpt":{"rendered":"<p><span style=\"font-weight: 400;\"><strong>Brend<\/strong>: Nefertiti prirodna ulja i biljke<br \/>\n<\/span><span style=\"font-weight: 400;\"><strong>Zemlja porekla<\/strong>: Egipat<br \/>\n<\/span><span style=\"font-weight: 400;\"><strong>Sastav<\/strong>: arganovo ulje, ulje jojobe, bademovo ulje, ulje p\u0161eni\u010dnih klica, ulje sandalovine, ulje semena \u0161argarepe, eteri\u010dna ulja<br \/>\n<\/span><span style=\"font-weight: 400;\"><strong>Upotreba<\/strong>: kozmetika, protiv starenja, protiv bora<br \/>\n<\/span><span style=\"font-weight: 400;\"><strong>INCI<\/strong>: Me\u0161avina prirodnih ulja protiv starenja<br \/>\n<\/span><span style=\"font-weight: 400;\"><strong>Boja<\/strong>: \u017euta do c\u0301ilibara<br \/>\n<\/span><span style=\"font-weight: 400;\"><strong>Miris<\/strong>: zemljani ukus ora\u0161astih plodova<br \/>\n<\/span><span style=\"font-weight: 400;\"><strong>Fizi\u010dko stanje<\/strong>: Te\u010dnost<br \/>\n<\/span><span style=\"font-weight: 400;\"><strong>Prirodno<\/strong>: Da<br \/>\n<\/span><span style=\"font-weight: 400;\"><strong>ISO sertifikat<\/strong>: ISO, COA &amp; MSDS<br \/>\n<\/span><span style=\"font-weight: 400;\"><strong>Dostava<\/strong>: Izra\u010dunava se na blagajni<\/span><\/p>\n","protected":false},"featured_media":288238,"comment_status":"open","ping_status":"closed","template":"","meta":[],"product_brand":[],"product_cat":[1088,1077],"product_tag":[],"class_list":{"0":"post-262247","1":"product","2":"type-product","3":"status-publish","4":"has-post-thumbnail","6":"product_cat-natural-cosmetics-sr","7":"product_cat-natural-skin-care-sr","8":"pa_bottle-size-125-ml-sr-2","9":"pa_bottle-size-60-ml-sr","11":"first","12":"instock","13":"sale","14":"shipping-taxable","15":"purchasable","16":"product-type-variable","17":"has-default-attributes"},"_links":{"self":[{"href":"https:\/\/nefertiti-eg.com\/sr\/wp-json\/wp\/v2\/product\/262247","targetHints":{"allow":["GET"]}}],"collection":[{"href":"https:\/\/nefertiti-eg.com\/sr\/wp-json\/wp\/v2\/product"}],"about":[{"href":"https:\/\/nefertiti-eg.com\/sr\/wp-json\/wp\/v2\/types\/product"}],"replies":[{"embeddable":true,"href":"https:\/\/nefertiti-eg.com\/sr\/wp-json\/wp\/v2\/comments?post=262247"}],"wp:featuredmedia":[{"embeddable":true,"href":"https:\/\/nefertiti-eg.com\/sr\/wp-json\/wp\/v2\/media\/288238"}],"wp:attachment":[{"href":"https:\/\/nefertiti-eg.com\/sr\/wp-json\/wp\/v2\/media?parent=262247"}],"wp:term":[{"taxonomy":"product_brand","embeddable":true,"href":"https:\/\/nefertiti-eg.com\/sr\/wp-json\/wp\/v2\/product_brand?post=262247"},{"taxonomy":"product_cat","embeddable":true,"href":"https:\/\/nefertiti-eg.com\/sr\/wp-json\/wp\/v2\/product_cat?post=262247"},{"taxonomy":"product_tag","embeddable":true,"href":"https:\/\/nefertiti-eg.com\/sr\/wp-json\/wp\/v2\/product_tag?post=262247"}],"curies":[{"name":"wp","href":"https:\/\/api.w.org\/{rel}","templated":true}]}}