{"id":262252,"date":"2023-01-07T13:56:54","date_gmt":"2023-01-07T11:56:54","guid":{"rendered":"https:\/\/nefertiti-eg.com\/shop\/\u043d\u0435\u043a\u0430\u0442\u0435\u0433\u043e\u0440\u0438\u0437\u043e\u0432\u0430\u043d\u043e\/lashes-serum\/"},"modified":"2023-09-12T15:39:40","modified_gmt":"2023-09-12T12:39:40","slug":"lashes-serum","status":"publish","type":"product","link":"https:\/\/nefertiti-eg.com\/sr\/shop\/natural-cosmetics-sr\/lashes-serum\/","title":{"rendered":"Serum za trepavice"},"content":{"rendered":"<h3><b>Prednosti seruma za trepavice<\/b><\/h3>\n<p><span style=\"font-weight: 400;\">Trepavice \u010dine va\u017enu funkciju, obezbe\u0111ujuc\u0301i prvu liniju odbrane za delikatno o\u010dno tkivo, \u0161titec\u0301i od pra\u0161ine i krhotina i delujuc\u0301i kao sistem upozorenja kada je ne\u0161to blizu oka da bi pokrenulo refleksnu akciju, dok se kapak zatvara i stvara barijeru. Tako\u0111e nude za\u0161titu od sunca i smanjuju isparavanje o\u010dne te\u010dnosti.<\/span><\/p>\n<p><span style=\"font-weight: 400;\">\u0160tavi\u0161e, trepavice \u010dine sastavni deo na\u0161eg izgleda, a duge trepavice se smatraju znakom lepote. U potrazi za du\u017eim trepavicama se izla\u017eemo stalnom nano\u0161enju maskare, o\u0161trih lepkova za ekstenzije, sinteti\u010dkih hemijskih stimulatora rasta i alata za uvijanje.<\/span><\/p>\n<p><span style=\"font-weight: 400;\">Na\u0161 serum za trepavice je me\u0161avina prirodnih ulja koja vam prirodno daje du\u017ee i gu\u0161c\u0301e trepavice.<\/span><\/p>\n<h3><b>Kako serum uti\u010de na trepavice?<\/b><\/h3>\n<p><span style=\"font-weight: 400;\">Ovaj magi\u010dni eliksir hrani, hidrira i ja\u010da folikule dlake dok istovremeno podsti\u010de rast. Trepavice c\u0301e biti oja\u010dane, serum otklanja lomljivost i oja\u010dava strukturu dla\u010dica kako bi trepavice bile ja\u010de i obimnije.\u00a0\u00a0<\/span><\/p>\n<h3><b>Ricinusovo ulje obogac\u0301uje na\u0161 serum za trepavice sledec\u0301im svojstvima:<\/b><\/h3>\n<p><span style=\"font-weight: 400;\">Ricinusovo ulje je bogato antioksidansima, omega-6 masnim kiselinama, posebno ricinolnom kiselinom, plus vitaminom E i proteinima, i poznato je po svom uticaju na trepavice i glavni je oslonac vec\u0301ine seruma za trepavice.<\/span><\/p>\n<p><span style=\"font-weight: 400;\">Pokazalo se da ricinolna kiselina stimuli\u0161e prostaglandin (PGE2), hormon koji pokrec\u0301e rast kose. \u0160tavi\u0161e, veruje se da ricinusovo ulje inhibira prostaglandin D2 sintazu koja mo\u017ee da smanji produ\u017eavanje folikula kose i trepavica. Ovo ulje prodire duboko u ko\u017eu i folikule da bi delovalo iznutra ka spolja. Neguje lomljive ili fine dla\u010dice, nudi vrhunsku rehidrataciju, popravlja o\u0161tec\u0301ene folikule i ja\u010da i \u0161titi svaku pojedina\u010dnu trepavicu, \u010dime spre\u010dava o\u0161tec\u0301enje ili gubitak. Povec\u0301anjem cirkulacije krvi stimuli\u0161e i dalji rast. Sa antimikrobnim, antiinflamatornim i antibakterijskim svojstvima ricinusovo ulje \u0161titi od upale, iritacije i infekcije. Infekcije su glavni uzrok gubitka trepavica, a ricinusovo ulje je pokazalo da ima sposobnost da le\u010di blefaritis, uobi\u010dajeno stanje oka koje obi\u010dno uzrokuje upalu, lju\u0161tenje, crvenilo i stvaranje kore na kapku, \u0161to mo\u017ee dovesti do preranog gubitka trepavica. Tako\u0111e mo\u017ee da le\u010di demodeks (grinje trepavica) koje, iako uobi\u010dajene, mogu izazvati opadanje trepavica ako njihov broj postane prevelik.<\/span><\/p>\n<h3><b>Arganovo ulje obogac\u0301uje na\u0161 serum za trepavice sledec\u0301im svojstvima:<\/b><\/h3>\n<p><span style=\"font-weight: 400;\">Arganovo ulje je prepuno masnih kiselina, ugljenih hidrata, minerala i vitamina E kako bi se osiguralo odli\u010dno zdravlje kose, uklju\u010dujuc\u0301i i trepavice. Sa antimikrobnim, antiinflamatornim i antibakterijskim svojstvima, smanjuje upalu i iritaciju, a tako\u0111e nudi za\u0161titu od grinja trepavica. Arganovo ulje je sna\u017ean hidratant i prodire u korteks kako bi nahranio vlasi, poma\u017euc\u0301i da se popravi o\u0161tec\u0301enje iznutra. Formiranjem za\u0161titnog sloja oko svake trepavice \u0161titi od oksidativnog stresa i UV o\u0161tec\u0301enja, daje sjaj, zagla\u0111uje dla\u010dice i spre\u010dava zgru\u0161avanje trepavica. Arganovo ulje prodire duboko u ko\u017eu, regeneri\u0161e folikule, aktivno ja\u010da trepavice, podsti\u010de elasti\u010dnost i \u0161titi od lomljivosti i lomljenja. Redovna upotreba ubrzava proizvodnju keratina, stimuli\u0161e rast trepavica, \u0161titi od gubitka i podsti\u010de duge, zdrave, tamne, guste trepavice.<\/span><\/p>\n<h3><b>Ulje jojobe obogac\u0301uje na\u0161 serum za trepavice sledec\u0301im svojstvima:<\/b><\/h3>\n<p><span style=\"font-weight: 400;\">Sa obiljem masnih kiselina, vitamina E, ugljenih hidrata i minerala koji su neophodni za odli\u010dno zdravlje kose, ulje jojobe je vrhunsko za negu trepavica. U stanju je da kontroli\u0161e sebum, zbog svoje biolo\u0161ke sli\u010dnosti sa sopstvenim sebumom ko\u017ee, i tako mo\u017ee da re\u0161i problem retkih trepavica zbog blokiranih folikula od prekomerne proizvodnje sebuma. Za razliku od drugih ulja, jojoba ne prodire duboko u trepavice, ali pru\u017ea neprobojnu barijeru koja zadr\u017eava vlagu i \u0161titi od daljeg o\u0161tec\u0301enja od UV i oksidativnog stresa. Kondicionira i vla\u017ei trepavice i ima sna\u017ena regenerativna svojstva, popravlja o\u0161tec\u0301enje c\u0301elija, popunjava sve pukotine na o\u0161tec\u0301enim trepavicama, ja\u010da dlaku i zgu\u0161njava trepavice. Jojoba \u0107e nahraniti i za\u0161tititi folikul dlake, podstac\u0301i i stimulisati zdrav rast, osim \u0161to c\u0301e spre\u010diti gubitak trepavica. Dalju za\u0161titu tako\u0111e pru\u017eaju antimikrobna, antibakterijska, antifungalna i antiinflamatorna svojstva ulja jojobe.<\/span><\/p>\n<h3><b>Ulje slatkog badema obogac\u0301uje na\u0161 serum za trepavice sledec\u0301im svojstvima:<\/b><\/h3>\n<p><span style=\"font-weight: 400;\">Sadr\u017ei jedan od visokih nivoa prirodnog vitamina E, plus masne kiseline, proteine i antioksidante, pored magnezijuma, kalcijuma i biotina, ulje slatkog badema \u010dini divnu komponentu u na\u0161em serumu za trepavice. Vla\u017ei, zaptiva i \u0161titi, vrac\u0301a i zadr\u017eava vlagu i elasti\u010dnost, popravlja postojec\u0301a o\u0161tec\u0301enja i daje trenutni sjaj. Bademovo ulje pobolj\u0161ava elasti\u010dnost kose, zagla\u0111uje kutikulu i smanjuje trenje, \u010dime se spre\u010dava o\u0161tec\u0301enje ili habanje usled trljanja, osiguravajuc\u0301i da trepavice ostanu jake. Primena ulja ubrzava cirkulaciju krvi i time podsti\u010de rast, a rast se dodatno stimuli\u0161e i ubrzava prisustvom magnezijuma i prirodnog biotina. \u0160tavi\u0161e, kao bogat izvor antioksidanata spre\u010dava UV i oksidativni stres, a antibakterijska i antiinflamatorna svojstva c\u0301e smiriti iritaciju i upalu.<\/span><\/p>\n<h3><b>Eteri\u010dna aroma ulja obogac\u0301uju na\u0161 serum za trepavice sledec\u0301im svojstvima:<\/b><\/h3>\n<p><b><i>Ulje lavande<\/i><\/b><span style=\"font-weight: 400;\">: Ulje lavande je poznato po svojoj sposobnosti da stimuli\u0161e protok krvi, \u010dime se obezbe\u0111uje da folikuli dobijaju vi\u0161e hranljivih materija i podsti\u010de rast. Tako\u0111e se veruje da direktno uti\u010de na vreme rasta trepavice, produ\u017eavajuc\u0301i fazu anagena (rasta) pre nego \u0161to trepavica dostigne fazu telogena (odmaranja) i stoga omoguc\u0301ava trepavicama da rastu du\u017ee. Lavanda tako\u0111e poseduje antibakterijska svojstva i mo\u017ee za\u0161tititi od blefaritisa i demodeksa.<\/span><\/p>\n<p><b><i>Ulje ruzmarina:<\/i><\/b><span style=\"font-weight: 400;\"> Ulje ruzmarina je sna\u017ean stimulator rasta i pokazalo se da je jednako efikasno kao i popularni tretman za alopeciju, ali bez nuspojava. Podsti\u010de novi rast pored ja\u010danja postojec\u0301e kose ili trepavica. Ulje ruzmarina pobolj\u0161ava cirkulaciju i pru\u017ea dubinsku ishranu, ja\u010da i vla\u017ei trepavice i spre\u010dava gubitak ili lomljenje.<\/span><\/p>\n<p><b><i>Ulje narand\u017ee:<\/i><\/b><span style=\"font-weight: 400;\"> Ulje narand\u017ee sadr\u017ei vitamine A i C koji poma\u017eu u podsticanju rasta trepavica. Dubinski hrani folikule dlake i povec\u0301ava cirkulaciju, podsti\u010de rast, elimini\u0161e lomljive i suve trepavice i \u010dini trepavice gustim, glatkim, jakim i zdravim. Ulje narand\u017ee tako\u0111e poseduje sna\u017ena antibakterijska, antifungalna, antiinflamatorna, antimikrobna i antioksidativna svojstva.<\/span><\/p>\n<h3><b>Vitamin E obogac\u0301uje na\u0161 serum za trepavice sledec\u0301im svojstvima:<\/b><\/h3>\n<p><span style=\"font-weight: 400;\">Vitamin E je osnovni sastojak vec\u0301ine seruma za trepavice jer je izuzetno va\u017ean antioksidans koji igra ogromnu ulogu u rastu i debljini trepavica. Poma\u017ee da se spre\u010di o\u0161tec\u0301enje oksidativnog stresa koje je povezano sa slabim rastom i gubitkom trepavica. Osim \u0161to podr\u017eava zdrav rast, kada se primenjuje lokalno, vitamin E poma\u017ee u popravljanju folikula dlake i ubrzavanju faze rasta trepavica. Tako\u0111e poma\u017ee u negovanju i za\u0161titi osetljivog podru\u010dja oko o\u010diju.<\/span><\/p>\n<h3><b>Kako koristiti serum za trepavice<\/b><\/h3>\n<p><span style=\"font-weight: 400;\">Nanesite malu koli\u010dinu svake noc\u0301i na trepavice koristec\u0301i prilo\u017eeni aplikator. Vodite ra\u010duna da serum ne u\u0111e u oko. Preporu\u010duje se nano\u0161enje najmanje 20 minuta pre spavanja kako bi se ulje upijalo i spre\u010dilo prljanje jastuka.\u00a0<\/span><\/p>\n","protected":false},"excerpt":{"rendered":"<p><span style=\"font-weight: 400;\">Ovaj magi\u010dni eliksir hrani, hidrira i ja\u010da folikule dlake dok istovremeno podsti\u010de rast. Trepavice c\u0301e biti oja\u010dane, serum otklanja lomljivost i oja\u010dava strukturu dla\u010dica kako bi trepavice bile ja\u010de i obimnije. Mo\u017eete se sa sigurno\u0161c\u0301u oprostiti od la\u017enih trepavica.<\/span><\/p>\n","protected":false},"featured_media":275889,"comment_status":"open","ping_status":"closed","template":"","meta":[],"product_brand":[],"product_cat":[1088],"product_tag":[],"class_list":{"0":"post-262252","1":"product","2":"type-product","3":"status-publish","4":"has-post-thumbnail","6":"product_cat-natural-cosmetics-sr","7":"pa_bottle-size-5-ml-sr","9":"first","10":"instock","11":"shipping-taxable","12":"purchasable","13":"product-type-variable","14":"has-default-attributes"},"_links":{"self":[{"href":"https:\/\/nefertiti-eg.com\/sr\/wp-json\/wp\/v2\/product\/262252","targetHints":{"allow":["GET"]}}],"collection":[{"href":"https:\/\/nefertiti-eg.com\/sr\/wp-json\/wp\/v2\/product"}],"about":[{"href":"https:\/\/nefertiti-eg.com\/sr\/wp-json\/wp\/v2\/types\/product"}],"replies":[{"embeddable":true,"href":"https:\/\/nefertiti-eg.com\/sr\/wp-json\/wp\/v2\/comments?post=262252"}],"wp:featuredmedia":[{"embeddable":true,"href":"https:\/\/nefertiti-eg.com\/sr\/wp-json\/wp\/v2\/media\/275889"}],"wp:attachment":[{"href":"https:\/\/nefertiti-eg.com\/sr\/wp-json\/wp\/v2\/media?parent=262252"}],"wp:term":[{"taxonomy":"product_brand","embeddable":true,"href":"https:\/\/nefertiti-eg.com\/sr\/wp-json\/wp\/v2\/product_brand?post=262252"},{"taxonomy":"product_cat","embeddable":true,"href":"https:\/\/nefertiti-eg.com\/sr\/wp-json\/wp\/v2\/product_cat?post=262252"},{"taxonomy":"product_tag","embeddable":true,"href":"https:\/\/nefertiti-eg.com\/sr\/wp-json\/wp\/v2\/product_tag?post=262252"}],"curies":[{"name":"wp","href":"https:\/\/api.w.org\/{rel}","templated":true}]}}