{"id":262263,"date":"2015-06-24T20:59:12","date_gmt":"2015-06-24T18:59:12","guid":{"rendered":"https:\/\/nefertiti-eg.com\/shop\/\u043d\u0435\u043a\u0430\u0442\u0435\u0433\u043e\u0440\u0438\u0437\u043e\u0432\u0430\u043d\u043e\/aloe-vera-lotion\/"},"modified":"2025-10-07T04:12:04","modified_gmt":"2025-10-07T01:12:04","slug":"aloe-vera-lotion","status":"publish","type":"product","link":"https:\/\/nefertiti-eg.com\/sr\/shop\/natural-cosmetics-sr\/aloe-vera-lotion\/","title":{"rendered":"Losion od Aloe Vere"},"content":{"rendered":"<h3><span style=\"font-size: 12pt;\"><img fetchpriority=\"high\" decoding=\"async\" class=\"alignnone wp-image-54127 size-full\" src=\"https:\/\/nefertiti-eg.com\/wp-content\/uploads\/2015\/06\/AloeVera.jpg\" alt=\"\" width=\"900\" height=\"500\" title=\"\" srcset=\"https:\/\/nefertiti-eg.com\/wp-content\/uploads\/2015\/06\/AloeVera.jpg 900w, https:\/\/nefertiti-eg.com\/wp-content\/uploads\/2015\/06\/AloeVera-130x72.jpg 130w, https:\/\/nefertiti-eg.com\/wp-content\/uploads\/2015\/06\/AloeVera-700x389.jpg 700w, https:\/\/nefertiti-eg.com\/wp-content\/uploads\/2015\/06\/AloeVera-300x167.jpg 300w, https:\/\/nefertiti-eg.com\/wp-content\/uploads\/2015\/06\/AloeVera-768x427.jpg 768w, https:\/\/nefertiti-eg.com\/wp-content\/uploads\/2015\/06\/AloeVera-600x333.jpg 600w, https:\/\/nefertiti-eg.com\/wp-content\/uploads\/2015\/06\/AloeVera-150x83.jpg 150w\" sizes=\"(max-width: 900px) 100vw, 900px\" \/><\/span><\/h3>\n<h3><b>Glavni aktivni sastojci i svojstva losiona od Aloe Vere:<\/b><\/h3>\n<ul>\n<li><span style=\"font-weight: 400;\"> Aloe vera sadr\u017ei izbalansiranu grupu biolo\u0161ki aktivnih supstanci.<\/span><\/li>\n<li><span style=\"font-weight: 400;\"> Organske kiseline poma\u017eu da ko\u017ea ostane mlada.<\/span><\/li>\n<li><span style=\"font-weight: 400;\"> Tanini su obdareni antimikrobnim svojstvima (neophodnim u le\u010denju akni).<\/span><\/li>\n<li><span style=\"font-weight: 400;\"> Pektin poma\u017ee u hidrataciji dehidrirane ko\u017ee.<\/span><\/li>\n<li><span style=\"font-weight: 400;\"> Karotenoidi su neophodni za odr\u017eavanje lepog tena.<\/span><\/li>\n<li><span style=\"font-weight: 400;\"> Alantoin ima dvostruko dejstvo na ko\u017eu: omek\u0161ava ro\u017enati sloj, promovi\u0161e odvajanje mrtvih c\u0301elija i stimuli\u0161e regeneraciju tkiva. Ste\u017ee pore, omek\u0161ava ko\u017eu, uklju\u010dujuc\u0301i ispucalu ili ope\u010denu ko\u017eu.<\/span><\/li>\n<li><span style=\"font-weight: 400;\"> Vitaminski kompleks (vitamini A, C, E grupa vitamina B), folna kiselina, minerali \u2013 kalcijum, kalijum, natrijum, cink, bakar, hrom, selen neguju c\u0301elije i pru\u017eaju antistres barijeru. Aloe vera je prvoklasni antioksidans koji inhibira proces oksidacije u c\u0301elijama i usporava njihovo uni\u0161tavanje, \u010dime usporava starenje ko\u017ee.<\/span><\/li>\n<li><span style=\"font-weight: 400;\"> Aloe vera prodire u ko\u017eu 4 puta br\u017ee od vode, \u010dime dubinski vla\u017ei i spre\u010dava dehidrataciju, zadr\u017eavajuc\u0301i optimalnu koli\u010dinu vlage u slojevima epiderme.<\/span><\/li>\n<li><span style=\"font-weight: 400;\"> \u0160titi i obnavlja prirodnu barijeru ko\u017ee, koja zbog pobolj\u0161ane cirkulacije krvi stvara bolju otpornost na negativne spoljne faktore. Aloe vera brzo upija, ali istovremeno stvara nevidljivu barijeru na ko\u017ei koja savr\u0161eno \u0161titi od vetra i drugih spolja\u0161njih iritacija tokom celog dana.<\/span><\/li>\n<li><span style=\"font-weight: 400;\"> Pogodno za sve tipove ko\u017ee.<\/span><\/li>\n<li><span style=\"font-weight: 400;\"> Nakon prve primene, ko\u017ea izgleda sve\u017eije jer dobija vitamine, antioksidante i potrebnu vlagu.<\/span><\/li>\n<\/ul>\n<h3><b>Primena losiona od Aloe Vere<\/b><\/h3>\n<p><span style=\"font-weight: 400;\">Aloe vera blagotvorno deluje na epidermu: dezinfikuje, umiruje, omek\u0161ava, vla\u017ei, ubla\u017eava upalu i iritaciju, crvenilo i svrab, le\u010di manje rane i ogrebotine. Tako\u0111e poma\u017ee kod opekotina, posekotina i ujeda insekata. Zahvaljujuc\u0301i svojim antiinflamatornim svojstvima, aloe vera smanjuje crvenilo izazvano UV zracima, ubrzava regeneraciju c\u0301elija i formira za\u0161titni sloj koji zadr\u017eava vlagu u c\u0301elijama \u2013 vlagu koja je posebno potrebna o\u0161tec\u0301enoj ko\u017ei.<\/span><\/p>\n<ul>\n<li><span style=\"font-weight: 400;\"> Za suvu i osetljivu ko\u017eu preporu\u010duje se losion od aloe vere za svakodnevnu negu ujutru i uve\u010de. Slobodno ga koristite umesto dnevne kreme jer se dobro uklapa u kozmetiku.<\/span><\/li>\n<li><span style=\"font-weight: 400;\"> Jutarnji tretmani losionom od aloe vere c\u0301e za\u0161tititi od iritirajuc\u0301ih faktora okoline. Ve\u010dernja nega c\u0301e obezbediti hidrataciju i ishranu dubljim slojevima epidermisa.<\/span><\/li>\n<li><span style=\"font-weight: 400;\"> Za normalnu, masnu i upaljenu ko\u017eu preporu\u010duje se losion od aloe vere za \u010di\u0161c\u0301enje pro\u0161irenih pora, hidrataciju, ubla\u017eavanje iritacije i \u010di\u0161c\u0301enje ko\u017ee od mitisera i akni.<\/span><\/li>\n<li><span style=\"font-weight: 400;\"> Aloe vera vrhunski spasava ko\u017eu od opekotina. Ako imate opekotine ili opekotine od sunca, nama\u017eite zahvac\u0301ena mesta losionom od aloe vere \u2013 on umiruje i omek\u0161ava ko\u017eu i deluje rashla\u0111ujuc\u0301e. Bol c\u0301e se brzo smanjiti, a sledec\u0301eg dana opekotina c\u0301e biti manje vidljiva.<\/span><\/li>\n<li><span style=\"font-weight: 400;\"> Njegov aloin je poznat po svojstvima za\u0161tite od sunca, \u0161to losion \u010dini pogodnim za za\u0161titu ko\u017ee od direktnog izlaganja UV zracima. Idealan za upotrebu pre i posle sun\u010danja. Svakodnevna upotreba aloe vere vam omoguc\u0301ava da odr\u017eite ravnomeran ten. Imajte na umu da iako aloe vera mo\u017ee pomoc\u0301i u za\u0161titi ko\u017ee od slu\u010dajnog izlaganja suncu, nije preporu\u010dljivo da zamenite SPF kremu za sun\u010danje tokom du\u017eeg izlaganja suncu.<\/span><\/li>\n<li><span style=\"font-weight: 400;\"> Nakon bilo kakvog mehani\u010dkog ili hemijskog delovanja, losion aloe vere c\u0301e brzo obnoviti o\u0161tec\u0301ene c\u0301elije ko\u017ee, ubla\u017eiti iritaciju i stvoriti prirodni film koji \u0161titi od ponovnog zapaljenja. Zbog toga je losion od aloe vere savr\u0161en za ubla\u017eavanje iritacije ko\u017ee nakon epilacije i brijanja.<\/span><\/li>\n<li><span style=\"font-weight: 400;\"> Upotreba medicinskih i kuc\u0301nih rukavica uni\u0161tava ko\u017eu ruku i dovodi do njenog prevremenog starenja. Nano\u0161enje losiona od aloe vere c\u0301e va\u0161e ruke odr\u017eati lepim dugo vremena.<\/span><\/li>\n<li><span style=\"font-weight: 400;\"> Aloe vera je odli\u010dna kao hidratantna krema za telo i lice. Nakon tu\u0161iranja, nanesite ga u tankom sloju \u2013 losion se trenutno upija bez ostavljanja lepljivih tragova i podsti\u010de meku, bar\u0161unastu ko\u017eu.<\/span><\/li>\n<li><span style=\"font-weight: 400;\"> Aloe vera c\u0301e pomoc\u0301i da se brzo otarasite modrica.<\/span><\/li>\n<\/ul>\n<h3><strong>Sve u svemu, aloe vera losion pru\u017ea raznovrsnu negu za sve tipove ko\u017ee:<\/strong><\/h3>\n<ul>\n<li><span style=\"font-weight: 400;\"> Suvi i normalni tipovi ko\u017ee: vla\u017ei, omek\u0161ava, \u0161titi;<\/span><\/li>\n<li><span style=\"font-weight: 400;\"> Osetljiva ko\u017ea: umiruje i ubla\u017eava stres;<\/span><\/li>\n<li><span style=\"font-weight: 400;\"> Ko\u017ea koja stari: povec\u0301ava elasti\u010dnost svojim revitalizirajuc\u0301im efektom;<\/span><\/li>\n<li><span style=\"font-weight: 400;\"> Masna, problemati\u010dna ko\u017ea: \u010disti ko\u017eu od akni i mitesera, poma\u017ee u spre\u010davanju njihovog nastanka;<\/span><\/li>\n<li><span style=\"font-weight: 400;\"> Upaljena ko\u017ea: umiruje i ubla\u017eava.<\/span><\/li>\n<\/ul>\n","protected":false},"excerpt":{"rendered":"<p><span style=\"font-weight: 400;\"><strong>Brend<\/strong>: Nefertiti prirodna ulja i biljke<br \/>\n<\/span><span style=\"font-weight: 400;\"><strong>Zemlja porekla<\/strong>: Egipat<br \/>\n<\/span><span style=\"font-weight: 400;\"><strong>Sastav<\/strong>: sok od listova aloe vere, aroma ulja, organski stabilizator<br \/>\n<\/span><span style=\"font-weight: 400;\"><strong>Primena<\/strong>: Kozmeti\u010dka; SPF 6<br \/>\n<\/span><span style=\"font-weight: 400;\"><strong>INCI<\/strong>: Sok od listova aloe barbadensis<br \/>\n<\/span><span style=\"font-weight: 400;\"><strong>Boja<\/strong>: kremasto bela<br \/>\n<\/span><span style=\"font-weight: 400;\"><strong>Miris<\/strong>: sve\u017e ukus citrusa i cvec\u0301a<br \/>\n<\/span><span style=\"font-weight: 400;\"><strong>Fizi\u010dko stanje<\/strong>: Te\u010dnost<br \/>\n<\/span><span style=\"font-weight: 400;\"><strong>Prirodno<\/strong>: Da<br \/>\n<\/span><span style=\"font-weight: 400;\"><strong>ISO sertifikat<\/strong>: ISO, COA &amp; MSDS<br \/>\n<\/span><span style=\"font-weight: 400;\"><strong>Dostava<\/strong>: Izra\u010dunava se na blagajni<\/span><\/p>\n","protected":false},"featured_media":279535,"comment_status":"open","ping_status":"closed","template":"","meta":[],"product_brand":[],"product_cat":[1088,1077],"product_tag":[1178,1179,1180,1181,1177],"class_list":{"0":"post-262263","1":"product","2":"type-product","3":"status-publish","4":"has-post-thumbnail","6":"product_cat-natural-cosmetics-sr","7":"product_cat-natural-skin-care-sr","8":"product_tag-uncategorized-sr-6","9":"product_tag-uncategorized-sr-7","10":"product_tag-uncategorized-sr-8","11":"product_tag-uncategorized-sr-9","12":"product_tag-uncategorized-sr-5","13":"pa_bottle-size-11-1000-ml-sr","14":"pa_bottle-size-11-500-ml-sr","15":"pa_bottle-size-1000-ml-2-sr","16":"pa_bottle-size-125-ml-sr-2","17":"pa_bottle-size-200-ml","18":"pa_bottle-size-300-ml","19":"pa_bottle-size-500-ml","21":"first","22":"instock","23":"sale","24":"shipping-taxable","25":"purchasable","26":"product-type-variable","27":"has-default-attributes"},"_links":{"self":[{"href":"https:\/\/nefertiti-eg.com\/sr\/wp-json\/wp\/v2\/product\/262263","targetHints":{"allow":["GET"]}}],"collection":[{"href":"https:\/\/nefertiti-eg.com\/sr\/wp-json\/wp\/v2\/product"}],"about":[{"href":"https:\/\/nefertiti-eg.com\/sr\/wp-json\/wp\/v2\/types\/product"}],"replies":[{"embeddable":true,"href":"https:\/\/nefertiti-eg.com\/sr\/wp-json\/wp\/v2\/comments?post=262263"}],"wp:featuredmedia":[{"embeddable":true,"href":"https:\/\/nefertiti-eg.com\/sr\/wp-json\/wp\/v2\/media\/279535"}],"wp:attachment":[{"href":"https:\/\/nefertiti-eg.com\/sr\/wp-json\/wp\/v2\/media?parent=262263"}],"wp:term":[{"taxonomy":"product_brand","embeddable":true,"href":"https:\/\/nefertiti-eg.com\/sr\/wp-json\/wp\/v2\/product_brand?post=262263"},{"taxonomy":"product_cat","embeddable":true,"href":"https:\/\/nefertiti-eg.com\/sr\/wp-json\/wp\/v2\/product_cat?post=262263"},{"taxonomy":"product_tag","embeddable":true,"href":"https:\/\/nefertiti-eg.com\/sr\/wp-json\/wp\/v2\/product_tag?post=262263"}],"curies":[{"name":"wp","href":"https:\/\/api.w.org\/{rel}","templated":true}]}}