{"id":262273,"date":"2023-04-13T14:58:00","date_gmt":"2023-04-13T12:58:00","guid":{"rendered":"https:\/\/nefertiti-eg.com\/shop\/\u043d\u0435\u043a\u0430\u0442\u0435\u0433\u043e\u0440\u0438\u0437\u043e\u0432\u0430\u043d\u043e\/fresh-crystal-deodorant-alum\/"},"modified":"2023-09-13T13:18:19","modified_gmt":"2023-09-13T10:18:19","slug":"fresh-crystal-deodorant-alum","status":"publish","type":"product","link":"https:\/\/nefertiti-eg.com\/sr\/shop\/natural-cosmetics-sr\/fresh-crystal-deodorant-alum\/","title":{"rendered":"Dezodorans kristal (Alum)"},"content":{"rendered":"<h3><b>\u201eKristal sve\u017eine\u201c kao dezodorans<\/b><\/h3>\n<p><span style=\"font-weight: 400;\">Kalijum alum kristal elimini\u0161e neprijatne mirise tela. Ovaj kristal u obliku dezodoransa ne zapu\u0161ava pore, a samim tim ne potiskuje stvaranje znoja, niti naru\u0161ava normalnu termoregulaciju tela. Nanesen na vla\u017enu ko\u017eu, stipsa se bori protiv stvaranja bakterija koje izazivaju miris. Stipsa navla\u017eena hladnom vodom ima sposobnost da ve\u017ee znoj svojim higroskopnim svojstvima. Pore su su\u017eene, ali nisu potpuno zatvorene niti za\u010depljene. Pored toga, antibakterijska i adstringentna svojstva imaju efekat neutralizacije mirisa. Miris znoja koji se javlja tokom dana lako nestaje uz pomo\u0107 ovog kristala, \u0161to je dokazano \u010dak i u ekstremnim uslovima.<\/span><\/p>\n<h3><b>\u201eKristal sve\u017eine\u201c za zaustavljanje krvarenja u slu\u010daju posekotine<\/b><\/h3>\n<p><span style=\"font-weight: 400;\">Svojstva stipse omoguc\u0301avaju da stane krvarenje, a tako\u0111e njegovo dezinfekciono dejstvo \u0161titi ko\u017eu od iritacije, akni i upale. Adstringentno dejstvo kristala izaziva kontrakciju ko\u017ee, zatvarajuc\u0301i male pukotine i zaustavljajuc\u0301i krvarenje. Da bi minerali kristala po\u010deli da deluju, treba ga ili navla\u017eiti hladnom vodom ili naneti na vla\u017enu ko\u017eu.<\/span><\/p>\n<h3><b>Na\u010din upotrebe<\/b><\/h3>\n<p><span style=\"font-weight: 400;\">Koristite kristal samo sa hladnom vodom. Primena tople vode stvara rupe u mineralnom kamenu.<\/span><\/p>\n<p><span style=\"font-weight: 400;\">Kristal je bez mirisa i ne treba ga smatrati klasi\u010dnim dezodoransom, vec\u0301 sredstvom protiv znoja. Dakle, alum kristal je prirodni proizvod koji nam poma\u017ee da budemo sve\u017ei bez hemikalija.<\/span><\/p>\n<p><span style=\"font-weight: 400;\">Isperite kristal nakon upotrebe i ostavite da se osu\u0161i.\u00a0<\/span><\/p>\n","protected":false},"excerpt":{"rendered":"<p><span style=\"font-weight: 400;\">Ovo je prirodni kamen &#8211; dezodorans i ni\u0161ta nije dodato. Stena kojoj pripada ovaj mineral naziva se kalijum alum. Prvi put se pominje u istoriji u 15. veku. Redak, kristalno \u010dist mineral je prvo iskopan pod nadzorom Vatikana u Rimu. Po\u0161to je mineralna stena, efikasan je samo uz upotrebu vode. Upotreba hladne vode podsti\u010de osloba\u0111anje komponenti koje spre\u010davaju stvaranje bakterija koje izazivaju upalu i miris znoja. Pored toga, stipsa se dugo koristi za hemostazu kod povreda od brijanja.<\/span><\/p>\n","protected":false},"featured_media":256962,"comment_status":"open","ping_status":"closed","template":"","meta":[],"product_brand":[],"product_cat":[1088],"product_tag":[],"class_list":{"0":"post-262273","1":"product","2":"type-product","3":"status-publish","4":"has-post-thumbnail","6":"product_cat-natural-cosmetics-sr","8":"first","9":"instock","10":"shipping-taxable","11":"purchasable","12":"product-type-variable","13":"has-default-attributes"},"_links":{"self":[{"href":"https:\/\/nefertiti-eg.com\/sr\/wp-json\/wp\/v2\/product\/262273","targetHints":{"allow":["GET"]}}],"collection":[{"href":"https:\/\/nefertiti-eg.com\/sr\/wp-json\/wp\/v2\/product"}],"about":[{"href":"https:\/\/nefertiti-eg.com\/sr\/wp-json\/wp\/v2\/types\/product"}],"replies":[{"embeddable":true,"href":"https:\/\/nefertiti-eg.com\/sr\/wp-json\/wp\/v2\/comments?post=262273"}],"wp:featuredmedia":[{"embeddable":true,"href":"https:\/\/nefertiti-eg.com\/sr\/wp-json\/wp\/v2\/media\/256962"}],"wp:attachment":[{"href":"https:\/\/nefertiti-eg.com\/sr\/wp-json\/wp\/v2\/media?parent=262273"}],"wp:term":[{"taxonomy":"product_brand","embeddable":true,"href":"https:\/\/nefertiti-eg.com\/sr\/wp-json\/wp\/v2\/product_brand?post=262273"},{"taxonomy":"product_cat","embeddable":true,"href":"https:\/\/nefertiti-eg.com\/sr\/wp-json\/wp\/v2\/product_cat?post=262273"},{"taxonomy":"product_tag","embeddable":true,"href":"https:\/\/nefertiti-eg.com\/sr\/wp-json\/wp\/v2\/product_tag?post=262273"}],"curies":[{"name":"wp","href":"https:\/\/api.w.org\/{rel}","templated":true}]}}