{"id":262275,"date":"2015-06-25T16:13:28","date_gmt":"2015-06-25T14:13:28","guid":{"rendered":"https:\/\/nefertiti-eg.com\/shop\/\u043d\u0435\u043a\u0430\u0442\u0435\u0433\u043e\u0440\u0438\u0437\u043e\u0432\u0430\u043d\u043e\/bronzing-oil-for-face-and-body\/"},"modified":"2023-09-13T14:06:04","modified_gmt":"2023-09-13T11:06:04","slug":"bronzing-oil-for-face-and-body","status":"publish","type":"product","link":"https:\/\/nefertiti-eg.com\/sr\/shop\/natural-cosmetics-sr\/bronzing-oil-for-face-and-body\/","title":{"rendered":"Bronzano ulje za tamnjenje (bronzing oil)"},"content":{"rendered":"<h3><b>Prednosti prirodnog ulja za tamnjenje za lice i telo<\/b><\/h3>\n<p><span style=\"font-weight: 400;\">Uz jedinstvenu formulu, na\u0161a me\u0161avina ulja bronzera ne samo da c\u0301e sa\u010duvati lepotu va\u0161e ko\u017ee sa glamuroznom, \u017eivopisnom bronzanom nijansom, vec\u0301 c\u0301e va\u0161oj ko\u017ei obezbediti i aktivne hidratantne i hranljive sastojke. Na\u0161a me\u0161avina ulja za tamnjenje je puna esencijalnih sastojaka za zdravlje ko\u017ee, kao \u0161to su vitamin E (protiv starenja), ulje crvenog mo\u0161usa (ekstra intenzivna bronzana boja) i ulje jojobe (koje odr\u017eava va\u0161u ko\u017eu zdravom i vla\u017ei do najdubljih slojeva).<\/span><\/p>\n<p><span style=\"font-weight: 400;\">Kori\u0161c\u0301enje na\u0161e me\u0161avine ulja za tamnjenje stimuli\u0161e proces tamnjenja i \u0161titi va\u0161u ko\u017eu od \u0161tetnih efekata UV zra\u010denja. Za intenzivan, tamni bronzani ton, potrebno je da nanesete bronzer ulje na lice i celo telo. Ako \u017eelite svetliju bronzanu nijansu, preporu\u010duje se da me\u0161avinu ulja za bronzu pome\u0161ate sa bilo kojim hidratantnim losionom ili kremom za sun\u010danje.<\/span><\/p>\n<h3><b>Prirodno tamnjenje ko\u017ee sa esencijalnim uljima<\/b><\/h3>\n<p><span style=\"font-weight: 400;\">Ova jedinstvena me\u0161avina bronzanih ulja daje va\u0161oj ko\u017ei bogatu bronzanu boju. Me\u0161avina sadr\u017ei prirodna esencijalna ulja koja dubinski neguju i hidriraju za glatku, zategnutiju ko\u017eu, istovremeno osiguravajuc\u0301i da va\u0161a ko\u017ea dobije so\u010dan, prekrasan, blistav bronzani ten za samo nekoliko dana.<\/span><\/p>\n<h3><b>Na\u010din upotrebe<\/b><\/h3>\n<p><span style=\"font-weight: 400;\">Za one sa osetljivom i veoma svetlom ko\u017eom, toplo se preporu\u010duje da nanesu me\u0161avinu ulja za bronzanje na lice i telo, sa\u010dekaju deset minuta, a zatim nanesu sekundarni sloj za\u0161titnog SPF losiona ili kreme za sun\u010danje. Mo\u017eete koristiti i samo ulje.\u00a0<\/span><\/p>\n","protected":false},"excerpt":{"rendered":"<p><span style=\"font-weight: 400;\"><strong>Brend<\/strong>: Nefertiti prirodna ulja i biljke<br \/>\n<\/span><span style=\"font-weight: 400;\"><strong>Zemlja porekla<\/strong>: Egipat<br \/>\n<\/span><span style=\"font-weight: 400;\"><strong>Sastav<\/strong>: ulje jojobe, ulje semena \u0161argarepe, ulje sandalovine, eteri\u010dna ulja.<br \/>\n<\/span><span style=\"font-weight: 400;\"><strong>Upotreba<\/strong>: kozmeti\u010dka<br \/>\n<\/span><span style=\"font-weight: 400;\"><strong>INCI<\/strong>: Ubrziva\u010d preplanule boje od sunca<br \/>\n<\/span><span style=\"font-weight: 400;\"><strong>Boja<\/strong>: tamno c\u0301ilibar<br \/>\n<\/span><span style=\"font-weight: 400;\"><strong>Miris<\/strong>: Ora\u0161ast miris sa svetlim biljnim notama<br \/>\n<\/span><span style=\"font-weight: 400;\"><strong>Fizi\u010dko stanje<\/strong>: Te\u010dnost<br \/>\n<\/span><span style=\"font-weight: 400;\"><strong>Prirodno<\/strong>: Da<br \/>\n<\/span><span style=\"font-weight: 400;\"><strong>ISO sertifikat<\/strong>: ISO, COA &amp; MSDS<br \/>\n<\/span><span style=\"font-weight: 400;\"><strong>Dostava<\/strong>: Izra\u010dunava se na blagajni<\/span><\/p>\n","protected":false},"featured_media":274507,"comment_status":"open","ping_status":"closed","template":"","meta":[],"product_brand":[],"product_cat":[1088],"product_tag":[],"class_list":{"0":"post-262275","1":"product","2":"type-product","3":"status-publish","4":"has-post-thumbnail","6":"product_cat-natural-cosmetics-sr","7":"pa_bottle-size-125-ml-sr-2","8":"pa_bottle-size-60-ml-sr","10":"first","11":"instock","12":"sale","13":"purchasable","14":"product-type-variable","15":"has-default-attributes"},"_links":{"self":[{"href":"https:\/\/nefertiti-eg.com\/sr\/wp-json\/wp\/v2\/product\/262275","targetHints":{"allow":["GET"]}}],"collection":[{"href":"https:\/\/nefertiti-eg.com\/sr\/wp-json\/wp\/v2\/product"}],"about":[{"href":"https:\/\/nefertiti-eg.com\/sr\/wp-json\/wp\/v2\/types\/product"}],"replies":[{"embeddable":true,"href":"https:\/\/nefertiti-eg.com\/sr\/wp-json\/wp\/v2\/comments?post=262275"}],"wp:featuredmedia":[{"embeddable":true,"href":"https:\/\/nefertiti-eg.com\/sr\/wp-json\/wp\/v2\/media\/274507"}],"wp:attachment":[{"href":"https:\/\/nefertiti-eg.com\/sr\/wp-json\/wp\/v2\/media?parent=262275"}],"wp:term":[{"taxonomy":"product_brand","embeddable":true,"href":"https:\/\/nefertiti-eg.com\/sr\/wp-json\/wp\/v2\/product_brand?post=262275"},{"taxonomy":"product_cat","embeddable":true,"href":"https:\/\/nefertiti-eg.com\/sr\/wp-json\/wp\/v2\/product_cat?post=262275"},{"taxonomy":"product_tag","embeddable":true,"href":"https:\/\/nefertiti-eg.com\/sr\/wp-json\/wp\/v2\/product_tag?post=262275"}],"curies":[{"name":"wp","href":"https:\/\/api.w.org\/{rel}","templated":true}]}}