{"id":262286,"date":"2020-08-13T12:10:56","date_gmt":"2020-08-13T10:10:56","guid":{"rendered":"https:\/\/nefertiti-eg.com\/shop\/\u043d\u0435\u043a\u0430\u0442\u0435\u0433\u043e\u0440\u0438\u0437\u043e\u0432\u0430\u043d\u043e\/gardenia-oil\/"},"modified":"2023-09-13T14:32:20","modified_gmt":"2023-09-13T11:32:20","slug":"gardenia-oil","status":"publish","type":"product","link":"https:\/\/nefertiti-eg.com\/sr\/shop\/aroma-oils-uk-sr\/gardenia-oil\/","title":{"rendered":"Ulje gardenije"},"content":{"rendered":"<p><span style=\"font-weight: 400;\">Izgled cveta gardenije je \u010dist i senzualan \u2013 a tu je i opojni slatki miris, koji iz daleka golica sve va\u0161e senzore mirisa, pravi poziv da gurnete nos u jedan od divnih cvetova i onesvestite se od opojnog mirisa. Rajski miris budi sec\u0301anja na lenje, mekoc\u0301e ve\u010deri provedene na verandi.<\/span><\/p>\n<p><span style=\"font-weight: 400;\">Svi delovi biljke gardenije su antispazmodi\u010dni, katarzi\u010dni, anthelminti\u010dki i antisepti\u010dki. Kora sadr\u017ei beta-sitosterol i nonakozan, listovi i cvetovi sadr\u017ee manit. Seme sadr\u017ei skrob i ulje koje se uglavnom sastoji od palmitinske, oleinske i linolne kiseline. Koreni se koriste za tretiranje glavobolje, dispepsije, nervnih poremec\u0301aja i groznice. Listovi se koriste kao obloge za le\u010denje groznice, a plodovi se koriste protiv \u017eutice i bolesti bubrega i pluc\u0301a.<\/span><\/p>\n<h3><strong>Poreklo i karakteristike gardenije<\/strong><\/h3>\n<p><span style=\"font-weight: 400;\">Gardenija je rod cvetnih biljaka iz porodice kafe, Rubiaceae, poreklom iz tropskih i suptropskih regiona Afrike, Azije, Madagaskara, Pacifi\u010dkih ostrva i Australije.<\/span><\/p>\n<p><span style=\"font-weight: 400;\">To su zimzeleni grmovi, u rasponu od patuljastog do velikog \u017ebunastog grmlja, listovi su tamnozeleni i sjajni, sa ko\u017enom teksturom, rastu jedan naspram drugog ili u krugovima od tri ili \u010detiri. Izuzetno jaki mirisni cvetovi rastu pojedina\u010dno ili u malim grozdovima, obojeni belo ili bledo \u017euto, sa cevastim ven\u010dic\u0301em.\u00a0<\/span><\/p>\n<h3><b>Ulje gardenije i njegove prednosti<\/b><\/h3>\n<p><span style=\"font-weight: 400;\">Da li vec\u0301 razmi\u0161ljate da dodate ovo prelepo eteri\u010dno ulje u svoj ormaric\u0301 za kozmetiku i kuc\u0301ne lekove? Pored zavodljivog i opojnog mirisa gardenije, ulje gardenije mo\u017ee biti pravi izbor za prevazila\u017eenje mnogih malih i velikih tegoba.<\/span><\/p>\n<p><span style=\"font-weight: 400;\">Hajde da istra\u017eimo neka od njegovih korisnih svojstava.<\/span><\/p>\n<h3><b>Anti-inflamatorno dejstvo<\/b><\/h3>\n<p><span style=\"font-weight: 400;\">Eteri\u010dno ulje gardenije ima antiinflamatorna svojstva i stoga je efikasan agens u le\u010denju inflamatornih stanja kao \u0161to su artritis, ulcerozni kolitis i zapaljenje creva. Dve posebne hemikalije u ulju gardenije (genipozid i genipin) su jaki antiinflamatorni agensi i \u010dak mogu pomoc\u0301i u tretiranju simptoma \u017eutice, edema, groznice i bolesti jetre.<\/span><\/p>\n<h3><b>Antibakterijski efekat<\/b><\/h3>\n<p><span style=\"font-weight: 400;\">Eteri\u010dno ulje gardenije je efikasno re\u0161enje za bakterijske infekcije kao \u0161to su sepsa i tetanus zbog svojih jakih baktericidnih svojstava. Zbog ove baktericidne aktivnosti, tako\u0111e je odli\u010dan agens koji se koristi za odr\u017eavanje povr\u0161ina bez klica, dok \u0161iri svoj divan miris. Jednostavno dodajte nekoliko kapi ulja gardenije u vodu da biste je koristili kao sprej. Ulje gardenije tako\u0111e mo\u017ee pomoc\u0301i u za\u0161titi od potencijalno opasnih bakterijskih infekcija uzrokovanih bakterijama poput salmonele i e-coli.<\/span><\/p>\n<h3><b>Antioksidans<\/b><\/h3>\n<p><span style=\"font-weight: 400;\">Koli\u010dina antioksidanata sadr\u017eanih u ulju gardenije je velika. Antioksidansi su hemikalije koje inhibiraju stvaranje slobodnih radikala i smanjuju oksidativni stres. Oni tako\u0111e mogu pomoc\u0301i u smanjenju rizika od raka i uklanjanju toksina koji izazivaju \u0161tetu u telu. Antioksidansi igraju va\u017enu ulogu u zdravlju ko\u017ee, zarastanju manjih povreda, smanjenju o\u017eiljaka i pigmentacije.<\/span><\/p>\n<h3><b>Antivirusno dejstvo<\/b><\/h3>\n<p><span style=\"font-weight: 400;\">Za gardeniju se tako\u0111e ka\u017ee da je odli\u010dna za ubla\u017eavanje prehlade. Antibakterijska, antioksidativna i antivirusna jedinjenja mogu pomoc\u0301i u borbi protiv respiratornih ili sinusnih infekcija. Ot\u010depite nos isparavanjem ulja gardenije ili dodajte nekoliko kapi u toplu vodu za osloba\u0111anje parnog kupatila.<\/span><\/p>\n<h3><b>Afrodizijak<\/b><\/h3>\n<p><span style=\"font-weight: 400;\">Buduc\u0301i da je afrodizijak, veruje se da opojni miris esencijalnog ulja gardenije stimuli\u0161e libido. Nekoliko kapi ovog ulja mo\u017eete dodati u kadu ili se koristi kao stimulativno ulje za masa\u017eu, i mo\u017ee podstac\u0301i strastvene osec\u0301aje i za\u010diniti stvari u spavac\u0301oj sobi.<\/span><\/p>\n<h3><b>Gardenija ulje i aromaterapija<\/b><\/h3>\n<p><span style=\"font-weight: 400;\">Miris gardenije je sparan kao vrelo letnje ve\u010de. Egzoti\u010dni cvetni miris je veliki deo njegove privla\u010dnosti &#8211; hladan, smeo i sve\u017e, a opet drvenast i \u017eenstven &#8211; i verovatno ga \u010dini najopijanijim mirisom na svetu.<\/span><\/p>\n<p><span style=\"font-weight: 400;\">Ulje gardenije bi moglo biti pravo aromati\u010dno ulje za vas ako ste osetljivi na uticaj aroma za pobolj\u0161anje raspolo\u017eenja. Cvetni miris gardenije ima svojstva koja mogu izazvati opu\u0161tanje i smanjiti stres. \u0160tavi\u0161e, njegova antibakterijska svojstva mogu o\u010distiti vazduh od patogena u vazduhu i eliminisati miris kada se koristi kao sprej za sobu.<\/span><\/p>\n<h3><b>Pobolj\u0161ava raspolo\u017eenje<\/b><\/h3>\n<p><span style=\"font-weight: 400;\">Eteri\u010dno ulje gardenije pobolj\u0161ava raspolo\u017eenje, smanjuje anksioznost i izaziva opu\u0161tanje. Osna\u017eujuc\u0301a kupka sa uljem gardenije ili masa\u017ea ovi uljem mogu vam pomoc\u0301i da pobolj\u0161ate raspolo\u017eenje.<\/span><\/p>\n<h3><b>Smanjuje umor i bol<\/b><\/h3>\n<p><span style=\"font-weight: 400;\">Ekstrakt i ulje gardenije se koriste za borbu protiv bolova, i nelagodnosti povezanih sa glavoboljama, PMS-om, artritisom, i povredama, uklju\u010dujuc\u0301i uganuc\u0301e i gr\u010devie u mi\u0161ic\u0301ima. Utvr\u0111eno je da gardenija mo\u017ee pobolj\u0161ati cirkulaciju, smanjiti upalu i podstac\u0301i protok kiseonika i hranljivih materija u delove tela kojima je to potrebno. Zbog ove sposobnosti, tradicionalno se koristi za hroni\u010dan bol, umor i razne druge tegobe.<\/span><\/p>\n<h3><b>Pobolj\u0161ava kogniciju i pamc\u0301enje<\/b><\/h3>\n<p><span style=\"font-weight: 400;\">Odre\u0111ena stimulativna svojstva gardenije tako\u0111e mogu pomoc\u0301i u pobolj\u0161anju raspolo\u017eenja i kognitivnih funkcija. Kako je objavljeno u kineskom &#8222;Journal of Natural Medicines&#8220;, studija je pokazala da ekstrakt gardenije mo\u017ee pobolj\u0161ati pamc\u0301enje, posebno kod starijih osoba sa problemima lo\u0161eg pamc\u0301enja, uklju\u010dujuc\u0301i Alchajmerovu bolest. Glavne komponente gardenije su genipozid i gardenozid. \u010cini se da oni doprinose re\u0161avanju osnovnih mehanizama o\u0161tec\u0301enja pamc\u0301enja kroz svoje antiinflamatorne efekte.<\/span><\/p>\n<h3><b>Smanjuje depresiju i anksioznost<\/b><\/h3>\n<p><span style=\"font-weight: 400;\">Poznato je da aroma cvec\u0301a gardenije podsti\u010de opu\u0161tanje i poma\u017ee ljudima koji se osec\u0301aju iscrpljeno. Kinezi tradicionalno uklju\u010duju gardeniju u aromaterapiju i biljne formule koje se koriste za poremec\u0301aja raspolo\u017eenja kao \u0161to su depresija, anksioznost i nemir.<\/span><\/p>\n<h3><b>Smanjenje te\u017eine<\/b><\/h3>\n<p><span style=\"font-weight: 400;\">Neke studije tvrde da gardenija mo\u017ee podstac\u0301i gubitak te\u017eine. Zbog jedinjenja sadr\u017eanih u cvetu koja poma\u017eu da se ubrza metabolizam i reguli\u0161u sposobnost jetre da sagoreva masti. Udisanje njegovog mirisa dodavanjem nekoliko kapi u difuzor mo\u017eete potisnuti apetit.<\/span><\/p>\n","protected":false},"excerpt":{"rendered":"<p><span style=\"font-weight: 400;\"><strong>Brend<\/strong>: Nefertiti prirodna ulja i biljke<br \/>\n<\/span><span style=\"font-weight: 400;\"><strong>Zemlja porekla<\/strong>: Egipat<br \/>\n<\/span><span style=\"font-weight: 400;\"><strong>Botani\u010dki naziv<\/strong>: Gardenia jasminoides<br \/>\n<\/span><span style=\"font-weight: 400;\"><strong>Porodica<\/strong>: Rubiaceae<br \/>\n<\/span><span style=\"font-weight: 400;\"><strong>INCI<\/strong>: Gardenia Jasminoides Pure Aroma Oil<br \/>\n<\/span><span style=\"font-weight: 400;\"><strong>Kori\u0161c\u0301ene komponente<\/strong>: cvetovi<br \/>\n<\/span><span style=\"font-weight: 400;\"><strong>Metoda ekstrakcije<\/strong>: Destilacija vodenom parom<br \/>\n<\/span><span style=\"font-weight: 400;\"><strong>Miris<\/strong>: cvetni, bogat, sladak i topao, opojan<br \/>\n<\/span><span style=\"font-weight: 400;\"><strong>Izgled<\/strong>: svetlo narand\u017easta<br \/>\n<\/span><span style=\"font-weight: 400;\"><strong>Agregatno stanje<\/strong>: Te\u010dnost<br \/>\n<\/span><span style=\"font-weight: 400;\"><strong>Prirodno<\/strong>: Da<br \/>\n<\/span><span style=\"font-weight: 400;\"><strong>\u010cistoc\u0301a<\/strong>: 100% \u010distoc\u0301a<br \/>\n<\/span><span style=\"font-weight: 400;\"><strong>Sertifikati<\/strong>: ISO, COA &amp; MSDS<br \/>\n<\/span><span style=\"font-weight: 400;\"><strong>Sastav<\/strong>: \u010disto aroma ulje<br \/>\n<\/span><span style=\"font-weight: 400;\"><strong>Dostava<\/strong>: Izra\u010dunava se na blagajn<\/span><\/p>\n","protected":false},"featured_media":275419,"comment_status":"open","ping_status":"closed","template":"","meta":[],"product_brand":[],"product_cat":[1132],"product_tag":[],"class_list":{"0":"post-262286","1":"product","2":"type-product","3":"status-publish","4":"has-post-thumbnail","6":"product_cat-aroma-oils-uk-sr","7":"pa_bottle-size-125-ml-sr-2","8":"pa_bottle-size-250ml-sr","9":"pa_bottle-size-50ml-sr","11":"first","12":"instock","13":"sale","14":"shipping-taxable","15":"purchasable","16":"product-type-variable","17":"has-default-attributes"},"_links":{"self":[{"href":"https:\/\/nefertiti-eg.com\/sr\/wp-json\/wp\/v2\/product\/262286","targetHints":{"allow":["GET"]}}],"collection":[{"href":"https:\/\/nefertiti-eg.com\/sr\/wp-json\/wp\/v2\/product"}],"about":[{"href":"https:\/\/nefertiti-eg.com\/sr\/wp-json\/wp\/v2\/types\/product"}],"replies":[{"embeddable":true,"href":"https:\/\/nefertiti-eg.com\/sr\/wp-json\/wp\/v2\/comments?post=262286"}],"wp:featuredmedia":[{"embeddable":true,"href":"https:\/\/nefertiti-eg.com\/sr\/wp-json\/wp\/v2\/media\/275419"}],"wp:attachment":[{"href":"https:\/\/nefertiti-eg.com\/sr\/wp-json\/wp\/v2\/media?parent=262286"}],"wp:term":[{"taxonomy":"product_brand","embeddable":true,"href":"https:\/\/nefertiti-eg.com\/sr\/wp-json\/wp\/v2\/product_brand?post=262286"},{"taxonomy":"product_cat","embeddable":true,"href":"https:\/\/nefertiti-eg.com\/sr\/wp-json\/wp\/v2\/product_cat?post=262286"},{"taxonomy":"product_tag","embeddable":true,"href":"https:\/\/nefertiti-eg.com\/sr\/wp-json\/wp\/v2\/product_tag?post=262286"}],"curies":[{"name":"wp","href":"https:\/\/api.w.org\/{rel}","templated":true}]}}