{"id":262290,"date":"2019-08-23T18:48:05","date_gmt":"2019-08-23T16:48:05","guid":{"rendered":"https:\/\/nefertiti-eg.com\/shop\/\u043d\u0435\u043a\u0430\u0442\u0435\u0433\u043e\u0440\u0438\u0437\u043e\u0432\u0430\u043d\u043e\/eucalyptus-oil\/"},"modified":"2026-04-19T04:02:31","modified_gmt":"2026-04-19T02:02:31","slug":"eucalyptus-oil","status":"publish","type":"product","link":"https:\/\/nefertiti-eg.com\/sr\/shop\/aroma-oils-uk-sr\/eucalyptus-oil\/","title":{"rendered":"Ulje eukaliptusa"},"content":{"rendered":"<p><span style=\"font-weight: 400;\">Drvo eukaliptusa ima sposobnost da se bez napora prilagodi razli\u010ditim okru\u017eenjima. Neki pominju eukaliptus kao drvo gume, u stvari, ova referenca je neta\u010dna jer je sekret iz kore supstanca sli\u010dna taninu koja se zove kino.<\/span><\/p>\n<p><span style=\"font-weight: 400;\">Kino je crvena, aromati\u010dna, lepljiva supstanca koja se osloba\u0111a iz kore. Ovaj tonik ima adstringentno dejstvo, Aborid\u017eini su ga koristili za dijareju i lokalno za upale grla, groznicu, rane i \u010direve &#8211; adstringentni tanin zaustavlja krvarenje.<\/span><\/p>\n<p><span style=\"font-weight: 400;\">Eukaliptus globulus je naj\u010de\u0161c\u0301i me\u0111u 800 vrsta eukaliptusa. Ovo drvo ima sposobnost da se bori protiv anofeli\u010dnog komarca odgovornog za malariju, zbog \u010dega je dobio nadimak \u201edrvo groznice\u201c. Njegova larvicidna svojstva sugeri\u0161u da je eteri\u010dno ulje eukaliptusa potencijalni izvor vrednih larvicidnih jedinjenja protiv vektora malarije i idealna alternativa sinteti\u010dkim insekticidima.<\/span><\/p>\n<h3><b>Poreklo i karakteristike eukaliptusa<\/b><\/h3>\n<p><span style=\"font-weight: 400;\">Naziv eukaliptus se odnosi na poklopac ili kapu na cvetovima koji \u0161tite pra\u0161nike &#8211; izvedeno od gr\u010dkog &#8216;eu&#8217;, \u0161to zna\u010di dobro, i &#8216;caliptos&#8217; \u0161to zna\u010di pokriveno. Pod povoljnim uslovima, brzo rastuc\u0301e drvo eukaliptusa mo\u017ee dostic\u0301i visinu od vi\u0161e od 110 metara.<\/span><\/p>\n<p><span style=\"font-weight: 400;\">Drvo je porijeklom iz Australije, gde oko tri \u010detvrtine vegetacije \u010dine drvec\u0301e ili \u017ebunje eukaliptusa. Rastu \u0161irom Australije, osim u najsu\u0161nijim predelima, gde njihovo mesto zauzima bagrem. Nakon \u0161to je u Evropi predstavljeno kao ukrasno drvo tokom 19. veka, drvo eukaliptusa razvilo je odre\u0111ene karakteristike koje nisu bile prisutne u njegovom rodnom tlu \u2013 na primer, lu\u010di hemikalije koje truju okolno zemlji\u0161te, spre\u010davajuc\u0301i druge biljke da rastu u blizini.<\/span><\/p>\n<p><span style=\"font-weight: 400;\">Izgled stabla i kore ima mnogo razli\u010ditih oblika &#8211; od ljuspi\u010davih do glatkih, rebrastih ili rascepljenih, a neki \u010dak imaju i prelepe boje, od bele i sive do ru\u017ei\u010daste u nekim varijantama. Njegovi brojni cvetovi su \u0161areni i lepi, plod je drvenasta mala kapsula.<\/span><\/p>\n<p><span style=\"font-weight: 400;\">Tokom rasta, oblik i boja listova se menjaju. Mladi listovi su plavkasti i okrugli, bez stabljike, rastu jedan naspram drugog i usmereni su prema gore. Njihov izgled sa godinama postaje ko\u017east, izdu\u017een i srpast, a\u00a0 boja se menja u zelenu. Da bi se smanjio gubitak ulja ili vode isparavanjem, oja\u010dani listovi po\u010dinju da padaju, \u0161titec\u0301i se od sun\u010deve svetlosti. Iako visok sadr\u017eaj isparljivih ulja u li\u0161c\u0301u \u010dini eukaliptus ranjivim na \u0161umske po\u017eare, posebne adaptacije u kori i deblu pru\u017eaju za\u0161titu.<\/span><\/p>\n<p><span style=\"font-weight: 400;\">Industrija eukaliptusa tvrdi da \u0161to je drvo bolje, sadr\u017ei manje ulja.\u00a0<\/span><\/p>\n<h3><b>Eukaliptusovo ulje i prednosti<\/b><\/h3>\n<p><span style=\"font-weight: 400;\">Danas se drvec\u0301e eukaliptusa uzgaja \u0161irom sveta i koristi se zbog svojih lekovitih svojstava. Visok sadr\u017eaj cineola je odgovoran za o\u0161triji miris eukaliptusa globulusa u pore\u0111enju sa drugim vrstama eukaliptusa. Ulje iz ovog roda je najpoznatije, i sastojak mnogih proizvoda, uklju\u010dujuc\u0301i pastu za zube, sirup za ka\u0161alj i \u017evakac\u0301u gumu.<\/span><\/p>\n<p><span style=\"font-weight: 400;\">Ulje eukaliptusa se ekstrahuje iz osu\u0161enih, zgnje\u010denih i destilovanih listova i gran\u010dica. Ovo ulje ima svetlo \u017eutu boju i isparljivi aldehidi mogu iritirati sluzoko\u017eu. To je dezinfekciono sredstvo i veoma je efikasno protiv atletskog stopala, upala, prehlade i grubih suvih ruku. Eteri\u010dno ulje eukaliptusa je pogodno samo za spoljnu upotrebu.<\/span><\/p>\n<h3><b>Ubla\u017eava simptome prehlade i gripa<\/b><\/h3>\n<p><span style=\"font-weight: 400;\">Ulje eukaliptusa se dugo koristi za ubla\u017eavanje ka\u0161lja, i jedan je od aktivnih sastojaka u nekim sirupima protiv ka\u0161lja bez recepta i popularnim proizvodima, koji se mogu nanositi na grudi i grlo za ubla\u017eavanje simptoma ka\u0161lja od prehlade ili gripa. Ulje eukaliptusa mo\u017ee da smiri ka\u0161alj, kao i da pomogne da se otarasite \u0161lajma udisanjem njegove pare. Upotreba proizvoda koja sadr\u017ee ulje eukaliptusa imac\u0301e isti efekat. Ova svojstva tako\u0111e mogu biti korisna za smanjenje simptoma astme.<\/span><\/p>\n<h3><b>Dezinfikuje rane<\/b><\/h3>\n<p><span style=\"font-weight: 400;\">Pratec\u0301i stope australijskih Aborid\u017eina, koji su koristili li\u0161c\u0301e eukaliptusa za le\u010denje rana i spre\u010davanje infekcije, ulje eukaliptusa u razbla\u017eenom obliku je pogodno za lokalnu upotrebu na ko\u017ei. Ovo eteri\u010dno ulje mo\u017ee da se bori protiv upale i podsti\u010de zarastanje ko\u017ee. Pogodan je za le\u010denje povr\u0161inskih rana, manjih opekotina ili drugih povreda.<\/span><\/p>\n<h3><b>Smiruje herpes<\/b><\/h3>\n<p><span style=\"font-weight: 400;\">Anti-inflamatorna svojstva eukaliptusa mogu ubla\u017eiti simptome herpesa. Nano\u0161enje ulja eukaliptusa na herpes mo\u017ee smanjiti bol i ubrzati proces zarastanja.<\/span><\/p>\n<h3><b>Ubla\u017eava bol<\/b><\/h3>\n<p><span style=\"font-weight: 400;\">Istra\u017eivanja sugeri\u0161u da ulje eukaliptusa ubla\u017eava bolove u zglobovima. U stvari, mnoge popularne kreme i masti bez recepta, dizajnirane da ubla\u017ee bolove od stanja kao \u0161to su osteoartritis i reumatoidni artritis, sadr\u017ee eteri\u010dno ulje eukaliptusa. Ulje eukaliptusa poma\u017ee u smanjenju bolova i upale povezanih sa mnogim stanjima. Tako\u0111e mo\u017ee biti korisno za bolove u le\u0111ima ili kada se oporavljate od povreda zglobova ili mi\u0161ic\u0301a.<\/span><\/p>\n<h3><b>Re\u0161enje protiv insekata<\/b><\/h3>\n<p><span style=\"font-weight: 400;\">Kao efikasna i 100% prirodna alternativa, ulje eukaliptusa je idealno za za\u0161titu od komaraca i drugih insekata koji grizu.<\/span><\/p>\n<h3><b>Osve\u017eiva\u010d daha<\/b><\/h3>\n<p><span style=\"font-weight: 400;\">Zbog svojih antibakterijskih svojstava, ulje eukaliptusa se mo\u017ee koristiti u borbi protiv mikroba koje izazivaju neprijatan miris iz usta. Te\u010dnosti za ispiranje usta i paste za zube sadr\u017ee ovo ulje kao aktivni sastojak. Ako koristite ovo ulje razbla\u017eeno kao vodicu za ispiranje usta ili pastu za zube (ne gutajte ih!), mo\u017ee pomoc\u0301i u spre\u010davanju nakupljanja plaka na zubima i za\u0161titi desni od bakterijskih infekcija.<\/span><\/p>\n<h3><b>Ulje eukaliptusa i aromaterapija<\/b><\/h3>\n<p><span style=\"font-weight: 400;\">Eteri\u010dno ulje eukaliptusa je odli\u010dno za aromaterapiju, kao sredstvo za \u010di\u0161c\u0301enje povr\u0161ina i kao osve\u017eiva\u010d tkanine.<\/span><\/p>\n<p><span style=\"font-weight: 400;\">Rashla\u0111uju\u0107i miris ulja eukaliptusa ubla\u017eava mentalnu iscrpljenost podsti\u010duc\u0301i cirkulaciju u mozgu, stimuli\u0161uc\u0301i i podmla\u0111ujuc\u0301i um. \u0160irenje pare eukaliptusa tokom cele noc\u0301i u spavac\u0301oj sobi mo\u017ee o\u010distiti nazalne prolaze i eliminisati \u0161tetne bakterije u vazduhu.<\/span><\/p>\n","protected":false},"excerpt":{"rendered":"<p><span style=\"font-weight: 400;\"><strong>Brend<\/strong>: Nefertiti prirodna ulja i biljke<br \/>\n<\/span><span style=\"font-weight: 400;\"><strong>Zemlja porekla<\/strong>: Egipat<br \/>\n<\/span><span style=\"font-weight: 400;\"><strong>Botani\u010dki naziv<\/strong>: Eucaliptus Globulus<br \/>\n<\/span><span style=\"font-weight: 400;\"><strong>Porodica<\/strong>: Mirtaceae<br \/>\n<\/span><span style=\"font-weight: 400;\"><strong>INCI<\/strong>: Eucaliptus Globulus Pure Aroma Oil<br \/>\n<\/span><span style=\"font-weight: 400;\"><strong>Kori\u0161c\u0301ene komponente<\/strong>: listovi<br \/>\n<\/span><span style=\"font-weight: 400;\"><strong>Metoda ekstrakcije<\/strong>: destilacija parom<br \/>\n<\/span><span style=\"font-weight: 400;\"><strong>Miris<\/strong>: menta, kamfor &#8211; veoma o\u0161tar<br \/>\n<\/span><span style=\"font-weight: 400;\"><strong>Izgled<\/strong>: bezbojan<br \/>\n<\/span><span style=\"font-weight: 400;\"><strong>Agregatno stanje<\/strong>: Te\u010dnost<br \/>\n<\/span><span style=\"font-weight: 400;\"><strong>Prirodno<\/strong>: Da<br \/>\n<\/span><span style=\"font-weight: 400;\"><strong>\u010cistoc\u0301a<\/strong>: 100% \u010distoc\u0301a<br \/>\n<\/span><span style=\"font-weight: 400;\"><strong>Sertifikati<\/strong>: ISO &amp; MSDS<br \/>\n<\/span><span style=\"font-weight: 400;\"><strong>Sastav<\/strong>: \u010disto aroma ulje<br \/>\n<\/span><span style=\"font-weight: 400;\"><strong>Dostava<\/strong>: Izra\u010dunava se na blagajni<\/span><\/p>\n","protected":false},"featured_media":275376,"comment_status":"open","ping_status":"closed","template":"","meta":[],"product_brand":[],"product_cat":[1132],"product_tag":[],"class_list":{"0":"post-262290","1":"product","2":"type-product","3":"status-publish","4":"has-post-thumbnail","6":"product_cat-aroma-oils-uk-sr","7":"pa_bottle-size-125-ml-sr-2","8":"pa_bottle-size-250ml-sr","9":"pa_bottle-size-50ml-sr","11":"first","12":"instock","13":"sale","14":"shipping-taxable","15":"purchasable","16":"product-type-variable","17":"has-default-attributes"},"_links":{"self":[{"href":"https:\/\/nefertiti-eg.com\/sr\/wp-json\/wp\/v2\/product\/262290","targetHints":{"allow":["GET"]}}],"collection":[{"href":"https:\/\/nefertiti-eg.com\/sr\/wp-json\/wp\/v2\/product"}],"about":[{"href":"https:\/\/nefertiti-eg.com\/sr\/wp-json\/wp\/v2\/types\/product"}],"replies":[{"embeddable":true,"href":"https:\/\/nefertiti-eg.com\/sr\/wp-json\/wp\/v2\/comments?post=262290"}],"wp:featuredmedia":[{"embeddable":true,"href":"https:\/\/nefertiti-eg.com\/sr\/wp-json\/wp\/v2\/media\/275376"}],"wp:attachment":[{"href":"https:\/\/nefertiti-eg.com\/sr\/wp-json\/wp\/v2\/media?parent=262290"}],"wp:term":[{"taxonomy":"product_brand","embeddable":true,"href":"https:\/\/nefertiti-eg.com\/sr\/wp-json\/wp\/v2\/product_brand?post=262290"},{"taxonomy":"product_cat","embeddable":true,"href":"https:\/\/nefertiti-eg.com\/sr\/wp-json\/wp\/v2\/product_cat?post=262290"},{"taxonomy":"product_tag","embeddable":true,"href":"https:\/\/nefertiti-eg.com\/sr\/wp-json\/wp\/v2\/product_tag?post=262290"}],"curies":[{"name":"wp","href":"https:\/\/api.w.org\/{rel}","templated":true}]}}