{"id":262295,"date":"2020-08-12T13:20:57","date_gmt":"2020-08-12T11:20:57","guid":{"rendered":"https:\/\/nefertiti-eg.com\/shop\/\u043d\u0435\u043a\u0430\u0442\u0435\u0433\u043e\u0440\u0438\u0437\u043e\u0432\u0430\u043d\u043e\/cinnamon-oil\/"},"modified":"2023-09-13T14:47:40","modified_gmt":"2023-09-13T11:47:40","slug":"cinnamon-oil","status":"publish","type":"product","link":"https:\/\/nefertiti-eg.com\/sr\/shop\/aroma-oils-uk-sr\/cinnamon-oil\/","title":{"rendered":"Cimetovo ulje"},"content":{"rendered":"<p><span style=\"font-weight: 400;\">Prepoznatljiv topli za\u010dinski miris cimeta najvi\u0161e asocira na prijatnu atmosferu i toplinu, tako\u0111e podsec\u0301a na zimske i prazni\u010dne dane. Bude se nostalgi\u010dne misli na sve\u017ee pe\u010denu pitu od jabuka ili fritule sa cimetom. Ovo samo po sebi \u010dini umirujuc\u0301e efekte njegovog mirisa o\u010diglednim.<\/span><\/p>\n<h3><b>Poreklo i karakteristike cimeta<\/b><\/h3>\n<p><span style=\"font-weight: 400;\">Zbog prijatnog zimskog osec\u0301aja koji izaziva, gotovo bi se pretpostavilo da cimet poti\u010de iz severnih krajeva. Zimzeleno drvo cimeta (iz roda Cinnamomum) ipak raste u toplim tropskim regionima. Poreklom je iz \u0160ri Lanke i nekih drugih azijskih zemalja i Afrike. Cimet se dobija iz unutra\u0161nje kore drveta. Uklonjeni komadi kore su\u0161e se na kokosovim prostirkama, \u0161to dovodi do promene boje i umotavanja, formirajuc\u0301i \u0161tapic\u0301e cimeta u obliku cevi koje svi dobro poznajemo. Naziv za ovaj za\u010din na ranom engleskom je bio \u201ecanel\u201c ili \u201ecanella\u201c, latinske re\u010di za \u201ecev\u201c, koje se odnose na valjanu koru nakon \u0161to se osu\u0161i. Sada\u0161nji naziv &#8222;cimet&#8220; poti\u010de od arapskih i hebrejskih re\u010di &#8222;amomon&#8220; ili &#8222;kinnamon&#8220; \u0161to zna\u010di &#8222;mirisna za\u010dinska biljka&#8220;.<\/span><\/p>\n<p><span style=\"font-weight: 400;\">Drvo cimeta prepoznatljivo je po svojoj karakteristi\u010dnoj r\u0111asto-braon boji kore, ovalnim listovima sa sjajnim, ko\u017eastim izgledom i malim belim cvetovima koji su veoma mirisni. Tipi\u010dan miris cimeta je topao, pun, blago voc\u0301an, biber i nalik vaniliji. Vekovima se cimet koristio kao za\u010din u hrani, a od tada je poznat po svojim lekovitim i umirujuc\u0301im svojstvima. Cimet se tako\u0111e koristio u ritualima balzamiranja, verovatno zbog konzervansnih svojstava ovog posebnog za\u010dina. Cimet se smatra jednim od najstarijih za\u010dina na svetu i nekada se smatralo da je vredniji od zlata, \u010desto slu\u017eec\u0301i kao poklon kraljevskim porodicama i bogovima. Tako\u0111e je postao poznat kao jedan od tradicionalnih kineskih i ajurvedskih (holisti\u010dkih) lekova.<\/span><\/p>\n<p><span style=\"font-weight: 400;\">Cimet je zapravo vi\u0161enamenska biljka koja se mo\u017ee koristiti za razne tegobe i tegobe. Cimet je odavno poznat po svom restorativnom dejstvu kod prehlade, dijareje, mu\u010dnine, nadimanja i menstrualnih bolova. \u010cak poma\u017ee (da, zaista!) protiv hladnih stopala, jer cimet ima sposobnost da zagreje va\u0161e telo!<\/span><\/p>\n<p><span style=\"font-weight: 400;\">Dodatna \u010dinjenica koja je lepa za znati: pozitivni efekti cimeta se zna\u010dajno poja\u010davaju kada se konzumira u kombinaciji sa medom. Ali i obrnuto: moc\u0301no dejstvo meda poja\u010dava cimet. Klasi\u010dan primer 1+1=3.<\/span><\/p>\n<h3><b>Cimetovo ulje<\/b><\/h3>\n<p><span style=\"font-weight: 400;\">Eteri\u010dno ulje cimeta se ekstrahuje parnom destilacijom iz delova kore. Za ovo terapeutsko ulje se ka\u017ee da privla\u010di duhovnost i ima blagotvorno i lekovito dejstvo. Cimetovo ulje se propagira kao prirodna pomo\u0107 za mnoge bolesti, od ka\u0161lja i prehlade do zatvora. Cimetovo ulje je moc\u0301na podr\u0161ka imunolo\u0161kom sistemu, njegovo antivirusno i antibakterijsko dejstvo \u010dini ga odli\u010dnim re\u0161enjem za grip i prehladu.<\/span><\/p>\n<h3><b>Cimetovo ulje i prednosti<\/b><\/h3>\n<p><span style=\"font-weight: 400;\">Tokom istorije, biljka cimeta bila je vezana za za\u0161titu i prosperitet. Pored umirujuc\u0301eg\u00a0 uticaja na mentalno zdravlje, ima i opu\u0161tajuc\u0301i efekat na stegnute mi\u0161ic\u0301e. Ovo ulje ja\u010da i zagreva na hladnoc\u0301i (niske temperature), ali i na unutra\u0161njoj hladnoc\u0301i. Ulje cimeta deluje zagrevajuc\u0301e na ko\u017eu i stimuli\u0161e protok krvi. Kao ulje za masa\u017eu, analgeti\u010dki i antispazmodi\u010dni efekti daju ovom ulju dodatnu dimenziju u le\u010denju bolova u mi\u0161ic\u0301ima ili naprezanja.<\/span><\/p>\n<p><span style=\"font-weight: 400;\">Samo nekoliko kapi koje se dodaju osnovnom ulju i nanose na ko\u017eu, mogu efikasno da le\u010de promrzline, hladne ruke i stopala.<\/span><\/p>\n<p><span style=\"font-weight: 400;\">Aroma cimetovog ulja je topla, gorka, za\u010dinjena i neopisivo slatka u isto vreme. Sadr\u017ei niz impresivnih i uticajnih jedinjenja za koja se veruje da promovi\u0161u dobro zdravlje. Ova jedinjenja uklju\u010duju cinamaldehid, cinamil acetat, eugenol i eugenol acetat kao glavne sastojke.<\/span><\/p>\n<ul>\n<li><span style=\"font-weight: 400;\"> Cimetaldehid je organsko jedinjenje koje cimetu daje ukus i aromu. Cinamaldehid ima antifungalna i antibakterijska svojstva, koja mogu smanjiti infekcije i pomoc\u0301i u borbi protiv karijesa i lo\u0161eg zadaha.<\/span><\/li>\n<li><span style=\"font-weight: 400;\"> Cinamil acetat ima ulogu mirisa, metabolita i insekticida. Ovo jedinjenje ima zna\u010dajan uticaj na slatku, za\u010dinjenu, cvetnu i balzami\u010dnu aromu i ukus ulja cimeta, koristi se za pravljenje parfema, a efikasno je i za odbijanje dosadnih insekata.<\/span><\/li>\n<li><span style=\"font-weight: 400;\"> Eugenol i eugenol acetat imaju moc\u0301na antisepti\u010dka, analgeti\u010dka, antibakterijska i antikancerogena svojstva. Oni mogu efikasno pre\u010di\u0161c\u0301avati krv i pomoc\u0301i u za\u0161titi tela od kardiovaskularnih bolesti i spre\u010davanju \u010dira na \u017eelucu.<\/span><\/li>\n<\/ul>\n<h3><b>Cimetovo ulje za ko\u017eu<\/b><\/h3>\n<p><span style=\"font-weight: 400;\">Prema studiji objavljenoj 2017. godine, esencijalno ulje cimeta ima sposobnost da zna\u010dajno zaustavi stvaranje nekoliko proteinskih biomarkera koji su uklju\u010deni u upalu ko\u017ee i remodeliranje tkiva. Anti-inflamatorna svojstva cimetovog ulja mogu biti moc\u0301na prirodna pomo\u0107 za ko\u017ene probleme povezane sa upalom, kao \u0161to su osip i akne. Pome\u0161ajte ulje cimeta sa osnovnim uljem (npr. kokosovo ulje) i nanesite direktno na ko\u017eu da biste iskoristili njegov antimikrobni kapacitet.<\/span><\/p>\n<h3><b>Cimetovo ulje za usne<\/b><\/h3>\n<p><span style=\"font-weight: 400;\">Ulje cimeta je prirodan na\u010din da napunite usne stimuli\u0161uc\u0301i cirkulaciju u ovoj oblasti. Pome\u0161ajte samo dve kapi ulja cimeta sa ka\u0161ikom kokosovog ulja za savr\u0161en domac\u0301i proizvod za negu, posti\u017euc\u0301i punije usne kao rezultat.<\/span><\/p>\n<h3><b>Cimetovo ulje za negu kose<\/b><\/h3>\n<p><span style=\"font-weight: 400;\">Ulje cimeta tako\u0111e mo\u017ee biti od koristi za kosu. Ovo za\u010dinsko eteri\u010dno ulje preporu\u010duje se za ja\u010danje zdravlja i rasta kose. Nekoliko kapi pome\u0161anih sa bademovim uljem kao nosec\u0301im uljem \u010dini brzi domac\u0301i tretman vlasi\u0161ta.<\/span><\/p>\n<h3><b>Cimetovo ulje protiv gljivi\u010dnih infekcija<\/b><\/h3>\n<p><span style=\"font-weight: 400;\">Istra\u017eivanja su pokazala da ulje cimeta deluje protiv gljivica kao \u0161to je candida albicans, glavnog uzro\u010dnika gljivica noktiju na nogama i drugih gljivi\u010dnih infekcija. Mo\u017ee pozitivno uticati i na psorijazu. Za prirodni tretman, pome\u0161ajte nekoliko kapi eteri\u010dnog ulja cimeta sa maslinovim ili kokosovim uljem i nanesite direktno na problemati\u010dno mesto.<\/span><\/p>\n<h3><b>Cimetovo ulje i artritis<\/b><\/h3>\n<p><span style=\"font-weight: 400;\">Po\u0161to cimetovo ulje podsti\u010de cirkulaciju i inhibira upalu, tako\u0111e mo\u017ee pomoc\u0301i u ubla\u017eavanju bolova i pote\u0161koc\u0301a u kretanju uzrokovanih artritisom ili drugim bolestima kostiju, jednostavnim trljanjem pogo\u0111enih delova tela ovim prirodnim uljem.<\/span><\/p>\n<h3><b>Cimetovo ulje i aromaterapija<\/b><\/h3>\n<p><span style=\"font-weight: 400;\">Kao \u0161to je pomenuto, esencijalno ulje cimeta stimuli\u0161e cirkulaciju. Tako\u0111e je moc\u0301no sredstvo za smanjenje stresa i bola, mo\u017ee se boriti protiv infekcija, pobolj\u0161ati varenje, dr\u017eati insekte na odstojanju i umiriti ubode insekata.<\/span><\/p>\n<p><span style=\"font-weight: 400;\">Upotreba cimetovog ulja u aromaterapiji nije op\u0161irno prou\u010davana, ali mnogi u\u017eivaju u rasko\u0161nom mirisu cimeta i koriste njegove opu\u0161tajuc\u0301e efekte. Aromaterapija je povezana sa mnogim prednostima, kao \u0161to su smanjena depresija i anksioznost i bolji san. Bez obzira da li u\u017eivate u aromaterapiji sa uljem cimeta, jednostavno zbog njegovog prijatnog mirisa koji vam mo\u017ee omoguc\u0301iti da utonete u slatke uspomene, ili zbog terapeutskih efekata, ono ima mnoge prednosti.<\/span><\/p>\n<h3><b>Cimetovo ulje je odli\u010dan poja\u010diva\u010d raspolo\u017eenja<\/b><\/h3>\n<p><span style=\"font-weight: 400;\">Ulje cimeta je popularan izbor za kuc\u0301nu aromaterapiju. Eteri\u010dno ulje cimeta mo\u017ee se raspr\u0161iti pomoc\u0301u aroma lampe ili difuzora. Tako\u0111e se mo\u017ee jednostavno raspr\u0161iti u vazduh tako da se udi\u0161e ili apsorbuje kroz ko\u017eu.<\/span><\/p>\n<h3><b>Ulje cimeta kao afrodizijak<\/b><\/h3>\n<p><span style=\"font-weight: 400;\">Cimet je poznat kao prirodni afrodizijak, jer podsti\u010de protok krvi, posebno u predelu stomaka. Pobolj\u0161anjem snabdevanja krvlju mu\u0161kih i \u017eenskih genitalija, mo\u017ee olak\u0161ati seksualno uzbu\u0111enje.<\/span><\/p>\n<h3><b>Cimetovo ulje za masa\u017eu<\/b><\/h3>\n<p><span style=\"font-weight: 400;\">Sastojci ulja cimeta poma\u017eu u pobolj\u0161anju cirkulacije, snabdevaju mozak vi\u0161e kiseonika i omoguc\u0301avaju telu da pobolj\u0161a upotrebu energije. Ulje cimeta se veoma dobro me\u0161a sa osnovnim uljem da se koristi za divnu umirujuc\u0301u masa\u017eu. Pome\u0161ajte nekoliko kapi ulja cimeta sa osnovnim uljem, kao \u0161to je ulje jojobe ili arganovo ulje, za masa\u017eu ili hidrataciju ko\u017ee.<\/span><\/p>\n<h3><b>Cimetovo ulje kao miris za va\u0161 dom<\/b><\/h3>\n<p><span style=\"font-weight: 400;\">Da li biste \u017eeleli da ispunite svoj dom onim toplim mirisom sve\u017ee pe\u010dene pite od jabuka tokom jeseni i hladnih zimskih meseci? Napravite sopstveni prirodni osve\u017eiva\u010d vazduha za svoj dom sa esencijalnim uljem cimeta kao domac\u0301im sprejom za sobu. Mo\u017eda c\u0301ete \u010dak \u017eeleti da ga kombinujete sa drugim prijatnim mirisima kao \u0161to su ulje narand\u017ee, limuna ili karanfilic\u0301a. Jo\u0161 jedan jednostavan na\u010din da mirisete svoju okolinu je sa nekoliko kapi ulja cimeta na maramici ili tkanini, ili \u010dak na suvom cvec\u0301u.<\/span><\/p>\n<p><span style=\"font-weight: 400;\">Dok ulje cimeta osve\u017eava i \u010dak detoksikuje vazduh, istovremeno c\u0301ete do\u017eiveti prizemni, opu\u0161tajuc\u0301i osec\u0301aj.<\/span><\/p>\n<p><span style=\"font-weight: 400;\">U svim primenama, toplo se preporu\u010duje razbla\u017eivanje ulja cimeta sa osnovnim uljem kao \u0161to je ulje jojobe, badema ili argana. Primenite odnos od 1 do 5.<\/span><\/p>\n","protected":false},"excerpt":{"rendered":"<p><span style=\"font-weight: 400;\"><strong>Brend<\/strong>: Nefertiti prirodna ulja i biljke<br \/>\n<\/span><span style=\"font-weight: 400;\"><strong>Zemlja porekla<\/strong>: Egipat<br \/>\n<\/span><span style=\"font-weight: 400;\"><strong>Botani\u010dki naziv<\/strong>: Chamaemelum nobile<br \/>\n<\/span><span style=\"font-weight: 400;\"><strong>Porodica<\/strong>: Asteraceae<br \/>\n<\/span><span style=\"font-weight: 400;\"><strong>INCI<\/strong>: Chamaemelum Nobile Pure Aroma Oil<br \/>\n<\/span><span style=\"font-weight: 400;\"><strong>Kori\u0161c\u0301ene komponente<\/strong>: kora<br \/>\n<\/span><span style=\"font-weight: 400;\"><strong>Metoda ekstrakcije<\/strong>: Destilacija vodenom parom<br \/>\n<\/span><span style=\"font-weight: 400;\"><strong>Miris<\/strong>: za\u010dinjen, sladak<br \/>\n<\/span><span style=\"font-weight: 400;\"><strong>Izgled<\/strong>: Crveno-braon<br \/>\n<\/span><span style=\"font-weight: 400;\"><strong>Agregatno stanje<\/strong>: Te\u010dnost<br \/>\n<\/span><span style=\"font-weight: 400;\"><strong>Prirodno<\/strong>: Da<br \/>\n<\/span><span style=\"font-weight: 400;\"><strong>\u010cistoc\u0301a<\/strong>: 100% \u010distoc\u0301a<br \/>\n<\/span><span style=\"font-weight: 400;\"><strong>Sertifikati<\/strong>: ISO &amp; MSDS<br \/>\n<\/span><span style=\"font-weight: 400;\"><strong>Sastav<\/strong>: \u010disto aroma ulje<br \/>\n<\/span><span style=\"font-weight: 400;\"><strong>Dostava<\/strong>: Izra\u010dunava se na blagajni<\/span><\/p>\n","protected":false},"featured_media":275336,"comment_status":"open","ping_status":"closed","template":"","meta":[],"product_brand":[],"product_cat":[1132],"product_tag":[],"class_list":{"0":"post-262295","1":"product","2":"type-product","3":"status-publish","4":"has-post-thumbnail","6":"product_cat-aroma-oils-uk-sr","7":"pa_bottle-size-125-ml-sr-2","8":"pa_bottle-size-250ml-sr","9":"pa_bottle-size-50ml-sr","11":"first","12":"outofstock","13":"shipping-taxable","14":"purchasable","15":"product-type-variable","16":"has-default-attributes"},"_links":{"self":[{"href":"https:\/\/nefertiti-eg.com\/sr\/wp-json\/wp\/v2\/product\/262295","targetHints":{"allow":["GET"]}}],"collection":[{"href":"https:\/\/nefertiti-eg.com\/sr\/wp-json\/wp\/v2\/product"}],"about":[{"href":"https:\/\/nefertiti-eg.com\/sr\/wp-json\/wp\/v2\/types\/product"}],"replies":[{"embeddable":true,"href":"https:\/\/nefertiti-eg.com\/sr\/wp-json\/wp\/v2\/comments?post=262295"}],"wp:featuredmedia":[{"embeddable":true,"href":"https:\/\/nefertiti-eg.com\/sr\/wp-json\/wp\/v2\/media\/275336"}],"wp:attachment":[{"href":"https:\/\/nefertiti-eg.com\/sr\/wp-json\/wp\/v2\/media?parent=262295"}],"wp:term":[{"taxonomy":"product_brand","embeddable":true,"href":"https:\/\/nefertiti-eg.com\/sr\/wp-json\/wp\/v2\/product_brand?post=262295"},{"taxonomy":"product_cat","embeddable":true,"href":"https:\/\/nefertiti-eg.com\/sr\/wp-json\/wp\/v2\/product_cat?post=262295"},{"taxonomy":"product_tag","embeddable":true,"href":"https:\/\/nefertiti-eg.com\/sr\/wp-json\/wp\/v2\/product_tag?post=262295"}],"curies":[{"name":"wp","href":"https:\/\/api.w.org\/{rel}","templated":true}]}}