{"id":262299,"date":"2019-08-17T18:44:42","date_gmt":"2019-08-17T16:44:42","guid":{"rendered":"https:\/\/nefertiti-eg.com\/shop\/\u043d\u0435\u043a\u0430\u0442\u0435\u0433\u043e\u0440\u0438\u0437\u043e\u0432\u0430\u043d\u043e\/amber\/"},"modified":"2023-09-13T14:50:43","modified_gmt":"2023-09-13T11:50:43","slug":"amber","status":"publish","type":"product","link":"https:\/\/nefertiti-eg.com\/sr\/shop\/aroma-oils-uk-sr\/amber\/","title":{"rendered":"Ulje \u0107ilibara (Amber)"},"content":{"rendered":"<p><span style=\"font-weight: 400;\">Gr\u010dka mitologija pri\u010da pri\u010du o sedam sestara koje su se pretvorile u uplakane vrbe nakon smrti svog brata Faetona kada je sru\u0161io ko\u010diju koja je pripadala njegovom ocu Heliosu, bogu Sunca. Od tada sestre liju svoje ve\u010dne suze, koje se pretvaraju u kapi c\u0301ilibara \u010dim dodirnu zemlju.<\/span><\/p>\n<h3><b>Poreklo i karakteristike ulja c\u0301ilibara<\/b><\/h3>\n<p><span style=\"font-weight: 400;\">Me\u0111utim, u stvarnosti, c\u0301ilibar je fosilna smola iz bora Pinus Succinifera. Izlu\u010dena smola, koja se vremenom okameni, naziva se c\u0301ilibar. Glavni izvor c\u0301ilibara je region Balti\u010dkog mora. Tradicionalno, c\u0301ilibar je bio popularan u mnogim kulturama zbog svoje zlatne boje, mekan je i stoga se lako prera\u0111uje u perle, priveske ili figurice. Tako\u0111e je poznato da se koristio kao sredstvo plac\u0301anja u anti\u010dko doba. Nijanse c\u0301ilibara mogu se kretati od zlatno braon do narand\u017easte, \u017eute, crvene, zelene, pa \u010dak i bele.<\/span><\/p>\n<p><span style=\"font-weight: 400;\">C\u0301ilibarno ulje se ekstrahuje iz fosilne smole destilacijom heksana. Ukratko, ovaj proces ekstrakcije uklju\u010duje tretiranje sirovog materijala rastvara\u010dem nakon \u010dega se ulje obnavlja isparavanjem i kondenzacijom. Ovo daje ulje c\u0301ilibara duboke zlatne boje sa svojim slatkim, ponekad blago drvenim mirisom i podtonom nalik citrusima.<\/span><\/p>\n<p><span style=\"font-weight: 400;\">Ulje c\u0301ilibara je sli\u010dno po sastavu i svojstvima drugim eteri\u010dnim uljima dobijenim od \u010detinara, ovo ulje uglavnom sadr\u017ei organska jedinjenja koja su prirodno prisutna u fosilnoj smoli. Sastojci ulja c\u0301ilibara uklju\u010duju desetine razli\u010ditih terpena, derivata terpena i drugih ugljovodoni\u010dnih jedinjenja, kao \u0161to su kaparatrien, derivati azulena, aromadendrena, longipinena, borneola, kamfora, izolongifola, tunbergola i fenhola. Neka od tih isparljivih jedinjenja su odgovorna za antiinflamatorne i antibakterijske efekte ulja c\u0301ilibara.<\/span><\/p>\n<p><span style=\"font-weight: 400;\">Po\u0161to je koncentracija jedinjenja u ulju c\u0301ilibara znatna, i imaju visok stepen biolo\u0161ke aktivnosti, ne preporu\u010duje se nano\u0161enje ulja c\u0301ilibara direktno na ko\u017eu osim ako se ne razbla\u017ei i ne treba ga uzimati oralno.<\/span><\/p>\n<h3><b>Amber ulje i njegove prednosti<\/b><\/h3>\n<p><span style=\"font-weight: 400;\">Kao i neka druga esencijalna ulja dobijena iz smole, c\u0301ilibarsko ulje ima antiinflamatorno i antisepti\u010dko dejstvo. Svojstva ulja c\u0301ilibara \u010dine ga idealnim proizvodom za one koji imaju problem sa lo\u0161om cirkulacijom, prehladom i gripom, upalnim stanjima, slabim seksualnim nagonom, anksiozno\u0161c\u0301u, stresom, hroni\u010dnim bolom, umorom, kognitivnom usporeno\u0161c\u0301u, neurodegenerativnim oboljenjima, artritisom i raznim kardiovaskularnim poremec\u0301ajima.<\/span><\/p>\n<p><span style=\"font-weight: 400;\">Eteri\u010dno ulje c\u0301ilibara ima prili\u010dno impresivne prednosti. Mo\u017ee pomoc\u0301i u smirivanju uma, za\u0161titi zdravlja srca, stimulisanju libida, uklanjanju bolova, tretiranju respiratornih poremec\u0301aja, spre\u010davanju upale, stimulisanju mozga i detoksikaciji tela. Ulje c\u0301ilibara ima restorativni efekat na telo u celini, \u010dak se mo\u017ee koristiti i kao deo le\u010denja i prevencije bolesti zglobova poput artritisa i drugih reumatskih oboljenja.<\/span><\/p>\n<h3><b>Amber ulje za negu ko\u017ee<\/b><\/h3>\n<p><span style=\"font-weight: 400;\">Ulje c\u0301ilibara podsti\u010de zarastanje manjih o\u0161te\u0107enja na ko\u017ei kao \u0161to su posekotine, ogrebotine, o\u017eiljci, strije, opekotine i akne. Aktivni sastojci \u010dine ulje c\u0301ilibara pogodnim za masnu i problemati\u010dnu ko\u017eu, smanjuju u\u010destalost i te\u017einu akni i tretiraju o\u017eiljke. Po\u0161to c\u0301ilibarsko ulje ubrzava regeneraciju ko\u017ee, mo\u017ee se koristiti i za suzbijanje efekata starenja obnavljanjem zrele ko\u017ee i povec\u0301anjem \u010dvrstoc\u0301e i elasti\u010dnosti ko\u017ee.<\/span><\/p>\n<h3><b>Ulje c\u0301ilibara za smanjenje bola i upale<\/b><\/h3>\n<p><span style=\"font-weight: 400;\">Malo ulja je tako efikasno kao ulje c\u0301ilibara kada su u pitanju bol, upale i gr\u010devi u telu. Tradicionalno se koristi kao topikalno sredstvo za smirivanje bolnih mi\u0161ic\u0301a, uklanjanje bolova i smirivanje gr\u010deva u mi\u0161ic\u0301ima. Dokazi govore da udisanje ulja c\u0301ilibara poma\u017ee u ubla\u017eavanju upale u bronhima, uklanjanju respiratornih infekcija, umiruje grlo i disajne puteve i suzbija proizvodnju sluzi i sluzi. Ovo tako\u0111e mo\u017ee pozitivno uticati na gastrointestinalni trakt.<\/span><\/p>\n<h3><b>Amber ulje i aromaterapija<\/b><\/h3>\n<p><span style=\"font-weight: 400;\">Orijentalni za\u010dinski miris ulja c\u0301ilibara mo\u017eda je manje poznat me\u0111u svojim vr\u0161njacima, iako ga njegova slatka, smolasta, intimno topla aroma \u010dini omiljenim sastojkom u industriji parfema. Amber je tipi\u010dno prikladan kao bazna nota u parfemima, zbog svog bogatog, punog i dugotrajnog mirisa. Note ovog mirisa najbolje se mogu opisati kao balzami\u010dke, vanile, mo\u0161usne i toplo za\u010dinske.<\/span><\/p>\n<p><span style=\"font-weight: 400;\">Veseli miris ulja c\u0301ilibara ima psiholo\u0161ki umirujuc\u0301i efekat na um i poma\u017ee u smirivanju uma i smanjenju anksioznosti. \u010cak i u duhovne svrhe, veruje se da produbljuje meditacije, prosvetljuje um i promovi\u0161e unutra\u0161nji vid. Eteri\u010dno ulje c\u0301ilibara je dobro poznato u aromaterapiji po svojim umirujuc\u0301im svojstvima za ubla\u017eavanje stresa, anksioznosti i napetosti. Ima pomoc\u0301nu ulogu u ubla\u017eavanju gr\u010deva, katara, bolova, astmati\u010dnih tegoba, infekcija.\u00a0<\/span><\/p>\n<h3><b>Ulje c\u0301ilibara smanjuje stres i anksioznost<\/b><\/h3>\n<p><span style=\"font-weight: 400;\">Za mnoge je ulje c\u0301ilibara po\u017eeljno esencijalno ulje za smanjenje stresa i anksioznosti. Dokazana veza izme\u0111u limbi\u010dkog sistema i na\u0161eg \u010dula mirisa je za\u0161to udisanje c\u0301ilibarnog ulja, dodavanje nekoliko kapi u vodu za kupanje ili me\u0161anje sa osnovnim uljem za umirujuc\u0301u masa\u017eu mo\u017ee biti odli\u010dan na\u010din da smirite i um i telo. Njegov umirujuc\u0301i efekat obezbe\u0111uje dobar san i osec\u0301aj osve\u017eenja sledec\u0301eg jutra.<\/span><\/p>\n<p><span style=\"font-weight: 400;\">Da biste se oslobodili nervozne i napetosti, dovoljno je ispariti 2-3 kapi u aroma lampi, ovo ulje mo\u017eete pome\u0161ati sa kapljicom ulja grejpfruta.<\/span><\/p>\n<h3><b>Ulje c\u0301ilibara pobolj\u0161ava kogniciju<\/b><\/h3>\n<p><span style=\"font-weight: 400;\">Postoje odre\u0111ena antioksidativna jedinjenja koja se nalaze u esencijalnom ulju c\u0301ilibara koja mogu spre\u010diti oksidativni stres i pobolj\u0161ati spoznaju. Ne samo da ovo ulje sni\u017eava nivoe hormona stresa u telu, \u0161to mo\u017ee da razbistri um i pobolj\u0161a koncentraciju, vec\u0301 mo\u017ee da spre\u010di i dugotrajne degenerativne bolesti.<\/span><\/p>\n<h3><b>Amber ulje za masa\u017eu<\/b><\/h3>\n<p><span style=\"font-weight: 400;\">Me\u0161anje ulja c\u0301ilibara sa nekim osnovnim uljem kao \u0161to je ulje badema, semenki gro\u017e\u0111a ili jojobe mo\u017ee dovesti do \u017eeljenih rezultata, bilo da se radi o osna\u017eujuc\u0301oj masa\u017ei sa opu\u0161tajuc\u0301im ili ja\u010danjem efekta, ili istovremenom le\u010denju celulita. Masa\u017ea me\u0161avinom ulja c\u0301ilibara deluje zagrevajuc\u0301e na ko\u017eu i regenerativno na telo. Ulje c\u0301ilibara je tako\u0111e pogodno za podr\u0161ku u tretiranju i prevenciji bolesti zglobova kao \u0161to su artritis i druge reumatske bolesti.<\/span><\/p>\n<h3><b>Ulje c\u0301ilibara pobolj\u0161ava cirkulaciju<\/b><\/h3>\n<p><span style=\"font-weight: 400;\">Uprkos opu\u0161tajuc\u0301im efektima, c\u0301ilibarsko ulje ima stimulativna svojstva koja povec\u0301avaju protok krvi. Snabdevanje kiseonikom u celom telu c\u0301e se pobolj\u0161ati, \u0161to rezultira vi\u0161im nivoima energije i boljom funkcijom organa. Ulje c\u0301ilibara je idealno za podsticanje protoka krvi u udovima i pobolj\u0161anje cirkulacije, jednostavnim trljanjem razbla\u017eenog ulja c\u0301ilibara na ko\u017eu.<\/span><\/p>\n<h3><b>Ulje c\u0301ilibara povec\u0301ava libido<\/b><\/h3>\n<p><span style=\"font-weight: 400;\">Tradicionalno, esencijalno ulje c\u0301ilibara je poznato kao afrodizijak i koristi se za stimulisanje mu\u0161kog seksualnog nagona. Isparavanje ove zavodljive arome pomoc\u0301u aroma lampe ili difuzora mo\u017ee stimulisati osloba\u0111anje hormona \u0161to dovodi do boljeg seksualnog nagona, plodnosti i ukupne reproduktivne funkcije.<\/span><\/p>\n<p><span style=\"font-weight: 400;\">Za senzualnu masa\u017eu pome\u0161ajte 3 kapi ulja c\u0301ilibara sa kapima magnolije, 3 kapi bergamota i oko 50 ml ulja jojobe.<\/span><\/p>\n<h3><b>Bezbedna upotreba c\u0301ilibarskog ulja<\/b><\/h3>\n<p><span style=\"font-weight: 400;\">Preporu\u010duje se nano\u0161enje c\u0301ilibarnog ulja na ko\u017eu samo u razbla\u017eenom obliku. Ovo ulje nije namenjeno za konzumiranje i treba izbegavati kontakt sa o\u010dima. Udisanje isparenog ulja c\u0301ilibara kroz ispariva\u010d, difuzor mirisa ili sa maramice ne predstavlja nikakav rizik.<\/span><\/p>\n","protected":false},"excerpt":{"rendered":"<p><span style=\"font-weight: 400;\"><strong>Brend<\/strong>: Nefertiti prirodna ulja i biljke<br \/>\n<\/span><span style=\"font-weight: 400;\"><strong>Zemlja porekla<\/strong>: Egipat<br \/>\n<\/span><span style=\"font-weight: 400;\"><strong>Botani\u010dki naziv<\/strong>: Likuidambar stiraciflua<br \/>\n<\/span><span style=\"font-weight: 400;\"><strong>Porodica<\/strong>: Stiracaceae<br \/>\n<\/span><span style=\"font-weight: 400;\"><strong>INCI<\/strong>: Likuidambar Stiraciflua Pure Aroma Oil<br \/>\n<\/span><span style=\"font-weight: 400;\"><strong>Kori\u0161c\u0301ene komponente<\/strong>: Smola<br \/>\n<\/span><span style=\"font-weight: 400;\"><strong>Metoda ekstrakcije<\/strong>: Destilacija heksana<br \/>\n<\/span><span style=\"font-weight: 400;\"><strong>Miris<\/strong>: smolast, topao i dimljen<br \/>\n<\/span><span style=\"font-weight: 400;\"><strong>Izgled<\/strong>: duboko zlatni<br \/>\n<\/span><span style=\"font-weight: 400;\"><strong>Agregatno stanje<\/strong>: Te\u010dnost<br \/>\n<\/span><span style=\"font-weight: 400;\"><strong>Prirodno<\/strong>: Da<br \/>\n<\/span><span style=\"font-weight: 400;\"><strong>\u010cistoc\u0301a<\/strong>: 100% \u010distoc\u0301a<br \/>\n<\/span><span style=\"font-weight: 400;\"><strong>Sertifikati<\/strong>: ISO &amp; MSDS<br \/>\n<\/span><span style=\"font-weight: 400;\"><strong>Sastav<\/strong>: \u010disto aroma ulje<br \/>\n<\/span><span style=\"font-weight: 400;\"><strong>Dostava<\/strong>: Izra\u010dunava se na blagajni<\/span><\/p>\n","protected":false},"featured_media":275285,"comment_status":"open","ping_status":"closed","template":"","meta":[],"product_brand":[],"product_cat":[1132],"product_tag":[],"class_list":{"0":"post-262299","1":"product","2":"type-product","3":"status-publish","4":"has-post-thumbnail","6":"product_cat-aroma-oils-uk-sr","7":"pa_bottle-size-125-ml-sr-2","8":"pa_bottle-size-250ml-sr","9":"pa_bottle-size-50ml-sr","11":"first","12":"instock","13":"sale","14":"shipping-taxable","15":"purchasable","16":"product-type-variable","17":"has-default-attributes"},"_links":{"self":[{"href":"https:\/\/nefertiti-eg.com\/sr\/wp-json\/wp\/v2\/product\/262299","targetHints":{"allow":["GET"]}}],"collection":[{"href":"https:\/\/nefertiti-eg.com\/sr\/wp-json\/wp\/v2\/product"}],"about":[{"href":"https:\/\/nefertiti-eg.com\/sr\/wp-json\/wp\/v2\/types\/product"}],"replies":[{"embeddable":true,"href":"https:\/\/nefertiti-eg.com\/sr\/wp-json\/wp\/v2\/comments?post=262299"}],"wp:featuredmedia":[{"embeddable":true,"href":"https:\/\/nefertiti-eg.com\/sr\/wp-json\/wp\/v2\/media\/275285"}],"wp:attachment":[{"href":"https:\/\/nefertiti-eg.com\/sr\/wp-json\/wp\/v2\/media?parent=262299"}],"wp:term":[{"taxonomy":"product_brand","embeddable":true,"href":"https:\/\/nefertiti-eg.com\/sr\/wp-json\/wp\/v2\/product_brand?post=262299"},{"taxonomy":"product_cat","embeddable":true,"href":"https:\/\/nefertiti-eg.com\/sr\/wp-json\/wp\/v2\/product_cat?post=262299"},{"taxonomy":"product_tag","embeddable":true,"href":"https:\/\/nefertiti-eg.com\/sr\/wp-json\/wp\/v2\/product_tag?post=262299"}],"curies":[{"name":"wp","href":"https:\/\/api.w.org\/{rel}","templated":true}]}}