{"id":262304,"date":"2019-08-23T18:34:10","date_gmt":"2019-08-23T16:34:10","guid":{"rendered":"https:\/\/nefertiti-eg.com\/shop\/\u043d\u0435\u043a\u0430\u0442\u0435\u0433\u043e\u0440\u0438\u0437\u043e\u0432\u0430\u043d\u043e\/tea-tree-oil\/"},"modified":"2026-05-13T05:38:02","modified_gmt":"2026-05-13T02:38:02","slug":"tea-tree-oil","status":"publish","type":"product","link":"https:\/\/nefertiti-eg.com\/sr\/shop\/aroma-oils-uk-sr\/tea-tree-oil\/","title":{"rendered":"Ulje \u010dajevca"},"content":{"rendered":"<p><span style=\"font-weight: 400;\">\u010cajevac ima impresivnu istoriju. Vekovima pre nego \u0161to je list od \u010dajevca po\u010deo \u0161iroko da se koristi, australijski Aborid\u017eini su znali njegova lekovita svojstva. Listovi su gnje\u010deni i kori\u0161\u0107eni za tretiranje ko\u017enih oboljenja i upala, i mnogih drugih stanja.<\/span><\/p>\n<p><span style=\"font-weight: 400;\">Istra\u017eiva\u010d kapetan D\u017eejms Kuk primetio je da su starosedeoci kuvali listove u vodi, \u0161to je davalo miris poput mu\u0161katnog ora\u0161\u010dic\u0301a. Sumnjao je da prave \u010daj, i skovao je naziv &#8222;\u010dajevo drvo&#8220;, iako je ovo drvo druga\u010dije od biljke od koje se pravi crni \u010daj.\u00a0<\/span><\/p>\n<h3><b>Poreklo i karakteristike \u010dajevca<\/b><\/h3>\n<p><span style=\"font-weight: 400;\">Prvobitno su stabla \u010dajevca prona\u0111ena samo na australskom kontinentu. Drvo \u010dajevca (Melaleuca alternifolia), tako\u0111e zvano drvo papirne kore, je \u010dlan porodice mirte koja obuhvata preko 150 razli\u010ditih vrsta drvec\u0301a i \u017ebunja sa papirnatom korom i listovima u obliku koplja. Cvetaju male bele cvetne klasove, prac\u0301ene drvenastim mahunama semena. Pored proizvodnje esencijalnog ulja, uzgajaju se i zbog lepog cvec\u0301a.<\/span><\/p>\n<p><span style=\"font-weight: 400;\">Ovo drvo ima brojne prirodne moc\u0301i i njegova antisepti\u010dka svojstva poti\u010du direktno iz listova. Pored nau\u010dne potvrde ovih moc\u0301nih svojstava, pokazalo se da je ulje \u010dajevca jo\u0161 sna\u017enije od ulja biljke aloe vere. Mo\u017ee se koristiti za le\u010denje ka\u0161lja, prehlade, stanja ko\u017ee i niza drugih stanja. Nano\u0161enje ulja \u010dajevca na bolne mi\u0161ic\u0301e mo\u017ee imati analgeti\u010dki efekat, a nedavne studije podr\u017eavaju upotrebu ulja \u010dajevca za le\u010denje gljivi\u010dnih i gljivi\u010dnih infekcija.<\/span><\/p>\n<p><span style=\"font-weight: 400;\">Danas se sve vi\u0161e ljudi oslanja na prirodne proizvode da neguju svoje telo &#8211; i na srec\u0301u, priroda snabdeva bezbroj proizvoda koji zapravo imaju brojne pozitivne efekte na telo, dodatno pru\u017eajuc\u0301i ukusnu ili umirujuc\u0301u aromu. Ulje \u010dajevca je jedan od onih proizvoda koji podr\u017eavaju zdravlje. Ulje se ekstrahuje iz listova i gran\u010dica \u010dajevca postupkom destilacije vodenom parom. Upotreba ovog veoma pristupa\u010dnog ulja pro\u0161irila se \u0161irom sveta i stekla je popularnost kao prirodni antimikrobit.<\/span><\/p>\n<h3><b>Ulje \u010dajevca i njegove prednosti<\/b><\/h3>\n<p><span style=\"font-weight: 400;\">Smatra se \u201elekom za sve u jednoj boci\u201c, ulje \u010dajevca jedno je od naj\u010de\u0161c\u0301e kori\u0161c\u0301enih i najraznovrsnijih ulja, pravi dragulj me\u0111u svim eteri\u010dnim uljima. Sastojak je u \u0161irokom spektru proizvoda, od sapuna i \u0161ampona do sredstava za \u010di\u0161c\u0301enje lica. Miris ovog ulja donekle podsec\u0301a na eukaliptus i blago je opor.<\/span><\/p>\n<p><span style=\"font-weight: 400;\">Jedno od mnogih svojstava \u010dajevca je njegovo antibakterijsko dejstvo, \u0161irokog spektra, uklju\u010dujuc\u0301i MRSA bakterije, antiinflamatorno, antivirusno, fungicidno sredstvo protiv svraba, zaceljuje ko\u017eu, deluje protiv parazita (na primer kod va\u0161ki), imunostimulans\u00a0 je, insekticid i analgetik.<\/span><\/p>\n<p><b><i>Anti-inflamatorno dejstvo \u2013<\/i><\/b><span style=\"font-weight: 400;\"> \u010cajno drvo ima antiinflamatorno dejstvo i, u manjoj meri, tako\u0111e mo\u017ee da ubla\u017ei bol. Kod upale grla, nekoliko kapi ulja \u010dajevca u \u010da\u0161i vode mo\u017ee se koristiti za ispiranje grla (zapamtite, nemojte gutati!). Kupka sa nekoliko kapi eteri\u010dnog ulja \u010dajevca je veoma efikasna u slu\u010daju infekcije be\u0161ike. Ako ga koristite u kupatilu, po\u0161to se ulje ne rastvara u vodi, treba ga razbla\u017eiti drugim proizvodom za kupanje. Bubuljice se lako le\u010de tako \u0161to se na pamu\u010dni \u0161tapic\u0301 nanese malo ulja \u010dajevca.<\/span><\/p>\n<p><b><i>Pro\u010di\u0161c\u0301avanje &#8211;<\/i><\/b><span style=\"font-weight: 400;\"> Eteri\u010dno ulje \u010dajevca je poznato kao prirodnio re\u0161enje za akne, izbijanje, apscese, infekcije ko\u017ee, u slu\u010daju atletskog stopala i (vodenih) bradavica. To je zbog moc\u0301nih antibakterijskih jedinjenja koja dubinski \u010diste ko\u017eu i pro\u010di\u0161c\u0301avaju pore. Ulje \u010dajevca ubla\u017eava bol i sna\u017eno zaceljuje rane, a mo\u017ee se koristiti nerazre\u0111eno na rani.<\/span><\/p>\n<p><b><i>Umiruje &#8211;<\/i><\/b><span style=\"font-weight: 400;\"> Naoru\u017eano antiinflamatornim svojstvima, ulje \u010dajevca je odli\u010dan prirodni agens koji ima sposobnost da smiruje ko\u017eu, umiruje iritacije i potpoma\u017ee zarastanje rana.<\/span><\/p>\n<p><b><i>Osve\u017eiva\u010d \u2013<\/i><\/b><span style=\"font-weight: 400;\"> Antibakterijska svojstva ulja \u010dajevca deluju veoma dobro kao prirodni osve\u017eiva\u010d ve\u0161a, tako\u0111e poma\u017ee u slu\u010daju plesnja ili \u010dak i bu\u0111i. Mo\u017ee se nanositi na cipele ili stopala, kako bi se eliminisali svi neprijatni mirisi.<\/span><\/p>\n<p><b><i>Oralna nega \u2013<\/i><\/b><span style=\"font-weight: 400;\"> Ovo ulje se mo\u017ee koristiti u pastama za zube ili vodici za ispiranje usta i ima dezodorirajuc\u0301i efekat. Napomena: ne gutati ga!<\/span><\/p>\n<p><b><i>Repelent protiv insekata &#8211;<\/i><\/b><span style=\"font-weight: 400;\"> Ako ostanete napolju malo du\u017ee tokom prijatnih letnjih dana i ve\u010deri, obi\u010dno se na\u0111ete okru\u017eeni muvama i komarcima. Ulje \u010dajevca sadr\u017ei terpene koji odbijaju insekte od va\u0161e ko\u017ee. Miris ulja \u010dajevca za njih je neprijatno i samim tim ostaju na distanci, bez upotrebe zaga\u0111ujuc\u0301ih hemikalija. Protiv nadolazec\u0301e zaraze va\u0161kama: preventivno dodajte 2 kapi ulja \u010dajevca u \u0161ampon kako biste spre\u010dili dobijanje va\u0161i.<\/span><\/p>\n<p><span style=\"font-weight: 400;\">U slu\u010daju ujeda insekata, odmah nanesite kap ulja \u010dajevca na obolelo mesto.<\/span><\/p>\n<p><span style=\"font-weight: 400;\">Kao moc\u0301an antiseptik, eteri\u010dno ulje \u010dajevca stimuli\u0161e imuni sistem, \u0161to je korisno za eliminisanje bakterija, virusa i gljivica. Ovo ulje se mo\u017ee koristiti i u kozmetici i u aromaterapiji. Mo\u017ee da le\u010di rane, pru\u017ei umirujuc\u0301e olak\u0161anje bolova i podsti\u010de osec\u0301aj smirenosti. Koristite ga \u010dak I u sredstvima za \u010di\u0161c\u0301enje u domac\u0301instvu, jer njime mo\u017eete dezinfikovati radne povr\u0161ine.<\/span><\/p>\n<h3><b>Ulje \u010dajevca i aromaterapija<\/b><\/h3>\n<p><span style=\"font-weight: 400;\">Kao i vec\u0301ina eteri\u010dnih ulja, \u010dajevac tako\u0111e pru\u017ea predivan miris u va\u0161em domu kada se koristi kao osve\u017eiva\u010d vazduha. Jo\u0161 jedan odli\u010dan na\u010din da izbegnete \u0161tetne hemikalije! Samo nekoliko kapi ulja \u010dajevca \u010dini \u010duda. Po\u0161to ovo ulje ima prili\u010dno specifi\u010dan miris, mo\u017eda biste ga radije kombinovali sa drugim mirisom, kao \u0161to je eteri\u010dno ulje limuna.<\/span><\/p>\n<p><span style=\"font-weight: 400;\">Ulje \u010dajevca je jedan od najpopularnijih sastojaka u aromaterapiji danas. Na primer, ovaj miris je veoma prijatan i umirujuc\u0301 u sauni.<\/span><\/p>\n<p><b><i>Aroma ispariva\u010d &#8211;<\/i><\/b><span style=\"font-weight: 400;\"> \u010cajevac daje sve\u017e miris koji se mo\u017ee dobro me\u0161ati sa uljima lavande, ruzmarina, pupoljaka karanfilic\u0301a i citrusa. Kroz isparavanje, ulje \u010dajevca je odli\u010dna pomoc\u0301 kod bronhitisa, sinusitisa, infekcija nosa i grla. Upotreba ovog ulja povec\u0301ava otpornost na grip i prehladu. \u010cajevac se dokazano bori protiv plesni i raznih gljivica u atmosferi. \u0160tavi\u0161e, ulje \u010dajevca ima sna\u017ean vitalizirajuc\u0301i efekat na umor i nervnu depresiju. Udisanje u parnom kupatilu je jo\u0161 efikasnije: mo\u017ee se koristiti kod prehlade, gripa, umora, svraba i kao ulje za cirkulaciju kod pro\u0161irenih vena.<\/span><\/p>\n<p><span style=\"font-weight: 400;\">Eteri\u010dno ulje \u010dajevca je samo za spoljnu upotrebu! Nekoliko sitnica koje treba imati na umu:<\/span><\/p>\n<ul>\n<li><span style=\"font-weight: 400;\"> Nemojte nanositi na osetljive delove ko\u017ee, kao \u0161to su delovi oko o\u010diju ili u nosu.<\/span><\/li>\n<li><span style=\"font-weight: 400;\"> Izbegavajte izlaganje suncu nakon nano\u0161enja, ulje \u010dajevca mo\u017ee u\u010diniti ko\u017eu osetljivijom na UV zrake.<\/span><\/li>\n<li><span style=\"font-weight: 400;\"> Strogo se ne preporu\u010duje upotreba tokom trudnoc\u0301e i kod dece mla\u0111e od 3 godine.<\/span><\/li>\n<li><span style=\"font-weight: 400;\"> \u010cuvajte van doma\u0161aja dece.<\/span><\/li>\n<li><span style=\"font-weight: 400;\"> Testirajte malu povr\u0161inu na ko\u017ei, sa\u010dekajte 24 sata da vidite da li c\u0301e doc\u0301i do bilo kakve reakcije.<\/span><\/li>\n<\/ul>\n<p><span style=\"font-weight: 400;\">Kao i svako eteri\u010dno ulje, ulje \u010dajevca treba koristiti samo u razbla\u017eenom obliku. Eteri\u010dna ulja su veoma moc\u0301na i mogu izazvati trajnu senzibilizaciju kada se koriste u \u010distom obliku direktno na ko\u017ei. Kao standardno pravilo \u2013 pridr\u017eavajte se odnosa od 2 kapi na 5 ml razbla\u017eeavanja sa odgovarajuc\u0301im nosec\u0301im uljem kao \u0161to je ulje kokosa, badema ili jojobe.<\/span><\/p>\n","protected":false},"excerpt":{"rendered":"<p><span style=\"font-weight: 400;\"><strong>Brend<\/strong>: Nefertiti prirodna ulja i biljke<br \/>\n<\/span><span style=\"font-weight: 400;\"><strong>Zemlja porekla<\/strong>: Egipat<br \/>\n<\/span><span style=\"font-weight: 400;\"><strong>Botani\u010dki naziv<\/strong>: Melaleuca alternifolia<br \/>\n<\/span><span style=\"font-weight: 400;\"><strong>Porodica<\/strong>: Mirtaceae<br \/>\n<\/span><span style=\"font-weight: 400;\"><strong>INCI<\/strong>: Melaleuca Alternifolia Pure Aroma Oil<br \/>\n<\/span><span style=\"font-weight: 400;\"><strong>Kori\u0161c\u0301ene komponente<\/strong>: li\u0161c\u0301e i gran\u010dice<br \/>\n<\/span><span style=\"font-weight: 400;\"><strong>Metoda ekstrakcije<\/strong>: Destilacija vodenom parom<br \/>\n<\/span><span style=\"font-weight: 400;\"><strong>Miris<\/strong>: sve\u017e kamfor<br \/>\n<\/span><span style=\"font-weight: 400;\"><strong>Izgled<\/strong>: Bledo\u017euta do skoro bezbojna i bistra<br \/>\n<\/span><span style=\"font-weight: 400;\"><strong>Agregatno stanje<\/strong>: Te\u010dnost<br \/>\n<\/span><span style=\"font-weight: 400;\"><strong>Prirodno<\/strong>: Da<br \/>\n<\/span><span style=\"font-weight: 400;\"><strong>\u010cistoc\u0301a<\/strong>: 100% \u010distoc\u0301a<br \/>\n<\/span><span style=\"font-weight: 400;\"><strong>Sertifikati<\/strong>: ISO &amp; MSDS<br \/>\n<\/span><span style=\"font-weight: 400;\"><strong>Sastav<\/strong>: \u010disto aroma ulje<br \/>\n<\/span><span style=\"font-weight: 400;\"><strong>Dostava<\/strong>: Izra\u010dunava se na blagajni<\/span><\/p>\n","protected":false},"featured_media":275624,"comment_status":"open","ping_status":"closed","template":"","meta":[],"product_brand":[],"product_cat":[1132],"product_tag":[],"class_list":{"0":"post-262304","1":"product","2":"type-product","3":"status-publish","4":"has-post-thumbnail","6":"product_cat-aroma-oils-uk-sr","7":"pa_bottle-size-125-ml-sr-2","8":"pa_bottle-size-50ml-sr","10":"first","11":"instock","12":"shipping-taxable","13":"purchasable","14":"product-type-variable","15":"has-default-attributes"},"_links":{"self":[{"href":"https:\/\/nefertiti-eg.com\/sr\/wp-json\/wp\/v2\/product\/262304","targetHints":{"allow":["GET"]}}],"collection":[{"href":"https:\/\/nefertiti-eg.com\/sr\/wp-json\/wp\/v2\/product"}],"about":[{"href":"https:\/\/nefertiti-eg.com\/sr\/wp-json\/wp\/v2\/types\/product"}],"replies":[{"embeddable":true,"href":"https:\/\/nefertiti-eg.com\/sr\/wp-json\/wp\/v2\/comments?post=262304"}],"wp:featuredmedia":[{"embeddable":true,"href":"https:\/\/nefertiti-eg.com\/sr\/wp-json\/wp\/v2\/media\/275624"}],"wp:attachment":[{"href":"https:\/\/nefertiti-eg.com\/sr\/wp-json\/wp\/v2\/media?parent=262304"}],"wp:term":[{"taxonomy":"product_brand","embeddable":true,"href":"https:\/\/nefertiti-eg.com\/sr\/wp-json\/wp\/v2\/product_brand?post=262304"},{"taxonomy":"product_cat","embeddable":true,"href":"https:\/\/nefertiti-eg.com\/sr\/wp-json\/wp\/v2\/product_cat?post=262304"},{"taxonomy":"product_tag","embeddable":true,"href":"https:\/\/nefertiti-eg.com\/sr\/wp-json\/wp\/v2\/product_tag?post=262304"}],"curies":[{"name":"wp","href":"https:\/\/api.w.org\/{rel}","templated":true}]}}