{"id":262339,"date":"2020-12-30T11:42:03","date_gmt":"2020-12-30T09:42:03","guid":{"rendered":"https:\/\/nefertiti-eg.com\/shop\/\u043d\u0435\u043a\u0430\u0442\u0435\u0433\u043e\u0440\u0438\u0437\u043e\u0432\u0430\u043d\u043e\/5-secrets-oil\/"},"modified":"2023-09-20T14:19:22","modified_gmt":"2023-09-20T11:19:22","slug":"5-secrets-oil","status":"publish","type":"product","link":"https:\/\/nefertiti-eg.com\/sr\/shop\/aroma-oils-uk-sr\/5-secrets-oil\/","title":{"rendered":"Pet tajni"},"content":{"rendered":"<h3><b>Primena i efekat<\/b><\/h3>\n<h3><b>Gornja nota<\/b><\/h3>\n<p><span style=\"font-weight: 400;\">Brzo nakon nano\u0161enja razvija se miris mandarina. Prva percepcija nosa je letnja sve\u017eina! Ovo je prac\u0301eno blagim uticajem \u017ealfije, koja odaje utisak snage.<\/span><\/p>\n<h3><b>Srednja nota<\/b><\/h3>\n<p><span style=\"font-weight: 400;\">Posle nekog vremena pojavljuje se cvetni miris zumbula. Uz miris cveta breskve, irisa i ciklame, razvija se pravi buket cvec\u0301a. Ovaj intenzivan, ali suptilan miris cvetnih polja zadr\u017eava dugotrajnu snagu sve dok se osnovna nota ne oglasi.<\/span><\/p>\n<h3><b>Bazna nota<\/b><\/h3>\n<p><span style=\"font-weight: 400;\">Da zaokru\u017eimo ovaj sjajan miris, drvenaste arome mo\u0161usa, sandalovine i kedrovine \u010dine donju notu 5 tajni, upotpunjujuc\u0301i bogati parfem. Sve\u017ee-cvetno-drveno!<\/span><\/p>\n<p><span style=\"font-weight: 400;\">Njegova sna\u017ena, ali nenametljiva aroma \u010dini ga zagonetnim mirisom koji vas prati tokom celog dana, a da nije nametljiv. Misterija odi\u0161e elegancijom i samopouzdanjem.<\/span><\/p>\n<h3><b>Primena Nefertiti Aroma Ulja<\/b><\/h3>\n<p><span style=\"font-weight: 400;\">Na\u0161e me\u0161avine Nefertiti Aroma pru\u017eaju najbolju osnovu za pravljenje sopstvenog parfema po meri.<\/span><\/p>\n<p><span style=\"font-weight: 400;\">Pome\u0161ajte Nefertiti aroma ulje po va\u0161em izboru sa 96% alkohola u odnosu 1:1 da biste napravili svoj omiljeni parfem.<\/span><\/p>\n<p><span style=\"font-weight: 400;\">Kada koristite svoj omiljeni miris u \u010distom obliku, nanosite ga samo u malim koli\u010dinama. Dovoljna je samo mala kap da se nanese lokalno na prst, na primer natrljajte iza uha.<\/span><\/p>\n<p><span style=\"font-weight: 400;\">Nikada ne nanosite nerazre\u0111ene me\u0161avine aroma na odec\u0301u jer od \u010distog ulja ostaju mrlje!<\/span><\/p>\n<h3><b>Drugi na\u010din primene<\/b><\/h3>\n<p><span style=\"font-weight: 400;\">Aromaterapija: Dodajte nekoliko kapi u difuzor.<\/span><\/p>\n<p><span style=\"font-weight: 400;\">Osve\u017eenje sobe: Pome\u0161ajte 1:2 me\u0161avinu aroma ulja (1) sa destilovanom vodom (2).<\/span><\/p>\n<p><span style=\"font-weight: 400;\">Dodatak za kupanje: U potpunosti se obavite svojim omiljenim mirisom! Dodajte nekoliko kapi me\u0161avine aroma po va\u0161em izboru u vodu za kupanje.<\/span><\/p>\n<h3><b>Da li ste znali?<\/b><\/h3>\n<p><span style=\"font-weight: 400;\">Egipat je glavni dobavlja\u010d aroma ulja za sve poznate brendove parfema \u0161irom sveta.<\/span><\/p>\n<p><span style=\"font-weight: 400;\">Nefertiti Aroma Ulja se ekstrahuju iz esencija cvec\u0301a i bilja koje rastu pod egipatskim suncem u poljoprivrednoj oblasti u Fajumu. Ova aromati\u010dna ulja se dobijaju hladnim ce\u0111enjem ili destilacijom \u017eetve u na\u0161oj fabrici u Fajumu, u Egiptu i tamo se fla\u0161iraju. Na\u0161i poljoprivredni proizvodi su stoga 100% najvi\u0161eg kvaliteta i \u010dine zdravu osnovu za odli\u010dan krajnji proizvod. Nefertiti Aroma Ulja su pogodna za upotrebu u aromaterapiji i za pravljenje finih parfema.<\/span><\/p>\n","protected":false},"excerpt":{"rendered":"<h3><b>\u017denski miris<\/b><\/h3>\n<p><b>Miris:<\/b><span style=\"font-weight: 400;\"> sve\u017e cvetni i drveni<br \/>\n<\/span><span style=\"font-weight: 400;\">Misterija se odvija u mirisu koji podsec\u0301a na naslov. Nakon prvih voc\u0301nih nijansi, raznovrsnost cvetnih mirisa u kombinaciji sa suptilnim nagove\u0161tajem drveta o\u010darava \u010dula kako nosioca tako i okru\u017eenja. Na\u0161a me\u0161avina 5 tajni pru\u017ea vam elegantno magi\u010dan miris.<br \/>\n<\/span><b>Gornja nota<\/b><span style=\"font-weight: 400;\">: mandarina, rezeda, \u017ealfija<br \/>\n<\/span><b>Srednja nota:<\/b><span style=\"font-weight: 400;\"> ciklama, \u0161ipak, zumbul, iris, nektarina, cvet breskve, koren ljubi\u010dice<br \/>\n<\/span><b>Bazna nota:<\/b><span style=\"font-weight: 400;\"> mo\u0161us, sandalovina, kedrovo drvo<\/span><\/p>\n","protected":false},"featured_media":275277,"comment_status":"open","ping_status":"closed","template":"","meta":[],"product_brand":[],"product_cat":[1132],"product_tag":[],"class_list":{"0":"post-262339","1":"product","2":"type-product","3":"status-publish","4":"has-post-thumbnail","6":"product_cat-aroma-oils-uk-sr","7":"pa_bottle-size-1000-ml-2-sr","8":"pa_bottle-size-125-ml-sr-2","9":"pa_bottle-size-250ml-sr","10":"pa_bottle-size-50ml-sr","12":"first","13":"instock","14":"sale","15":"shipping-taxable","16":"purchasable","17":"product-type-variable","18":"has-default-attributes"},"_links":{"self":[{"href":"https:\/\/nefertiti-eg.com\/sr\/wp-json\/wp\/v2\/product\/262339","targetHints":{"allow":["GET"]}}],"collection":[{"href":"https:\/\/nefertiti-eg.com\/sr\/wp-json\/wp\/v2\/product"}],"about":[{"href":"https:\/\/nefertiti-eg.com\/sr\/wp-json\/wp\/v2\/types\/product"}],"replies":[{"embeddable":true,"href":"https:\/\/nefertiti-eg.com\/sr\/wp-json\/wp\/v2\/comments?post=262339"}],"wp:featuredmedia":[{"embeddable":true,"href":"https:\/\/nefertiti-eg.com\/sr\/wp-json\/wp\/v2\/media\/275277"}],"wp:attachment":[{"href":"https:\/\/nefertiti-eg.com\/sr\/wp-json\/wp\/v2\/media?parent=262339"}],"wp:term":[{"taxonomy":"product_brand","embeddable":true,"href":"https:\/\/nefertiti-eg.com\/sr\/wp-json\/wp\/v2\/product_brand?post=262339"},{"taxonomy":"product_cat","embeddable":true,"href":"https:\/\/nefertiti-eg.com\/sr\/wp-json\/wp\/v2\/product_cat?post=262339"},{"taxonomy":"product_tag","embeddable":true,"href":"https:\/\/nefertiti-eg.com\/sr\/wp-json\/wp\/v2\/product_tag?post=262339"}],"curies":[{"name":"wp","href":"https:\/\/api.w.org\/{rel}","templated":true}]}}