{"id":262505,"date":"2020-12-29T15:10:26","date_gmt":"2020-12-29T13:10:26","guid":{"rendered":"https:\/\/nefertiti-eg.com\/shop\/\u043d\u0435\u043a\u0430\u0442\u0435\u0433\u043e\u0440\u0438\u0437\u043e\u0432\u0430\u043d\u043e\/queen-nefertiti-oil\/"},"modified":"2026-05-13T05:38:09","modified_gmt":"2026-05-13T02:38:09","slug":"queen-nefertiti-oil","status":"publish","type":"product","link":"https:\/\/nefertiti-eg.com\/sr\/shop\/aroma-oils-uk-sr\/queen-nefertiti-oil\/","title":{"rendered":"Kraljica Nefertiti"},"content":{"rendered":"<h3><b>Primena i efekat<\/b><\/h3>\n<h3><b>Gornje note<\/b><\/h3>\n<p><span style=\"font-weight: 400;\">Nakon nano\u0161enja kraljice Nefertiti, gornja nota se prvo otvara, osloba\u0111ajuc\u0301i voc\u0301ni miris bobica. Iz ribizle se razvija intenzivna, bobi\u010dasta i blago kiselkasta nota, kao i blagi miris cimeta koji se mo\u017ee osetiti. Uz miris narand\u017ee i uticaj bergamota, kraljica Nefertiti daje da\u0161ak letnje sve\u017eine, nalik voc\u0301nom koktelu.<\/span><\/p>\n<p><span style=\"font-weight: 400;\">Sve u svemu, u gornjoj noti se razvija osve\u017eavajuc\u0301i miris.<\/span><\/p>\n<h3><b>Srednje note<\/b><\/h3>\n<p><span style=\"font-weight: 400;\">Nakon otprilike 15 minuta, nota srca se razvija kao miris jasmina koji potvr\u0111uje \u017eivot. Miris ru\u017ee i \u0111ur\u0111evka daju \u017eenstvenu notu kraljici Nefertiti. Srednja nota se razvija kao blago slatka nota.<\/span><\/p>\n<h3><b>Bazna nota<\/b><\/h3>\n<p><span style=\"font-weight: 400;\">Nakon otprilike 4 sata, osnovna nota je potpuno uo\u010dljiva. Prerasta u topao miris nalik na badem, koji izaziva zrna tonke u kombinaciji sa vanilom. Intenzitet je podvu\u010den mirisom mo\u0161usa. Ovaj miris traje satima pre nego \u0161to nestane veoma sporo.<\/span><\/p>\n<p><span style=\"font-weight: 400;\">Kombinacija ove jedinstvene me\u0161avine razli\u010ditih mirisa \u010dini kraljicu Nefertiti delom sofisticirane \u017eene koja voli intenzivan, cvetno-voc\u0301ni miris. Kraljica Nefertiti nagla\u0161ava \u017eensku lepotu koja potvr\u0111uje \u017eivot.<\/span><\/p>\n<h3><b>Primena Nefertiti Aroma Ulja<\/b><\/h3>\n<p><span style=\"font-weight: 400;\">Na\u0161e me\u0161avine Nefertiti Aroma pru\u017eaju najbolju osnovu za pravljenje sopstvenog parfema po meri.<\/span><\/p>\n<p><span style=\"font-weight: 400;\">Pome\u0161ajte Nefertiti aroma ulje po va\u0161em izboru sa 96% alkohola u odnosu 1:1 da biste napravili svoj omiljeni parfem.<\/span><\/p>\n<p><span style=\"font-weight: 400;\">Kada koristite svoj omiljeni miris u \u010distom obliku, nanosite ga samo u malim koli\u010dinama. Dovoljna je samo mala kap da se nanese lokalno na prst, na primer natrljajte iza uha.<\/span><\/p>\n<p><span style=\"font-weight: 400;\">Nikada ne nanosite nerazre\u0111ene me\u0161avine aroma na odec\u0301u jer od \u010distog ulja ostaju mrlje!<\/span><\/p>\n<h3><b>Drugi na\u010din primene<\/b><\/h3>\n<p><span style=\"font-weight: 400;\">Aromaterapija: Dodajte nekoliko kapi u difuzor.<\/span><\/p>\n<p><span style=\"font-weight: 400;\">Osve\u017eenje sobe: Pome\u0161ajte 1:2 me\u0161avinu aroma ulja (1) sa destilovanom vodom (2).<\/span><\/p>\n<p><span style=\"font-weight: 400;\">Dodatak za kupanje: U potpunosti se obavite svojim omiljenim mirisom! Dodajte nekoliko kapi me\u0161avine aroma po va\u0161em izboru u vodu za kupanje.<\/span><\/p>\n<h3><b>Da li ste znali?<\/b><\/h3>\n<p><span style=\"font-weight: 400;\">Egipat je glavni dobavlja\u010d aroma ulja za sve poznate brendove parfema \u0161irom sveta.<\/span><\/p>\n<p><span style=\"font-weight: 400;\">Nefertiti Aroma Ulja se ekstrahuju iz esencija cvec\u0301a i bilja koje rastu pod egipatskim suncem u poljoprivrednoj oblasti u Fajumu. Ova aromati\u010dna ulja se dobijaju hladnim ce\u0111enjem ili destilacijom \u017eetve u na\u0161oj fabrici u Fajumu, u Egiptu i tamo se fla\u0161iraju. Na\u0161i poljoprivredni proizvodi su stoga 100% najvi\u0161eg kvaliteta i \u010dine zdravu osnovu za odli\u010dan krajnji proizvod. Nefertiti Aroma Ulja su pogodna za upotrebu u aromaterapiji i za pravljenje finih parfema.<\/span><\/p>\n","protected":false},"excerpt":{"rendered":"<h3><b>\u017denski miris<\/b><\/h3>\n<p><b>Miris<\/b><span style=\"font-weight: 400;\">: cvetno-voc\u0301ni|<br \/>\n<\/span><span style=\"font-weight: 400;\">Za elegantnu, romanti\u010dnu, zavodljivu \u017eenu. Ovim cvetno voc\u0301nim mirisom svaka \u017eena magi\u010dno privla\u010di mu\u0161ki svet. To je intenzivan, prepoznatljiv \u017eenski miris. Kraljica Nefertiti mo\u017ee biti savr\u0161en parfem svake \u017eene za bilo koji datum. Senzualni miris kraljice Nefertiti nagla\u0161ava samopouzdanje i istovremeno magi\u010dno privla\u010di.<br \/>\n<\/span><b>Gornja nota:<\/b><span style=\"font-weight: 400;\"> bergamot, grejpfrut, kasija, mandarina, narand\u017ea, crna ribizla<br \/>\n<\/span><b>Srednja nota:<\/b><span style=\"font-weight: 400;\"> kajsija, jasmin, \u0111ur\u0111evak, \u0111ur\u0111evak, ru\u017ea<br \/>\n<\/span><b>Bazna nota:<\/b><span style=\"font-weight: 400;\"> amber, mo\u0161us, mahune tonke, vanila, kedar<\/span><\/p>\n","protected":false},"featured_media":275532,"comment_status":"open","ping_status":"closed","template":"","meta":[],"product_brand":[],"product_cat":[1132],"product_tag":[],"class_list":{"0":"post-262505","1":"product","2":"type-product","3":"status-publish","4":"has-post-thumbnail","6":"product_cat-aroma-oils-uk-sr","7":"pa_bottle-size-1000-ml-2-sr","8":"pa_bottle-size-125-ml-sr-2","9":"pa_bottle-size-250ml-sr","10":"pa_bottle-size-50ml-sr","11":"pa_bottle-size-500-ml","13":"first","14":"instock","15":"shipping-taxable","16":"purchasable","17":"product-type-variable","18":"has-default-attributes"},"_links":{"self":[{"href":"https:\/\/nefertiti-eg.com\/sr\/wp-json\/wp\/v2\/product\/262505","targetHints":{"allow":["GET"]}}],"collection":[{"href":"https:\/\/nefertiti-eg.com\/sr\/wp-json\/wp\/v2\/product"}],"about":[{"href":"https:\/\/nefertiti-eg.com\/sr\/wp-json\/wp\/v2\/types\/product"}],"replies":[{"embeddable":true,"href":"https:\/\/nefertiti-eg.com\/sr\/wp-json\/wp\/v2\/comments?post=262505"}],"wp:featuredmedia":[{"embeddable":true,"href":"https:\/\/nefertiti-eg.com\/sr\/wp-json\/wp\/v2\/media\/275532"}],"wp:attachment":[{"href":"https:\/\/nefertiti-eg.com\/sr\/wp-json\/wp\/v2\/media?parent=262505"}],"wp:term":[{"taxonomy":"product_brand","embeddable":true,"href":"https:\/\/nefertiti-eg.com\/sr\/wp-json\/wp\/v2\/product_brand?post=262505"},{"taxonomy":"product_cat","embeddable":true,"href":"https:\/\/nefertiti-eg.com\/sr\/wp-json\/wp\/v2\/product_cat?post=262505"},{"taxonomy":"product_tag","embeddable":true,"href":"https:\/\/nefertiti-eg.com\/sr\/wp-json\/wp\/v2\/product_tag?post=262505"}],"curies":[{"name":"wp","href":"https:\/\/api.w.org\/{rel}","templated":true}]}}