{"id":262517,"date":"2022-09-24T14:41:32","date_gmt":"2022-09-24T12:41:32","guid":{"rendered":"https:\/\/nefertiti-eg.com\/shop\/\u043d\u0435\u043a\u0430\u0442\u0435\u0433\u043e\u0440\u0438\u0437\u043e\u0432\u0430\u043d\u043e\/habibi-oil\/"},"modified":"2026-05-13T05:38:00","modified_gmt":"2026-05-13T02:38:00","slug":"habibi-oil","status":"publish","type":"product","link":"https:\/\/nefertiti-eg.com\/sr\/shop\/aroma-oils-uk-sr\/habibi-oil\/","title":{"rendered":"Habibi"},"content":{"rendered":"<h3><b>Primena i efekat<\/b><\/h3>\n<h3><b>Gornja nota<\/b><\/h3>\n<p><span style=\"font-weight: 400;\">Nakon nano\u0161enja jasmin miluje ko\u017eu, ne\u017eno za\u010dinjen toplim puterastim \u0161afranom koji se jednostavno topi na ko\u017ei. Opojno, egzoti\u010dno, eroti\u010dno\u2026<\/span><\/p>\n<h3><b>Srednja nota<\/b><\/h3>\n<p><span style=\"font-weight: 400;\">Trenutno se otkriva blago mo\u0161usni slatki odsjaj c\u0301ilibara, ubla\u017een \u0161ec\u0301ernom ambram travom sa nijansama pregorele bombone. Toliko ukusno da je skoro jestivo. \u010cista dekadencija.<\/span><\/p>\n<h3><b>Bazna nota<\/b><\/h3>\n<p><span style=\"font-weight: 400;\">Drvene bazne note se skoro odmah poka\u017eu, dodajuc\u0301i blagu drvenastu zemljanost i uzemljenje mirisa, dok gornje note nastavljaju da sijaju, dozvoljavajuc\u0301i mirisu parfema da se otkrije u svom punom sjaju. To je toplo, ali hladno, okrepljujuc\u0301e, ali ute\u0161no, sofisticirano, ali razigrano, privla\u010dno, ali misteriozno.<\/span><\/p>\n<p><span style=\"font-weight: 400;\">Habibi je misterija, sa tako dobro uklopljenim notama da je nemoguc\u0301e de\u0161ifrovati jednu od druge, jer zra\u010de savr\u0161enim mirisom. Dovoljno nenametljiv za svakodnevno no\u0161enje, ali toliko poseban da c\u0301ete \u017eeleti da ga sa\u010duvate za posebne prilike. Miris za sve prilike i sva godi\u0161nja doba. Ima nepogre\u0161ivu aromu klase i sofisticiranosti u kombinaciji sa sirovom senzualno\u0161c\u0301u i koketnom razigrano\u0161c\u0301u. To je enigma. Odi\u0161ite misterijom i ostavite druge da pri\u010daju o vama.<\/span><\/p>\n<h3><b>Primena Nefertiti Aroma Ulja<\/b><\/h3>\n<p><span style=\"font-weight: 400;\">Na\u0161e me\u0161avine Nefertiti Aroma pru\u017eaju najbolju osnovu za pravljenje sopstvenog parfema po meri.<\/span><\/p>\n<p><span style=\"font-weight: 400;\">Pome\u0161ajte Nefertiti aroma ulje po va\u0161em izboru sa 96% alkohola u odnosu 1:1 da biste napravili svoj omiljeni parfem.<\/span><\/p>\n<p><span style=\"font-weight: 400;\">Kada koristite svoj omiljeni miris u \u010distom obliku, nanosite ga samo u malim koli\u010dinama. Dovoljna je samo mala kap da se nanese lokalno na prst, na primer natrljajte iza uha.<\/span><\/p>\n<p><span style=\"font-weight: 400;\">Nikada ne nanosite nerazre\u0111ene me\u0161avine aroma na odec\u0301u jer od \u010distog ulja ostaju mrlje!<\/span><\/p>\n<h3><b>Drugi na\u010din primene<\/b><\/h3>\n<p><span style=\"font-weight: 400;\">Aromaterapija: Dodajte nekoliko kapi u difuzor.<\/span><\/p>\n<p><span style=\"font-weight: 400;\">Osve\u017eenje sobe: Pome\u0161ajte 1:2 me\u0161avinu aroma ulja (1) sa destilovanom vodom (2).<\/span><\/p>\n<p><span style=\"font-weight: 400;\">Dodatak za kupanje: U potpunosti se obavite svojim omiljenim mirisom! Dodajte nekoliko kapi me\u0161avine aroma po va\u0161em izboru u vodu za kupanje.<\/span><\/p>\n<h3><b>Da li ste znali?<\/b><\/h3>\n<p><span style=\"font-weight: 400;\">Egipat je glavni dobavlja\u010d aroma ulja za sve poznate brendove parfema \u0161irom sveta.<\/span><\/p>\n<p><span style=\"font-weight: 400;\">Nefertiti Aroma Ulja se ekstrahuju iz esencija cvec\u0301a i bilja koje rastu pod egipatskim suncem u poljoprivrednoj oblasti u Fajumu. Ova aromati\u010dna ulja se dobijaju hladnim ce\u0111enjem ili destilacijom \u017eetve u na\u0161oj fabrici u Fajumu, u Egiptu i tamo se fla\u0161iraju. Na\u0161i poljoprivredni proizvodi su stoga 100% najvi\u0161eg kvaliteta i \u010dine zdravu osnovu za odli\u010dan krajnji proizvod. Nefertiti Aroma Ulja su pogodna za upotrebu u aromaterapiji i za pravljenje finih parfema.<\/span><\/p>\n","protected":false},"excerpt":{"rendered":"<p><b>Miris<\/b><span style=\"font-weight: 400;\">: sve\u017e, cvetni i drveni<br \/>\n<\/span><span style=\"font-weight: 400;\">Habibi nije samo miris, to je remek-delo mirisa. Ne radi se o notama, vec\u0301 o aspektima koji se tako lako kombinuju da bi nosioca obavili oblakom senzualnosti. Okeansko milovanje, vetar, cvetovi i \u0161uma kombinuju se sa bezvremenskom elegancijom sa savremenim obrtom. Kompleksno i jedinstveno, ali varljivo jednostavno, jednom no\u0161eno i nikad zaboravljeno.<br \/>\n<\/span><b>Gornja nota:<\/b><span style=\"font-weight: 400;\"> jasmin, \u0161afran<br \/>\n<\/span><b>Srednja nota:<\/b><span style=\"font-weight: 400;\"> c\u0301ilibar, ambra<br \/>\n<\/span><b>Bazna nota:<\/b><span style=\"font-weight: 400;\"> smola jele, kedar<\/span><\/p>\n","protected":false},"featured_media":275402,"comment_status":"open","ping_status":"closed","template":"","meta":[],"product_brand":[],"product_cat":[1132],"product_tag":[],"class_list":{"0":"post-262517","1":"product","2":"type-product","3":"status-publish","4":"has-post-thumbnail","6":"product_cat-aroma-oils-uk-sr","7":"pa_bottle-size-1000-ml-2-sr","8":"pa_bottle-size-125-ml-sr-2","9":"pa_bottle-size-250ml-sr","10":"pa_bottle-size-50ml-sr","11":"pa_bottle-size-500-ml","13":"first","14":"instock","15":"shipping-taxable","16":"purchasable","17":"product-type-variable","18":"has-default-attributes"},"_links":{"self":[{"href":"https:\/\/nefertiti-eg.com\/sr\/wp-json\/wp\/v2\/product\/262517","targetHints":{"allow":["GET"]}}],"collection":[{"href":"https:\/\/nefertiti-eg.com\/sr\/wp-json\/wp\/v2\/product"}],"about":[{"href":"https:\/\/nefertiti-eg.com\/sr\/wp-json\/wp\/v2\/types\/product"}],"replies":[{"embeddable":true,"href":"https:\/\/nefertiti-eg.com\/sr\/wp-json\/wp\/v2\/comments?post=262517"}],"wp:featuredmedia":[{"embeddable":true,"href":"https:\/\/nefertiti-eg.com\/sr\/wp-json\/wp\/v2\/media\/275402"}],"wp:attachment":[{"href":"https:\/\/nefertiti-eg.com\/sr\/wp-json\/wp\/v2\/media?parent=262517"}],"wp:term":[{"taxonomy":"product_brand","embeddable":true,"href":"https:\/\/nefertiti-eg.com\/sr\/wp-json\/wp\/v2\/product_brand?post=262517"},{"taxonomy":"product_cat","embeddable":true,"href":"https:\/\/nefertiti-eg.com\/sr\/wp-json\/wp\/v2\/product_cat?post=262517"},{"taxonomy":"product_tag","embeddable":true,"href":"https:\/\/nefertiti-eg.com\/sr\/wp-json\/wp\/v2\/product_tag?post=262517"}],"curies":[{"name":"wp","href":"https:\/\/api.w.org\/{rel}","templated":true}]}}