{"id":262521,"date":"2022-08-02T17:04:27","date_gmt":"2022-08-02T15:04:27","guid":{"rendered":"https:\/\/nefertiti-eg.com\/shop\/\u043d\u0435\u043a\u0430\u0442\u0435\u0433\u043e\u0440\u0438\u0437\u043e\u0432\u0430\u043d\u043e\/white-amber-oil\/"},"modified":"2023-09-20T15:41:17","modified_gmt":"2023-09-20T12:41:17","slug":"white-amber-oil","status":"publish","type":"product","link":"https:\/\/nefertiti-eg.com\/sr\/shop\/aroma-oils-uk-sr\/white-amber-oil\/","title":{"rendered":"Beli \u0107ilibar"},"content":{"rendered":"<h3><b>Primena i efekat<\/b><\/h3>\n<h3><b>Gornja nota<\/b><\/h3>\n<p><span style=\"font-weight: 400;\">Po nano\u0161enju do\u017eivite blistav amber, ubla\u017een izuzetnim voc\u0301em i morskim tonovima, stapajuc\u0301i se sa toplim i primamljivim, ali suptilnim nagove\u0161tajem vanile.<\/span><\/p>\n<h3><b>Srednja nota<\/b><\/h3>\n<p><span style=\"font-weight: 400;\">Posle kratkog vremena pojavljuje se beli cvetni akord sa jasminom u svojoj sr\u017ei, pro\u0161aran egzoti\u010dnim, senzualnim benzoinom i najne\u017enijom, najkremastijom sandalovinom koja daje telu mirisa i nenagla\u0161enu eleganciju.<\/span><\/p>\n<h3><b>Bazna nota<\/b><\/h3>\n<p><span style=\"font-weight: 400;\">Topla sandalovina i jo\u0161 jedna harmonija cvec\u0301a upotpunjuju ovaj suptilan, ali plemenit i sofisticiran miris. Varljivo jednostavan i savr\u0161eno izbalansiran dugotrajan miris obavija svog nosioca u sparno zlatnu nijansu, podsec\u0301ajuc\u0301i na lepotu zalazec\u0301eg sunca na toplom pesku.<\/span><\/p>\n<p><span style=\"font-weight: 400;\">Beli \u0107ilibar je nenametljiva, ali nezaboravna melodija mirisa. Sa svojim zemljanim cvjetnim tonovima savr\u0161en je miris koji je &#8216;go-to&#8217;, ima svje\u017einu koja je savr\u0161ena za prolec\u0301e i leto i meku toplinu koja c\u0301e ga u\u010diniti pobjednikom zimi, zami\u0161ljajuc\u0301i tople dane i noc\u0301i na egzoti\u010dnim pla\u017eama.<\/span><\/p>\n<h3><b>Primena Nefertiti Aroma Ulja<\/b><\/h3>\n<p><span style=\"font-weight: 400;\">Na\u0161e me\u0161avine Nefertiti Aroma pru\u017eaju najbolju osnovu za pravljenje sopstvenog parfema po meri.<\/span><\/p>\n<p><span style=\"font-weight: 400;\">Pome\u0161ajte Nefertiti aroma ulje po va\u0161em izboru sa 96% alkohola u odnosu 1:1 da biste napravili svoj omiljeni parfem.<\/span><\/p>\n<p><span style=\"font-weight: 400;\">Kada koristite svoj omiljeni miris u \u010distom obliku, nanosite ga samo u malim koli\u010dinama. Dovoljna je samo mala kap da se nanese lokalno na prst, na primer natrljajte iza uha.<\/span><\/p>\n<p><span style=\"font-weight: 400;\">Nikada ne nanosite nerazre\u0111ene me\u0161avine aroma na odec\u0301u jer od \u010distog ulja ostaju mrlje!<\/span><\/p>\n<h3><b>Drugi na\u010din primene<\/b><\/h3>\n<p><span style=\"font-weight: 400;\">Aromaterapija: Dodajte nekoliko kapi u difuzor.<\/span><\/p>\n<p><span style=\"font-weight: 400;\">Osve\u017eenje sobe: Pome\u0161ajte 1:2 me\u0161avinu aroma ulja (1) sa destilovanom vodom (2).<\/span><\/p>\n<p><span style=\"font-weight: 400;\">Dodatak za kupanje: U potpunosti se obavite svojim omiljenim mirisom! Dodajte nekoliko kapi me\u0161avine aroma po va\u0161em izboru u vodu za kupanje.<\/span><\/p>\n<h3><b>Da li ste znali?<\/b><\/h3>\n<p><span style=\"font-weight: 400;\">Egipat je glavni dobavlja\u010d aroma ulja za sve poznate brendove parfema \u0161irom sveta.<\/span><\/p>\n<p><span style=\"font-weight: 400;\">Nefertiti Aroma Ulja se ekstrahuju iz esencija cvec\u0301a i bilja koje rastu pod egipatskim suncem u poljoprivrednoj oblasti u Fajumu. Ova aromati\u010dna ulja se dobijaju hladnim ce\u0111enjem ili destilacijom \u017eetve u na\u0161oj fabrici u Fajumu, u Egiptu i tamo se fla\u0161iraju. Na\u0161i poljoprivredni proizvodi su stoga 100% najvi\u0161eg kvaliteta i \u010dine zdravu osnovu za odli\u010dan krajnji proizvod. Nefertiti Aroma Ulja su pogodna za upotrebu u aromaterapiji i za pravljenje finih parfema.<\/span><\/p>\n","protected":false},"excerpt":{"rendered":"<p><b>Miris:<\/b><span style=\"font-weight: 400;\"> sve\u017e, cvetni i drveni<br \/>\n<\/span><span style=\"font-weight: 400;\">Beli c\u0301ilibar predstavlja bezvremensku, luksuznu eleganciju. To je harmonija voc\u0301no-cvetnih nijansi i vodenih nota u kombinaciji sa toplim i primamljivim mirisima i drvenastim bogatstvom. Savr\u0161eno prikladan za mu\u0161karce ili \u017eene sa osec\u0301ajem za stil, zra\u010di suptilnom senzualno\u0161c\u0301u, ali ostaje mekan i nenametljiv.<br \/>\n<\/span><b>Gornja nota:<\/b><span style=\"font-weight: 400;\"> amber, vanila, voc\u0301ni akord<br \/>\n<\/span><b>Srednja nota:<\/b><span style=\"font-weight: 400;\"> cvetni akord, sandalovina, benzoin<br \/>\n<\/span><b>Bazna nota:<\/b><span style=\"font-weight: 400;\"> cvetni akord, jasmin, sandalovina, benzoin<\/span><\/p>\n","protected":false},"featured_media":275650,"comment_status":"open","ping_status":"closed","template":"","meta":[],"product_brand":[],"product_cat":[1132],"product_tag":[],"class_list":{"0":"post-262521","1":"product","2":"type-product","3":"status-publish","4":"has-post-thumbnail","6":"product_cat-aroma-oils-uk-sr","7":"pa_bottle-size-125-ml-sr-2","8":"pa_bottle-size-50ml-sr","10":"first","11":"instock","12":"sale","13":"shipping-taxable","14":"purchasable","15":"product-type-variable","16":"has-default-attributes"},"_links":{"self":[{"href":"https:\/\/nefertiti-eg.com\/sr\/wp-json\/wp\/v2\/product\/262521","targetHints":{"allow":["GET"]}}],"collection":[{"href":"https:\/\/nefertiti-eg.com\/sr\/wp-json\/wp\/v2\/product"}],"about":[{"href":"https:\/\/nefertiti-eg.com\/sr\/wp-json\/wp\/v2\/types\/product"}],"replies":[{"embeddable":true,"href":"https:\/\/nefertiti-eg.com\/sr\/wp-json\/wp\/v2\/comments?post=262521"}],"wp:featuredmedia":[{"embeddable":true,"href":"https:\/\/nefertiti-eg.com\/sr\/wp-json\/wp\/v2\/media\/275650"}],"wp:attachment":[{"href":"https:\/\/nefertiti-eg.com\/sr\/wp-json\/wp\/v2\/media?parent=262521"}],"wp:term":[{"taxonomy":"product_brand","embeddable":true,"href":"https:\/\/nefertiti-eg.com\/sr\/wp-json\/wp\/v2\/product_brand?post=262521"},{"taxonomy":"product_cat","embeddable":true,"href":"https:\/\/nefertiti-eg.com\/sr\/wp-json\/wp\/v2\/product_cat?post=262521"},{"taxonomy":"product_tag","embeddable":true,"href":"https:\/\/nefertiti-eg.com\/sr\/wp-json\/wp\/v2\/product_tag?post=262521"}],"curies":[{"name":"wp","href":"https:\/\/api.w.org\/{rel}","templated":true}]}}