{"id":262524,"date":"2020-12-29T14:48:47","date_gmt":"2020-12-29T12:48:47","guid":{"rendered":"https:\/\/nefertiti-eg.com\/shop\/\u043d\u0435\u043a\u0430\u0442\u0435\u0433\u043e\u0440\u0438\u0437\u043e\u0432\u0430\u043d\u043e\/sand-of-arab-oil\/"},"modified":"2023-09-20T15:46:30","modified_gmt":"2023-09-20T12:46:30","slug":"sand-of-arab-oil","status":"publish","type":"product","link":"https:\/\/nefertiti-eg.com\/sr\/shop\/aroma-oils-uk-sr\/sand-of-arab-oil\/","title":{"rendered":"Arapski pesak"},"content":{"rendered":"<h3><b>Primena i efekat<\/b><\/h3>\n<h3><b>Gornja nota<\/b><\/h3>\n<p><span style=\"font-weight: 400;\">Veli\u010danstveni po\u010detak je kombinacija citrusnog voc\u0301a i bobi\u010dastog voc\u0301a koja sugeri\u0161e izvrsnost savr\u0161enog parfema. Zatim bergamot ulazi u igru i upotpunjuje gornju notu ovog divnog mirisa.<\/span><\/p>\n<h3><b>Srednja nota<\/b><\/h3>\n<p><span style=\"font-weight: 400;\">Aroma meda u notama srca daje odre\u0111enu slatkoc\u0301u i mekoc\u0301u aromi bobi\u010dastog voc\u0301a i citrusa.<\/span><\/p>\n<h3><b>Bazna nota<\/b><\/h3>\n<p><span style=\"font-weight: 400;\">Orijentalna strana ovog parfema postaje poznata jakim, slatkim mirisom pa\u010dulija u donjoj noti. U kombinaciji sa gornjom notom, koja je jo\u0161 uvek jasno prisutna, i notom srca, me\u0161avina \u010dokolade, vanile i pa\u010dulija formira dubok, ali jo\u0161 uvek prili\u010dno lagan miris. U isto vreme kremasta, ukusna aroma vanile pru\u017ea razigrani efekat.<\/span><\/p>\n<p><span style=\"font-weight: 400;\">Sand of Arab je miris za misterioznu \u017eenu. Ovaj parfem vas obavija tra\u010dkom orijenta, ali je u isto vreme razigran, a ima i puderaste elemente. Jednostavno mistifikujuc\u0301i miris!<\/span><\/p>\n<h3><b>Primena Nefertiti Aroma Ulja<\/b><\/h3>\n<p><span style=\"font-weight: 400;\">Na\u0161e me\u0161avine Nefertiti Aroma pru\u017eaju najbolju osnovu za pravljenje sopstvenog parfema po meri.<\/span><\/p>\n<p><span style=\"font-weight: 400;\">Pome\u0161ajte Nefertiti aroma ulje po va\u0161em izboru sa 96% alkohola u odnosu 1:1 da biste napravili svoj omiljeni parfem.<\/span><\/p>\n<p><span style=\"font-weight: 400;\">Kada koristite svoj omiljeni miris u \u010distom obliku, nanosite ga samo u malim koli\u010dinama. Dovoljna je samo mala kap da se nanese lokalno na prst, na primer natrljajte iza uha.<\/span><\/p>\n<p><span style=\"font-weight: 400;\">Nikada ne nanosite nerazre\u0111ene me\u0161avine aroma na odec\u0301u jer od \u010distog ulja ostaju mrlje!<\/span><\/p>\n<h3><b>Drugi na\u010din primene<\/b><\/h3>\n<p><span style=\"font-weight: 400;\">Aromaterapija: Dodajte nekoliko kapi u difuzor.<\/span><\/p>\n<p><span style=\"font-weight: 400;\">Osve\u017eenje sobe: Pome\u0161ajte 1:2 me\u0161avinu aroma ulja (1) sa destilovanom vodom (2).<\/span><\/p>\n<p><span style=\"font-weight: 400;\">Dodatak za kupanje: U potpunosti se obavite svojim omiljenim mirisom! Dodajte nekoliko kapi me\u0161avine aroma po va\u0161em izboru u vodu za kupanje.<\/span><\/p>\n<h3><b>Da li ste znali?<\/b><\/h3>\n<p><span style=\"font-weight: 400;\">Egipat je glavni dobavlja\u010d aroma ulja za sve poznate brendove parfema \u0161irom sveta.<\/span><\/p>\n<p><span style=\"font-weight: 400;\">Nefertiti Aroma Ulja se ekstrahuju iz esencija cvec\u0301a i bilja koje rastu pod egipatskim suncem u poljoprivrednoj oblasti u Fajumu. Ova aromati\u010dna ulja se dobijaju hladnim ce\u0111enjem ili destilacijom \u017eetve u na\u0161oj fabrici u Fajumu, u Egiptu i tamo se fla\u0161iraju. Na\u0161i poljoprivredni proizvodi su stoga 100% najvi\u0161eg kvaliteta i \u010dine zdravu osnovu za odli\u010dan krajnji proizvod. Nefertiti Aroma Ulja su pogodna za upotrebu u aromaterapiji i za pravljenje finih parfema.<\/span><\/p>\n","protected":false},"excerpt":{"rendered":"<h3><b>\u017denski miris<br \/>\n<\/b><\/h3>\n<p><b>Miris:<\/b><span style=\"font-weight: 400;\"> voc\u0301ni, bobi\u010dast, puderast<br \/>\n<\/span><span style=\"font-weight: 400;\">Miris kreiran za zagonetnu \u017eenu. To je elegantan miris pogodan za celodnevnu upotrebu. Jednom kada se zaljubite u ovaj miris, sigurno c\u0301ete ga koristiti godinama.<br \/>\n<\/span><b>Gornja nota:<\/b><span style=\"font-weight: 400;\"> jagodi\u010dasto voc\u0301e, bergamot, citrusi<br \/>\n<\/span><b>Srednja nota<\/b><span style=\"font-weight: 400;\">: med<br \/>\n<\/span><b>Bazna nota:<\/b><span style=\"font-weight: 400;\"> karamela, pa\u010duli, \u010dokolada, vanila<\/span><\/p>\n","protected":false},"featured_media":275667,"comment_status":"open","ping_status":"closed","template":"","meta":[],"product_brand":[],"product_cat":[1132],"product_tag":[],"class_list":{"0":"post-262524","1":"product","2":"type-product","3":"status-publish","4":"has-post-thumbnail","6":"product_cat-aroma-oils-uk-sr","7":"pa_bottle-size-1000-ml-2-sr","8":"pa_bottle-size-125-ml-sr-2","9":"pa_bottle-size-250ml-sr","10":"pa_bottle-size-50ml-sr","12":"first","13":"instock","14":"sale","15":"shipping-taxable","16":"purchasable","17":"product-type-variable","18":"has-default-attributes"},"_links":{"self":[{"href":"https:\/\/nefertiti-eg.com\/sr\/wp-json\/wp\/v2\/product\/262524","targetHints":{"allow":["GET"]}}],"collection":[{"href":"https:\/\/nefertiti-eg.com\/sr\/wp-json\/wp\/v2\/product"}],"about":[{"href":"https:\/\/nefertiti-eg.com\/sr\/wp-json\/wp\/v2\/types\/product"}],"replies":[{"embeddable":true,"href":"https:\/\/nefertiti-eg.com\/sr\/wp-json\/wp\/v2\/comments?post=262524"}],"wp:featuredmedia":[{"embeddable":true,"href":"https:\/\/nefertiti-eg.com\/sr\/wp-json\/wp\/v2\/media\/275667"}],"wp:attachment":[{"href":"https:\/\/nefertiti-eg.com\/sr\/wp-json\/wp\/v2\/media?parent=262524"}],"wp:term":[{"taxonomy":"product_brand","embeddable":true,"href":"https:\/\/nefertiti-eg.com\/sr\/wp-json\/wp\/v2\/product_brand?post=262524"},{"taxonomy":"product_cat","embeddable":true,"href":"https:\/\/nefertiti-eg.com\/sr\/wp-json\/wp\/v2\/product_cat?post=262524"},{"taxonomy":"product_tag","embeddable":true,"href":"https:\/\/nefertiti-eg.com\/sr\/wp-json\/wp\/v2\/product_tag?post=262524"}],"curies":[{"name":"wp","href":"https:\/\/api.w.org\/{rel}","templated":true}]}}